{"id":4080,"date":"2021-05-12T09:54:28","date_gmt":"2021-05-12T12:54:28","guid":{"rendered":"https:\/\/wp.ufpel.edu.br\/cra\/?page_id=4080"},"modified":"2021-05-12T09:54:46","modified_gmt":"2021-05-12T12:54:46","slug":"vagas-remanescentes-pave-2018-1","status":"publish","type":"page","link":"https:\/\/wp.ufpel.edu.br\/cra\/editais\/editais-processo-seletivo-especial\/vagas-remanescentes-pave-2018-1\/","title":{"rendered":"Vagas remanescentes PAVE 2018\/1"},"content":{"rendered":"<p style=\"text-align: center\"><strong>PROCESSO SELETIVO ESPECIAL 2018\/1<\/strong><br \/>\n<strong>Vagas remanescentes PAVE<\/strong><\/p>\n<ul>\n<li>Edital de abertura: <a href=\"http:\/\/ces.ufpel.edu.br\/vestibular\/vested0003_2018\/\">Edital COODEC N\u00b0 03\/2018<\/a><\/li>\n<li>Edital de matr\u00edcula: <a href=\"https:\/\/wp.ufpel.edu.br\/cra\/files\/2018\/04\/SEI_23110.013062_2018_77.pdf\">Edital CRA N\u00b0 08\/2018<\/a><\/li>\n<li>Convoca\u00e7\u00e3o de excedentes\n<ul>\n<li><a href=\"https:\/\/wp.ufpel.edu.br\/cra\/files\/2018\/04\/SEI_23110.013062_2018_77-1.pdf\">Convoca\u00e7\u00e3o N\u00ba 001\/2018\/CRA<\/a><\/li>\n<li><a href=\"https:\/\/wp.ufpel.edu.br\/cra\/files\/2018\/04\/SEI_23110.013062_2018_77-2.pdf\">Convoca\u00e7\u00e3o N\u00ba 002\/2018\/CRA<\/a><\/li>\n<\/ul>\n<\/li>\n<li>Resultado An\u00e1lise Socioecon\u00f4mica:\n<ul>\n<li><a href=\"https:\/\/wp.me\/p70cyI-BJ\">Resultado Preliminar &#8211; An\u00e1lise Socioecon\u00f4mica<\/a><\/li>\n<li><a href=\"https:\/\/wp.me\/p70cyI-Ac\">Resultado Preliminar &#8211; An\u00e1lise Socioecon\u00f4mica<\/a><\/li>\n<\/ul>\n<\/li>\n<\/ul>\n","protected":false},"excerpt":{"rendered":"<p>PROCESSO SELETIVO ESPECIAL 2018\/1 Vagas remanescentes PAVE Edital de abertura: Edital COODEC N\u00b0 03\/2018 Edital de matr\u00edcula: Edital CRA N\u00b0 08\/2018 Convoca\u00e7\u00e3o de excedentes Convoca\u00e7\u00e3o N\u00ba 001\/2018\/CRA Convoca\u00e7\u00e3o N\u00ba 002\/2018\/CRA Resultado An\u00e1lise Socioecon\u00f4mica: Resultado Preliminar &#8211; An\u00e1lise Socioecon\u00f4mica Resultado Preliminar &#8211; An\u00e1lise Socioecon\u00f4mica<\/p>\n","protected":false},"author":743,"featured_media":0,"parent":4037,"menu_order":0,"comment_status":"closed","ping_status":"closed","template":"","meta":{"advanced_seo_description":"","jetpack_seo_html_title":"","jetpack_seo_noindex":false,"jetpack_post_was_ever_published":false,"footnotes":""},"class_list":["post-4080","page","type-page","status-publish","hentry"],"jetpack_sharing_enabled":true,"jetpack_shortlink":"https:\/\/wp.me\/P70cyI-13O","jetpack-related-posts":[],"_links":{"self":[{"href":"https:\/\/wp.ufpel.edu.br\/cra\/wp-json\/wp\/v2\/pages\/4080","targetHints":{"allow":["GET"]}}],"collection":[{"href":"https:\/\/wp.ufpel.edu.br\/cra\/wp-json\/wp\/v2\/pages"}],"about":[{"href":"https:\/\/wp.ufpel.edu.br\/cra\/wp-json\/wp\/v2\/types\/page"}],"author":[{"embeddable":true,"href":"https:\/\/wp.ufpel.edu.br\/cra\/wp-json\/wp\/v2\/users\/743"}],"replies":[{"embeddable":true,"href":"https:\/\/wp.ufpel.edu.br\/cra\/wp-json\/wp\/v2\/comments?post=4080"}],"version-history":[{"count":1,"href":"https:\/\/wp.ufpel.edu.br\/cra\/wp-json\/wp\/v2\/pages\/4080\/revisions"}],"predecessor-version":[{"id":4083,"href":"https:\/\/wp.ufpel.edu.br\/cra\/wp-json\/wp\/v2\/pages\/4080\/revisions\/4083"}],"up":[{"embeddable":true,"href":"https:\/\/wp.ufpel.edu.br\/cra\/wp-json\/wp\/v2\/pages\/4037"}],"wp:attachment":[{"href":"https:\/\/wp.ufpel.edu.br\/cra\/wp-json\/wp\/v2\/media?parent=4080"}],"curies":[{"name":"wp","href":"https:\/\/api.w.org\/{rel}","templated":true}]}}