{"id":4074,"date":"2021-05-12T09:44:02","date_gmt":"2021-05-12T12:44:02","guid":{"rendered":"https:\/\/wp.ufpel.edu.br\/cra\/?page_id=4074"},"modified":"2021-05-12T09:46:16","modified_gmt":"2021-05-12T12:46:16","slug":"vagas-remanescentes-pave-2019-1","status":"publish","type":"page","link":"https:\/\/wp.ufpel.edu.br\/cra\/editais\/editais-processo-seletivo-especial\/vagas-remanescentes-pave-2019-1\/","title":{"rendered":"Vagas remanescentes PAVE 2019\/1"},"content":{"rendered":"<p style=\"text-align: center\"><strong>PROCESSO SELETIVO ESPECIAL 2019\/1<\/strong><br \/>\n<strong>Vagas remanescentes PAVE<\/strong><\/p>\n<ul>\n<li>Edital de abertura: <a href=\"http:\/\/ces.ufpel.edu.br\/vestibular\/vested0005_2019\/\">Edital COODEC N\u00b0 05\/2019<\/a><\/li>\n<li>Edital de matr\u00edcula: <a href=\"https:\/\/wp.ufpel.edu.br\/cra\/files\/2019\/03\/SEI_23110.007707_2019_13.pdf\">Edital CRA N\u00b0 06\/2019<\/a><\/li>\n<li>Resultado An\u00e1lise Socioecon\u00f4mica:\n<ul>\n<li><a href=\"https:\/\/wp.me\/p70cyI-Kd\">Resultado Preliminar- An\u00e1lise Socioecon\u00f4mica<\/a><\/li>\n<li><a href=\"https:\/\/wp.me\/p70cyI-Ku\">Resultado Definitivo &#8211; An\u00e1lise Socioecon\u00f4mica<\/a><\/li>\n<\/ul>\n<\/li>\n<li>Resultado An\u00e1lise \u00e9tnico-racial:\n<ul>\n<li><a href=\"https:\/\/wp.ufpel.edu.br\/cra\/files\/2019\/06\/Relat%C3%B3rio-Definitivo.pdf\">Relat\u00f3rio Definitivo &#8211; An\u00e1lise \u00e9tnico-racial<\/a><\/li>\n<\/ul>\n<\/li>\n<li>Resultado An\u00e1lise de Defici\u00eancia:\n<ul>\n<li><a href=\"https:\/\/wp.ufpel.edu.br\/cra\/files\/2019\/03\/relat%C3%B3rio_parecer_cotas_Preliminar-19.pdf\">Relat\u00f3rio Preliminar &#8211; An\u00e1lise de Defici\u00eancia<\/a><\/li>\n<li><a href=\"https:\/\/wp.ufpel.edu.br\/cra\/files\/2019\/04\/relat%C3%B3rio_parecer_cotas_Definitivo-18.pdf\">Relat\u00f3rio Definitivo &#8211; An\u00e1lise de Defici\u00eancia<\/a><\/li>\n<\/ul>\n<\/li>\n<\/ul>\n<p>&nbsp;<\/p>\n","protected":false},"excerpt":{"rendered":"<p>PROCESSO SELETIVO ESPECIAL 2019\/1 Vagas remanescentes PAVE Edital de abertura: Edital COODEC N\u00b0 05\/2019 Edital de matr\u00edcula: Edital CRA N\u00b0 06\/2019 Resultado An\u00e1lise Socioecon\u00f4mica: Resultado Preliminar- An\u00e1lise Socioecon\u00f4mica Resultado Definitivo &#8211; An\u00e1lise Socioecon\u00f4mica Resultado An\u00e1lise \u00e9tnico-racial: Relat\u00f3rio Definitivo &#8211; An\u00e1lise \u00e9tnico-racial Resultado An\u00e1lise de Defici\u00eancia: Relat\u00f3rio Preliminar &#8211; An\u00e1lise de Defici\u00eancia Relat\u00f3rio Definitivo &#8211; An\u00e1lise [&hellip;]<\/p>\n","protected":false},"author":743,"featured_media":0,"parent":4037,"menu_order":0,"comment_status":"closed","ping_status":"closed","template":"","meta":{"advanced_seo_description":"","jetpack_seo_html_title":"","jetpack_seo_noindex":false,"jetpack_post_was_ever_published":false,"footnotes":""},"class_list":["post-4074","page","type-page","status-publish","hentry"],"jetpack_sharing_enabled":true,"jetpack_shortlink":"https:\/\/wp.me\/P70cyI-13I","jetpack-related-posts":[],"_links":{"self":[{"href":"https:\/\/wp.ufpel.edu.br\/cra\/wp-json\/wp\/v2\/pages\/4074","targetHints":{"allow":["GET"]}}],"collection":[{"href":"https:\/\/wp.ufpel.edu.br\/cra\/wp-json\/wp\/v2\/pages"}],"about":[{"href":"https:\/\/wp.ufpel.edu.br\/cra\/wp-json\/wp\/v2\/types\/page"}],"author":[{"embeddable":true,"href":"https:\/\/wp.ufpel.edu.br\/cra\/wp-json\/wp\/v2\/users\/743"}],"replies":[{"embeddable":true,"href":"https:\/\/wp.ufpel.edu.br\/cra\/wp-json\/wp\/v2\/comments?post=4074"}],"version-history":[{"count":4,"href":"https:\/\/wp.ufpel.edu.br\/cra\/wp-json\/wp\/v2\/pages\/4074\/revisions"}],"predecessor-version":[{"id":4079,"href":"https:\/\/wp.ufpel.edu.br\/cra\/wp-json\/wp\/v2\/pages\/4074\/revisions\/4079"}],"up":[{"embeddable":true,"href":"https:\/\/wp.ufpel.edu.br\/cra\/wp-json\/wp\/v2\/pages\/4037"}],"wp:attachment":[{"href":"https:\/\/wp.ufpel.edu.br\/cra\/wp-json\/wp\/v2\/media?parent=4074"}],"curies":[{"name":"wp","href":"https:\/\/api.w.org\/{rel}","templated":true}]}}