{"id":4022,"date":"2021-05-11T18:27:01","date_gmt":"2021-05-11T21:27:01","guid":{"rendered":"https:\/\/wp.ufpel.edu.br\/cra\/?page_id=4022"},"modified":"2021-05-11T18:42:45","modified_gmt":"2021-05-11T21:42:45","slug":"2016-2","status":"publish","type":"page","link":"https:\/\/wp.ufpel.edu.br\/cra\/editais\/editais-processo-seletivo-complementar\/2016-2\/","title":{"rendered":"Processo seletivo complementar 2016\/2"},"content":{"rendered":"<h4 style=\"text-align: center\">PROCESSO SELETIVO COMPLEMENTAR 2016\/2<br \/>\nReingresso, Reop\u00e7\u00e3o, Transfer\u00eancia volunt\u00e1ria, Portador de diploma<\/h4>\n<ul>\n<li>Edital de abertura:\u00a0<a href=\"https:\/\/wp.ufpel.edu.br\/cra\/files\/2016\/04\/Edital_010_2016.pdf\">Edital CRA N\u00b0 10\/2016<\/a><\/li>\n<li>Resultado Preliminar:\u00a0<a href=\"https:\/\/wp.ufpel.edu.br\/cra\/files\/2016\/06\/Edital_010_2016_resultado_preliminar.pdf\">Edital CRA N\u00b0 10\/2016 \u2013 Resultado Preliminar<\/a><\/li>\n<li>Resultado Preliminar:\u00a0<a href=\"https:\/\/wp.ufpel.edu.br\/cra\/files\/2016\/06\/Edital_016_2015_resultado_preliminar_II.pdf\">Edital CRA N\u00b0 10\/2016 \u2013 Resultado Preliminar (Agronomia, Artes Visuais \u2013 Licenciatura, Ci\u00eancias Econ\u00f4micas, Engenharia do Petr\u00f3leo, Engenharia Industrial Madeireira, M\u00fasica \u2013 Licenciatura, Psicologia, Qu\u00edmica de Alimentos, Qu\u00edmica Forense e Qu\u00edmica Industrial)<\/a><\/li>\n<li>Resultado Preliminar:\u00a0<a href=\"https:\/\/wp.ufpel.edu.br\/cra\/files\/2016\/07\/Edital_010_2016_resultado_preliminar_III.pdf\">Edital CRA N\u00b0 10\/2016 \u2013 Resultado Preliminar (Farm\u00e1cia e Pedagogia)<\/a><\/li>\n<li>Resultado Preliminar:\u00a0<a href=\"https:\/\/wp.ufpel.edu.br\/cra\/files\/2016\/08\/Edital_010_2016_resultado_preliminar_IV.pdf\">Edital CRA N\u00b0 10\/2016 \u2013 Resultado Preliminar (Zootecnia)<\/a><\/li>\n<li>Resultado Final:\u00a0<a href=\"https:\/\/wp.ufpel.edu.br\/cra\/files\/2016\/07\/Edital_010_2016_resultado_final.pdf\">Edital CRA N\u00b0 10\/2016 \u2013 Resultado Final<\/a><\/li>\n<li>Resultado Final:\u00a0<a href=\"https:\/\/wp.ufpel.edu.br\/cra\/files\/2016\/07\/Edital_010_2016_resultado_final_II.pdf\">Edital CRA N\u00b0 10\/2016 \u2013 Resultado Final (Farm\u00e1cia, Filosofia e Pedagogia)<\/a><\/li>\n<li>Resultado Final:\u00a0<a href=\"https:\/\/wp.ufpel.edu.br\/cra\/files\/2016\/08\/Edital_010_2016_resultado_final_III.pdf\">Edital CRA N\u00b0 10\/2016 \u2013 Resultado Final (Zootecnia)<\/a><\/li>\n<li>Convoca\u00e7\u00e3o de excedentes\n<ul>\n<li><a href=\"https:\/\/wp.ufpel.edu.br\/cra\/files\/2016\/07\/Edital_010_2016_EXCEDENTES.pdf\">Convoca\u00e7\u00e3o N\u00ba 001\/CRA<\/a><\/li>\n<li><a href=\"https:\/\/wp.ufpel.edu.br\/cra\/files\/2016\/09\/Edital_010_2016_EXCEDENTES_II-1.pdf\">Convoca\u00e7\u00e3o N\u00ba 002\/CRA<\/a><\/li>\n<\/ul>\n<\/li>\n<\/ul>\n<p>&nbsp;<\/p>\n<hr \/>\n<h4 style=\"text-align: center\">PROCESSO SELETIVO COMPLEMENTAR 2016\/2<br \/>\nPortador de diploma \u2013 Simplificado<\/h4>\n<ul>\n<li>Edital de abertura:\u00a0<a href=\"https:\/\/wp.ufpel.edu.br\/cra\/files\/2016\/08\/Edital_015_2016_portador.pdf\">Edital CRA N\u00b0 15\/2016<\/a><\/li>\n<li>Resultado Preliminar:\u00a0<a href=\"https:\/\/wp.ufpel.edu.br\/cra\/files\/2016\/08\/Edital_015_2016_resultado_preliminar.pdf\">Edital CRA N\u00ba 15\/2016 \u2013 Resultado Preliminar<\/a><\/li>\n<li>Resultado Final:\u00a0<a href=\"https:\/\/wp.ufpel.edu.br\/cra\/files\/2016\/08\/Edital_015_2016_resultado_final.pdf\">Edital CRA N\u00ba 15\/2016 \u2013 Resultado Final<\/a><\/li>\n<\/ul>\n","protected":false},"excerpt":{"rendered":"<p>PROCESSO SELETIVO COMPLEMENTAR 2016\/2 Reingresso, Reop\u00e7\u00e3o, Transfer\u00eancia volunt\u00e1ria, Portador de diploma Edital de abertura:\u00a0Edital CRA N\u00b0 10\/2016 Resultado Preliminar:\u00a0Edital CRA N\u00b0 10\/2016 \u2013 Resultado Preliminar Resultado Preliminar:\u00a0Edital CRA N\u00b0 10\/2016 \u2013 Resultado Preliminar (Agronomia, Artes Visuais \u2013 Licenciatura, Ci\u00eancias Econ\u00f4micas, Engenharia do Petr\u00f3leo, Engenharia Industrial Madeireira, M\u00fasica \u2013 Licenciatura, Psicologia, Qu\u00edmica de Alimentos, Qu\u00edmica Forense [&hellip;]<\/p>\n","protected":false},"author":743,"featured_media":0,"parent":3962,"menu_order":0,"comment_status":"closed","ping_status":"closed","template":"","meta":{"advanced_seo_description":"","jetpack_seo_html_title":"","jetpack_seo_noindex":false,"jetpack_post_was_ever_published":false,"footnotes":""},"class_list":["post-4022","page","type-page","status-publish","hentry"],"jetpack_sharing_enabled":true,"jetpack_shortlink":"https:\/\/wp.me\/P70cyI-12S","jetpack-related-posts":[],"_links":{"self":[{"href":"https:\/\/wp.ufpel.edu.br\/cra\/wp-json\/wp\/v2\/pages\/4022","targetHints":{"allow":["GET"]}}],"collection":[{"href":"https:\/\/wp.ufpel.edu.br\/cra\/wp-json\/wp\/v2\/pages"}],"about":[{"href":"https:\/\/wp.ufpel.edu.br\/cra\/wp-json\/wp\/v2\/types\/page"}],"author":[{"embeddable":true,"href":"https:\/\/wp.ufpel.edu.br\/cra\/wp-json\/wp\/v2\/users\/743"}],"replies":[{"embeddable":true,"href":"https:\/\/wp.ufpel.edu.br\/cra\/wp-json\/wp\/v2\/comments?post=4022"}],"version-history":[{"count":3,"href":"https:\/\/wp.ufpel.edu.br\/cra\/wp-json\/wp\/v2\/pages\/4022\/revisions"}],"predecessor-version":[{"id":4028,"href":"https:\/\/wp.ufpel.edu.br\/cra\/wp-json\/wp\/v2\/pages\/4022\/revisions\/4028"}],"up":[{"embeddable":true,"href":"https:\/\/wp.ufpel.edu.br\/cra\/wp-json\/wp\/v2\/pages\/3962"}],"wp:attachment":[{"href":"https:\/\/wp.ufpel.edu.br\/cra\/wp-json\/wp\/v2\/media?parent=4022"}],"curies":[{"name":"wp","href":"https:\/\/api.w.org\/{rel}","templated":true}]}}