{"id":4011,"date":"2021-05-11T18:09:03","date_gmt":"2021-05-11T21:09:03","guid":{"rendered":"https:\/\/wp.ufpel.edu.br\/cra\/?page_id=4011"},"modified":"2021-05-11T18:09:03","modified_gmt":"2021-05-11T21:09:03","slug":"2017-2","status":"publish","type":"page","link":"https:\/\/wp.ufpel.edu.br\/cra\/editais\/editais-processo-seletivo-complementar\/2017-2\/","title":{"rendered":"Processo seletivo complementar 2017\/2"},"content":{"rendered":"<h4 style=\"text-align: center\">PROCESSO SELETIVO COMPLEMENTAR 2017\/2<br \/>\nReingresso, Reop\u00e7\u00e3o, Transfer\u00eancia volunt\u00e1ria, Portador de diploma<\/h4>\n<ul>\n<li>Edital de abertura:\u00a0<a href=\"https:\/\/wp.ufpel.edu.br\/cra\/files\/2017\/06\/Edital_012_2017_IV.pdf\">Edital CRA N\u00b0 12\/2017<\/a><\/li>\n<li>Resultado Preliminar:\u00a0<a href=\"https:\/\/wp.me\/p70cyI-uI\">Edital CRA N\u00b0 12\/2017 \u2013 Resultado Preliminar<\/a><\/li>\n<li>Resultado Final:\u00a0<a href=\"https:\/\/wp.me\/p70cyI-vv\">Edital CRA N\u00b0 12\/2017 \u2013 Resultado Final<\/a><\/li>\n<\/ul>\n<p>&nbsp;<\/p>\n<hr \/>\n<h4 style=\"text-align: center\">PROCESSO SELETIVO COMPLEMENTAR 2017\/2<br \/>\nPortador de diploma \u2013 Simplificado<\/h4>\n<ul>\n<li>Edital de abertura:\u00a0<a href=\"https:\/\/wp.ufpel.edu.br\/cra\/files\/2017\/08\/Edital_015_2017.pdf\">Edital CRA N\u00b0 15\/2017<\/a><\/li>\n<li>Resultado Preliminar:\u00a0<a href=\"https:\/\/wp.me\/p70cyI-vJ\">Edital CRA N\u00ba 15\/2017 \u2013 Resultado Preliminar<\/a><\/li>\n<li>Resultado Final:\u00a0<a href=\"https:\/\/wp.me\/p70cyI-vZ\">Edital CRA N\u00ba 15\/2017 \u2013 Resultado Final<\/a><\/li>\n<\/ul>\n","protected":false},"excerpt":{"rendered":"<p>PROCESSO SELETIVO COMPLEMENTAR 2017\/2 Reingresso, Reop\u00e7\u00e3o, Transfer\u00eancia volunt\u00e1ria, Portador de diploma Edital de abertura:\u00a0Edital CRA N\u00b0 12\/2017 Resultado Preliminar:\u00a0Edital CRA N\u00b0 12\/2017 \u2013 Resultado Preliminar Resultado Final:\u00a0Edital CRA N\u00b0 12\/2017 \u2013 Resultado Final &nbsp; PROCESSO SELETIVO COMPLEMENTAR 2017\/2 Portador de diploma \u2013 Simplificado Edital de abertura:\u00a0Edital CRA N\u00b0 15\/2017 Resultado Preliminar:\u00a0Edital CRA N\u00ba 15\/2017 \u2013 [&hellip;]<\/p>\n","protected":false},"author":743,"featured_media":0,"parent":3962,"menu_order":0,"comment_status":"closed","ping_status":"closed","template":"","meta":{"advanced_seo_description":"","jetpack_seo_html_title":"","jetpack_seo_noindex":false,"jetpack_post_was_ever_published":false,"footnotes":""},"class_list":["post-4011","page","type-page","status-publish","hentry"],"jetpack_sharing_enabled":true,"jetpack_shortlink":"https:\/\/wp.me\/P70cyI-12H","jetpack-related-posts":[],"_links":{"self":[{"href":"https:\/\/wp.ufpel.edu.br\/cra\/wp-json\/wp\/v2\/pages\/4011","targetHints":{"allow":["GET"]}}],"collection":[{"href":"https:\/\/wp.ufpel.edu.br\/cra\/wp-json\/wp\/v2\/pages"}],"about":[{"href":"https:\/\/wp.ufpel.edu.br\/cra\/wp-json\/wp\/v2\/types\/page"}],"author":[{"embeddable":true,"href":"https:\/\/wp.ufpel.edu.br\/cra\/wp-json\/wp\/v2\/users\/743"}],"replies":[{"embeddable":true,"href":"https:\/\/wp.ufpel.edu.br\/cra\/wp-json\/wp\/v2\/comments?post=4011"}],"version-history":[{"count":1,"href":"https:\/\/wp.ufpel.edu.br\/cra\/wp-json\/wp\/v2\/pages\/4011\/revisions"}],"predecessor-version":[{"id":4014,"href":"https:\/\/wp.ufpel.edu.br\/cra\/wp-json\/wp\/v2\/pages\/4011\/revisions\/4014"}],"up":[{"embeddable":true,"href":"https:\/\/wp.ufpel.edu.br\/cra\/wp-json\/wp\/v2\/pages\/3962"}],"wp:attachment":[{"href":"https:\/\/wp.ufpel.edu.br\/cra\/wp-json\/wp\/v2\/media?parent=4011"}],"curies":[{"name":"wp","href":"https:\/\/api.w.org\/{rel}","templated":true}]}}