{"id":4006,"date":"2021-05-11T17:58:35","date_gmt":"2021-05-11T20:58:35","guid":{"rendered":"https:\/\/wp.ufpel.edu.br\/cra\/?page_id=4006"},"modified":"2021-05-11T18:03:10","modified_gmt":"2021-05-11T21:03:10","slug":"2018-1","status":"publish","type":"page","link":"https:\/\/wp.ufpel.edu.br\/cra\/editais\/editais-processo-seletivo-complementar\/2018-1\/","title":{"rendered":"Processo seletivo complementar 2018\/1"},"content":{"rendered":"<h4 style=\"text-align: center\">PROCESSO SELETIVO COMPLEMENTAR 2018\/1<br \/>\nReingresso, Reop\u00e7\u00e3o, Transfer\u00eancia volunt\u00e1ria, Portador de diploma<\/h4>\n<ul>\n<li>Edital de abertura:\u00a0<a href=\"https:\/\/wp.ufpel.edu.br\/cra\/files\/2017\/10\/Edital_018_2017_Retificado.pdf\">Edital CRA N\u00b0 18\/2017<\/a>\n<ul>\n<li>Retifica\u00e7\u00e3o: <a href=\"https:\/\/wp.ufpel.edu.br\/cra\/files\/2017\/12\/Edital_018_2017_RRTP_IV.pdf\">Edital CRA N\u00b0 18\/2017 &#8211; Retificado<\/a><\/li>\n<\/ul>\n<\/li>\n<li>Resultado Preliminar:\u00a0<a href=\"https:\/\/wp.me\/p70cyI-xP\">Edital CRA N\u00b0 18\/2017 \u2013 Resultado Preliminar<\/a><\/li>\n<li>Resultado Preliminar: <a href=\"https:\/\/wp.me\/p70cyI-y5\">Edital CRA N\u00b0 18\/2017 \u2013 Resultado Preliminar &#8211; Direito<\/a><\/li>\n<li>Resultado Final:\u00a0<a href=\"https:\/\/wp.me\/p70cyI-yJ\">Edital CRA N\u00b0 18\/2017 \u2013 Resultado Final<\/a><\/li>\n<li>Convoca\u00e7\u00e3o de excedentes\n<ul>\n<li><a href=\"https:\/\/wp.ufpel.edu.br\/cra\/files\/2018\/03\/Edital_018_2017_excedentes.pdf\">Convoca\u00e7\u00e3o N\u00ba 001\/CRA<\/a><\/li>\n<li><a href=\"https:\/\/wp.ufpel.edu.br\/cra\/files\/2018\/03\/Edital_018_2017_excedentes_II.pdf\">Convoca\u00e7\u00e3o N\u00ba 002\/CRA<\/a><\/li>\n<\/ul>\n<\/li>\n<\/ul>\n","protected":false},"excerpt":{"rendered":"<p>PROCESSO SELETIVO COMPLEMENTAR 2018\/1 Reingresso, Reop\u00e7\u00e3o, Transfer\u00eancia volunt\u00e1ria, Portador de diploma Edital de abertura:\u00a0Edital CRA N\u00b0 18\/2017 Retifica\u00e7\u00e3o: Edital CRA N\u00b0 18\/2017 &#8211; Retificado Resultado Preliminar:\u00a0Edital CRA N\u00b0 18\/2017 \u2013 Resultado Preliminar Resultado Preliminar: Edital CRA N\u00b0 18\/2017 \u2013 Resultado Preliminar &#8211; Direito Resultado Final:\u00a0Edital CRA N\u00b0 18\/2017 \u2013 Resultado Final Convoca\u00e7\u00e3o de excedentes Convoca\u00e7\u00e3o [&hellip;]<\/p>\n","protected":false},"author":743,"featured_media":0,"parent":3962,"menu_order":0,"comment_status":"closed","ping_status":"closed","template":"","meta":{"advanced_seo_description":"","jetpack_seo_html_title":"","jetpack_seo_noindex":false,"jetpack_post_was_ever_published":false,"footnotes":""},"class_list":["post-4006","page","type-page","status-publish","hentry"],"jetpack_sharing_enabled":true,"jetpack_shortlink":"https:\/\/wp.me\/P70cyI-12C","jetpack-related-posts":[],"_links":{"self":[{"href":"https:\/\/wp.ufpel.edu.br\/cra\/wp-json\/wp\/v2\/pages\/4006","targetHints":{"allow":["GET"]}}],"collection":[{"href":"https:\/\/wp.ufpel.edu.br\/cra\/wp-json\/wp\/v2\/pages"}],"about":[{"href":"https:\/\/wp.ufpel.edu.br\/cra\/wp-json\/wp\/v2\/types\/page"}],"author":[{"embeddable":true,"href":"https:\/\/wp.ufpel.edu.br\/cra\/wp-json\/wp\/v2\/users\/743"}],"replies":[{"embeddable":true,"href":"https:\/\/wp.ufpel.edu.br\/cra\/wp-json\/wp\/v2\/comments?post=4006"}],"version-history":[{"count":2,"href":"https:\/\/wp.ufpel.edu.br\/cra\/wp-json\/wp\/v2\/pages\/4006\/revisions"}],"predecessor-version":[{"id":4013,"href":"https:\/\/wp.ufpel.edu.br\/cra\/wp-json\/wp\/v2\/pages\/4006\/revisions\/4013"}],"up":[{"embeddable":true,"href":"https:\/\/wp.ufpel.edu.br\/cra\/wp-json\/wp\/v2\/pages\/3962"}],"wp:attachment":[{"href":"https:\/\/wp.ufpel.edu.br\/cra\/wp-json\/wp\/v2\/media?parent=4006"}],"curies":[{"name":"wp","href":"https:\/\/api.w.org\/{rel}","templated":true}]}}