{"id":3993,"date":"2021-05-11T17:04:00","date_gmt":"2021-05-11T20:04:00","guid":{"rendered":"https:\/\/wp.ufpel.edu.br\/cra\/?page_id=3993"},"modified":"2021-05-11T17:31:08","modified_gmt":"2021-05-11T20:31:08","slug":"2019-1","status":"publish","type":"page","link":"https:\/\/wp.ufpel.edu.br\/cra\/editais\/editais-processo-seletivo-complementar\/2019-1\/","title":{"rendered":"Processo seletivo complementar 2019\/1"},"content":{"rendered":"<h4 style=\"text-align: center\">PROCESSO SELETIVO COMPLEMENTAR 2019\/1<br \/>\nReingresso, Reop\u00e7\u00e3o, Transfer\u00eancia volunt\u00e1ria, Portador de diploma<\/h4>\n<ul>\n<li>Edital de abertura: <a href=\"https:\/\/wp.ufpel.edu.br\/cra\/files\/2018\/11\/SEI_23110.054228_2018_13-4.pdf\">Edital CRA N\u00ba 19\/2018<\/a><\/li>\n<li>Homologa\u00e7\u00e3o: <a href=\"https:\/\/wp.ufpel.edu.br\/cra\/files\/2018\/11\/homologados-1.pdf\">Edital CRA N\u00b0 19\/2018 &#8211; Homologados<\/a><\/li>\n<li>Resultado Preliminar: <a href=\"https:\/\/wp.ufpel.edu.br\/cra\/files\/2018\/12\/SEI_23110.054228_2018_13.pdf\">Edital CRA N\u00ba 19\/2018 &#8211; Resultado Preliminar<\/a><\/li>\n<li>Resultado Final: <a href=\"https:\/\/wp.ufpel.edu.br\/cra\/files\/2019\/01\/Resultado-definitivo-Edital-19-2018-Retificado.pdf\">Edital CRA N\u00ba 19\/2018 &#8211; Resultado Final <\/a><\/li>\n<li>Resultado Final: <a href=\"https:\/\/wp.ufpel.edu.br\/cra\/files\/2019\/02\/SEI_23110.054228_2018_13.pdf\">Edital CRA N\u00ba 19\/2018 &#8211; Resultado Final (Rela\u00e7\u00f5es Internacionais)<\/a><\/li>\n<li>Convoca\u00e7\u00e3o de excedentes\n<ul>\n<li><a href=\"https:\/\/wp.ufpel.edu.br\/cra\/files\/2019\/03\/SEI_23110.054228_2018_13.pdf\">Convoca\u00e7\u00e3o N\u00ba 001\/2018\/CRA<\/a><\/li>\n<\/ul>\n<\/li>\n<li>Resultado An\u00e1lise Socioecon\u00f4mica:\n<ul>\n<li><\/li>\n<\/ul>\n<\/li>\n<li>Resultado An\u00e1lise \u00e9tnico-racial:\n<ul>\n<li><a href=\"https:\/\/wp.ufpel.edu.br\/cra\/files\/2019\/02\/SEI_23110.003533_2019_10.pdf\">Relat\u00f3rio Definitivo &#8211; An\u00e1lise \u00e9tnico-racial<\/a><\/li>\n<\/ul>\n<\/li>\n<li>Resultado An\u00e1lise de Defici\u00eancia:\n<ul>\n<li>Sem ingressantes nas vagas reservadas a candidatos com defici\u00eancia.<\/li>\n<\/ul>\n<\/li>\n<\/ul>\n<p>&nbsp;<\/p>\n<hr \/>\n<h4 style=\"text-align: center\">PROCESSO SELETIVO COMPLEMENTAR 2019\/1<br \/>\nReingresso, Reop\u00e7\u00e3o, Transfer\u00eancia volunt\u00e1ria (Medicina)<\/h4>\n<ul>\n<li>Edital: <a href=\"http:\/\/ces.ufpel.edu.br\/conctecadmed0029_2018\/\">Edital COODEC N\u00ba 29\/2018<\/a><\/li>\n<\/ul>\n<p>&nbsp;<\/p>\n<hr \/>\n<h4 style=\"text-align: center\">PROCESSO SELETIVO COMPLEMENTAR 2019\/1<br \/>\nReingresso, Reop\u00e7\u00e3o, Transfer\u00eancia volunt\u00e1ria, Portador de diploma\u00a0(Medicina)<\/h4>\n<ul>\n<li>Edital: <a href=\"http:\/\/ces.ufpel.edu.br\/vestibular\/vested0001_2019\/\">Edital COODEC N\u00b0 01\/2019<\/a><\/li>\n<li>Convoca\u00e7\u00e3o de excedentes\n<ul>\n<li><a href=\"https:\/\/wp.ufpel.edu.br\/cra\/files\/2019\/03\/SEI_23110.005769_2019_91.pdf\">Convoca\u00e7\u00e3o N\u00ba 001\/2019\/CRA<\/a><\/li>\n<\/ul>\n<\/li>\n<\/ul>\n","protected":false},"excerpt":{"rendered":"<p>PROCESSO SELETIVO COMPLEMENTAR 2019\/1 Reingresso, Reop\u00e7\u00e3o, Transfer\u00eancia volunt\u00e1ria, Portador de diploma Edital de abertura: Edital CRA N\u00ba 19\/2018 Homologa\u00e7\u00e3o: Edital CRA N\u00b0 19\/2018 &#8211; Homologados Resultado Preliminar: Edital CRA N\u00ba 19\/2018 &#8211; Resultado Preliminar Resultado Final: Edital CRA N\u00ba 19\/2018 &#8211; Resultado Final Resultado Final: Edital CRA N\u00ba 19\/2018 &#8211; Resultado Final (Rela\u00e7\u00f5es Internacionais) Convoca\u00e7\u00e3o [&hellip;]<\/p>\n","protected":false},"author":743,"featured_media":0,"parent":3962,"menu_order":0,"comment_status":"closed","ping_status":"closed","template":"","meta":{"advanced_seo_description":"","jetpack_seo_html_title":"","jetpack_seo_noindex":false,"jetpack_post_was_ever_published":false,"footnotes":""},"class_list":["post-3993","page","type-page","status-publish","hentry"],"jetpack_sharing_enabled":true,"jetpack_shortlink":"https:\/\/wp.me\/P70cyI-12p","jetpack-related-posts":[],"_links":{"self":[{"href":"https:\/\/wp.ufpel.edu.br\/cra\/wp-json\/wp\/v2\/pages\/3993","targetHints":{"allow":["GET"]}}],"collection":[{"href":"https:\/\/wp.ufpel.edu.br\/cra\/wp-json\/wp\/v2\/pages"}],"about":[{"href":"https:\/\/wp.ufpel.edu.br\/cra\/wp-json\/wp\/v2\/types\/page"}],"author":[{"embeddable":true,"href":"https:\/\/wp.ufpel.edu.br\/cra\/wp-json\/wp\/v2\/users\/743"}],"replies":[{"embeddable":true,"href":"https:\/\/wp.ufpel.edu.br\/cra\/wp-json\/wp\/v2\/comments?post=3993"}],"version-history":[{"count":3,"href":"https:\/\/wp.ufpel.edu.br\/cra\/wp-json\/wp\/v2\/pages\/3993\/revisions"}],"predecessor-version":[{"id":3998,"href":"https:\/\/wp.ufpel.edu.br\/cra\/wp-json\/wp\/v2\/pages\/3993\/revisions\/3998"}],"up":[{"embeddable":true,"href":"https:\/\/wp.ufpel.edu.br\/cra\/wp-json\/wp\/v2\/pages\/3962"}],"wp:attachment":[{"href":"https:\/\/wp.ufpel.edu.br\/cra\/wp-json\/wp\/v2\/media?parent=3993"}],"curies":[{"name":"wp","href":"https:\/\/api.w.org\/{rel}","templated":true}]}}