{"id":3983,"date":"2021-05-11T16:33:06","date_gmt":"2021-05-11T19:33:06","guid":{"rendered":"https:\/\/wp.ufpel.edu.br\/cra\/?page_id=3983"},"modified":"2021-05-11T16:53:05","modified_gmt":"2021-05-11T19:53:05","slug":"2019-2","status":"publish","type":"page","link":"https:\/\/wp.ufpel.edu.br\/cra\/editais\/editais-processo-seletivo-complementar\/2019-2\/","title":{"rendered":"Processo seletivo complementar 2019\/2"},"content":{"rendered":"<h4 style=\"text-align: center\">PROCESSO SELETIVO COMPLEMENTAR 2019\/2<br \/>\nReingresso, Reop\u00e7\u00e3o, Transfer\u00eancia volunt\u00e1ria, Portador de diploma<\/h4>\n<ul>\n<li>Edital de abertura: <a href=\"https:\/\/wp.ufpel.edu.br\/cra\/files\/2019\/04\/SEI_23110.013548_2019_96-1.pdf\">Edital CRA N\u00b0 07\/2019<\/a><\/li>\n<li>Homologa\u00e7\u00e3o final: <a href=\"https:\/\/wp.ufpel.edu.br\/cra\/files\/2019\/05\/Edital_07_2019_homologados.pdf\">Edital_CRA N\u00ba 07\/2019 &#8211; Homologados<\/a><\/li>\n<li>Resultado Preliminar: <a href=\"https:\/\/wp.ufpel.edu.br\/cra\/files\/2019\/06\/SEI_23110.013548_2019_96.pdf\">Edital CRA N\u00b0 07\/2019 &#8211; Resultado Preliminar<\/a><\/li>\n<li>Resultado Final: <a href=\"https:\/\/wp.ufpel.edu.br\/cra\/files\/2019\/07\/SEI_23110.013548_2019_96.pdf\">Edital CRA N\u00ba 07\/2019 \u2013 Resultado Final<\/a><\/li>\n<li>Convoca\u00e7\u00e3o de excedentes\n<ul>\n<li><a href=\"https:\/\/wp.ufpel.edu.br\/cra\/files\/2019\/08\/SEI_23110.013548_2019_96.pdf\">Convoca\u00e7\u00e3o N\u00b0 001\/2019\/CRA<\/a><\/li>\n<li><a href=\"https:\/\/wp.ufpel.edu.br\/cra\/files\/2019\/08\/SEI_23110.013548_2019_96-1.pdf\">Convoca\u00e7\u00e3o N\u00ba 002\/2019\/CRA<\/a><\/li>\n<\/ul>\n<\/li>\n<li>Resultado An\u00e1lise Socioecon\u00f4mica:\n<ul>\n<li><a href=\"https:\/\/wp.ufpel.edu.br\/prae\/files\/2019\/07\/SEI_23110.029535_2019_39_Edital-06-2019.pdf\">Resultado definitivo &#8211; An\u00e1lise Socioecon\u00f4mica<\/a><\/li>\n<\/ul>\n<\/li>\n<li>Resultado An\u00e1lise \u00e9tnico-racial:\n<ul>\n<li><a href=\"https:\/\/wp.me\/p70cyI-LW\">Relat\u00f3rio Preliminar &#8211; An\u00e1lise \u00e9tnico-racial<\/a><\/li>\n<li><a href=\"https:\/\/wp.me\/p70cyI-Mo\">Relat\u00f3rio Definitivo &#8211; An\u00e1lise \u00e9tnico-racial<\/a><\/li>\n<\/ul>\n<\/li>\n<li>Resultado An\u00e1lise de Defici\u00eancia:\n<ul>\n<li>Sem ingressantes nas vagas reservadas a candidatos com defici\u00eancia.<\/li>\n<\/ul>\n<\/li>\n<\/ul>\n<p>&nbsp;<\/p>\n<hr \/>\n<h4 style=\"text-align: center\">PROCESSO SELETIVO COMPLEMENTAR 2019\/2<br \/>\nReingresso, Reop\u00e7\u00e3o, Transfer\u00eancia volunt\u00e1ria (Medicina)<\/h4>\n<ul>\n<li>Edital: <a href=\"http:\/\/ces.ufpel.edu.br\/vestibular\/vested0011_2019\/\">Edital COODEC N\u00ba 11\/2019<\/a><\/li>\n<li>Convoca\u00e7\u00e3o para entrega de documentos: <a href=\"https:\/\/wp.me\/p70cyI-LC\">Edital COODEC N\u00ba 11\/2019 &#8211; Entrega de documentos<\/a><\/li>\n<li>Resultado Preliminar: <a href=\"https:\/\/wp.ufpel.edu.br\/cra\/files\/2019\/07\/Resultado-preliminar-Edital-011-2019-Medicina.pdf\">Edital COODEC N\u00ba 11\/2019 &#8211; Resultado preliminar<\/a><\/li>\n<li>Resultado Final: <a href=\"https:\/\/wp.ufpel.edu.br\/cra\/files\/2019\/08\/Resultado-final-Edital-011-2019-Medicina.pdf\">Edital COODEC N\u00ba 11\/2019 &#8211; Resultado Final<\/a><\/li>\n<li>Convoca\u00e7\u00e3o de excedentes\n<ul>\n<li><a href=\"https:\/\/wp.ufpel.edu.br\/cra\/files\/2019\/08\/Excedentes-Edital-011-2019-Medicina.pdf\">Edital COODEC N\u00ba 11\/2019 &#8211; Convoca\u00e7\u00e3o de excedentes<\/a><\/li>\n<\/ul>\n<\/li>\n<li>Resultado An\u00e1lise Socioecon\u00f4mica:\n<ul>\n<li><a href=\"https:\/\/wp.me\/p70cyI-MD\">Relat\u00f3rio Preliminar &#8211; An\u00e1lise Socioecon\u00f4mica<\/a><\/li>\n<li><a href=\"https:\/\/wp.me\/p70cyI-MO\">Relat\u00f3rio Final &#8211; An\u00e1lise Socioecon\u00f4mica<\/a><\/li>\n<\/ul>\n<\/li>\n<\/ul>\n","protected":false},"excerpt":{"rendered":"<p>PROCESSO SELETIVO COMPLEMENTAR 2019\/2 Reingresso, Reop\u00e7\u00e3o, Transfer\u00eancia volunt\u00e1ria, Portador de diploma Edital de abertura: Edital CRA N\u00b0 07\/2019 Homologa\u00e7\u00e3o final: Edital_CRA N\u00ba 07\/2019 &#8211; Homologados Resultado Preliminar: Edital CRA N\u00b0 07\/2019 &#8211; Resultado Preliminar Resultado Final: Edital CRA N\u00ba 07\/2019 \u2013 Resultado Final Convoca\u00e7\u00e3o de excedentes Convoca\u00e7\u00e3o N\u00b0 001\/2019\/CRA Convoca\u00e7\u00e3o N\u00ba 002\/2019\/CRA Resultado An\u00e1lise Socioecon\u00f4mica: [&hellip;]<\/p>\n","protected":false},"author":743,"featured_media":0,"parent":3962,"menu_order":0,"comment_status":"closed","ping_status":"closed","template":"","meta":{"advanced_seo_description":"","jetpack_seo_html_title":"","jetpack_seo_noindex":false,"jetpack_post_was_ever_published":false,"footnotes":""},"class_list":["post-3983","page","type-page","status-publish","hentry"],"jetpack_sharing_enabled":true,"jetpack_shortlink":"https:\/\/wp.me\/P70cyI-12f","jetpack-related-posts":[],"_links":{"self":[{"href":"https:\/\/wp.ufpel.edu.br\/cra\/wp-json\/wp\/v2\/pages\/3983","targetHints":{"allow":["GET"]}}],"collection":[{"href":"https:\/\/wp.ufpel.edu.br\/cra\/wp-json\/wp\/v2\/pages"}],"about":[{"href":"https:\/\/wp.ufpel.edu.br\/cra\/wp-json\/wp\/v2\/types\/page"}],"author":[{"embeddable":true,"href":"https:\/\/wp.ufpel.edu.br\/cra\/wp-json\/wp\/v2\/users\/743"}],"replies":[{"embeddable":true,"href":"https:\/\/wp.ufpel.edu.br\/cra\/wp-json\/wp\/v2\/comments?post=3983"}],"version-history":[{"count":5,"href":"https:\/\/wp.ufpel.edu.br\/cra\/wp-json\/wp\/v2\/pages\/3983\/revisions"}],"predecessor-version":[{"id":3990,"href":"https:\/\/wp.ufpel.edu.br\/cra\/wp-json\/wp\/v2\/pages\/3983\/revisions\/3990"}],"up":[{"embeddable":true,"href":"https:\/\/wp.ufpel.edu.br\/cra\/wp-json\/wp\/v2\/pages\/3962"}],"wp:attachment":[{"href":"https:\/\/wp.ufpel.edu.br\/cra\/wp-json\/wp\/v2\/media?parent=3983"}],"curies":[{"name":"wp","href":"https:\/\/api.w.org\/{rel}","templated":true}]}}