{"id":3973,"date":"2021-05-11T13:26:47","date_gmt":"2021-05-11T16:26:47","guid":{"rendered":"https:\/\/wp.ufpel.edu.br\/cra\/?page_id=3973"},"modified":"2021-05-11T16:53:37","modified_gmt":"2021-05-11T19:53:37","slug":"2020-1","status":"publish","type":"page","link":"https:\/\/wp.ufpel.edu.br\/cra\/editais\/editais-processo-seletivo-complementar\/2020-1\/","title":{"rendered":"Processo seletivo complementar 2020\/1"},"content":{"rendered":"<h4 style=\"text-align: center\">PROCESSO SELETIVO COMPLEMENTAR 2020\/1<br \/>\nReingresso, Reop\u00e7\u00e3o, Transfer\u00eancia volunt\u00e1ria, Portador de diploma<\/h4>\n<ul>\n<li>Edital de abertura: <a href=\"https:\/\/wp.ufpel.edu.br\/cra\/files\/2019\/09\/SEI_23110.038090_2019_88.pdf\">Edital CRA N\u00b0 13\/2019<\/a><\/li>\n<li>Homologa\u00e7\u00e3o: <a href=\"https:\/\/wp.ufpel.edu.br\/cra\/files\/2019\/10\/SEI_23110.038090_2019_881.pdf\">Edital CRA N\u00b0 13\/2019 &#8211; Homologados<\/a><\/li>\n<li>Homologa\u00e7\u00e3o final: <a href=\"https:\/\/wp.ufpel.edu.br\/cra\/files\/2019\/10\/SEI_23110.038090_2019_88.pdf\">Edital CRA N\u00b0 13\/2019 \u2013 Homologados Resultado<\/a><\/li>\n<li>Resultado Preliminar: <a href=\"https:\/\/wp.ufpel.edu.br\/cra\/files\/2019\/10\/SEI_23110.038090_2019_88-1.pdf\">Edital CRA N\u00b0 13\/2019 &#8211; Resultado Preliminar<\/a><\/li>\n<li>Resultado Final: <a href=\"https:\/\/wp.ufpel.edu.br\/cra\/files\/2019\/12\/SEI_23110.038090_2019_88-1.pdf\">Edital CRA N\u00b0 13\/2019 &#8211; Resultado Final<\/a>\n<ul>\n<li>Retifica\u00e7\u00e3o: <a href=\"https:\/\/wp.ufpel.edu.br\/cra\/files\/2020\/02\/Retifica\u00e7\u00e3o-resultado-final.pdf\">Edital CRA N\u00ba 13\/2020 &#8211; Retifica\u00e7\u00e3o Resultado Final<\/a><\/li>\n<\/ul>\n<\/li>\n<li>Convoca\u00e7\u00e3o de excedentes\n<ul>\n<li><a href=\"https:\/\/wp.ufpel.edu.br\/cra\/files\/2020\/03\/SEI_23110.038090_2019_88.pdf\">Convoca\u00e7\u00e3o N\u00ba 001\/2020\/CRA<\/a><\/li>\n<\/ul>\n<\/li>\n<li>Resultado An\u00e1lise Socioecon\u00f4mica:\n<ul>\n<li><a href=\"https:\/\/wp.ufpel.edu.br\/prae\/files\/2020\/01\/SEI_23110.001980_2020_78.pdf\">Resultado definitivo &#8211; An\u00e1lise Socioecon\u00f4mica<\/a><\/li>\n<\/ul>\n<\/li>\n<li>Resultado An\u00e1lise \u00e9tnico-racial:\n<ul>\n<li><a href=\"https:\/\/wp.me\/p70cyI-PB\">Relat\u00f3rio Preliminar &#8211; An\u00e1lise \u00e9tnico-racial<\/a><\/li>\n<li><a href=\"https:\/\/wp.me\/p70cyI-UY\">Relat\u00f3rio Definitivo &#8211; An\u00e1lise \u00e9tnico-racial<\/a><\/li>\n<\/ul>\n<\/li>\n<li>Resultado An\u00e1lise de Defici\u00eancia:\n<ul>\n<li><a href=\"https:\/\/wp.ufpel.edu.br\/cra\/files\/2020\/03\/relat\u00f3rio_parecer_cotas_Definitivo-33.pdf\">Relat\u00f3rio Definitivo &#8211; An\u00e1lise de Defici\u00eancia<\/a><\/li>\n<\/ul>\n<\/li>\n<\/ul>\n<p>&nbsp;<\/p>\n<hr \/>\n<h4 style=\"text-align: center\">PROCESSO SELETIVO COMPLEMENTAR 2020\/1<br \/>\nReingresso, Reop\u00e7\u00e3o, Transfer\u00eancia volunt\u00e1ria (Medicina)<\/h4>\n<ul>\n<li>Edital: <a href=\"http:\/\/ces.ufpel.edu.br\/vestibular\/vested0026_2019\/\">Edital COODEC N\u00ba 26\/2019<\/a><\/li>\n<li>Convoca\u00e7\u00e3o para entrega de documentos: <a href=\"https:\/\/wp.me\/p70cyI-Oh\">Edital COODEC N\u00b0 26\/2019 &#8211; Entrega de documentos<\/a><\/li>\n<li>Resultado Preliminar: <a href=\"https:\/\/wp.ufpel.edu.br\/ingresso\/files\/2020\/01\/Resultado-preliminar-Edital-026-2019-Medicina.pdf\">Edital COODEC N\u00ba 026\/2019 &#8211; <\/a><a href=\"https:\/\/wp.ufpel.edu.br\/ingresso\/files\/2020\/01\/Resultado-preliminar-Edital-026-2019-Medicina.pdf\">Resultado preliminar<\/a><\/li>\n<li>Resultado Final: <a href=\"https:\/\/wp.ufpel.edu.br\/cra\/files\/2020\/01\/Resultado-final-Edital-026-2019-Medicina1.pdf\">Edital COODEC N\u00ba 026\/2019 &#8211; Resultado Final<\/a><\/li>\n<\/ul>\n<p>&nbsp;<\/p>\n<hr \/>\n<h4 style=\"text-align: center\">PROCESSO SELETIVO COMPLEMENTAR 2020\/1<br \/>\nPortador de diploma &#8211; Simplificado<\/h4>\n<ul>\n<li>Edital de abertura: <a href=\"https:\/\/wp.ufpel.edu.br\/cra\/files\/2020\/03\/SEI_23110.005412_2020_46.pdf\">Edital CRA N\u00b0 07\/2020<\/a><\/li>\n<li>Resultado Preliminar: <a href=\"https:\/\/wp.ufpel.edu.br\/cra\/files\/2020\/03\/SEI_23110.005412_2020_46-2.pdf\">Edital CRA N\u00ba 07\/2020 &#8211; Resultado Preliminar<\/a><\/li>\n<li>Resultado Final: <a href=\"https:\/\/wp.ufpel.edu.br\/cra\/files\/2020\/03\/SEI_23110.005412_2020_46-3.pdf\">Edital CRA N\u00ba 07\/2020 &#8211; Resultado Final<\/a><\/li>\n<\/ul>\n","protected":false},"excerpt":{"rendered":"<p>PROCESSO SELETIVO COMPLEMENTAR 2020\/1 Reingresso, Reop\u00e7\u00e3o, Transfer\u00eancia volunt\u00e1ria, Portador de diploma Edital de abertura: Edital CRA N\u00b0 13\/2019 Homologa\u00e7\u00e3o: Edital CRA N\u00b0 13\/2019 &#8211; Homologados Homologa\u00e7\u00e3o final: Edital CRA N\u00b0 13\/2019 \u2013 Homologados Resultado Resultado Preliminar: Edital CRA N\u00b0 13\/2019 &#8211; Resultado Preliminar Resultado Final: Edital CRA N\u00b0 13\/2019 &#8211; Resultado Final Retifica\u00e7\u00e3o: Edital CRA [&hellip;]<\/p>\n","protected":false},"author":743,"featured_media":0,"parent":3962,"menu_order":0,"comment_status":"closed","ping_status":"closed","template":"","meta":{"advanced_seo_description":"","jetpack_seo_html_title":"","jetpack_seo_noindex":false,"jetpack_post_was_ever_published":false,"footnotes":""},"class_list":["post-3973","page","type-page","status-publish","hentry"],"jetpack_sharing_enabled":true,"jetpack_shortlink":"https:\/\/wp.me\/P70cyI-125","jetpack-related-posts":[],"_links":{"self":[{"href":"https:\/\/wp.ufpel.edu.br\/cra\/wp-json\/wp\/v2\/pages\/3973","targetHints":{"allow":["GET"]}}],"collection":[{"href":"https:\/\/wp.ufpel.edu.br\/cra\/wp-json\/wp\/v2\/pages"}],"about":[{"href":"https:\/\/wp.ufpel.edu.br\/cra\/wp-json\/wp\/v2\/types\/page"}],"author":[{"embeddable":true,"href":"https:\/\/wp.ufpel.edu.br\/cra\/wp-json\/wp\/v2\/users\/743"}],"replies":[{"embeddable":true,"href":"https:\/\/wp.ufpel.edu.br\/cra\/wp-json\/wp\/v2\/comments?post=3973"}],"version-history":[{"count":6,"href":"https:\/\/wp.ufpel.edu.br\/cra\/wp-json\/wp\/v2\/pages\/3973\/revisions"}],"predecessor-version":[{"id":3976,"href":"https:\/\/wp.ufpel.edu.br\/cra\/wp-json\/wp\/v2\/pages\/3973\/revisions\/3976"}],"up":[{"embeddable":true,"href":"https:\/\/wp.ufpel.edu.br\/cra\/wp-json\/wp\/v2\/pages\/3962"}],"wp:attachment":[{"href":"https:\/\/wp.ufpel.edu.br\/cra\/wp-json\/wp\/v2\/media?parent=3973"}],"curies":[{"name":"wp","href":"https:\/\/api.w.org\/{rel}","templated":true}]}}