{"id":36,"date":"2015-08-17T09:24:50","date_gmt":"2015-08-17T12:24:50","guid":{"rendered":"https:\/\/wp.ufpel.edu.br\/cra\/?page_id=36"},"modified":"2025-08-22T14:13:24","modified_gmt":"2025-08-22T17:13:24","slug":"reopcao","status":"publish","type":"page","link":"https:\/\/wp.ufpel.edu.br\/cra\/formas-de-ingresso\/reopcao\/","title":{"rendered":"Reop\u00e7\u00e3o de curso"},"content":{"rendered":"\n<p class=\"has-text-align-left has-16-undefined-undefined-font-size\">Se voc\u00ea j\u00e1 \u00e9 estudante da UFPel, pode trocar internamente de curso ou de turno. A Reop\u00e7\u00e3o \u00e9 a modalidade que permite essa mudan\u00e7a.<\/p>\n\n\n\n<h2 class=\"wp-block-heading has-16-undefined-undefined-font-size\" style=\"font-size:16px\"><strong>Quem pode solicitar a Reop\u00e7\u00e3o de curso?<\/strong><\/h2>\n\n\n\n<ul class=\"wp-block-list\">\n<li>Quem \u00e9 estudante com matr\u00edcula ativa ou trancada na UFPel.<\/li>\n\n\n\n<li>Quem terminou, pelo menos, um semestre no curso.<\/li>\n\n\n\n<li>Quem ainda n\u00e3o realizou uma reop\u00e7\u00e3o (com a exce\u00e7\u00e3o de quem deseja retornar ao curso de origem).<\/li>\n\n\n\n<li>Quem n\u00e3o est\u00e1 em situa\u00e7\u00e3o de <a href=\"https:\/\/wp.ufpel.edu.br\/cra\/informacoes-academicas\/tempo-de-permanencia-no-curso-jubilamento\/\">jubilamento<\/a>.<\/li>\n<\/ul>\n\n\n\n<h2 class=\"wp-block-heading has-text-align-left\" style=\"font-size:16px\"><strong><strong><strong>Como funciona o processo seletivo?<\/strong><\/strong><\/strong><\/h2>\n\n\n\n<p class=\"has-text-align-left has--font-size\">A sele\u00e7\u00e3o \u00e9 feita por meio de um edital espec\u00edfico,\u00a0publicado semestralmente. Fique atento a este documento para conferir:<\/p>\n\n\n\n<ul class=\"wp-block-list\">\n<li>Os cursos com vagas dispon\u00edveis;<\/li>\n\n\n\n<li>Os crit\u00e9rios de sele\u00e7\u00e3o e classifica\u00e7\u00e3o;<\/li>\n\n\n\n<li>Os documentos necess\u00e1rios para a inscri\u00e7\u00e3o;<\/li>\n\n\n\n<li>Os prazos e as datas mais importantes do processo.<\/li>\n<\/ul>\n\n\n\n<h2 class=\"wp-block-heading has-text-align-left\" style=\"font-size:16px\"><strong><strong>Onde encontrar os editais?<\/strong><\/strong><\/h2>\n\n\n\n<p class=\"has-text-align-left has--font-size\">Os editais s\u00e3o publicados na p\u00e1gina do\u00a0<strong>Processo Seletivo Complementar<\/strong>. Clique no link abaixo para consultar as regras e se inscrever.<\/p>\n\n\n\n<h3 class=\"wp-block-heading\" style=\"font-size:16px\"><a href=\"https:\/\/wp.ufpel.edu.br\/cra\/editais-processo-seletivo-complementar\/\" data-type=\"link\" data-id=\"https:\/\/wp.ufpel.edu.br\/cra\/editais-processo-seletivo-complementar\/\" target=\"_blank\" rel=\"noreferrer noopener\"><strong>Acesse a p\u00e1gina do Processo Seletivo Complementar<\/strong><\/a><\/h3>\n\n\n\n<h2 class=\"wp-block-heading has-text-align-left\" style=\"font-size:16px\"><strong>Base legal<\/strong><\/h2>\n\n\n\n<ul class=\"wp-block-list\">\n<li><a href=\"https:\/\/wp.ufpel.edu.br\/scs\/files\/2022\/09\/SEI_UFPel-1868492-Resolucao-45.2022.pdf\">Resolu\u00e7\u00e3o COCEPE N\u00ba 45\/2022<\/a>.&nbsp;<\/li>\n<\/ul>\n","protected":false},"excerpt":{"rendered":"<p>Se voc\u00ea j\u00e1 \u00e9 estudante da UFPel, pode trocar internamente de curso ou de turno. A Reop\u00e7\u00e3o \u00e9 a modalidade que permite essa mudan\u00e7a. Quem pode solicitar a Reop\u00e7\u00e3o de curso?<\/p>\n","protected":false},"author":296,"featured_media":0,"parent":6202,"menu_order":0,"comment_status":"closed","ping_status":"closed","template":"","meta":{"advanced_seo_description":"\u00c9 estudante da UFPel e pensa em trocar de curso? Conhe\u00e7a a Reop\u00e7\u00e3o: veja os requisitos, como funciona a sele\u00e7\u00e3o e onde encontrar o edital.","jetpack_seo_html_title":"Reop\u00e7\u00e3o de Curso UFPel | Como Trocar de Gradua\u00e7\u00e3o","jetpack_seo_noindex":false,"jetpack_post_was_ever_published":false,"footnotes":""},"class_list":["post-36","page","type-page","status-publish","hentry"],"jetpack_sharing_enabled":true,"jetpack_shortlink":"https:\/\/wp.me\/P70cyI-A","jetpack-related-posts":[],"_links":{"self":[{"href":"https:\/\/wp.ufpel.edu.br\/cra\/wp-json\/wp\/v2\/pages\/36","targetHints":{"allow":["GET"]}}],"collection":[{"href":"https:\/\/wp.ufpel.edu.br\/cra\/wp-json\/wp\/v2\/pages"}],"about":[{"href":"https:\/\/wp.ufpel.edu.br\/cra\/wp-json\/wp\/v2\/types\/page"}],"author":[{"embeddable":true,"href":"https:\/\/wp.ufpel.edu.br\/cra\/wp-json\/wp\/v2\/users\/296"}],"replies":[{"embeddable":true,"href":"https:\/\/wp.ufpel.edu.br\/cra\/wp-json\/wp\/v2\/comments?post=36"}],"version-history":[{"count":3,"href":"https:\/\/wp.ufpel.edu.br\/cra\/wp-json\/wp\/v2\/pages\/36\/revisions"}],"predecessor-version":[{"id":11869,"href":"https:\/\/wp.ufpel.edu.br\/cra\/wp-json\/wp\/v2\/pages\/36\/revisions\/11869"}],"up":[{"embeddable":true,"href":"https:\/\/wp.ufpel.edu.br\/cra\/wp-json\/wp\/v2\/pages\/6202"}],"wp:attachment":[{"href":"https:\/\/wp.ufpel.edu.br\/cra\/wp-json\/wp\/v2\/media?parent=36"}],"curies":[{"name":"wp","href":"https:\/\/api.w.org\/{rel}","templated":true}]}}