{"id":3503,"date":"2020-09-17T09:39:39","date_gmt":"2020-09-17T12:39:39","guid":{"rendered":"https:\/\/wp.ufpel.edu.br\/cra\/?page_id=3503"},"modified":"2022-11-21T10:49:09","modified_gmt":"2022-11-21T13:49:09","slug":"novo-calendario-academico-2020-1","status":"publish","type":"page","link":"https:\/\/wp.ufpel.edu.br\/cra\/calendarios-academicos\/novo-calendario-academico-2020-1\/","title":{"rendered":"Calend\u00e1rio Acad\u00eamico 2020\/1 &#8211; Atualizado"},"content":{"rendered":"<div class=\"dados-cobalto cobalto-calendario cobalto-calendario-zebrado\"><div class=\"cobalto-calendario-legenda\"><div class=\"cobalto-calendario-legenda-item\"><span class=\"cobalto-calendario-tipo\" style=\"background:#A47AE2\"><\/span> 2020 - Calend\u00e1rio Acad\u00eamico<\/div><\/div><div class=\"cobalto-calendario-mes\"><strong>Setembro \/ 2020<\/strong><\/div><div class=\"cobalto-calendario-linha cobalto-calendario-linha-impar\"><span class=\"cobalto-calendario-tipo\" style=\"background:#A47AE2\" title=\"2020 - Calend\u00e1rio Acad\u00eamico\"><\/span><span class=\"cobalto-calendario-dia\"><strong>16 Quarta<\/strong><\/span><span class=\"cobalto-calendario-descricao\"><span class=\"cobalto-evento-item-hora\"><\/span>IN\u00cdCIO: Per\u00edodo de acompanhamento\/confirma\u00e7\u00e3o das ofertas 2020\/1 pelos Departamentos ou C\u00e2maras de Ensino<\/span><\/div><div class=\"cobalto-calendario-linha cobalto-calendario-linha-impar\"><span class=\"cobalto-calendario-tipo\" style=\"background:#A47AE2\" title=\"2020 - Calend\u00e1rio Acad\u00eamico\"><\/span><span class=\"cobalto-calendario-dia\"><strong><\/strong><\/span><span class=\"cobalto-calendario-descricao\"><span class=\"cobalto-evento-item-hora\"><\/span>IN\u00cdCIO: Per\u00edodo de adequa\u00e7\u00e3o (altera\u00e7\u00e3o da numera\u00e7\u00e3o, inclus\u00e3o e exclus\u00e3o de turmas) das ofertas 2020\/1 pelos Colegiados<\/span><\/div><div class=\"cobalto-calendario-linha cobalto-calendario-linha-par\"><span class=\"cobalto-calendario-tipo\" style=\"background:#A47AE2\" title=\"2020 - Calend\u00e1rio Acad\u00eamico\"><\/span><span class=\"cobalto-calendario-dia\"><strong>24 Quinta<\/strong><\/span><span class=\"cobalto-calendario-descricao\"><span class=\"cobalto-evento-item-hora\"><\/span>FIM: Per\u00edodo de acompanhamento\/confirma\u00e7\u00e3o das ofertas 2020\/1 pelos Departamentos ou C\u00e2maras de Ensino<\/span><\/div><div class=\"cobalto-calendario-linha cobalto-calendario-linha-par\"><span class=\"cobalto-calendario-tipo\" style=\"background:#A47AE2\" title=\"2020 - Calend\u00e1rio Acad\u00eamico\"><\/span><span class=\"cobalto-calendario-dia\"><strong><\/strong><\/span><span class=\"cobalto-calendario-descricao\"><span class=\"cobalto-evento-item-hora\"><\/span>FIM: Per\u00edodo de adequa\u00e7\u00e3o (altera\u00e7\u00e3o da numera\u00e7\u00e3o, inclus\u00e3o e exclus\u00e3o de turmas) das ofertas 2020\/1 pelos Colegiados<\/span><\/div><div class=\"cobalto-calendario-linha cobalto-calendario-linha-impar\"><span class=\"cobalto-calendario-tipo\" style=\"background:#A47AE2\" title=\"2020 - Calend\u00e1rio Acad\u00eamico\"><\/span><span class=\"cobalto-calendario-dia\"><strong>25 Sexta<\/strong><\/span><span class=\"cobalto-calendario-descricao\"><span class=\"cobalto-evento-item-hora\"><\/span>IN\u00cdCIO: Solicita\u00e7\u00e3o de matr\u00edcula on-line 2020\/1 (Turmas novas)<\/span><\/div><div class=\"cobalto-calendario-linha cobalto-calendario-linha-par\"><span class=\"cobalto-calendario-tipo\" style=\"background:#A47AE2\" title=\"2020 - Calend\u00e1rio Acad\u00eamico\"><\/span><span class=\"cobalto-calendario-dia\"><strong>27 Domingo<\/strong><\/span><span class=\"cobalto-calendario-descricao\"><span class=\"cobalto-evento-item-hora\"><\/span>FIM: Solicita\u00e7\u00e3o de matr\u00edcula on-line 2020\/1 (Turmas novas)<\/span><\/div><div class=\"cobalto-calendario-linha cobalto-calendario-linha-impar\"><span class=\"cobalto-calendario-tipo\" style=\"background:#A47AE2\" title=\"2020 - Calend\u00e1rio Acad\u00eamico\"><\/span><span class=\"cobalto-calendario-dia\"><strong>28 Segunda<\/strong><\/span><span class=\"cobalto-calendario-descricao\"><span class=\"cobalto-evento-item-hora\"><\/span>Processamento das solicita\u00e7\u00f5es de matr\u00edcula on-line 2020\/1 (Turmas novas)<\/span><\/div><div class=\"cobalto-calendario-linha cobalto-calendario-linha-par\"><span class=\"cobalto-calendario-tipo\" style=\"background:#A47AE2\" title=\"2020 - Calend\u00e1rio Acad\u00eamico\"><\/span><span class=\"cobalto-calendario-dia\"><strong>29 Ter\u00e7a<\/strong><\/span><span class=\"cobalto-calendario-descricao\"><span class=\"cobalto-evento-item-hora\"><\/span>IN\u00cdCIO: Corre\u00e7\u00e3o de matr\u00edcula 2020\/1 nos colegiados (Atendimento remoto)<\/span><\/div><div class=\"cobalto-calendario-mes\"><strong>Outubro \/ 2020<\/strong><\/div><div class=\"cobalto-calendario-linha cobalto-calendario-linha-impar\"><span class=\"cobalto-calendario-tipo\" style=\"background:#A47AE2\" title=\"2020 - Calend\u00e1rio Acad\u00eamico\"><\/span><span class=\"cobalto-calendario-dia\"><strong>01 Quinta<\/strong><\/span><span class=\"cobalto-calendario-descricao\"><span class=\"cobalto-evento-item-hora\"><\/span>Inicio do semestre letivo 2020\/1<\/span><\/div><div class=\"cobalto-calendario-linha cobalto-calendario-linha-par\"><span class=\"cobalto-calendario-tipo\" style=\"background:#A47AE2\" title=\"2020 - Calend\u00e1rio Acad\u00eamico\"><\/span><span class=\"cobalto-calendario-dia\"><strong>02 Sexta<\/strong><\/span><span class=\"cobalto-calendario-descricao\"><span class=\"cobalto-evento-item-hora\"><\/span>Data limite para os discentes solicitarem quebra de pr\u00e9-requisito para 2020\/1 nos Colegiados.<\/span><\/div><div class=\"cobalto-calendario-linha cobalto-calendario-linha-par\"><span class=\"cobalto-calendario-tipo\" style=\"background:#A47AE2\" title=\"2020 - Calend\u00e1rio Acad\u00eamico\"><\/span><span class=\"cobalto-calendario-dia\"><strong><\/strong><\/span><span class=\"cobalto-calendario-descricao\"><span class=\"cobalto-evento-item-hora\"><\/span>FIM: Corre\u00e7\u00e3o de matr\u00edcula 2020\/1 nos colegiados (Atendimento remoto)<\/span><\/div><div class=\"cobalto-calendario-linha cobalto-calendario-linha-impar\"><span class=\"cobalto-calendario-tipo\" style=\"background:#A47AE2\" title=\"2020 - Calend\u00e1rio Acad\u00eamico\"><\/span><span class=\"cobalto-calendario-dia\"><strong>05 Segunda<\/strong><\/span><span class=\"cobalto-calendario-descricao\"><span class=\"cobalto-evento-item-hora\"><\/span>Data para matr\u00edcula especial (Atendimento remoto)<\/span><\/div><div class=\"cobalto-calendario-linha cobalto-calendario-linha-par\"><span class=\"cobalto-calendario-tipo\" style=\"background:#A47AE2\" title=\"2020 - Calend\u00e1rio Acad\u00eamico\"><\/span><span class=\"cobalto-calendario-dia\"><strong>07 Quarta<\/strong><\/span><span class=\"cobalto-calendario-descricao\"><span class=\"cobalto-evento-item-hora\"><\/span>Data limite para os Colegiados responderem as solicita\u00e7\u00f5es de quebra de pr\u00e9-requisito para 2020\/1<\/span><\/div><div class=\"cobalto-calendario-linha cobalto-calendario-linha-impar\"><span class=\"cobalto-calendario-tipo\" style=\"background:#A47AE2\" title=\"2020 - Calend\u00e1rio Acad\u00eamico\"><\/span><span class=\"cobalto-calendario-dia\"><strong>09 Sexta<\/strong><\/span><span class=\"cobalto-calendario-descricao\"><span class=\"cobalto-evento-item-hora\"><\/span>Data limite para os discentes protocolarem, nos Colegiados de Curso, recurso ao COCEPE referente \u00e0 negativa de quebra de pr\u00e9-requisito para 2020\/1<\/span><\/div><div class=\"cobalto-calendario-linha cobalto-calendario-linha-par\"><span class=\"cobalto-calendario-tipo\" style=\"background:#A47AE2\" title=\"2020 - Calend\u00e1rio Acad\u00eamico\"><\/span><span class=\"cobalto-calendario-dia\"><strong>12 Segunda<\/strong><\/span><span class=\"cobalto-calendario-descricao\"><span class=\"cobalto-evento-item-hora\"><\/span>Feriado - Nossa Senhora Aparecida<\/span><\/div><div class=\"cobalto-calendario-linha cobalto-calendario-linha-impar\"><span class=\"cobalto-calendario-tipo\" style=\"background:#A47AE2\" title=\"2020 - Calend\u00e1rio Acad\u00eamico\"><\/span><span class=\"cobalto-calendario-dia\"><strong>19 Segunda<\/strong><\/span><span class=\"cobalto-calendario-descricao\"><span class=\"cobalto-evento-item-hora\"><\/span>Data limite para ingresso de discentes em 2020\/1<\/span><\/div><div class=\"cobalto-calendario-linha cobalto-calendario-linha-par\"><span class=\"cobalto-calendario-tipo\" style=\"background:#A47AE2\" title=\"2020 - Calend\u00e1rio Acad\u00eamico\"><\/span><span class=\"cobalto-calendario-dia\"><strong>23 Sexta<\/strong><\/span><span class=\"cobalto-calendario-descricao\"><span class=\"cobalto-evento-item-hora\"><\/span>Fim do per\u00edodo para envio dos planos de ensino 2020\/1<\/span><\/div><div class=\"cobalto-calendario-linha cobalto-calendario-linha-impar\"><span class=\"cobalto-calendario-tipo\" style=\"background:#A47AE2\" title=\"2020 - Calend\u00e1rio Acad\u00eamico\"><\/span><span class=\"cobalto-calendario-dia\"><strong>26 Segunda<\/strong><\/span><span class=\"cobalto-calendario-descricao\"><span class=\"cobalto-evento-item-hora\"><\/span>In\u00edcio do per\u00edodo de trancamento de componentes curriculares (disciplinas) no sistema acad\u00eamico Cobalto 2020\/1<\/span><\/div><div class=\"cobalto-calendario-linha cobalto-calendario-linha-par\"><span class=\"cobalto-calendario-tipo\" style=\"background:#A47AE2\" title=\"2020 - Calend\u00e1rio Acad\u00eamico\"><\/span><span class=\"cobalto-calendario-dia\"><strong>28 Quarta<\/strong><\/span><span class=\"cobalto-calendario-descricao\"><span class=\"cobalto-evento-item-hora\"><\/span>Ponto Facultativo \u2013 Dia do Servidor P\u00fabico<\/span><\/div><div class=\"cobalto-calendario-mes\"><strong>Novembro \/ 2020<\/strong><\/div><div class=\"cobalto-calendario-linha cobalto-calendario-linha-impar\"><span class=\"cobalto-calendario-tipo\" style=\"background:#A47AE2\" title=\"2020 - Calend\u00e1rio Acad\u00eamico\"><\/span><span class=\"cobalto-calendario-dia\"><strong>02 Segunda<\/strong><\/span><span class=\"cobalto-calendario-descricao\"><span class=\"cobalto-evento-item-hora\"><\/span>Feriado - Finados<\/span><\/div><div class=\"cobalto-calendario-linha cobalto-calendario-linha-par\"><span class=\"cobalto-calendario-tipo\" style=\"background:#A47AE2\" title=\"2020 - Calend\u00e1rio Acad\u00eamico\"><\/span><span class=\"cobalto-calendario-dia\"><strong>03 Ter\u00e7a<\/strong><\/span><span class=\"cobalto-calendario-descricao\"><span class=\"cobalto-evento-item-hora\"><\/span>IN\u00cdCIO: Per\u00edodo de solicita\u00e7\u00e3o de Aproveitamento de  Componentes Curriculares (disciplinas) 2020\/1 (Colegiados - Atendimento remoto)<\/span><\/div><div class=\"cobalto-calendario-linha cobalto-calendario-linha-impar\"><span class=\"cobalto-calendario-tipo\" style=\"background:#A47AE2\" title=\"2020 - Calend\u00e1rio Acad\u00eamico\"><\/span><span class=\"cobalto-calendario-dia\"><strong>13 Sexta<\/strong><\/span><span class=\"cobalto-calendario-descricao\"><span class=\"cobalto-evento-item-hora\"><\/span>FIM: Per\u00edodo de solicita\u00e7\u00e3o de Aproveitamento de  Componentes Curriculares (disciplinas) 2020\/1 (Colegiados - Atendimento remoto)<\/span><\/div><div class=\"cobalto-calendario-linha cobalto-calendario-linha-par\"><span class=\"cobalto-calendario-tipo\" style=\"background:#A47AE2\" title=\"2020 - Calend\u00e1rio Acad\u00eamico\"><\/span><span class=\"cobalto-calendario-dia\"><strong>15 Domingo<\/strong><\/span><span class=\"cobalto-calendario-descricao\"><span class=\"cobalto-evento-item-hora\"><\/span>Feriado - Proclama\u00e7\u00e3o da Rep\u00fablica<\/span><\/div><div class=\"cobalto-calendario-linha cobalto-calendario-linha-impar\"><span class=\"cobalto-calendario-tipo\" style=\"background:#A47AE2\" title=\"2020 - Calend\u00e1rio Acad\u00eamico\"><\/span><span class=\"cobalto-calendario-dia\"><strong>23 Segunda<\/strong><\/span><span class=\"cobalto-calendario-descricao\"><span class=\"cobalto-evento-item-hora\"><\/span>IN\u00cdCIO: Semana Integrada de Inova\u00e7\u00e3o, Ensino, Pesquisa e Extens\u00e3o \u2013 CIC\/CEC\/CEG\/ENPOS<\/span><\/div><div class=\"cobalto-calendario-linha cobalto-calendario-linha-par\"><span class=\"cobalto-calendario-tipo\" style=\"background:#A47AE2\" title=\"2020 - Calend\u00e1rio Acad\u00eamico\"><\/span><span class=\"cobalto-calendario-dia\"><strong>27 Sexta<\/strong><\/span><span class=\"cobalto-calendario-descricao\"><span class=\"cobalto-evento-item-hora\"><\/span>Fim do per\u00edodo para os discentes se cadastrarem como prov\u00e1veis formandos 2020\/1 no sistema acad\u00eamico<\/span><\/div><div class=\"cobalto-calendario-linha cobalto-calendario-linha-par\"><span class=\"cobalto-calendario-tipo\" style=\"background:#A47AE2\" title=\"2020 - Calend\u00e1rio Acad\u00eamico\"><\/span><span class=\"cobalto-calendario-dia\"><strong><\/strong><\/span><span class=\"cobalto-calendario-descricao\"><span class=\"cobalto-evento-item-hora\"><\/span>Fim do per\u00edodo de trancamento de componentes curriculares (disciplinas) no sistema acad\u00eamico Cobalto 2020\/1<\/span><\/div><div class=\"cobalto-calendario-linha cobalto-calendario-linha-par\"><span class=\"cobalto-calendario-tipo\" style=\"background:#A47AE2\" title=\"2020 - Calend\u00e1rio Acad\u00eamico\"><\/span><span class=\"cobalto-calendario-dia\"><strong><\/strong><\/span><span class=\"cobalto-calendario-descricao\"><span class=\"cobalto-evento-item-hora\"><\/span>FIM: Semana Integrada de Inova\u00e7\u00e3o, Ensino, Pesquisa e Extens\u00e3o \u2013 CIC\/CEC\/CEG\/ENPOS<\/span><\/div><div class=\"cobalto-calendario-mes\"><strong>Dezembro \/ 2020<\/strong><\/div><div class=\"cobalto-calendario-linha cobalto-calendario-linha-impar\"><span class=\"cobalto-calendario-tipo\" style=\"background:#A47AE2\" title=\"2020 - Calend\u00e1rio Acad\u00eamico\"><\/span><span class=\"cobalto-calendario-dia\"><strong>23 Quarta<\/strong><\/span><span class=\"cobalto-calendario-descricao\"><span class=\"cobalto-evento-item-hora\"><\/span>\u00daltimo dia letivo de 2020\/1<\/span><\/div><div class=\"cobalto-calendario-linha cobalto-calendario-linha-impar\"><span class=\"cobalto-calendario-tipo\" style=\"background:#A47AE2\" title=\"2020 - Calend\u00e1rio Acad\u00eamico\"><\/span><span class=\"cobalto-calendario-dia\"><strong><\/strong><\/span><span class=\"cobalto-calendario-descricao\"><span class=\"cobalto-evento-item-hora\"><\/span>Prazo final para alunos regularmente matriculados enviarem solicita\u00e7\u00e3o de trancamento geral de matr\u00edcula \u00e0 CRA<\/span><\/div><div class=\"cobalto-calendario-linha cobalto-calendario-linha-par\"><span class=\"cobalto-calendario-tipo\" style=\"background:#A47AE2\" title=\"2020 - Calend\u00e1rio Acad\u00eamico\"><\/span><span class=\"cobalto-calendario-dia\"><strong>24 Quinta<\/strong><\/span><span class=\"cobalto-calendario-descricao\"><span class=\"cobalto-evento-item-hora\"><\/span>Ponto Facultativo<\/span><\/div><div class=\"cobalto-calendario-linha cobalto-calendario-linha-impar\"><span class=\"cobalto-calendario-tipo\" style=\"background:#A47AE2\" title=\"2020 - Calend\u00e1rio Acad\u00eamico\"><\/span><span class=\"cobalto-calendario-dia\"><strong>25 Sexta<\/strong><\/span><span class=\"cobalto-calendario-descricao\"><span class=\"cobalto-evento-item-hora\"><\/span>Feriado - Natal<\/span><\/div><div class=\"cobalto-calendario-linha cobalto-calendario-linha-par\"><span class=\"cobalto-calendario-tipo\" style=\"background:#A47AE2\" title=\"2020 - Calend\u00e1rio Acad\u00eamico\"><\/span><span class=\"cobalto-calendario-dia\"><strong>28 Segunda<\/strong><\/span><span class=\"cobalto-calendario-descricao\"><span class=\"cobalto-evento-item-hora\"><\/span>IN\u00cdCIO: Per\u00edodo de recesso<\/span><\/div><div class=\"cobalto-calendario-linha cobalto-calendario-linha-impar\"><span class=\"cobalto-calendario-tipo\" style=\"background:#A47AE2\" title=\"2020 - Calend\u00e1rio Acad\u00eamico\"><\/span><span class=\"cobalto-calendario-dia\"><strong>31 Quinta<\/strong><\/span><span class=\"cobalto-calendario-descricao\"><span class=\"cobalto-evento-item-hora\"><\/span>Ponto Facultativo<\/span><\/div><div class=\"cobalto-calendario-linha cobalto-calendario-linha-impar\"><span class=\"cobalto-calendario-tipo\" style=\"background:#A47AE2\" title=\"2020 - Calend\u00e1rio Acad\u00eamico\"><\/span><span class=\"cobalto-calendario-dia\"><strong><\/strong><\/span><span class=\"cobalto-calendario-descricao\"><span class=\"cobalto-evento-item-hora\"><\/span>FIM: Per\u00edodo de recesso<\/span><\/div><div class=\"cobalto-calendario-mes\"><strong>Janeiro \/ 2021<\/strong><\/div><div class=\"cobalto-calendario-linha cobalto-calendario-linha-par\"><span class=\"cobalto-calendario-tipo\" style=\"background:#A47AE2\" title=\"2020 - Calend\u00e1rio Acad\u00eamico\"><\/span><span class=\"cobalto-calendario-dia\"><strong>01 Sexta<\/strong><\/span><span class=\"cobalto-calendario-descricao\"><span class=\"cobalto-evento-item-hora\"><\/span>Feriado - Confraterniza\u00e7\u00e3o Universal<\/span><\/div><div class=\"cobalto-calendario-linha cobalto-calendario-linha-impar\"><span class=\"cobalto-calendario-tipo\" style=\"background:#A47AE2\" title=\"2020 - Calend\u00e1rio Acad\u00eamico\"><\/span><span class=\"cobalto-calendario-dia\"><strong>04 Segunda<\/strong><\/span><span class=\"cobalto-calendario-descricao\"><span class=\"cobalto-evento-item-hora\"><\/span>IN\u00cdCIO: Per\u00edodo de Exames 2020\/1<\/span><\/div><div class=\"cobalto-calendario-linha cobalto-calendario-linha-par\"><span class=\"cobalto-calendario-tipo\" style=\"background:#A47AE2\" title=\"2020 - Calend\u00e1rio Acad\u00eamico\"><\/span><span class=\"cobalto-calendario-dia\"><strong>09 S\u00e1bado<\/strong><\/span><span class=\"cobalto-calendario-descricao\"><span class=\"cobalto-evento-item-hora\"><\/span>FIM: Per\u00edodo de Exames 2020\/1<\/span><\/div><div class=\"cobalto-calendario-linha cobalto-calendario-linha-impar\"><span class=\"cobalto-calendario-tipo\" style=\"background:#A47AE2\" title=\"2020 - Calend\u00e1rio Acad\u00eamico\"><\/span><span class=\"cobalto-calendario-dia\"><strong>12 Ter\u00e7a<\/strong><\/span><span class=\"cobalto-calendario-descricao\"><span class=\"cobalto-evento-item-hora\"><\/span>Fim do per\u00edodo de digita\u00e7\u00e3o de notas\/conceitos 2020\/1<\/span><\/div><div class=\"cobalto-calendario-linha cobalto-calendario-linha-impar\"><span class=\"cobalto-calendario-tipo\" style=\"background:#A47AE2\" title=\"2020 - Calend\u00e1rio Acad\u00eamico\"><\/span><span class=\"cobalto-calendario-dia\"><strong><\/strong><\/span><span class=\"cobalto-calendario-descricao\"><span class=\"cobalto-evento-item-hora\"><\/span>Fim do per\u00edodo de digita\u00e7\u00e3o de notas\/conceitos - 2020\/1<\/span><\/div><div class=\"cobalto-calendario-legenda\"><div class=\"cobalto-calendario-legenda-item\"><span class=\"cobalto-calendario-tipo\" style=\"background:#A47AE2\"><\/span> 2020 - Calend\u00e1rio Acad\u00eamico<\/div><\/div><\/div> <!-- .dados-cobalto -->\n","protected":false},"excerpt":{"rendered":"","protected":false},"author":20,"featured_media":0,"parent":428,"menu_order":0,"comment_status":"closed","ping_status":"closed","template":"page-sem-sidebar.php","meta":{"advanced_seo_description":"","jetpack_seo_html_title":"","jetpack_seo_noindex":false,"jetpack_post_was_ever_published":false,"footnotes":""},"class_list":["post-3503","page","type-page","status-publish","hentry"],"jetpack_sharing_enabled":true,"jetpack_shortlink":"https:\/\/wp.me\/P70cyI-Uv","jetpack-related-posts":[],"_links":{"self":[{"href":"https:\/\/wp.ufpel.edu.br\/cra\/wp-json\/wp\/v2\/pages\/3503","targetHints":{"allow":["GET"]}}],"collection":[{"href":"https:\/\/wp.ufpel.edu.br\/cra\/wp-json\/wp\/v2\/pages"}],"about":[{"href":"https:\/\/wp.ufpel.edu.br\/cra\/wp-json\/wp\/v2\/types\/page"}],"author":[{"embeddable":true,"href":"https:\/\/wp.ufpel.edu.br\/cra\/wp-json\/wp\/v2\/users\/20"}],"replies":[{"embeddable":true,"href":"https:\/\/wp.ufpel.edu.br\/cra\/wp-json\/wp\/v2\/comments?post=3503"}],"version-history":[{"count":3,"href":"https:\/\/wp.ufpel.edu.br\/cra\/wp-json\/wp\/v2\/pages\/3503\/revisions"}],"predecessor-version":[{"id":6579,"href":"https:\/\/wp.ufpel.edu.br\/cra\/wp-json\/wp\/v2\/pages\/3503\/revisions\/6579"}],"up":[{"embeddable":true,"href":"https:\/\/wp.ufpel.edu.br\/cra\/wp-json\/wp\/v2\/pages\/428"}],"wp:attachment":[{"href":"https:\/\/wp.ufpel.edu.br\/cra\/wp-json\/wp\/v2\/media?parent=3503"}],"curies":[{"name":"wp","href":"https:\/\/api.w.org\/{rel}","templated":true}]}}