{"id":349,"date":"2015-12-01T10:47:21","date_gmt":"2015-12-01T12:47:21","guid":{"rendered":"https:\/\/wp.ufpel.edu.br\/cra\/?page_id=349"},"modified":"2015-12-01T10:54:52","modified_gmt":"2015-12-01T12:54:52","slug":"licenciaturas-ead","status":"publish","type":"page","link":"https:\/\/wp.ufpel.edu.br\/cra\/cursos\/licenciaturas-ead\/","title":{"rendered":"Licenciaturas Ensino a Dist\u00e2ncia"},"content":{"rendered":"<p><ul><li><a href=\"https:\/\/institucional.ufpel.edu.br\/cursos\/cod\/18009\">Filosofia - Polo Agudo - Integral<\/a><\/li><li><a href=\"https:\/\/institucional.ufpel.edu.br\/cursos\/cod\/18005\">Filosofia - Polo Arroio dos Ratos - Integral<\/a><\/li><li><a href=\"https:\/\/institucional.ufpel.edu.br\/cursos\/cod\/18013\">Filosofia - Polo Balne\u00e1rio Pinhal - Integral<\/a><\/li><li><a href=\"https:\/\/institucional.ufpel.edu.br\/cursos\/cod\/18000\">Filosofia - Polo Cachoeira do Sul - Integral<\/a><\/li><li><a href=\"https:\/\/institucional.ufpel.edu.br\/cursos\/cod\/18019\">Filosofia - Polo Cruz Alta - Integral<\/a><\/li><li><a href=\"https:\/\/institucional.ufpel.edu.br\/cursos\/cod\/18010\">Filosofia - Polo Esteio - Integral<\/a><\/li><li><a href=\"https:\/\/institucional.ufpel.edu.br\/cursos\/cod\/18001\">Filosofia - Polo Hulha Negra - Integral<\/a><\/li><li><a href=\"https:\/\/institucional.ufpel.edu.br\/cursos\/cod\/18011\">Filosofia - Polo Imb\u00e9 - Integral<\/a><\/li><li><a href=\"https:\/\/institucional.ufpel.edu.br\/cursos\/cod\/18012\">Filosofia - Polo Jaguar\u00e3o - Integral<\/a><\/li><li><a href=\"https:\/\/institucional.ufpel.edu.br\/cursos\/cod\/18016\">Filosofia - Polo Novo Hamburgo - Integral<\/a><\/li><li><a href=\"https:\/\/institucional.ufpel.edu.br\/cursos\/cod\/18003\">Filosofia - Polo Santa Vit\u00f3ria do Palmar - Integral<\/a><\/li><li><a href=\"https:\/\/institucional.ufpel.edu.br\/cursos\/cod\/18002\">Filosofia - Polo Santana da Boa Vista - Integral<\/a><\/li><li><a href=\"https:\/\/institucional.ufpel.edu.br\/cursos\/cod\/18006\">Filosofia - Polo Santana do Livramento - Integral<\/a><\/li><li><a href=\"https:\/\/institucional.ufpel.edu.br\/cursos\/cod\/18015\">Filosofia - Polo Santo Ant\u00f4nio da Patrulha - Integral<\/a><\/li><li><a href=\"https:\/\/institucional.ufpel.edu.br\/cursos\/cod\/18017\">Filosofia - Polo Sapiranga - Integral<\/a><\/li><li><a href=\"https:\/\/institucional.ufpel.edu.br\/cursos\/cod\/18018\">Filosofia - Polo Sapucaia do Sul - Integral<\/a><\/li><li><a href=\"https:\/\/institucional.ufpel.edu.br\/cursos\/cod\/18014\">Filosofia - Polo S\u00e3o Francisco de Paula - Integral<\/a><\/li><li><a href=\"https:\/\/institucional.ufpel.edu.br\/cursos\/cod\/18007\">Filosofia - Polo S\u00e3o Jos\u00e9 do Norte - Integral<\/a><\/li><li><a href=\"https:\/\/institucional.ufpel.edu.br\/cursos\/cod\/18004\">Filosofia - Polo S\u00e3o Louren\u00e7o do Sul - Integral<\/a><\/li><li><a href=\"https:\/\/institucional.ufpel.edu.br\/cursos\/cod\/18008\">Filosofia - Polo S\u00e3o Sep\u00e9 - Integral<\/a><\/li><li><a href=\"https:\/\/institucional.ufpel.edu.br\/cursos\/cod\/19000\">Hist\u00f3ria - Polo Agudo - Integral<\/a><\/li><li><a href=\"https:\/\/institucional.ufpel.edu.br\/cursos\/cod\/19021\">Hist\u00f3ria - Polo Arroio dos Ratos - Integral<\/a><\/li><li><a href=\"https:\/\/institucional.ufpel.edu.br\/cursos\/cod\/19012\">Hist\u00f3ria - Polo Balne\u00e1rio Pinhal - Integral<\/a><\/li><li><a href=\"https:\/\/institucional.ufpel.edu.br\/cursos\/cod\/19001\">Hist\u00f3ria - Polo Cacequi - Integral<\/a><\/li><li><a href=\"https:\/\/institucional.ufpel.edu.br\/cursos\/cod\/19002\">Hist\u00f3ria - Polo Constantina - Integral<\/a><\/li><li><a href=\"https:\/\/institucional.ufpel.edu.br\/cursos\/cod\/19003\">Hist\u00f3ria - Polo Cruz Alta - Integral<\/a><\/li><li><a href=\"https:\/\/institucional.ufpel.edu.br\/cursos\/cod\/19013\">Hist\u00f3ria - Polo Faxinal do Soturno - Integral<\/a><\/li><li><a href=\"https:\/\/institucional.ufpel.edu.br\/cursos\/cod\/19014\">Hist\u00f3ria - Polo Gramado - Integral<\/a><\/li><li><a href=\"https:\/\/institucional.ufpel.edu.br\/cursos\/cod\/19015\">Hist\u00f3ria - Polo Herval - Integral<\/a><\/li><li><a href=\"https:\/\/institucional.ufpel.edu.br\/cursos\/cod\/19016\">Hist\u00f3ria - Polo Hulha Negra - Integral<\/a><\/li><li><a href=\"https:\/\/institucional.ufpel.edu.br\/cursos\/cod\/19017\">Hist\u00f3ria - Polo Jacuizinho - Integral<\/a><\/li><li><a href=\"https:\/\/institucional.ufpel.edu.br\/cursos\/cod\/19018\">Hist\u00f3ria - Polo Mostardas - Integral<\/a><\/li><li><a href=\"https:\/\/institucional.ufpel.edu.br\/cursos\/cod\/19019\">Hist\u00f3ria - Polo Panambi - Integral<\/a><\/li><li><a href=\"https:\/\/institucional.ufpel.edu.br\/cursos\/cod\/19004\">Hist\u00f3ria - Polo Picada Caf\u00e9 - Integral<\/a><\/li><li><a href=\"https:\/\/institucional.ufpel.edu.br\/cursos\/cod\/19011\">Hist\u00f3ria - Polo Quara\u00ed - Integral<\/a><\/li><li><a href=\"https:\/\/institucional.ufpel.edu.br\/cursos\/cod\/19005\">Hist\u00f3ria - Polo Ros\u00e1rio do Sul - Integral<\/a><\/li><li><a href=\"https:\/\/institucional.ufpel.edu.br\/cursos\/cod\/19006\">Hist\u00f3ria - Polo Santana da Boa Vista - Integral<\/a><\/li><li><a href=\"https:\/\/institucional.ufpel.edu.br\/cursos\/cod\/19007\">Hist\u00f3ria - Polo Santana do Livramento - Integral<\/a><\/li><li><a href=\"https:\/\/institucional.ufpel.edu.br\/cursos\/cod\/19008\">Hist\u00f3ria - Polo Sapiranga - Integral<\/a><\/li><li><a href=\"https:\/\/institucional.ufpel.edu.br\/cursos\/cod\/19020\">Hist\u00f3ria - Polo Sapucaia do Sul - Integral<\/a><\/li><li><a href=\"https:\/\/institucional.ufpel.edu.br\/cursos\/cod\/19009\">Hist\u00f3ria - Polo Sobradinho - Integral<\/a><\/li><li><a href=\"https:\/\/institucional.ufpel.edu.br\/cursos\/cod\/19022\">Hist\u00f3ria - Polo S\u00e3o Francisco de Paula - Integral<\/a><\/li><li><a href=\"https:\/\/institucional.ufpel.edu.br\/cursos\/cod\/19010\">Hist\u00f3ria - Polo Tr\u00eas Passos - Integral<\/a><\/li><li><a href=\"https:\/\/institucional.ufpel.edu.br\/cursos\/cod\/93674\">Letras - Espanhol - Polo Agudo - Integral<\/a><\/li><li><a href=\"https:\/\/institucional.ufpel.edu.br\/cursos\/cod\/93630\">Letras - Espanhol - Polo Arroio dos Ratos - Integral<\/a><\/li><li><a href=\"https:\/\/institucional.ufpel.edu.br\/cursos\/cod\/93646\">Letras - Espanhol - Polo Balne\u00e1rio Pinhal - Integral<\/a><\/li><li><a href=\"https:\/\/institucional.ufpel.edu.br\/cursos\/cod\/93657\">Letras - Espanhol - Polo Cacequi - Integral<\/a><\/li><li><a href=\"https:\/\/institucional.ufpel.edu.br\/cursos\/cod\/93631\">Letras - Espanhol - Polo Cachoeira do Sul - Integral<\/a><\/li><li><a href=\"https:\/\/institucional.ufpel.edu.br\/cursos\/cod\/93663\">Letras - Espanhol - Polo Camargo - Integral<\/a><\/li><li><a href=\"https:\/\/institucional.ufpel.edu.br\/cursos\/cod\/93648\">Letras - Espanhol - Polo Cerro Largo - Integral<\/a><\/li><li><a href=\"https:\/\/institucional.ufpel.edu.br\/cursos\/cod\/93662\">Letras - Espanhol - Polo Constantina - Integral<\/a><\/li><li><a href=\"https:\/\/institucional.ufpel.edu.br\/cursos\/cod\/93664\">Letras - Espanhol - Polo Cruz Alta - Integral<\/a><\/li><li><a href=\"https:\/\/institucional.ufpel.edu.br\/cursos\/cod\/93677\">Letras - Espanhol - Polo Gramado - Integral<\/a><\/li><li><a href=\"https:\/\/institucional.ufpel.edu.br\/cursos\/cod\/93632\">Letras - Espanhol - Polo Herval - Integral<\/a><\/li><li><a href=\"https:\/\/institucional.ufpel.edu.br\/cursos\/cod\/93672\">Letras - Espanhol - Polo Hulha Negra - Integral<\/a><\/li><li><a href=\"https:\/\/institucional.ufpel.edu.br\/cursos\/cod\/93660\">Letras - Espanhol - Polo Jacuizinho - Integral<\/a><\/li><li><a href=\"https:\/\/institucional.ufpel.edu.br\/cursos\/cod\/93658\">Letras - Espanhol - Polo Jaguar\u00e3o - Integral<\/a><\/li><li><a href=\"https:\/\/institucional.ufpel.edu.br\/cursos\/cod\/93665\">Letras - Espanhol - Polo Mostardas - Integral<\/a><\/li><li><a href=\"https:\/\/institucional.ufpel.edu.br\/cursos\/cod\/93650\">Letras - Espanhol - Polo Novo Hamburgo - Integral<\/a><\/li><li><a href=\"https:\/\/institucional.ufpel.edu.br\/cursos\/cod\/93667\">Letras - Espanhol - Polo Panambi - Integral<\/a><\/li><li><a href=\"https:\/\/institucional.ufpel.edu.br\/cursos\/cod\/93638\">Letras - Espanhol - Polo Paranagu\u00e1 - Integral<\/a><\/li><li><a href=\"https:\/\/institucional.ufpel.edu.br\/cursos\/cod\/93668\">Letras - Espanhol - Polo Picada Caf\u00e9 - Integral<\/a><\/li><li><a href=\"https:\/\/institucional.ufpel.edu.br\/cursos\/cod\/93678\">Letras - Espanhol - Polo Quara\u00ed - Integral<\/a><\/li><li><a href=\"https:\/\/institucional.ufpel.edu.br\/cursos\/cod\/93633\">Letras - Espanhol - Polo Restinga S\u00eaca - Integral<\/a><\/li><li><a href=\"https:\/\/institucional.ufpel.edu.br\/cursos\/cod\/93669\">Letras - Espanhol - Polo Ros\u00e1rio do Sul - Integral<\/a><\/li><li><a href=\"https:\/\/institucional.ufpel.edu.br\/cursos\/cod\/93647\">Letras - Espanhol - Polo Santa Vit\u00f3ria do Palmar - Integral<\/a><\/li><li><a href=\"https:\/\/institucional.ufpel.edu.br\/cursos\/cod\/93641\">Letras - Espanhol - Polo Santana da Boa Vista - Integral<\/a><\/li><li><a href=\"https:\/\/institucional.ufpel.edu.br\/cursos\/cod\/93671\">Letras - Espanhol - Polo Santana da Boa Vista - Integral<\/a><\/li><li><a href=\"https:\/\/institucional.ufpel.edu.br\/cursos\/cod\/93673\">Letras - Espanhol - Polo Santana do Livramento - Integral<\/a><\/li><li><a href=\"https:\/\/institucional.ufpel.edu.br\/cursos\/cod\/93675\">Letras - Espanhol - Polo Santo Ant\u00f4nio da Patrulha - Integral<\/a><\/li><li><a href=\"https:\/\/institucional.ufpel.edu.br\/cursos\/cod\/93654\">Letras - Espanhol - Polo Sapiranga - Integral<\/a><\/li><li><a href=\"https:\/\/institucional.ufpel.edu.br\/cursos\/cod\/93655\">Letras - Espanhol - Polo Sapucaia do Sul - Integral<\/a><\/li><li><a href=\"https:\/\/institucional.ufpel.edu.br\/cursos\/cod\/93656\">Letras - Espanhol - Polo Serafina Corr\u00eaa - Integral<\/a><\/li><li><a href=\"https:\/\/institucional.ufpel.edu.br\/cursos\/cod\/93679\">Letras - Espanhol - Polo Sobradinho - Integral<\/a><\/li><li><a href=\"https:\/\/institucional.ufpel.edu.br\/cursos\/cod\/93635\">Letras - Espanhol - Polo S\u00e3o Francisco de Paula - Integral<\/a><\/li><li><a href=\"https:\/\/institucional.ufpel.edu.br\/cursos\/cod\/93661\">Letras - Espanhol - Polo S\u00e3o Jo\u00e3o Polesine - Integral<\/a><\/li><li><a href=\"https:\/\/institucional.ufpel.edu.br\/cursos\/cod\/93653\">Letras - Espanhol - Polo S\u00e3o Sep\u00e9 - Integral<\/a><\/li><li><a href=\"https:\/\/institucional.ufpel.edu.br\/cursos\/cod\/93670\">Letras - Espanhol - Polo Tr\u00eas Passos - Integral<\/a><\/li><li><a href=\"https:\/\/institucional.ufpel.edu.br\/cursos\/cod\/93676\">Letras - Espanhol - Polo Vila Flores - Integral<\/a><\/li><li><a href=\"https:\/\/institucional.ufpel.edu.br\/cursos\/cod\/93856\">Matem\u00e1tica  - Polo Sapiranga - Integral<\/a><\/li><li><a href=\"https:\/\/institucional.ufpel.edu.br\/cursos\/cod\/93859\">Matem\u00e1tica  - Polo Tr\u00eas Passos - Integral<\/a><\/li><li><a href=\"https:\/\/institucional.ufpel.edu.br\/cursos\/cod\/93865\">Matem\u00e1tica - Polo Agudo - Integral<\/a><\/li><li><a href=\"https:\/\/institucional.ufpel.edu.br\/cursos\/cod\/93830\">Matem\u00e1tica - Polo Arroio dos Ratos - Integral<\/a><\/li><li><a href=\"https:\/\/institucional.ufpel.edu.br\/cursos\/cod\/93846\">Matem\u00e1tica - Polo Balne\u00e1rio Pinhal - Integral<\/a><\/li><li><a href=\"https:\/\/institucional.ufpel.edu.br\/cursos\/cod\/93831\">Matem\u00e1tica - Polo Cachoeira do Sul - Integral<\/a><\/li><li><a href=\"https:\/\/institucional.ufpel.edu.br\/cursos\/cod\/93871\">Matem\u00e1tica - Polo Cangu\u00e7u - Integral<\/a><\/li><li><a href=\"https:\/\/institucional.ufpel.edu.br\/cursos\/cod\/93843\">Matem\u00e1tica - Polo Cruz Alta - Integral<\/a><\/li><li><a href=\"https:\/\/institucional.ufpel.edu.br\/cursos\/cod\/93872\">Matem\u00e1tica - Polo Esteio - Integral<\/a><\/li><li><a href=\"https:\/\/institucional.ufpel.edu.br\/cursos\/cod\/93866\">Matem\u00e1tica - Polo Gramado - Integral<\/a><\/li><li><a href=\"https:\/\/institucional.ufpel.edu.br\/cursos\/cod\/93867\">Matem\u00e1tica - Polo Gravata\u00ed - Integral<\/a><\/li><li><a href=\"https:\/\/institucional.ufpel.edu.br\/cursos\/cod\/93832\">Matem\u00e1tica - Polo Herval - Integral<\/a><\/li><li><a href=\"https:\/\/institucional.ufpel.edu.br\/cursos\/cod\/93862\">Matem\u00e1tica - Polo Hulha Negra - Integral<\/a><\/li><li><a href=\"https:\/\/institucional.ufpel.edu.br\/cursos\/cod\/93845\">Matem\u00e1tica - Polo Ibaiti - Integral<\/a><\/li><li><a href=\"https:\/\/institucional.ufpel.edu.br\/cursos\/cod\/93842\">Matem\u00e1tica - Polo Itaqui - Integral<\/a><\/li><li><a href=\"https:\/\/institucional.ufpel.edu.br\/cursos\/cod\/93864\">Matem\u00e1tica - Polo Jacuizinho - Integral<\/a><\/li><li><a href=\"https:\/\/institucional.ufpel.edu.br\/cursos\/cod\/93863\">Matem\u00e1tica - Polo Jaguar\u00e3o - Integral<\/a><\/li><li><a href=\"https:\/\/institucional.ufpel.edu.br\/cursos\/cod\/93868\">Matem\u00e1tica - Polo Mostardas - Integral<\/a><\/li><li><a href=\"https:\/\/institucional.ufpel.edu.br\/cursos\/cod\/93850\">Matem\u00e1tica - Polo Novo Hamburgo - Integral<\/a><\/li><li><a href=\"https:\/\/institucional.ufpel.edu.br\/cursos\/cod\/93851\">Matem\u00e1tica - Polo Panambi - Integral<\/a><\/li><li><a href=\"https:\/\/institucional.ufpel.edu.br\/cursos\/cod\/93853\">Matem\u00e1tica - Polo Picada Caf\u00e9 - Integral<\/a><\/li><li><a href=\"https:\/\/institucional.ufpel.edu.br\/cursos\/cod\/93875\">Matem\u00e1tica - Polo Pinheiro Machado - Integral<\/a><\/li><li><a href=\"https:\/\/institucional.ufpel.edu.br\/cursos\/cod\/93876\">Matem\u00e1tica - Polo Piratini - Integral<\/a><\/li><li><a href=\"https:\/\/institucional.ufpel.edu.br\/cursos\/cod\/93852\">Matem\u00e1tica - Polo Quara\u00ed - Integral<\/a><\/li><li><a href=\"https:\/\/institucional.ufpel.edu.br\/cursos\/cod\/93833\">Matem\u00e1tica - Polo Restinga S\u00eaca - Integral<\/a><\/li><li><a href=\"https:\/\/institucional.ufpel.edu.br\/cursos\/cod\/93860\">Matem\u00e1tica - Polo Ros\u00e1rio do Sul - Integral<\/a><\/li><li><a href=\"https:\/\/institucional.ufpel.edu.br\/cursos\/cod\/93847\">Matem\u00e1tica - Polo Santa Vit\u00f3ria do Palmar - Integral<\/a><\/li><li><a href=\"https:\/\/institucional.ufpel.edu.br\/cursos\/cod\/93841\">Matem\u00e1tica - Polo Santana da Boa Vista - Integral<\/a><\/li><li><a href=\"https:\/\/institucional.ufpel.edu.br\/cursos\/cod\/93861\">Matem\u00e1tica - Polo Santana do Livramento - Integral<\/a><\/li><li><a href=\"https:\/\/institucional.ufpel.edu.br\/cursos\/cod\/93869\">Matem\u00e1tica - Polo Santo Ant\u00f4nio da Patrulha - Integral<\/a><\/li><li><a href=\"https:\/\/institucional.ufpel.edu.br\/cursos\/cod\/93857\">Matem\u00e1tica - Polo Sapucaia do Sul - Integral<\/a><\/li><li><a href=\"https:\/\/institucional.ufpel.edu.br\/cursos\/cod\/93858\">Matem\u00e1tica - Polo Serafina Corr\u00eaa - Integral<\/a><\/li><li><a href=\"https:\/\/institucional.ufpel.edu.br\/cursos\/cod\/93870\">Matem\u00e1tica - Polo Sobradinho - Integral<\/a><\/li><li><a href=\"https:\/\/institucional.ufpel.edu.br\/cursos\/cod\/93835\">Matem\u00e1tica - Polo S\u00e3o Francisco de Paula - Integral<\/a><\/li><li><a href=\"https:\/\/institucional.ufpel.edu.br\/cursos\/cod\/93854\">Matem\u00e1tica - Polo S\u00e3o Louren\u00e7o do Sul - Integral<\/a><\/li><li><a href=\"https:\/\/institucional.ufpel.edu.br\/cursos\/cod\/93855\">Matem\u00e1tica - Polo S\u00e3o Sep\u00e9 - Integral<\/a><\/li><li><a href=\"https:\/\/institucional.ufpel.edu.br\/cursos\/cod\/93873\">Matem\u00e1tica - Polo Tapejara - Integral<\/a><\/li><li><a href=\"https:\/\/institucional.ufpel.edu.br\/cursos\/cod\/93874\">Matem\u00e1tica - Polo Tr\u00eas de Maio - Integral<\/a><\/li><\/ul><\/p>\n","protected":false},"excerpt":{"rendered":"","protected":false},"author":296,"featured_media":0,"parent":154,"menu_order":0,"comment_status":"closed","ping_status":"closed","template":"","meta":{"advanced_seo_description":"","jetpack_seo_html_title":"","jetpack_seo_noindex":false,"jetpack_post_was_ever_published":false,"footnotes":""},"class_list":["post-349","page","type-page","status-publish","hentry"],"jetpack_sharing_enabled":true,"jetpack_shortlink":"https:\/\/wp.me\/P70cyI-5D","jetpack-related-posts":[],"_links":{"self":[{"href":"https:\/\/wp.ufpel.edu.br\/cra\/wp-json\/wp\/v2\/pages\/349","targetHints":{"allow":["GET"]}}],"collection":[{"href":"https:\/\/wp.ufpel.edu.br\/cra\/wp-json\/wp\/v2\/pages"}],"about":[{"href":"https:\/\/wp.ufpel.edu.br\/cra\/wp-json\/wp\/v2\/types\/page"}],"author":[{"embeddable":true,"href":"https:\/\/wp.ufpel.edu.br\/cra\/wp-json\/wp\/v2\/users\/296"}],"replies":[{"embeddable":true,"href":"https:\/\/wp.ufpel.edu.br\/cra\/wp-json\/wp\/v2\/comments?post=349"}],"version-history":[{"count":2,"href":"https:\/\/wp.ufpel.edu.br\/cra\/wp-json\/wp\/v2\/pages\/349\/revisions"}],"predecessor-version":[{"id":357,"href":"https:\/\/wp.ufpel.edu.br\/cra\/wp-json\/wp\/v2\/pages\/349\/revisions\/357"}],"up":[{"embeddable":true,"href":"https:\/\/wp.ufpel.edu.br\/cra\/wp-json\/wp\/v2\/pages\/154"}],"wp:attachment":[{"href":"https:\/\/wp.ufpel.edu.br\/cra\/wp-json\/wp\/v2\/media?parent=349"}],"curies":[{"name":"wp","href":"https:\/\/api.w.org\/{rel}","templated":true}]}}