{"id":3462,"date":"2020-08-31T18:11:37","date_gmt":"2020-08-31T21:11:37","guid":{"rendered":"https:\/\/wp.ufpel.edu.br\/cra\/?page_id=3462"},"modified":"2025-09-22T09:42:20","modified_gmt":"2025-09-22T12:42:20","slug":"nome-social","status":"publish","type":"page","link":"https:\/\/wp.ufpel.edu.br\/cra\/informacoes-academicas\/nome-social\/","title":{"rendered":"Nome Social"},"content":{"rendered":"\n<h2 class=\"wp-block-heading has-16-undefined-undefined-font-size\" style=\"font-size:16px\"><strong>O que \u00e9?<\/strong><\/h2>\n\n\n\n<p>\u00c9 o direito do estudante de ser identificado e tratado pelo nome com o qual se reconhece, em todos os registros, documentos e espa\u00e7os da universidade.<\/p>\n\n\n\n<p>A UFPel garante o uso do nome social para pessoas travestis, transexuais e todas que se identificam com uma identidade de g\u00eanero diferente daquela registrada no nascimento, em conformidade com a legisla\u00e7\u00e3o federal.<\/p>\n\n\n\n<h2 class=\"wp-block-heading has-16-undefined-undefined-font-size\" style=\"font-size:16px\"><strong>Como solicitar?<\/strong><\/h2>\n\n\n\n<ul class=\"wp-block-list\">\n<li>Estudante precisa preencher a <a href=\"https:\/\/drive.google.com\/uc?export=view&amp;id=1DobwpYUpXaiL-HhJzTjLYp1rZKFsc_7t\">Solicita\u00e7\u00e3o de identifica\u00e7\u00e3o por nome social<\/a> e enviar pelo site <a href=\"http:\/\/atendimento.ufpel.edu.br\/\">atendimento.ufpel.edu.br<\/a>.<\/li>\n<\/ul>\n\n\n\n<p class=\"has-16-undefined-undefined-font-size\"><strong>Observa\u00e7\u00f5es<\/strong>: <strong>N\u00e3o <\/strong>\u00e9 necess\u00e1rio reconhecimento de assinatura em cart\u00f3rio. <strong>N\u00e3o <\/strong>\u00e9 obrigat\u00f3rio anexar nenhum outro documento. Caso o estudante deseje, pode incluir sua carteira de nome social ou outro documento de identifica\u00e7\u00e3o.<\/p>\n\n\n\n<h3 class=\"wp-block-heading has-16-undefined-undefined-font-size\" style=\"font-size:16px\"><a href=\"https:\/\/drive.google.com\/uc?export=view&amp;id=1DobwpYUpXaiL-HhJzTjLYp1rZKFsc_7t\">Solicita\u00e7\u00e3o de identifica\u00e7\u00e3o por nome social<\/a><\/h3>\n\n\n\n<h2 class=\"wp-block-heading has-16-undefined-undefined-font-size\" style=\"font-size:16px\"><strong>Base legal:<\/strong><\/h2>\n\n\n\n<ul class=\"wp-block-list\">\n<li>Decreto n\u00ba 8.727, de 28 de abril de 2016<\/li>\n<\/ul>\n\n\n\n<p><\/p>\n","protected":false},"excerpt":{"rendered":"<p>O que \u00e9? \u00c9 o direito do estudante de ser identificado e tratado pelo nome com o qual se reconhece, em todos os registros, documentos e espa\u00e7os da universidade. A UFPel garante o uso do nome social para pessoas travestis, transexuais e todas que se identificam com uma identidade de g\u00eanero diferente daquela registrada no [&hellip;]<\/p>\n","protected":false},"author":341,"featured_media":0,"parent":6277,"menu_order":0,"comment_status":"closed","ping_status":"closed","template":"","meta":{"advanced_seo_description":"","jetpack_seo_html_title":"","jetpack_seo_noindex":false,"jetpack_post_was_ever_published":false,"footnotes":""},"class_list":["post-3462","page","type-page","status-publish","hentry"],"jetpack_sharing_enabled":true,"jetpack_shortlink":"https:\/\/wp.me\/P70cyI-TQ","jetpack-related-posts":[],"_links":{"self":[{"href":"https:\/\/wp.ufpel.edu.br\/cra\/wp-json\/wp\/v2\/pages\/3462","targetHints":{"allow":["GET"]}}],"collection":[{"href":"https:\/\/wp.ufpel.edu.br\/cra\/wp-json\/wp\/v2\/pages"}],"about":[{"href":"https:\/\/wp.ufpel.edu.br\/cra\/wp-json\/wp\/v2\/types\/page"}],"author":[{"embeddable":true,"href":"https:\/\/wp.ufpel.edu.br\/cra\/wp-json\/wp\/v2\/users\/341"}],"replies":[{"embeddable":true,"href":"https:\/\/wp.ufpel.edu.br\/cra\/wp-json\/wp\/v2\/comments?post=3462"}],"version-history":[{"count":3,"href":"https:\/\/wp.ufpel.edu.br\/cra\/wp-json\/wp\/v2\/pages\/3462\/revisions"}],"predecessor-version":[{"id":12099,"href":"https:\/\/wp.ufpel.edu.br\/cra\/wp-json\/wp\/v2\/pages\/3462\/revisions\/12099"}],"up":[{"embeddable":true,"href":"https:\/\/wp.ufpel.edu.br\/cra\/wp-json\/wp\/v2\/pages\/6277"}],"wp:attachment":[{"href":"https:\/\/wp.ufpel.edu.br\/cra\/wp-json\/wp\/v2\/media?parent=3462"}],"curies":[{"name":"wp","href":"https:\/\/api.w.org\/{rel}","templated":true}]}}