{"id":3403,"date":"2020-07-24T18:59:09","date_gmt":"2020-07-24T21:59:09","guid":{"rendered":"https:\/\/wp.ufpel.edu.br\/cra\/?page_id=3403"},"modified":"2023-05-15T10:37:37","modified_gmt":"2023-05-15T13:37:37","slug":"certidao-de-registro-de-diploma","status":"publish","type":"page","link":"https:\/\/wp.ufpel.edu.br\/cra\/informacoes-academicas\/certidao-de-registro-de-diploma\/","title":{"rendered":"Certid\u00e3o de Registro de Diploma"},"content":{"rendered":"\n<p class=\"has-16-undefined-undefined-font-size\"><strong>Para a Gradua\u00e7\u00e3o<\/strong><\/p>\n\n\n\n<p class=\"has-16-undefined-undefined-font-size\"><span style=\"font-weight: 400;\">A Universidade tornou dispon\u00edvel atrav\u00e9s do sistema acad\u00eamico COBALTO, a emiss\u00e3o digital de Certid\u00e3o de Registro de Diploma, para os egressos formados a partir de 2019, tendo em vista que o distanciamento social em fun\u00e7\u00e3o da pandemia de COVID-19 impossibilitou a retirada do diploma para muitas pessoas.<\/span><\/p>\n\n\n\n<p class=\"has-16-undefined-undefined-font-size\"><span style=\"font-weight: 400;\">O documento informa os dados do registro do diploma, servindo de comprova\u00e7\u00e3o da emiss\u00e3o e registro, mas n\u00e3o substitui o diploma.<\/span><\/p>\n\n\n\n<p class=\"has-16-undefined-undefined-font-size\"><span style=\"font-weight: 400;\">Para gerar o documento, acesse o sistema acad\u00eamico com sua senha, em menu: Aluno &gt; Consulta &gt; Certid\u00e3o de Registro de Diploma.<\/span><\/p>\n\n\n\n<p class=\"has-16-undefined-undefined-font-size\"><strong>Para P\u00f3s-Gradua\u00e7\u00e3o<\/strong><\/p>\n\n\n\n<p class=\"has-16-undefined-undefined-font-size\">A certid\u00e3o tamb\u00e9m informa os dados do registro do diploma, servindo de comprova\u00e7\u00e3o da emiss\u00e3o e registro, mas n\u00e3o substitui o diploma.<\/p>\n\n\n\n<p class=\"has-16-undefined-undefined-font-size\">Esta certid\u00e3o n\u00e3o pode ser retirada pelo Cobalto. Solicite a certid\u00e3o atrav\u00e9s do bot\u00e3o \u201csolicitar atendimento\u201d.<\/p>\n\n\n<style>.wp-block-kadence-advancedbtn.kt-btns_616723-de, .site .entry-content .wp-block-kadence-advancedbtn.kt-btns_616723-de, .wp-block-kadence-advancedbtn.kb-btns_616723-de, .site .entry-content .wp-block-kadence-advancedbtn.kb-btns_616723-de{margin-top:10px;}.wp-block-kadence-advancedbtn.kb-btns_616723-de{gap:var(--global-kb-gap-xs, 0.5rem );justify-content:center;align-items:center;}.kt-btns_616723-de .kt-button{font-weight:normal;font-style:normal;}@media all and (max-width: 1024px){.wp-block-kadence-advancedbtn.kb-btns_616723-de{justify-content:center;}}@media all and (max-width: 767px){.wp-block-kadence-advancedbtn.kb-btns_616723-de{justify-content:center;}}<\/style>\n<div class=\"wp-block-kadence-advancedbtn kb-buttons-wrap kb-btns_616723-de\"><style>ul.menu .wp-block-kadence-advancedbtn .kb-btn_f16f5a-39.kb-button{width:initial;}.wp-block-kadence-advancedbtn .kb-btn_f16f5a-39.kb-button{color:#ffa900;background:#ffffff;font-size:nonepx;font-family:Raleway;font-weight:400;border-top-left-radius:20px;border-top-right-radius:20px;border-bottom-right-radius:20px;border-bottom-left-radius:20px;border-top:1px solid #ffa900;border-right:1px solid #ffa900;border-bottom:1px solid #ffa900;border-left:1px solid #ffa900;}.wp-block-kadence-advancedbtn .kb-btn_f16f5a-39.kb-button:hover, .wp-block-kadence-advancedbtn .kb-btn_f16f5a-39.kb-button:focus{color:#ffffff;background:#ffa900;border-top-color:#ffa900;border-top-style:solid;border-right-color:#ffa900;border-right-style:solid;border-bottom-color:#ffa900;border-bottom-style:solid;border-left-color:#ffa900;border-left-style:solid;}@media all and (max-width: 1024px){.wp-block-kadence-advancedbtn .kb-btn_f16f5a-39.kb-button{border-top:1px solid #ffa900;border-right:1px solid #ffa900;border-bottom:1px solid #ffa900;border-left:1px solid #ffa900;}}@media all and (max-width: 1024px){.wp-block-kadence-advancedbtn .kb-btn_f16f5a-39.kb-button:hover, .wp-block-kadence-advancedbtn .kb-btn_f16f5a-39.kb-button:focus{border-top-color:#ffa900;border-top-style:solid;border-right-color:#ffa900;border-right-style:solid;border-bottom-color:#ffa900;border-bottom-style:solid;border-left-color:#ffa900;border-left-style:solid;}}@media all and (max-width: 767px){.wp-block-kadence-advancedbtn .kb-btn_f16f5a-39.kb-button{border-top:1px solid #ffa900;border-right:1px solid #ffa900;border-bottom:1px solid #ffa900;border-left:1px solid #ffa900;}.wp-block-kadence-advancedbtn .kb-btn_f16f5a-39.kb-button:hover, .wp-block-kadence-advancedbtn .kb-btn_f16f5a-39.kb-button:focus{border-top-color:#ffa900;border-top-style:solid;border-right-color:#ffa900;border-right-style:solid;border-bottom-color:#ffa900;border-bottom-style:solid;border-left-color:#ffa900;border-left-style:solid;}}<\/style><a class=\"kb-button kt-button button kb-btn_f16f5a-39 kt-btn-size-standard kt-btn-width-type-auto kb-btn-global-outline  kt-btn-has-text-true kt-btn-has-svg-false  wp-block-kadence-singlebtn\" href=\"https:\/\/wp.ufpel.edu.br\/perguntas\/solicitar-atendimento\/\"><span class=\"kt-btn-inner-text\"><strong>Solicitar atendimento<\/strong><\/span><\/a><\/div>\n","protected":false},"excerpt":{"rendered":"<p>Para a Gradua\u00e7\u00e3o A Universidade tornou dispon\u00edvel atrav\u00e9s do sistema acad\u00eamico COBALTO, a emiss\u00e3o digital de Certid\u00e3o de Registro de Diploma, para os egressos formados a partir de 2019, tendo em vista que o distanciamento social em fun\u00e7\u00e3o da pandemia de COVID-19 impossibilitou a retirada do diploma para muitas pessoas. O documento informa os dados [&hellip;]<\/p>\n","protected":false},"author":341,"featured_media":0,"parent":6277,"menu_order":0,"comment_status":"closed","ping_status":"closed","template":"","meta":{"advanced_seo_description":"","jetpack_seo_html_title":"","jetpack_seo_noindex":false,"jetpack_post_was_ever_published":false,"footnotes":""},"class_list":["post-3403","page","type-page","status-publish","hentry"],"jetpack_sharing_enabled":true,"jetpack_shortlink":"https:\/\/wp.me\/P70cyI-ST","jetpack-related-posts":[],"_links":{"self":[{"href":"https:\/\/wp.ufpel.edu.br\/cra\/wp-json\/wp\/v2\/pages\/3403","targetHints":{"allow":["GET"]}}],"collection":[{"href":"https:\/\/wp.ufpel.edu.br\/cra\/wp-json\/wp\/v2\/pages"}],"about":[{"href":"https:\/\/wp.ufpel.edu.br\/cra\/wp-json\/wp\/v2\/types\/page"}],"author":[{"embeddable":true,"href":"https:\/\/wp.ufpel.edu.br\/cra\/wp-json\/wp\/v2\/users\/341"}],"replies":[{"embeddable":true,"href":"https:\/\/wp.ufpel.edu.br\/cra\/wp-json\/wp\/v2\/comments?post=3403"}],"version-history":[{"count":5,"href":"https:\/\/wp.ufpel.edu.br\/cra\/wp-json\/wp\/v2\/pages\/3403\/revisions"}],"predecessor-version":[{"id":8695,"href":"https:\/\/wp.ufpel.edu.br\/cra\/wp-json\/wp\/v2\/pages\/3403\/revisions\/8695"}],"up":[{"embeddable":true,"href":"https:\/\/wp.ufpel.edu.br\/cra\/wp-json\/wp\/v2\/pages\/6277"}],"wp:attachment":[{"href":"https:\/\/wp.ufpel.edu.br\/cra\/wp-json\/wp\/v2\/media?parent=3403"}],"curies":[{"name":"wp","href":"https:\/\/api.w.org\/{rel}","templated":true}]}}