{"id":3387,"date":"2020-07-24T18:41:15","date_gmt":"2020-07-24T21:41:15","guid":{"rendered":"https:\/\/wp.ufpel.edu.br\/cra\/?page_id=3387"},"modified":"2023-05-15T10:52:30","modified_gmt":"2023-05-15T13:52:30","slug":"segunda-via-do-historico-final","status":"publish","type":"page","link":"https:\/\/wp.ufpel.edu.br\/cra\/informacoes-academicas\/segunda-via-do-historico-final\/","title":{"rendered":"Segunda via do Hist\u00f3rico Final"},"content":{"rendered":"\n<p class=\"has-16-undefined-undefined-font-size\"><span style=\"font-weight: 400;\">O hist\u00f3rico final com verificador de autenticidade est\u00e1 dispon\u00edvel para os alunos formados a partir de 2016\/1, no sistema COBALTO. Para emit\u00ed-lo o egresso dever\u00e1 fazer <\/span><i><span style=\"font-weight: 400;\">login<\/span><\/i><span style=\"font-weight: 400;\"> no sistema acad\u00eamico e acessar o menu \u201cAluno\/Consulta\/Hist\u00f3rico Final\u201d. Ao clicar em \u201cImprimir\u201d um arquivo no formato PDF para a impress\u00e3o ser\u00e1 gerado.<\/span><\/p>\n\n\n\n<p class=\"has-16-undefined-undefined-font-size\"><span style=\"font-weight: 400;\">Os egressos formados em per\u00edodo letivo anterior a 2016\/1 podem solicitar segunda via do hist\u00f3rico final no atendimento da CRA, atrav\u00e9s do sistema de atendimento, o qual poder\u00e1 ser acessado em <a href=\"https:\/\/atendimento.ufpel.edu.br\/\">https:\/\/atendimento.ufpel.edu.br\/<\/a><\/span><\/p>\n\n\n\n<p class=\"has-16-undefined-undefined-font-size\"><span style=\"font-weight: 400;\">Para retirada do documento \u00e9 necess\u00e1rio entregar o comprovante de pagamento da taxa. Somente ser\u00e1 entregue o documento ao pr\u00f3prio discente ou ao seu procurador legal.<\/span><\/p>\n\n\n<style>.wp-block-kadence-advancedbtn.kt-btns_616723-de, .site .entry-content .wp-block-kadence-advancedbtn.kt-btns_616723-de, .wp-block-kadence-advancedbtn.kb-btns_616723-de, .site .entry-content .wp-block-kadence-advancedbtn.kb-btns_616723-de{margin-top:10px;}.wp-block-kadence-advancedbtn.kb-btns_616723-de{gap:var(--global-kb-gap-xs, 0.5rem );justify-content:center;align-items:center;}.kt-btns_616723-de .kt-button{font-weight:normal;font-style:normal;}@media all and (max-width: 1024px){.wp-block-kadence-advancedbtn.kb-btns_616723-de{justify-content:center;}}@media all and (max-width: 767px){.wp-block-kadence-advancedbtn.kb-btns_616723-de{justify-content:center;}}<\/style>\n<div class=\"wp-block-kadence-advancedbtn kb-buttons-wrap kb-btns_616723-de\"><style>ul.menu .wp-block-kadence-advancedbtn .kb-btn_67fbd9-b4.kb-button{width:initial;}.wp-block-kadence-advancedbtn .kb-btn_67fbd9-b4.kb-button{color:#ffa900;background:#ffffff;font-size:nonepx;font-family:Raleway;font-weight:400;border-top-left-radius:20px;border-top-right-radius:20px;border-bottom-right-radius:20px;border-bottom-left-radius:20px;border-top:1px solid #ffa900;border-right:1px solid #ffa900;border-bottom:1px solid #ffa900;border-left:1px solid #ffa900;}.wp-block-kadence-advancedbtn .kb-btn_67fbd9-b4.kb-button:hover, .wp-block-kadence-advancedbtn .kb-btn_67fbd9-b4.kb-button:focus{color:#ffffff;background:#ffa900;border-top-color:#ffa900;border-top-style:solid;border-right-color:#ffa900;border-right-style:solid;border-bottom-color:#ffa900;border-bottom-style:solid;border-left-color:#ffa900;border-left-style:solid;}@media all and (max-width: 1024px){.wp-block-kadence-advancedbtn .kb-btn_67fbd9-b4.kb-button{border-top:1px solid #ffa900;border-right:1px solid #ffa900;border-bottom:1px solid #ffa900;border-left:1px solid #ffa900;}}@media all and (max-width: 1024px){.wp-block-kadence-advancedbtn .kb-btn_67fbd9-b4.kb-button:hover, .wp-block-kadence-advancedbtn .kb-btn_67fbd9-b4.kb-button:focus{border-top-color:#ffa900;border-top-style:solid;border-right-color:#ffa900;border-right-style:solid;border-bottom-color:#ffa900;border-bottom-style:solid;border-left-color:#ffa900;border-left-style:solid;}}@media all and (max-width: 767px){.wp-block-kadence-advancedbtn .kb-btn_67fbd9-b4.kb-button{border-top:1px solid #ffa900;border-right:1px solid #ffa900;border-bottom:1px solid #ffa900;border-left:1px solid #ffa900;}.wp-block-kadence-advancedbtn .kb-btn_67fbd9-b4.kb-button:hover, .wp-block-kadence-advancedbtn .kb-btn_67fbd9-b4.kb-button:focus{border-top-color:#ffa900;border-top-style:solid;border-right-color:#ffa900;border-right-style:solid;border-bottom-color:#ffa900;border-bottom-style:solid;border-left-color:#ffa900;border-left-style:solid;}}<\/style><a class=\"kb-button kt-button button kb-btn_67fbd9-b4 kt-btn-size-standard kt-btn-width-type-auto kb-btn-global-outline  kt-btn-has-text-true kt-btn-has-svg-false  wp-block-kadence-singlebtn\" href=\"https:\/\/wp.ufpel.edu.br\/perguntas\/solicitar-atendimento\/\"><span class=\"kt-btn-inner-text\"><strong>Solicitar atendimento<\/strong><\/span><\/a><\/div>\n","protected":false},"excerpt":{"rendered":"<p>O hist\u00f3rico final com verificador de autenticidade est\u00e1 dispon\u00edvel para os alunos formados a partir de 2016\/1, no sistema COBALTO. Para emit\u00ed-lo o egresso dever\u00e1 fazer login no sistema acad\u00eamico e acessar o menu \u201cAluno\/Consulta\/Hist\u00f3rico Final\u201d. Ao clicar em \u201cImprimir\u201d um arquivo no formato PDF para a impress\u00e3o ser\u00e1 gerado. Os egressos formados em per\u00edodo [&hellip;]<\/p>\n","protected":false},"author":341,"featured_media":0,"parent":6277,"menu_order":0,"comment_status":"closed","ping_status":"closed","template":"","meta":{"advanced_seo_description":"","jetpack_seo_html_title":"","jetpack_seo_noindex":false,"jetpack_post_was_ever_published":false,"footnotes":""},"class_list":["post-3387","page","type-page","status-publish","hentry"],"jetpack_sharing_enabled":true,"jetpack_shortlink":"https:\/\/wp.me\/P70cyI-SD","jetpack-related-posts":[],"_links":{"self":[{"href":"https:\/\/wp.ufpel.edu.br\/cra\/wp-json\/wp\/v2\/pages\/3387","targetHints":{"allow":["GET"]}}],"collection":[{"href":"https:\/\/wp.ufpel.edu.br\/cra\/wp-json\/wp\/v2\/pages"}],"about":[{"href":"https:\/\/wp.ufpel.edu.br\/cra\/wp-json\/wp\/v2\/types\/page"}],"author":[{"embeddable":true,"href":"https:\/\/wp.ufpel.edu.br\/cra\/wp-json\/wp\/v2\/users\/341"}],"replies":[{"embeddable":true,"href":"https:\/\/wp.ufpel.edu.br\/cra\/wp-json\/wp\/v2\/comments?post=3387"}],"version-history":[{"count":5,"href":"https:\/\/wp.ufpel.edu.br\/cra\/wp-json\/wp\/v2\/pages\/3387\/revisions"}],"predecessor-version":[{"id":8727,"href":"https:\/\/wp.ufpel.edu.br\/cra\/wp-json\/wp\/v2\/pages\/3387\/revisions\/8727"}],"up":[{"embeddable":true,"href":"https:\/\/wp.ufpel.edu.br\/cra\/wp-json\/wp\/v2\/pages\/6277"}],"wp:attachment":[{"href":"https:\/\/wp.ufpel.edu.br\/cra\/wp-json\/wp\/v2\/media?parent=3387"}],"curies":[{"name":"wp","href":"https:\/\/api.w.org\/{rel}","templated":true}]}}