{"id":3384,"date":"2020-07-24T18:40:46","date_gmt":"2020-07-24T21:40:46","guid":{"rendered":"https:\/\/wp.ufpel.edu.br\/cra\/?page_id=3384"},"modified":"2025-09-22T09:26:30","modified_gmt":"2025-09-22T12:26:30","slug":"historico-final","status":"publish","type":"page","link":"https:\/\/wp.ufpel.edu.br\/cra\/informacoes-academicas\/historico-final\/","title":{"rendered":"Hist\u00f3rico final"},"content":{"rendered":"\n<h2 class=\"wp-block-heading has-16-undefined-undefined-font-size\" style=\"font-size:16px\">O que \u00e9?<\/h2>\n\n\n\n<p class=\"has-16-undefined-undefined-font-size\"><span style=\"font-weight: 400;\">\u00c9 o documento emitido ap\u00f3s a conclus\u00e3o do curso, registra o percurso completo de integraliza\u00e7\u00e3o curricular do estudante.<\/span> <span style=\"font-weight: 400;\">A certifica\u00e7\u00e3o do Hist\u00f3rico Escolar Final \u00e9 de compet\u00eancia exclusiva da CRA.<\/span><\/p>\n\n\n\n<h2 class=\"wp-block-heading has-16-undefined-undefined-font-size\" style=\"font-size:16px\">Como solicitar?<\/h2>\n\n\n\n<ul class=\"wp-block-list\">\n<li><strong>Para formados a partir de 2016\/1:<\/strong> <span style=\"font-weight: 400;\">pelo  <strong>Cobalto<\/strong>, no menu: Aluno > Consultas > <strong>Hist\u00f3rico Final<\/strong>, clicando em \u201cImprimir\u201d.<\/span> O documento ficar\u00e1 dispon\u00edvel ap\u00f3s o recebimento da ata da cola\u00e7\u00e3o de grau.<\/li>\n\n\n\n<li><strong>Para formados antes de 2016\/1:<\/strong> <strong> <\/strong>presencialmente na <strong>Coordena\u00e7\u00e3o de Registros Acad\u00eamicos<\/strong> ou via\u00a0<a href=\"https:\/\/atendimento.ufpel.edu.br\/\">https:\/\/atendimento.ufpel.edu.br\/<\/a>. <\/li>\n<\/ul>\n\n\n\n<p><\/p>\n","protected":false},"excerpt":{"rendered":"<p>O que \u00e9? \u00c9 o documento emitido ap\u00f3s a conclus\u00e3o do curso, registra o percurso completo de integraliza\u00e7\u00e3o curricular do estudante. A certifica\u00e7\u00e3o do Hist\u00f3rico Escolar Final \u00e9 de compet\u00eancia exclusiva da CRA. Como solicitar?<\/p>\n","protected":false},"author":341,"featured_media":0,"parent":6277,"menu_order":0,"comment_status":"closed","ping_status":"closed","template":"","meta":{"advanced_seo_description":"","jetpack_seo_html_title":"","jetpack_seo_noindex":false,"jetpack_post_was_ever_published":false,"footnotes":""},"class_list":["post-3384","page","type-page","status-publish","hentry"],"jetpack_sharing_enabled":true,"jetpack_shortlink":"https:\/\/wp.me\/P70cyI-SA","jetpack-related-posts":[],"_links":{"self":[{"href":"https:\/\/wp.ufpel.edu.br\/cra\/wp-json\/wp\/v2\/pages\/3384","targetHints":{"allow":["GET"]}}],"collection":[{"href":"https:\/\/wp.ufpel.edu.br\/cra\/wp-json\/wp\/v2\/pages"}],"about":[{"href":"https:\/\/wp.ufpel.edu.br\/cra\/wp-json\/wp\/v2\/types\/page"}],"author":[{"embeddable":true,"href":"https:\/\/wp.ufpel.edu.br\/cra\/wp-json\/wp\/v2\/users\/341"}],"replies":[{"embeddable":true,"href":"https:\/\/wp.ufpel.edu.br\/cra\/wp-json\/wp\/v2\/comments?post=3384"}],"version-history":[{"count":3,"href":"https:\/\/wp.ufpel.edu.br\/cra\/wp-json\/wp\/v2\/pages\/3384\/revisions"}],"predecessor-version":[{"id":12098,"href":"https:\/\/wp.ufpel.edu.br\/cra\/wp-json\/wp\/v2\/pages\/3384\/revisions\/12098"}],"up":[{"embeddable":true,"href":"https:\/\/wp.ufpel.edu.br\/cra\/wp-json\/wp\/v2\/pages\/6277"}],"wp:attachment":[{"href":"https:\/\/wp.ufpel.edu.br\/cra\/wp-json\/wp\/v2\/media?parent=3384"}],"curies":[{"name":"wp","href":"https:\/\/api.w.org\/{rel}","templated":true}]}}