{"id":3369,"date":"2020-07-24T18:23:11","date_gmt":"2020-07-24T21:23:11","guid":{"rendered":"https:\/\/wp.ufpel.edu.br\/cra\/?page_id=3369"},"modified":"2025-09-29T10:35:54","modified_gmt":"2025-09-29T13:35:54","slug":"antecipacao-da-colacao-de-grau-formatura","status":"publish","type":"page","link":"https:\/\/wp.ufpel.edu.br\/cra\/informacoes-academicas\/antecipacao-da-colacao-de-grau-formatura\/","title":{"rendered":"Antecipa\u00e7\u00e3o da Cola\u00e7\u00e3o de Grau (Formatura)"},"content":{"rendered":"\n<h2 class=\"wp-block-heading has-16-undefined-undefined-font-size\" style=\"font-size:16px\"><strong>O que \u00e9?<\/strong><\/h2>\n\n\n\n<p>\u00c9 o procedimento que permite ao estudante prov\u00e1vel formando adiantar a cerim\u00f4nia de cola\u00e7\u00e3o de grau. Este \u00e9 um processo\u00a0<strong>excepcional<\/strong>, aplicado apenas em situa\u00e7\u00f5es espec\u00edficas e comprovadas.<\/p>\n\n\n\n<h2 class=\"wp-block-heading has-16-undefined-undefined-font-size\" style=\"font-size:16px\"><strong>Quem pode solicitar?<\/strong><\/h2>\n\n\n\n<p>Para solicitar a antecipa\u00e7\u00e3o, o estudante\u00a0<strong>n\u00e3o pode estar matriculado em disciplinas que exijam o cumprimento do calend\u00e1rio letivo regular<\/strong>.<\/p>\n\n\n\n<p>Al\u00e9m disso, o pedido deve ser justificado por um dos seguintes motivos:<\/p>\n\n\n\n<ul class=\"wp-block-list\">\n<li><strong>Aprova\u00e7\u00e3o em Concurso P\u00fablico:<\/strong>\u00a0Comprova\u00e7\u00e3o de nomea\u00e7\u00e3o que exija o diploma.<\/li>\n\n\n\n<li><strong>Aprova\u00e7\u00e3o em P\u00f3s-Gradua\u00e7\u00e3o:<\/strong>\u00a0\u00a0Comprova\u00e7\u00e3o de aprova\u00e7\u00e3o em mestrado, doutorado ou resid\u00eancia que exija o diploma para a matr\u00edcula.<\/li>\n\n\n\n<li><strong>Transfer\u00eancia de Of\u00edcio:<\/strong>\u00a0Remo\u00e7\u00e3o por necessidade de servi\u00e7o do pr\u00f3prio estudante ou c\u00f4njuge, se for servidor p\u00fablico.<\/li>\n\n\n\n<li><strong>Determina\u00e7\u00e3o Judicial.<\/strong><\/li>\n<\/ul>\n\n\n\n<h2 class=\"wp-block-heading has-16-undefined-undefined-font-size\" style=\"font-size:16px\"><strong>Como solicitar?<\/strong><\/h2>\n\n\n\n<p>O estudante deve solicitar a antecipa\u00e7\u00e3o da cola\u00e7\u00e3o de grau no Colegiado do seu curso, comprovando o motivo.<\/p>\n\n\n\n<p><strong>Crit\u00e9rios para Aprova\u00e7\u00e3o<\/strong><br>Para que o Colegiado possa aprovar o pedido, o estudante dever\u00e1 atender a todos os seguintes crit\u00e9rios:<\/p>\n\n\n\n<ul class=\"wp-block-list\">\n<li>Comprovar um dos motivos v\u00e1lidos para a antecipa\u00e7\u00e3o.<\/li>\n\n\n\n<li>Ter conclu\u00eddo\u00a0<strong>100% dos componentes curriculares<\/strong>\u00a0do curso.<\/li>\n\n\n\n<li>Estar com todos os registros acad\u00eamicos (notas, atividades) lan\u00e7ados corretamente no sistema.<\/li>\n\n\n\n<li>Estar com a situa\u00e7\u00e3o\u00a0<strong>regularizada junto ao ENADE<\/strong>.<\/li>\n<\/ul>\n\n\n\n<p><strong>Observa\u00e7\u00e3o:<\/strong>&nbsp;As cola\u00e7\u00f5es de grau antecipadas s\u00e3o, obrigatoriamente, cerim\u00f4nias internas.<\/p>\n\n\n\n<h2 class=\"wp-block-heading has-16-undefined-undefined-font-size\" style=\"font-size:16px\"><strong>Base legal:<\/strong><\/h2>\n\n\n\n<ul class=\"wp-block-list has-16-undefined-undefined-font-size\">\n<li><a href=\"https:\/\/wp.ufpel.edu.br\/scs\/files\/2018\/07\/RES-05.2018-SEI_23110.023302_2018_41-2.pdf\">Resolu\u00e7\u00e3o N\u00b0 05\/2018<\/a><\/li>\n\n\n\n<li><a href=\"http:\/\/portal.mec.gov.br\/cne\/arquivos\/pdf\/2004\/pces379_04.pdf\">Parecer CNE N\u00b0 379\/2004<\/a><\/li>\n<\/ul>\n\n\n\n<p><\/p>\n","protected":false},"excerpt":{"rendered":"<p>O que \u00e9? \u00c9 o procedimento que permite ao estudante prov\u00e1vel formando adiantar a cerim\u00f4nia de cola\u00e7\u00e3o de grau. Este \u00e9 um processo\u00a0excepcional, aplicado apenas em situa\u00e7\u00f5es espec\u00edficas e comprovadas. Quem pode solicitar? Para solicitar a antecipa\u00e7\u00e3o, o estudante\u00a0n\u00e3o pode estar matriculado em disciplinas que exijam o cumprimento do calend\u00e1rio letivo regular. Al\u00e9m disso, o [&hellip;]<\/p>\n","protected":false},"author":341,"featured_media":0,"parent":6277,"menu_order":0,"comment_status":"closed","ping_status":"closed","template":"","meta":{"advanced_seo_description":"","jetpack_seo_html_title":"","jetpack_seo_noindex":false,"jetpack_post_was_ever_published":false,"footnotes":""},"class_list":["post-3369","page","type-page","status-publish","hentry"],"jetpack_sharing_enabled":true,"jetpack_shortlink":"https:\/\/wp.me\/P70cyI-Sl","jetpack-related-posts":[],"_links":{"self":[{"href":"https:\/\/wp.ufpel.edu.br\/cra\/wp-json\/wp\/v2\/pages\/3369","targetHints":{"allow":["GET"]}}],"collection":[{"href":"https:\/\/wp.ufpel.edu.br\/cra\/wp-json\/wp\/v2\/pages"}],"about":[{"href":"https:\/\/wp.ufpel.edu.br\/cra\/wp-json\/wp\/v2\/types\/page"}],"author":[{"embeddable":true,"href":"https:\/\/wp.ufpel.edu.br\/cra\/wp-json\/wp\/v2\/users\/341"}],"replies":[{"embeddable":true,"href":"https:\/\/wp.ufpel.edu.br\/cra\/wp-json\/wp\/v2\/comments?post=3369"}],"version-history":[{"count":3,"href":"https:\/\/wp.ufpel.edu.br\/cra\/wp-json\/wp\/v2\/pages\/3369\/revisions"}],"predecessor-version":[{"id":12178,"href":"https:\/\/wp.ufpel.edu.br\/cra\/wp-json\/wp\/v2\/pages\/3369\/revisions\/12178"}],"up":[{"embeddable":true,"href":"https:\/\/wp.ufpel.edu.br\/cra\/wp-json\/wp\/v2\/pages\/6277"}],"wp:attachment":[{"href":"https:\/\/wp.ufpel.edu.br\/cra\/wp-json\/wp\/v2\/media?parent=3369"}],"curies":[{"name":"wp","href":"https:\/\/api.w.org\/{rel}","templated":true}]}}