{"id":3366,"date":"2020-07-24T18:22:09","date_gmt":"2020-07-24T21:22:09","guid":{"rendered":"https:\/\/wp.ufpel.edu.br\/cra\/?page_id=3366"},"modified":"2024-02-07T13:17:19","modified_gmt":"2024-02-07T16:17:19","slug":"provavel-formando","status":"publish","type":"page","link":"https:\/\/wp.ufpel.edu.br\/cra\/informacoes-academicas\/provavel-formando\/","title":{"rendered":"Prov\u00e1vel Formando"},"content":{"rendered":"\n<p class=\"has-16-undefined-undefined-font-size\"><strong>Defini\u00e7\u00e3o<br><\/strong><span style=\"font-weight: 400;\">\u00c9 considerado prov\u00e1vel formando o discente que tiver expectativa de colar grau ao t\u00e9rmino do per\u00edodo letivo vigente, integralizando o curr\u00edculo do curso ao qual esteja vinculado, de acordo com as condi\u00e7\u00f5es definidas no projeto pedag\u00f3gico do curso e em situa\u00e7\u00e3o regular no ENADE, componente curricular obrigat\u00f3rio.<\/span><\/p>\n\n\n\n<p class=\"has-16-undefined-undefined-font-size\"><strong>Como solicitar<\/strong><br>O<span style=\"font-weight: 400;\"> discente dever\u00e1 solicitar a formatura pelo sistema acad\u00eamico COBALTO, no prazo previsto no calend\u00e1rio acad\u00eamico, no menu \u201cAluno\/Cadastro\/Solicita\u00e7\u00e3o de formatura\u201d. <\/span><\/p>\n\n\n\n<p class=\"has-16-undefined-undefined-font-size\"><span style=\"font-weight: 400;\">Dever\u00e1, tamb\u00e9m, revisar os dados cadastrais e\/ou indicar se os dados est\u00e3o corretos; selecionar o tipo de formatura (Institucional externa ou Institucional interna); marcar declara\u00e7\u00e3o de ci\u00eancia e salvar.<\/span><\/p>\n\n\n\n<p class=\"has-16-undefined-undefined-font-size\"><span style=\"font-weight: 400;\">Caso necess\u00e1ria a corre\u00e7\u00e3o de algum dado cadastral, dever\u00e1 ser apresentada a documenta\u00e7\u00e3o comprobat\u00f3ria. A documenta\u00e7\u00e3o deve ser enviada atrav\u00e9s do sistema de atendimento, o qual poder\u00e1 ser acessado em <a href=\"https:\/\/atendimento.ufpel.edu.br\/\">https:\/\/atendimento.ufpel.edu.br\/<\/a><\/span><\/p>\n\n\n<style>.wp-block-kadence-advancedbtn.kt-btns3366_2c327e-48, .site .entry-content .wp-block-kadence-advancedbtn.kt-btns3366_2c327e-48, .wp-block-kadence-advancedbtn.kb-btns3366_2c327e-48, .site .entry-content .wp-block-kadence-advancedbtn.kb-btns3366_2c327e-48{margin-top:10px;}.wp-block-kadence-advancedbtn.kb-btns3366_2c327e-48{gap:var(--global-kb-gap-xs, 0.5rem );justify-content:center;align-items:center;}.kt-btns3366_2c327e-48 .kt-button{font-weight:normal;font-style:normal;}@media all and (max-width: 1024px){.wp-block-kadence-advancedbtn.kb-btns3366_2c327e-48{justify-content:center;}}@media all and (max-width: 767px){.wp-block-kadence-advancedbtn.kb-btns3366_2c327e-48{justify-content:center;}}<\/style>\n<div class=\"wp-block-kadence-advancedbtn kb-buttons-wrap kb-btns3366_2c327e-48\"><style>ul.menu .wp-block-kadence-advancedbtn .kb-btn3366_c0c900-39.kb-button{width:initial;}.wp-block-kadence-advancedbtn .kb-btn3366_c0c900-39.kb-button{color:#ffa900;background:#ffffff;font-size:nonepx;font-family:Raleway;font-weight:400;border-top-left-radius:20px;border-top-right-radius:20px;border-bottom-right-radius:20px;border-bottom-left-radius:20px;border-top:1px solid #ffa900;border-right:1px solid #ffa900;border-bottom:1px solid #ffa900;border-left:1px solid #ffa900;}.wp-block-kadence-advancedbtn .kb-btn3366_c0c900-39.kb-button:hover, .wp-block-kadence-advancedbtn .kb-btn3366_c0c900-39.kb-button:focus{color:#ffffff;background:#ffa900;border-top-color:#ffa900;border-top-style:solid;border-right-color:#ffa900;border-right-style:solid;border-bottom-color:#ffa900;border-bottom-style:solid;border-left-color:#ffa900;border-left-style:solid;}@media all and (max-width: 1024px){.wp-block-kadence-advancedbtn .kb-btn3366_c0c900-39.kb-button{border-top:1px solid #ffa900;border-right:1px solid #ffa900;border-bottom:1px solid #ffa900;border-left:1px solid #ffa900;}}@media all and (max-width: 1024px){.wp-block-kadence-advancedbtn .kb-btn3366_c0c900-39.kb-button:hover, .wp-block-kadence-advancedbtn .kb-btn3366_c0c900-39.kb-button:focus{border-top-color:#ffa900;border-top-style:solid;border-right-color:#ffa900;border-right-style:solid;border-bottom-color:#ffa900;border-bottom-style:solid;border-left-color:#ffa900;border-left-style:solid;}}@media all and (max-width: 767px){.wp-block-kadence-advancedbtn .kb-btn3366_c0c900-39.kb-button{border-top:1px solid #ffa900;border-right:1px solid #ffa900;border-bottom:1px solid #ffa900;border-left:1px solid #ffa900;}.wp-block-kadence-advancedbtn .kb-btn3366_c0c900-39.kb-button:hover, .wp-block-kadence-advancedbtn .kb-btn3366_c0c900-39.kb-button:focus{border-top-color:#ffa900;border-top-style:solid;border-right-color:#ffa900;border-right-style:solid;border-bottom-color:#ffa900;border-bottom-style:solid;border-left-color:#ffa900;border-left-style:solid;}}<\/style><a class=\"kb-button kt-button button kb-btn3366_c0c900-39 kt-btn-size-standard kt-btn-width-type-auto kb-btn-global-outline  kt-btn-has-text-true kt-btn-has-svg-false  wp-block-kadence-singlebtn\" href=\"https:\/\/wp.ufpel.edu.br\/perguntas\/solicitar-atendimento\/\"><span class=\"kt-btn-inner-text\"><strong>Solicitar atendimento<\/strong><\/span><\/a><\/div>\n\n\n\n<p class=\"has-16-undefined-undefined-font-size\"><strong>Legisla\u00e7\u00e3o espec\u00edfica:<\/strong><br><a href=\"https:\/\/wp.ufpel.edu.br\/scs\/files\/2018\/07\/RES-05.2018-SEI_23110.023302_2018_41-2.pdf\">Resolu\u00e7\u00e3o N\u00b0 05\/2018<\/a><br><a href=\"http:\/\/portal.mec.gov.br\/cne\/arquivos\/pdf\/2004\/pces379_04.pdf\">Parecer CNE N\u00b0 379\/2004<\/a><\/p>\n","protected":false},"excerpt":{"rendered":"<p>Defini\u00e7\u00e3o\u00c9 considerado prov\u00e1vel formando o discente que tiver expectativa de colar grau ao t\u00e9rmino do per\u00edodo letivo vigente, integralizando o curr\u00edculo do curso ao qual esteja vinculado, de acordo com as condi\u00e7\u00f5es definidas no projeto pedag\u00f3gico do curso e em situa\u00e7\u00e3o regular no ENADE, componente curricular obrigat\u00f3rio. Como solicitarO discente dever\u00e1 solicitar a formatura pelo [&hellip;]<\/p>\n","protected":false},"author":341,"featured_media":0,"parent":6277,"menu_order":0,"comment_status":"closed","ping_status":"closed","template":"","meta":{"advanced_seo_description":"","jetpack_seo_html_title":"","jetpack_seo_noindex":false,"jetpack_post_was_ever_published":false,"footnotes":""},"class_list":["post-3366","page","type-page","status-publish","hentry"],"jetpack_sharing_enabled":true,"jetpack_shortlink":"https:\/\/wp.me\/P70cyI-Si","jetpack-related-posts":[],"_links":{"self":[{"href":"https:\/\/wp.ufpel.edu.br\/cra\/wp-json\/wp\/v2\/pages\/3366","targetHints":{"allow":["GET"]}}],"collection":[{"href":"https:\/\/wp.ufpel.edu.br\/cra\/wp-json\/wp\/v2\/pages"}],"about":[{"href":"https:\/\/wp.ufpel.edu.br\/cra\/wp-json\/wp\/v2\/types\/page"}],"author":[{"embeddable":true,"href":"https:\/\/wp.ufpel.edu.br\/cra\/wp-json\/wp\/v2\/users\/341"}],"replies":[{"embeddable":true,"href":"https:\/\/wp.ufpel.edu.br\/cra\/wp-json\/wp\/v2\/comments?post=3366"}],"version-history":[{"count":10,"href":"https:\/\/wp.ufpel.edu.br\/cra\/wp-json\/wp\/v2\/pages\/3366\/revisions"}],"predecessor-version":[{"id":9834,"href":"https:\/\/wp.ufpel.edu.br\/cra\/wp-json\/wp\/v2\/pages\/3366\/revisions\/9834"}],"up":[{"embeddable":true,"href":"https:\/\/wp.ufpel.edu.br\/cra\/wp-json\/wp\/v2\/pages\/6277"}],"wp:attachment":[{"href":"https:\/\/wp.ufpel.edu.br\/cra\/wp-json\/wp\/v2\/media?parent=3366"}],"curies":[{"name":"wp","href":"https:\/\/api.w.org\/{rel}","templated":true}]}}