{"id":3266,"date":"2020-05-25T16:29:40","date_gmt":"2020-05-25T19:29:40","guid":{"rendered":"https:\/\/wp.ufpel.edu.br\/cra\/?page_id=3266"},"modified":"2022-11-21T10:49:30","modified_gmt":"2022-11-21T13:49:30","slug":"calendario-alternativo-2020-1","status":"publish","type":"page","link":"https:\/\/wp.ufpel.edu.br\/cra\/calendarios-academicos\/calendario-alternativo-2020-1\/","title":{"rendered":"Calend\u00e1rio Acad\u00eamico 2020\/1 &#8211; Alternativo"},"content":{"rendered":"<div class=\"dados-cobalto cobalto-calendario cobalto-calendario-zebrado\"><div class=\"cobalto-calendario-legenda\"><div class=\"cobalto-calendario-legenda-item\"><span class=\"cobalto-calendario-tipo\" style=\"background:#CD74E6\"><\/span> 2020 - Calend\u00e1rio Alternativo <\/div><\/div><div class=\"cobalto-calendario-mes\"><strong>Junho \/ 2020<\/strong><\/div><div class=\"cobalto-calendario-linha cobalto-calendario-linha-impar\"><span class=\"cobalto-calendario-tipo\" style=\"background:#CD74E6\" title=\"2020 - Calend\u00e1rio Alternativo \"><\/span><span class=\"cobalto-calendario-dia\"><strong>01 Segunda<\/strong><\/span><span class=\"cobalto-calendario-descricao\"><span class=\"cobalto-evento-item-hora\"><\/span>IN\u00cdCIO: Per\u00edodo de acompanhamento\/confirma\u00e7\u00e3o das ofertas 2020\/1 (Alternativo) pelos Departamentos ou C\u00e2maras de Ensino<\/span><\/div><div class=\"cobalto-calendario-linha cobalto-calendario-linha-impar\"><span class=\"cobalto-calendario-tipo\" style=\"background:#CD74E6\" title=\"2020 - Calend\u00e1rio Alternativo \"><\/span><span class=\"cobalto-calendario-dia\"><strong><\/strong><\/span><span class=\"cobalto-calendario-descricao\"><span class=\"cobalto-evento-item-hora\"><\/span>IN\u00cdCIO: Per\u00edodo de digita\u00e7\u00e3o das ofertas 2020\/1 (Alternativo) pelos Colegiados<\/span><\/div><div class=\"cobalto-calendario-linha cobalto-calendario-linha-par\"><span class=\"cobalto-calendario-tipo\" style=\"background:#CD74E6\" title=\"2020 - Calend\u00e1rio Alternativo \"><\/span><span class=\"cobalto-calendario-dia\"><strong>09 Ter\u00e7a<\/strong><\/span><span class=\"cobalto-calendario-descricao\"><span class=\"cobalto-evento-item-hora\"><\/span>FIM: Per\u00edodo de acompanhamento\/confirma\u00e7\u00e3o das ofertas 2020\/1 (Alternativo) pelos Departamentos ou C\u00e2maras de Ensino<\/span><\/div><div class=\"cobalto-calendario-linha cobalto-calendario-linha-par\"><span class=\"cobalto-calendario-tipo\" style=\"background:#CD74E6\" title=\"2020 - Calend\u00e1rio Alternativo \"><\/span><span class=\"cobalto-calendario-dia\"><strong><\/strong><\/span><span class=\"cobalto-calendario-descricao\"><span class=\"cobalto-evento-item-hora\"><\/span>FIM: Per\u00edodo de digita\u00e7\u00e3o das ofertas 2020\/1 (Alternativo) pelos Colegiados<\/span><\/div><div class=\"cobalto-calendario-linha cobalto-calendario-linha-impar\"><span class=\"cobalto-calendario-tipo\" style=\"background:#CD74E6\" title=\"2020 - Calend\u00e1rio Alternativo \"><\/span><span class=\"cobalto-calendario-dia\"><strong>10 Quarta<\/strong><\/span><span class=\"cobalto-calendario-descricao\"><span class=\"cobalto-evento-item-hora\"><\/span>Migra\u00e7\u00e3o autom\u00e1tica das turmas ofertadas no calend\u00e1rio alternativo para o Moodle<\/span><\/div><div class=\"cobalto-calendario-linha cobalto-calendario-linha-impar\"><span class=\"cobalto-calendario-tipo\" style=\"background:#CD74E6\" title=\"2020 - Calend\u00e1rio Alternativo \"><\/span><span class=\"cobalto-calendario-dia\"><strong><\/strong><\/span><span class=\"cobalto-calendario-descricao\"><span class=\"cobalto-evento-item-hora\"><\/span>Exclus\u00e3o tempor\u00e1ria da oferta e matr\u00edcula 2020\/1 (Calend\u00e1rio suspenso)<\/span><\/div><div class=\"cobalto-calendario-linha cobalto-calendario-linha-par\"><span class=\"cobalto-calendario-tipo\" style=\"background:#CD74E6\" title=\"2020 - Calend\u00e1rio Alternativo \"><\/span><span class=\"cobalto-calendario-dia\"><strong>11 Quinta<\/strong><\/span><span class=\"cobalto-calendario-descricao\"><span class=\"cobalto-evento-item-hora\"><\/span>IN\u00cdCIO: Per\u00edodo de solicita\u00e7\u00e3o de matr\u00edcula on-line 2020\/1 (Alternativo)<\/span><\/div><div class=\"cobalto-calendario-linha cobalto-calendario-linha-par\"><span class=\"cobalto-calendario-tipo\" style=\"background:#CD74E6\" title=\"2020 - Calend\u00e1rio Alternativo \"><\/span><span class=\"cobalto-calendario-dia\"><strong><\/strong><\/span><span class=\"cobalto-calendario-descricao\"><span class=\"cobalto-evento-item-hora\"><\/span>Feriado: Corpus Christi<\/span><\/div><div class=\"cobalto-calendario-linha cobalto-calendario-linha-impar\"><span class=\"cobalto-calendario-tipo\" style=\"background:#CD74E6\" title=\"2020 - Calend\u00e1rio Alternativo \"><\/span><span class=\"cobalto-calendario-dia\"><strong>14 Domingo<\/strong><\/span><span class=\"cobalto-calendario-descricao\"><span class=\"cobalto-evento-item-hora\"><\/span>FIM: Per\u00edodo de solicita\u00e7\u00e3o de matr\u00edcula on-line 2020\/1 (Alternativo)<\/span><\/div><div class=\"cobalto-calendario-linha cobalto-calendario-linha-par\"><span class=\"cobalto-calendario-tipo\" style=\"background:#CD74E6\" title=\"2020 - Calend\u00e1rio Alternativo \"><\/span><span class=\"cobalto-calendario-dia\"><strong>15 Segunda<\/strong><\/span><span class=\"cobalto-calendario-descricao\"><span class=\"cobalto-evento-item-hora\"><\/span>In\u00edcio do per\u00edodo para os alunos consultarem a matr\u00edcula on-line 2020\/1 (Alternativo)<\/span><\/div><div class=\"cobalto-calendario-linha cobalto-calendario-linha-par\"><span class=\"cobalto-calendario-tipo\" style=\"background:#CD74E6\" title=\"2020 - Calend\u00e1rio Alternativo \"><\/span><span class=\"cobalto-calendario-dia\"><strong><\/strong><\/span><span class=\"cobalto-calendario-descricao\"><span class=\"cobalto-evento-item-hora\"><\/span>Processamento das solicita\u00e7\u00f5es de matr\u00edcula on-line 2020\/1 (Alternativo)<\/span><\/div><div class=\"cobalto-calendario-linha cobalto-calendario-linha-impar\"><span class=\"cobalto-calendario-tipo\" style=\"background:#CD74E6\" title=\"2020 - Calend\u00e1rio Alternativo \"><\/span><span class=\"cobalto-calendario-dia\"><strong>16 Ter\u00e7a<\/strong><\/span><span class=\"cobalto-calendario-descricao\"><span class=\"cobalto-evento-item-hora\"><\/span>IN\u00cdCIO: Per\u00edodo para corre\u00e7\u00e3o de matr\u00edcula 2020\/1 (Alternativo) nos colegiados (Atendimento remoto)<\/span><\/div><div class=\"cobalto-calendario-linha cobalto-calendario-linha-par\"><span class=\"cobalto-calendario-tipo\" style=\"background:#CD74E6\" title=\"2020 - Calend\u00e1rio Alternativo \"><\/span><span class=\"cobalto-calendario-dia\"><strong>19 Sexta<\/strong><\/span><span class=\"cobalto-calendario-descricao\"><span class=\"cobalto-evento-item-hora\"><\/span>Data limite para os discentes solicitarem quebra de pr\u00e9-requisito para 2020\/1 (Alternativo) nos Colegiados.<\/span><\/div><div class=\"cobalto-calendario-linha cobalto-calendario-linha-par\"><span class=\"cobalto-calendario-tipo\" style=\"background:#CD74E6\" title=\"2020 - Calend\u00e1rio Alternativo \"><\/span><span class=\"cobalto-calendario-dia\"><strong><\/strong><\/span><span class=\"cobalto-calendario-descricao\"><span class=\"cobalto-evento-item-hora\"><\/span>FIM: Per\u00edodo para corre\u00e7\u00e3o de matr\u00edcula 2020\/1 (Alternativo) nos colegiados (Atendimento remoto)<\/span><\/div><div class=\"cobalto-calendario-linha cobalto-calendario-linha-impar\"><span class=\"cobalto-calendario-tipo\" style=\"background:#CD74E6\" title=\"2020 - Calend\u00e1rio Alternativo \"><\/span><span class=\"cobalto-calendario-dia\"><strong>22 Segunda<\/strong><\/span><span class=\"cobalto-calendario-descricao\"><span class=\"cobalto-evento-item-hora\"><\/span>Inicio do semestre letivo 2020\/1 - Alternativo<\/span><\/div><div class=\"cobalto-calendario-linha cobalto-calendario-linha-impar\"><span class=\"cobalto-calendario-tipo\" style=\"background:#CD74E6\" title=\"2020 - Calend\u00e1rio Alternativo \"><\/span><span class=\"cobalto-calendario-dia\"><strong><\/strong><\/span><span class=\"cobalto-calendario-descricao\"><span class=\"cobalto-evento-item-hora\"><\/span>Data para matr\u00edcula especial (Atendimento remoto)<\/span><\/div><div class=\"cobalto-calendario-linha cobalto-calendario-linha-par\"><span class=\"cobalto-calendario-tipo\" style=\"background:#CD74E6\" title=\"2020 - Calend\u00e1rio Alternativo \"><\/span><span class=\"cobalto-calendario-dia\"><strong>23 Ter\u00e7a<\/strong><\/span><span class=\"cobalto-calendario-descricao\"><span class=\"cobalto-evento-item-hora\"><\/span>Retorno das ofertas e matr\u00edculas temporariamente exclu\u00eddas 2020\/1(Calend\u00e1rio suspenso)<\/span><\/div><div class=\"cobalto-calendario-linha cobalto-calendario-linha-impar\"><span class=\"cobalto-calendario-tipo\" style=\"background:#CD74E6\" title=\"2020 - Calend\u00e1rio Alternativo \"><\/span><span class=\"cobalto-calendario-dia\"><strong>25 Quinta<\/strong><\/span><span class=\"cobalto-calendario-descricao\"><span class=\"cobalto-evento-item-hora\"><\/span>Data limite para os Colegiados responderem as solicita\u00e7\u00f5es de quebra de pr\u00e9-requisito para 2020\/1 (Alternativo)<\/span><\/div><div class=\"cobalto-calendario-linha cobalto-calendario-linha-par\"><span class=\"cobalto-calendario-tipo\" style=\"background:#CD74E6\" title=\"2020 - Calend\u00e1rio Alternativo \"><\/span><span class=\"cobalto-calendario-dia\"><strong>30 Ter\u00e7a<\/strong><\/span><span class=\"cobalto-calendario-descricao\"><span class=\"cobalto-evento-item-hora\"><\/span>Data limite para os discentes protocolarem, nos Colegiados de Curso, recurso ao COCEPE referente \u00e0 negativa de quebra de pr\u00e9-requisito para 2020\/1 (Alternativo)<\/span><\/div><div class=\"cobalto-calendario-mes\"><strong>Julho \/ 2020<\/strong><\/div><div class=\"cobalto-calendario-linha cobalto-calendario-linha-impar\"><span class=\"cobalto-calendario-tipo\" style=\"background:#CD74E6\" title=\"2020 - Calend\u00e1rio Alternativo \"><\/span><span class=\"cobalto-calendario-dia\"><strong>10 Sexta<\/strong><\/span><span class=\"cobalto-calendario-descricao\"><span class=\"cobalto-evento-item-hora\"><\/span>Fim do per\u00edodo para envio dos planos de ensino referentes ao Calend\u00e1rio Alternativo 2020\/1<\/span><\/div><div class=\"cobalto-calendario-linha cobalto-calendario-linha-par\"><span class=\"cobalto-calendario-tipo\" style=\"background:#CD74E6\" title=\"2020 - Calend\u00e1rio Alternativo \"><\/span><span class=\"cobalto-calendario-dia\"><strong>13 Segunda<\/strong><\/span><span class=\"cobalto-calendario-descricao\"><span class=\"cobalto-evento-item-hora\"><\/span>In\u00edcio do per\u00edodo de trancamento de componentes curriculares (disciplinas) no sistema acad\u00eamico Cobalto 2020\/1 (Alternativo)<\/span><\/div><div class=\"cobalto-calendario-mes\"><strong>Agosto \/ 2020<\/strong><\/div><div class=\"cobalto-calendario-linha cobalto-calendario-linha-impar\"><span class=\"cobalto-calendario-tipo\" style=\"background:#CD74E6\" title=\"2020 - Calend\u00e1rio Alternativo \"><\/span><span class=\"cobalto-calendario-dia\"><strong>28 Sexta<\/strong><\/span><span class=\"cobalto-calendario-descricao\"><span class=\"cobalto-evento-item-hora\"><\/span>Fim do per\u00edodo de trancamento de componentes curriculares (disciplinas) no sistema acad\u00eamico Cobalto 2020\/1 (Alternativo)<\/span><\/div><div class=\"cobalto-calendario-mes\"><strong>Setembro \/ 2020<\/strong><\/div><div class=\"cobalto-calendario-linha cobalto-calendario-linha-par\"><span class=\"cobalto-calendario-tipo\" style=\"background:#CD74E6\" title=\"2020 - Calend\u00e1rio Alternativo \"><\/span><span class=\"cobalto-calendario-dia\"><strong>07 Segunda<\/strong><\/span><span class=\"cobalto-calendario-descricao\"><span class=\"cobalto-evento-item-hora\"><\/span>Feriado: Independ\u00eancia<\/span><\/div><div class=\"cobalto-calendario-linha cobalto-calendario-linha-impar\"><span class=\"cobalto-calendario-tipo\" style=\"background:#CD74E6\" title=\"2020 - Calend\u00e1rio Alternativo \"><\/span><span class=\"cobalto-calendario-dia\"><strong>12 S\u00e1bado<\/strong><\/span><span class=\"cobalto-calendario-descricao\"><span class=\"cobalto-evento-item-hora\"><\/span>\u00daltimo dia letivo de 2020\/1 (Alternativo)<\/span><\/div><div class=\"cobalto-calendario-linha cobalto-calendario-linha-par\"><span class=\"cobalto-calendario-tipo\" style=\"background:#CD74E6\" title=\"2020 - Calend\u00e1rio Alternativo \"><\/span><span class=\"cobalto-calendario-dia\"><strong>14 Segunda<\/strong><\/span><span class=\"cobalto-calendario-descricao\"><span class=\"cobalto-evento-item-hora\"><\/span>IN\u00cdCIO: Per\u00edodo de exames 2020\/1<\/span><\/div><div class=\"cobalto-calendario-linha cobalto-calendario-linha-par\"><span class=\"cobalto-calendario-tipo\" style=\"background:#CD74E6\" title=\"2020 - Calend\u00e1rio Alternativo \"><\/span><span class=\"cobalto-calendario-dia\"><strong><\/strong><\/span><span class=\"cobalto-calendario-descricao\"><span class=\"cobalto-evento-item-hora\"><\/span>IN\u00cdCIO: Per\u00edodo de avalia\u00e7\u00e3o das viv\u00eancias e a\u00e7\u00f5es realizadas durante o calend\u00e1rio alternativo<\/span><\/div><div class=\"cobalto-calendario-linha cobalto-calendario-linha-impar\"><span class=\"cobalto-calendario-tipo\" style=\"background:#CD74E6\" title=\"2020 - Calend\u00e1rio Alternativo \"><\/span><span class=\"cobalto-calendario-dia\"><strong>18 Sexta<\/strong><\/span><span class=\"cobalto-calendario-descricao\"><span class=\"cobalto-evento-item-hora\"><\/span>FIM: Per\u00edodo de avalia\u00e7\u00e3o das viv\u00eancias e a\u00e7\u00f5es realizadas durante o calend\u00e1rio alternativo<\/span><\/div><div class=\"cobalto-calendario-linha cobalto-calendario-linha-par\"><span class=\"cobalto-calendario-tipo\" style=\"background:#CD74E6\" title=\"2020 - Calend\u00e1rio Alternativo \"><\/span><span class=\"cobalto-calendario-dia\"><strong>19 S\u00e1bado<\/strong><\/span><span class=\"cobalto-calendario-descricao\"><span class=\"cobalto-evento-item-hora\"><\/span>FIM: Per\u00edodo de exames 2020\/1<\/span><\/div><div class=\"cobalto-calendario-linha cobalto-calendario-linha-impar\"><span class=\"cobalto-calendario-tipo\" style=\"background:#CD74E6\" title=\"2020 - Calend\u00e1rio Alternativo \"><\/span><span class=\"cobalto-calendario-dia\"><strong>20 Domingo<\/strong><\/span><span class=\"cobalto-calendario-descricao\"><span class=\"cobalto-evento-item-hora\"><\/span>Feriado: Revolu\u00e7\u00e3o farroupilha<\/span><\/div><div class=\"cobalto-calendario-linha cobalto-calendario-linha-par\"><span class=\"cobalto-calendario-tipo\" style=\"background:#CD74E6\" title=\"2020 - Calend\u00e1rio Alternativo \"><\/span><span class=\"cobalto-calendario-dia\"><strong>22 Ter\u00e7a<\/strong><\/span><span class=\"cobalto-calendario-descricao\"><span class=\"cobalto-evento-item-hora\"><\/span>Fim do per\u00edodo de digita\u00e7\u00e3o de notas\/conceitos 2020\/1 (Alternativo)<\/span><\/div><div class=\"cobalto-calendario-mes\"><strong>Novembro \/ 2020<\/strong><\/div><div class=\"cobalto-calendario-linha cobalto-calendario-linha-impar\"><span class=\"cobalto-calendario-tipo\" style=\"background:#CD74E6\" title=\"2020 - Calend\u00e1rio Alternativo \"><\/span><span class=\"cobalto-calendario-dia\"><strong>02 Segunda<\/strong><\/span><span class=\"cobalto-calendario-descricao\"><span class=\"cobalto-evento-item-hora\"><\/span>Feriado - Finados<\/span><\/div><div class=\"cobalto-calendario-legenda\"><div class=\"cobalto-calendario-legenda-item\"><span class=\"cobalto-calendario-tipo\" style=\"background:#CD74E6\"><\/span> 2020 - Calend\u00e1rio Alternativo <\/div><\/div><\/div> <!-- .dados-cobalto -->\n","protected":false},"excerpt":{"rendered":"","protected":false},"author":20,"featured_media":0,"parent":428,"menu_order":0,"comment_status":"closed","ping_status":"closed","template":"page-sem-sidebar.php","meta":{"advanced_seo_description":"","jetpack_seo_html_title":"","jetpack_seo_noindex":false,"jetpack_post_was_ever_published":false,"footnotes":""},"class_list":["post-3266","page","type-page","status-publish","hentry"],"jetpack_sharing_enabled":true,"jetpack_shortlink":"https:\/\/wp.me\/P70cyI-QG","jetpack-related-posts":[],"_links":{"self":[{"href":"https:\/\/wp.ufpel.edu.br\/cra\/wp-json\/wp\/v2\/pages\/3266","targetHints":{"allow":["GET"]}}],"collection":[{"href":"https:\/\/wp.ufpel.edu.br\/cra\/wp-json\/wp\/v2\/pages"}],"about":[{"href":"https:\/\/wp.ufpel.edu.br\/cra\/wp-json\/wp\/v2\/types\/page"}],"author":[{"embeddable":true,"href":"https:\/\/wp.ufpel.edu.br\/cra\/wp-json\/wp\/v2\/users\/20"}],"replies":[{"embeddable":true,"href":"https:\/\/wp.ufpel.edu.br\/cra\/wp-json\/wp\/v2\/comments?post=3266"}],"version-history":[{"count":7,"href":"https:\/\/wp.ufpel.edu.br\/cra\/wp-json\/wp\/v2\/pages\/3266\/revisions"}],"predecessor-version":[{"id":6580,"href":"https:\/\/wp.ufpel.edu.br\/cra\/wp-json\/wp\/v2\/pages\/3266\/revisions\/6580"}],"up":[{"embeddable":true,"href":"https:\/\/wp.ufpel.edu.br\/cra\/wp-json\/wp\/v2\/pages\/428"}],"wp:attachment":[{"href":"https:\/\/wp.ufpel.edu.br\/cra\/wp-json\/wp\/v2\/media?parent=3266"}],"curies":[{"name":"wp","href":"https:\/\/api.w.org\/{rel}","templated":true}]}}