{"id":2674,"date":"2018-11-01T09:27:30","date_gmt":"2018-11-01T12:27:30","guid":{"rendered":"https:\/\/wp.ufpel.edu.br\/cra\/?page_id=2674"},"modified":"2024-02-07T13:14:43","modified_gmt":"2024-02-07T16:14:43","slug":"colacao-de-grau","status":"publish","type":"page","link":"https:\/\/wp.ufpel.edu.br\/cra\/informacoes-academicas\/colacao-de-grau\/","title":{"rendered":"Cola\u00e7\u00e3o de grau (Formatura)"},"content":{"rendered":"\n<p class=\"has-16-undefined-undefined-font-size\"><b>Defini\u00e7\u00e3o<\/b><br><span style=\"font-weight: 400;\">A cola\u00e7\u00e3o de grau \u00e9 uma cerim\u00f4nia de car\u00e1ter obrigat\u00f3rio para a outorga do grau de bacharel, licenciado ou tecn\u00f3logo, de acordo com o curso que o discente concluiu.<\/span><\/p>\n\n\n\n<p class=\"has-16-undefined-undefined-font-size\"><b>Como solicitar<\/b><br><span style=\"font-weight: 400;\">Alunos prov\u00e1veis formandos do per\u00edodo letivo vigente dever\u00e3o solicitar formatura pelo sistema acad\u00eamico COBALTO, no prazo previsto no calend\u00e1rio acad\u00eamico, no menu \u201cAluno\/Cadastros\/Solicita\u00e7\u00e3o<\/span> de formatura\u201d e atentar para os procedimentos que dever\u00e3o realizar nesse momento.<\/p>\n\n\n\n<p class=\"has-16-undefined-undefined-font-size\">Assunto relacionado: <a href=\"https:\/\/wp.ufpel.edu.br\/cra\/informacoes-academicas\/provavel-formando\/\">Prov\u00e1vel Formando<\/a>.<\/p>\n\n\n\n<p class=\"has-16-undefined-undefined-font-size\"><strong>Fluxograma<\/strong><\/p>\n\n\n\n<figure class=\"wp-block-table is-style-stripes\"><table><tbody><tr><td>Respons\u00e1vel<\/td><td>Procedimento<\/td><\/tr><tr><td>Discente<\/td><td>&#8211; <span style=\"font-weight: 400;\">Solicitar formatura pelo COBALTO.<\/span><\/td><\/tr><tr><td>Colegiado<\/td><td>&#8211; <span style=\"font-weight: 400;\">Verificar se o aluno tem expectativa de colar grau no final do per\u00edodo letivo;<\/span><br>&#8211; Cadastrar formatura e confirmar ou excluir prov\u00e1veis formandos no sistema acad\u00eamico;<br>&#8211; <span style=\"font-weight: 400;\">Liberar alunos para cola\u00e7\u00e3o de grau.<\/span><\/td><\/tr><tr><td>CRA<\/td><td>&#8211; <span style=\"font-weight: 400;\">Homologar libera\u00e7\u00e3o para cola\u00e7\u00e3o de grau.<\/span><br>&#8211; Disponibilizar os certificados de conclus\u00e3o de curso, pelo sistema acad\u00eamico, ap\u00f3s o recebimento da ata da cola\u00e7\u00e3o de grau.<\/td><\/tr><\/tbody><\/table><\/figure>\n\n\n\n<p class=\"has-16-undefined-undefined-font-size\"><strong>Legisla\u00e7\u00e3o espec\u00edfica:<\/strong><br><a href=\"https:\/\/wp.ufpel.edu.br\/scs\/files\/2018\/07\/RES-05.2018-SEI_23110.023302_2018_41-2.pdf\">Resolu\u00e7\u00e3o N\u00b0 05\/2018<\/a><br><a href=\"http:\/\/portal.mec.gov.br\/cne\/arquivos\/pdf\/2004\/pces379_04.pdf\">Parecer CNE N\u00b0 379\/2004<\/a><\/p>\n","protected":false},"excerpt":{"rendered":"<p>Defini\u00e7\u00e3oA cola\u00e7\u00e3o de grau \u00e9 uma cerim\u00f4nia de car\u00e1ter obrigat\u00f3rio para a outorga do grau de bacharel, licenciado ou tecn\u00f3logo, de acordo com o curso que o discente concluiu. Como solicitarAlunos prov\u00e1veis formandos do per\u00edodo letivo vigente dever\u00e3o solicitar formatura pelo sistema acad\u00eamico COBALTO, no prazo previsto no calend\u00e1rio acad\u00eamico, no menu \u201cAluno\/Cadastros\/Solicita\u00e7\u00e3o de formatura\u201d [&hellip;]<\/p>\n","protected":false},"author":341,"featured_media":0,"parent":6277,"menu_order":0,"comment_status":"closed","ping_status":"closed","template":"","meta":{"advanced_seo_description":"","jetpack_seo_html_title":"","jetpack_seo_noindex":false,"jetpack_post_was_ever_published":false,"footnotes":""},"class_list":["post-2674","page","type-page","status-publish","hentry"],"jetpack_sharing_enabled":true,"jetpack_shortlink":"https:\/\/wp.me\/P70cyI-H8","jetpack-related-posts":[],"_links":{"self":[{"href":"https:\/\/wp.ufpel.edu.br\/cra\/wp-json\/wp\/v2\/pages\/2674","targetHints":{"allow":["GET"]}}],"collection":[{"href":"https:\/\/wp.ufpel.edu.br\/cra\/wp-json\/wp\/v2\/pages"}],"about":[{"href":"https:\/\/wp.ufpel.edu.br\/cra\/wp-json\/wp\/v2\/types\/page"}],"author":[{"embeddable":true,"href":"https:\/\/wp.ufpel.edu.br\/cra\/wp-json\/wp\/v2\/users\/341"}],"replies":[{"embeddable":true,"href":"https:\/\/wp.ufpel.edu.br\/cra\/wp-json\/wp\/v2\/comments?post=2674"}],"version-history":[{"count":20,"href":"https:\/\/wp.ufpel.edu.br\/cra\/wp-json\/wp\/v2\/pages\/2674\/revisions"}],"predecessor-version":[{"id":9832,"href":"https:\/\/wp.ufpel.edu.br\/cra\/wp-json\/wp\/v2\/pages\/2674\/revisions\/9832"}],"up":[{"embeddable":true,"href":"https:\/\/wp.ufpel.edu.br\/cra\/wp-json\/wp\/v2\/pages\/6277"}],"wp:attachment":[{"href":"https:\/\/wp.ufpel.edu.br\/cra\/wp-json\/wp\/v2\/media?parent=2674"}],"curies":[{"name":"wp","href":"https:\/\/api.w.org\/{rel}","templated":true}]}}