{"id":2566,"date":"2018-10-11T13:03:13","date_gmt":"2018-10-11T16:03:13","guid":{"rendered":"https:\/\/wp.ufpel.edu.br\/cra\/?page_id=2566"},"modified":"2025-09-22T09:54:24","modified_gmt":"2025-09-22T12:54:24","slug":"troca-de-polo-ead","status":"publish","type":"page","link":"https:\/\/wp.ufpel.edu.br\/cra\/informacoes-academicas\/troca-de-polo-ead\/","title":{"rendered":"Troca de polo (EAD)"},"content":{"rendered":"\n<h2 class=\"wp-block-heading has-16-undefined-undefined-font-size\" style=\"font-size:16px\"><strong>O que \u00e9?<\/strong><\/h2>\n\n\n\n<p class=\"has-16-undefined-undefined-font-size\">Estudante vinculados nos cursos de ensino a dist\u00e2ncia (EAD) podem mudar de polo, permanecendo no mesmo curso. <\/p>\n\n\n\n<p class=\"has-16-undefined-undefined-font-size\">Para solicitar a troca de polo, o estudante deve estar com a matr\u00edcula ativa ou com trancamento geral de matr\u00edcula.<\/p>\n\n\n\n<h2 class=\"wp-block-heading has-16-undefined-undefined-font-size\" style=\"font-size:16px\"><strong><strong>Como solicitar<\/strong>?<\/strong><\/h2>\n\n\n\n<p><span style=\"font-weight: 400;\">O estudante deve preencher o requerimento e entreg\u00e1-lo no polo ou no colegiado do curso.<\/span><\/p>\n\n\n\n<h3 class=\"wp-block-heading has-16-undefined-undefined-font-size\" style=\"font-size:16px\"><a href=\"https:\/\/wp.ufpel.edu.br\/cra\/files\/2020\/07\/Requerimento-de-troca-de-polo.pdf\">Requerimento de troca de polo (EAD)<\/a><\/h3>\n","protected":false},"excerpt":{"rendered":"<p>O que \u00e9? Estudante vinculados nos cursos de ensino a dist\u00e2ncia (EAD) podem mudar de polo, permanecendo no mesmo curso. Para solicitar a troca de polo, o estudante deve estar com a matr\u00edcula ativa ou com trancamento geral de matr\u00edcula. Como solicitar? O estudante deve preencher o requerimento e entreg\u00e1-lo no polo ou no colegiado [&hellip;]<\/p>\n","protected":false},"author":341,"featured_media":0,"parent":6277,"menu_order":0,"comment_status":"closed","ping_status":"closed","template":"","meta":{"advanced_seo_description":"","jetpack_seo_html_title":"","jetpack_seo_noindex":false,"jetpack_post_was_ever_published":false,"footnotes":""},"class_list":["post-2566","page","type-page","status-publish","hentry"],"jetpack_sharing_enabled":true,"jetpack_shortlink":"https:\/\/wp.me\/P70cyI-Fo","jetpack-related-posts":[],"_links":{"self":[{"href":"https:\/\/wp.ufpel.edu.br\/cra\/wp-json\/wp\/v2\/pages\/2566","targetHints":{"allow":["GET"]}}],"collection":[{"href":"https:\/\/wp.ufpel.edu.br\/cra\/wp-json\/wp\/v2\/pages"}],"about":[{"href":"https:\/\/wp.ufpel.edu.br\/cra\/wp-json\/wp\/v2\/types\/page"}],"author":[{"embeddable":true,"href":"https:\/\/wp.ufpel.edu.br\/cra\/wp-json\/wp\/v2\/users\/341"}],"replies":[{"embeddable":true,"href":"https:\/\/wp.ufpel.edu.br\/cra\/wp-json\/wp\/v2\/comments?post=2566"}],"version-history":[{"count":3,"href":"https:\/\/wp.ufpel.edu.br\/cra\/wp-json\/wp\/v2\/pages\/2566\/revisions"}],"predecessor-version":[{"id":12102,"href":"https:\/\/wp.ufpel.edu.br\/cra\/wp-json\/wp\/v2\/pages\/2566\/revisions\/12102"}],"up":[{"embeddable":true,"href":"https:\/\/wp.ufpel.edu.br\/cra\/wp-json\/wp\/v2\/pages\/6277"}],"wp:attachment":[{"href":"https:\/\/wp.ufpel.edu.br\/cra\/wp-json\/wp\/v2\/media?parent=2566"}],"curies":[{"name":"wp","href":"https:\/\/api.w.org\/{rel}","templated":true}]}}