{"id":2559,"date":"2018-10-11T12:58:36","date_gmt":"2018-10-11T15:58:36","guid":{"rendered":"https:\/\/wp.ufpel.edu.br\/cra\/?page_id=2559"},"modified":"2025-09-25T08:57:59","modified_gmt":"2025-09-25T11:57:59","slug":"regime-concentrado","status":"publish","type":"page","link":"https:\/\/wp.ufpel.edu.br\/cra\/informacoes-academicas\/regime-concentrado\/","title":{"rendered":"Regime concentrado"},"content":{"rendered":"\n<h2 class=\"wp-block-heading has-16-undefined-undefined-font-size\" style=\"font-size:16px\"><strong>O que \u00e9?<\/strong><\/h2>\n\n\n\n<p>\u00c9 uma forma excepcional de cursar uma disciplina em um&nbsp;<strong>per\u00edodo de tempo mais curto<\/strong>&nbsp;que o semestre letivo normal.<\/p>\n\n\n\n<p>O regime concentrado deve ser aprovado pelo colegiado e depende da disponibilidade de professores. \u00c9 aplicado nos seguintes casos:<\/p>\n\n\n\n<ul class=\"wp-block-list\">\n<li><strong>Ofertas de turmas extras:<\/strong>\u00a0Quando n\u00e3o h\u00e1 vagas suficientes nas turmas regulares para atender a todos os estudantes.<\/li>\n\n\n\n<li><strong>Ofertas em per\u00edodo especial:<\/strong>\u00a0Em situa\u00e7\u00f5es excepcionais, analisadas pelo Colegiado. O colegiado poder\u00e1 realizar a oferta de turmas em per\u00edodos de f\u00e9rias.<\/li>\n\n\n\n<li><strong>Mobilidade Acad\u00eamica:<\/strong>&nbsp;Para permitir que o estudante conclua o semestre ao sair ou retornar da mobilidade acad\u00eamica nacional ou internacional.<\/li>\n\n\n\n<li><strong>Prov\u00e1veis Formandos:<\/strong>&nbsp;Para garantir que estudantes perto de se formar consigam cursar as disciplinas que faltam.<\/li>\n<\/ul>\n\n\n\n<h2 class=\"wp-block-heading has-16-undefined-undefined-font-size\" style=\"font-size:16px\"><strong><strong>Como solicitar<\/strong>?<\/strong><\/h2>\n\n\n\n<p>A oferta de uma disciplina neste regime precisa ser aprovada pelo COCEPE e pode ser solicitada de duas formas:<\/p>\n\n\n\n<ul class=\"wp-block-list\">\n<li><strong>Pelo Colegiado do Curso:<\/strong>&nbsp;O pr\u00f3prio curso pode identificar uma necessidade e propor a oferta da disciplina em regime concentrado. <\/li>\n\n\n\n<li><strong>Pelo Estudante:<\/strong> O estudante deve preencher o <strong>Requerimento de regime concentrado<\/strong> e entregar no&nbsp;Colegiado do seu curso.<\/li>\n<\/ul>\n\n\n\n<h3 class=\"wp-block-heading has-16-undefined-undefined-font-size\" style=\"font-size:16px\"><a href=\"https:\/\/wp.ufpel.edu.br\/cra\/files\/2020\/07\/Requerimento-de-regime-concentrado.pdf\">Requerimento de regime concentrado<\/a><\/h3>\n\n\n\n<h2 class=\"wp-block-heading has-16-undefined-undefined-font-size\" style=\"font-size:16px\"><strong><strong><strong><strong>Etapas<\/strong><\/strong><\/strong><\/strong><\/h2>\n\n\n\n<figure class=\"wp-block-table is-style-stripes\"><table><thead><tr><th class=\"has-text-align-left\" data-align=\"left\"><strong>Respons\u00e1vel<\/strong><\/th><th class=\"has-text-align-left\" data-align=\"left\"><strong>Procedimento<\/strong><\/th><\/tr><\/thead><tbody><tr><td class=\"has-text-align-left\" data-align=\"left\">Estudante<\/td><td class=\"has-text-align-left\" data-align=\"left\">&#8211; Preencher e assinar o requerimento;<br>&#8211; Anexar a documenta\u00e7\u00e3o necess\u00e1ria;<br>&#8211; Entregar a solicita\u00e7\u00e3o no colegiado do curso.<\/td><\/tr><tr><td class=\"has-text-align-left\" data-align=\"left\">Colegiado de curso<\/td><td class=\"has-text-align-left\" data-align=\"left\">&#8211; Avaliar a solicita\u00e7\u00e3o;<br>&#8211; Consulta o departamento\/c\u00e2mara de ensino;<br>Se desfavor\u00e1vel<br>&#8211; Informar o discente e arquivar o processo;<br>Se favor\u00e1vel:<br>&#8211; Encaminhar para o docente respons\u00e1vel;<\/td><\/tr><tr><td class=\"has-text-align-left\" data-align=\"left\">Docente<\/td><td class=\"has-text-align-left\" data-align=\"left\">&#8211; Elaborar cronograma;<br>&#8211; Encaminhar para o Colegiado do curso;<\/td><\/tr><tr><td class=\"has-text-align-left\" data-align=\"left\">Colegiado de curso<\/td><td class=\"has-text-align-left\" data-align=\"left\">&#8211; Dar ci\u00eancia e encaminhar ao COCEPE;<\/td><\/tr><tr><td class=\"has-text-align-left\" data-align=\"left\">COCEPE<\/td><td class=\"has-text-align-left\" data-align=\"left\">&#8211; Deliberar sobre a solicita\u00e7\u00e3o;<br>&#8211; Encaminhar a CRA para registro.<\/td><\/tr><tr><td class=\"has-text-align-left\" data-align=\"left\">CRA<\/td><td class=\"has-text-align-left\" data-align=\"left\">&#8211; Registrar regime concentrado.<\/td><\/tr><\/tbody><\/table><\/figure>\n\n\n\n<pre class=\"wp-block-preformatted\">&nbsp;<\/pre>\n","protected":false},"excerpt":{"rendered":"<p>O que \u00e9? \u00c9 uma forma excepcional de cursar uma disciplina em um&nbsp;per\u00edodo de tempo mais curto&nbsp;que o semestre letivo normal. O regime concentrado deve ser aprovado pelo colegiado e depende da disponibilidade de professores. \u00c9 aplicado nos seguintes casos: Como solicitar? A oferta de uma disciplina neste regime precisa ser aprovada pelo COCEPE e [&hellip;]<\/p>\n","protected":false},"author":341,"featured_media":0,"parent":6277,"menu_order":0,"comment_status":"closed","ping_status":"closed","template":"","meta":{"advanced_seo_description":"","jetpack_seo_html_title":"","jetpack_seo_noindex":false,"jetpack_post_was_ever_published":false,"footnotes":""},"class_list":["post-2559","page","type-page","status-publish","hentry"],"jetpack_sharing_enabled":true,"jetpack_shortlink":"https:\/\/wp.me\/P70cyI-Fh","jetpack-related-posts":[],"_links":{"self":[{"href":"https:\/\/wp.ufpel.edu.br\/cra\/wp-json\/wp\/v2\/pages\/2559","targetHints":{"allow":["GET"]}}],"collection":[{"href":"https:\/\/wp.ufpel.edu.br\/cra\/wp-json\/wp\/v2\/pages"}],"about":[{"href":"https:\/\/wp.ufpel.edu.br\/cra\/wp-json\/wp\/v2\/types\/page"}],"author":[{"embeddable":true,"href":"https:\/\/wp.ufpel.edu.br\/cra\/wp-json\/wp\/v2\/users\/341"}],"replies":[{"embeddable":true,"href":"https:\/\/wp.ufpel.edu.br\/cra\/wp-json\/wp\/v2\/comments?post=2559"}],"version-history":[{"count":3,"href":"https:\/\/wp.ufpel.edu.br\/cra\/wp-json\/wp\/v2\/pages\/2559\/revisions"}],"predecessor-version":[{"id":12163,"href":"https:\/\/wp.ufpel.edu.br\/cra\/wp-json\/wp\/v2\/pages\/2559\/revisions\/12163"}],"up":[{"embeddable":true,"href":"https:\/\/wp.ufpel.edu.br\/cra\/wp-json\/wp\/v2\/pages\/6277"}],"wp:attachment":[{"href":"https:\/\/wp.ufpel.edu.br\/cra\/wp-json\/wp\/v2\/media?parent=2559"}],"curies":[{"name":"wp","href":"https:\/\/api.w.org\/{rel}","templated":true}]}}