{"id":2554,"date":"2018-10-11T12:55:50","date_gmt":"2018-10-11T15:55:50","guid":{"rendered":"https:\/\/wp.ufpel.edu.br\/cra\/?page_id=2554"},"modified":"2025-09-23T11:37:21","modified_gmt":"2025-09-23T14:37:21","slug":"correcao-de-matricula","status":"publish","type":"page","link":"https:\/\/wp.ufpel.edu.br\/cra\/informacoes-academicas\/correcao-de-matricula\/","title":{"rendered":"Corre\u00e7\u00e3o de matr\u00edcula"},"content":{"rendered":"\n<h2 class=\"wp-block-heading has-16-undefined-undefined-font-size\" style=\"font-size:16px\"><strong>O que \u00e9?<\/strong><\/h2>\n\n\n\n<p class=\"has-16-undefined-undefined-font-size\">A corre\u00e7\u00e3o de matr\u00edcula \u00e9 a possibilidade de inclus\u00e3o ou exclus\u00e3o de disciplinas ap\u00f3s a rematr\u00edcula. \u00c9 indicado para estudantes que necessitem de ajustes na matr\u00edcula.<br><strong>N\u00e3o <\/strong>\u00e9 permitida a matr\u00edcula em disciplinas quando houver colis\u00e3o total ou parcial de hor\u00e1rios.<\/p>\n\n\n\n<h2 class=\"wp-block-heading has-16-undefined-undefined-font-size\" style=\"font-size:16px\"><strong><strong>Como solicitar<\/strong>?<\/strong><\/h2>\n\n\n\n<ul class=\"wp-block-list\">\n<li>O estudante deve solicitar pelo&nbsp;<strong>Cobalto<\/strong>, no menu:&nbsp;<strong>Aluno &gt; Cadastro &gt;&nbsp;Corre\u00e7\u00e3o de matr\u00edcula<\/strong>. Selecionar a inclus\u00e3o e\/ou exclus\u00e3o de disciplinas e Salvar.<\/li>\n\n\n\n<li>O sistema armazena e classifica os estudantes, conforme as regras do ordenamento de matr\u00edcula.<\/li>\n\n\n\n<li>O colegiado aceita ou recursa as solicita\u00e7\u00f5es de corre\u00e7\u00e3o.<\/li>\n\n\n\n<li>O estudante deve consultar quais corre\u00e7\u00f5es de matr\u00edcula foram aceitas no menu <strong>Aluno > Consultas > Matr\u00edcula.<\/strong><\/li>\n<\/ul>\n\n\n\n<h2 class=\"wp-block-heading has-16-undefined-undefined-font-size\" style=\"font-size:16px\"><strong><strong>Etapas<\/strong><\/strong><\/h2>\n\n\n\n<figure class=\"wp-block-table is-style-stripes\"><table><thead><tr><th class=\"has-text-align-left\" data-align=\"left\"><strong>Respons\u00e1vel<\/strong><\/th><th class=\"has-text-align-left\" data-align=\"left\"><strong>Procedimento<\/strong><\/th><\/tr><\/thead><tbody><tr><td class=\"has-text-align-left\" data-align=\"left\">Estudante<\/td><td class=\"has-text-align-left\" data-align=\"left\">&#8211; Solicitar corre\u00e7\u00e3o de matr\u00edcula no Cobalto.<\/td><\/tr><tr><td class=\"has-text-align-left\" data-align=\"left\">Colegiado de curso<\/td><td class=\"has-text-align-left\" data-align=\"left\">&#8211; Avaliar a corre\u00e7\u00e3o no Cobalto.<\/td><\/tr><tr><td class=\"has-text-align-left\" data-align=\"left\">Estudante<\/td><td class=\"has-text-align-left\" data-align=\"left\">&#8211; Consultar a matr\u00edcula no Cobalto.<\/td><\/tr><\/tbody><\/table><\/figure>\n\n\n\n<h2 class=\"wp-block-heading has-16-undefined-undefined-font-size\" style=\"font-size:16px\"><strong><strong>Base legal:<\/strong><\/strong><\/h2>\n\n\n\n<ul class=\"wp-block-list\">\n<li>Ordenamento de matr\u00edcula: <a href=\"https:\/\/wp.ufpel.edu.br\/scs\/files\/2019\/02\/Resolu%C3%A7%C3%A3o-47.2018-COCEPE.pdf\">Resolu\u00e7\u00e3o COCEPE n\u00ba 47\/2018<\/a><\/li>\n<\/ul>\n\n\n\n<p><\/p>\n","protected":false},"excerpt":{"rendered":"<p>O que \u00e9? A corre\u00e7\u00e3o de matr\u00edcula \u00e9 a possibilidade de inclus\u00e3o ou exclus\u00e3o de disciplinas ap\u00f3s a rematr\u00edcula. \u00c9 indicado para estudantes que necessitem de ajustes na matr\u00edcula.N\u00e3o \u00e9 permitida a matr\u00edcula em disciplinas quando houver colis\u00e3o total ou parcial de hor\u00e1rios. Como solicitar? Etapas Respons\u00e1vel Procedimento Estudante &#8211; Solicitar corre\u00e7\u00e3o de matr\u00edcula no [&hellip;]<\/p>\n","protected":false},"author":341,"featured_media":0,"parent":6277,"menu_order":0,"comment_status":"closed","ping_status":"closed","template":"","meta":{"advanced_seo_description":"","jetpack_seo_html_title":"","jetpack_seo_noindex":false,"jetpack_post_was_ever_published":false,"footnotes":""},"class_list":["post-2554","page","type-page","status-publish","hentry"],"jetpack_sharing_enabled":true,"jetpack_shortlink":"https:\/\/wp.me\/P70cyI-Fc","jetpack-related-posts":[],"_links":{"self":[{"href":"https:\/\/wp.ufpel.edu.br\/cra\/wp-json\/wp\/v2\/pages\/2554","targetHints":{"allow":["GET"]}}],"collection":[{"href":"https:\/\/wp.ufpel.edu.br\/cra\/wp-json\/wp\/v2\/pages"}],"about":[{"href":"https:\/\/wp.ufpel.edu.br\/cra\/wp-json\/wp\/v2\/types\/page"}],"author":[{"embeddable":true,"href":"https:\/\/wp.ufpel.edu.br\/cra\/wp-json\/wp\/v2\/users\/341"}],"replies":[{"embeddable":true,"href":"https:\/\/wp.ufpel.edu.br\/cra\/wp-json\/wp\/v2\/comments?post=2554"}],"version-history":[{"count":3,"href":"https:\/\/wp.ufpel.edu.br\/cra\/wp-json\/wp\/v2\/pages\/2554\/revisions"}],"predecessor-version":[{"id":12122,"href":"https:\/\/wp.ufpel.edu.br\/cra\/wp-json\/wp\/v2\/pages\/2554\/revisions\/12122"}],"up":[{"embeddable":true,"href":"https:\/\/wp.ufpel.edu.br\/cra\/wp-json\/wp\/v2\/pages\/6277"}],"wp:attachment":[{"href":"https:\/\/wp.ufpel.edu.br\/cra\/wp-json\/wp\/v2\/media?parent=2554"}],"curies":[{"name":"wp","href":"https:\/\/api.w.org\/{rel}","templated":true}]}}