{"id":2545,"date":"2018-10-11T12:47:57","date_gmt":"2018-10-11T15:47:57","guid":{"rendered":"https:\/\/wp.ufpel.edu.br\/cra\/?page_id=2545"},"modified":"2025-08-22T16:25:58","modified_gmt":"2025-08-22T19:25:58","slug":"matricula","status":"publish","type":"page","link":"https:\/\/wp.ufpel.edu.br\/cra\/informacoes-academicas\/matricula\/","title":{"rendered":"Matr\u00edculas"},"content":{"rendered":"\n<ul class=\"wp-block-list\">\n<li><strong><a href=\"https:\/\/wp.ufpel.edu.br\/cra\/informacoes-academicas\/correcao-de-matricula\/\">Corre\u00e7\u00e3o de Matr\u00edcula<\/a><\/strong><\/li>\n\n\n\n<li><strong><a href=\"https:\/\/wp.ufpel.edu.br\/cra\/informacoes-academicas\/matricula-de-ingressantes\/\">Matr\u00edcula de Ingressantes<\/a><\/strong><\/li>\n\n\n\n<li><strong><a href=\"https:\/\/wp.ufpel.edu.br\/cra\/informacoes-academicas\/matricula-especial\/\">Matr\u00edcula Especial<\/a><\/strong><\/li>\n\n\n\n<li><strong><a href=\"https:\/\/wp.ufpel.edu.br\/cra\/informacoes-academicas\/rematricula\/\">Rematr\u00edcula<\/a><\/strong><\/li>\n<\/ul>\n\n\n\n<p class=\"has-16-undefined-undefined-font-size\">A matr\u00edcula \u00e9 <strong>obrigat\u00f3ria <\/strong>em cada per\u00edodo letivo previsto para o funcionamento do curso,<br>A aus\u00eancia de matr\u00edcula em um per\u00edodo letivo poder\u00e1 implicar no <strong>desligamento<\/strong> do curso por abandono.<\/p>\n","protected":false},"excerpt":{"rendered":"<p>A matr\u00edcula \u00e9 obrigat\u00f3ria em cada per\u00edodo letivo previsto para o funcionamento do curso,A aus\u00eancia de matr\u00edcula em um per\u00edodo letivo poder\u00e1 implicar no desligamento do curso por abandono.<\/p>\n","protected":false},"author":341,"featured_media":0,"parent":6277,"menu_order":0,"comment_status":"closed","ping_status":"closed","template":"","meta":{"advanced_seo_description":"","jetpack_seo_html_title":"","jetpack_seo_noindex":false,"jetpack_post_was_ever_published":false,"footnotes":""},"class_list":["post-2545","page","type-page","status-publish","hentry"],"jetpack_sharing_enabled":true,"jetpack_shortlink":"https:\/\/wp.me\/P70cyI-F3","jetpack-related-posts":[],"_links":{"self":[{"href":"https:\/\/wp.ufpel.edu.br\/cra\/wp-json\/wp\/v2\/pages\/2545","targetHints":{"allow":["GET"]}}],"collection":[{"href":"https:\/\/wp.ufpel.edu.br\/cra\/wp-json\/wp\/v2\/pages"}],"about":[{"href":"https:\/\/wp.ufpel.edu.br\/cra\/wp-json\/wp\/v2\/types\/page"}],"author":[{"embeddable":true,"href":"https:\/\/wp.ufpel.edu.br\/cra\/wp-json\/wp\/v2\/users\/341"}],"replies":[{"embeddable":true,"href":"https:\/\/wp.ufpel.edu.br\/cra\/wp-json\/wp\/v2\/comments?post=2545"}],"version-history":[{"count":3,"href":"https:\/\/wp.ufpel.edu.br\/cra\/wp-json\/wp\/v2\/pages\/2545\/revisions"}],"predecessor-version":[{"id":11894,"href":"https:\/\/wp.ufpel.edu.br\/cra\/wp-json\/wp\/v2\/pages\/2545\/revisions\/11894"}],"up":[{"embeddable":true,"href":"https:\/\/wp.ufpel.edu.br\/cra\/wp-json\/wp\/v2\/pages\/6277"}],"wp:attachment":[{"href":"https:\/\/wp.ufpel.edu.br\/cra\/wp-json\/wp\/v2\/media?parent=2545"}],"curies":[{"name":"wp","href":"https:\/\/api.w.org\/{rel}","templated":true}]}}