{"id":2540,"date":"2018-10-11T12:44:35","date_gmt":"2018-10-11T15:44:35","guid":{"rendered":"https:\/\/wp.ufpel.edu.br\/cra\/?page_id=2540"},"modified":"2025-09-23T11:45:05","modified_gmt":"2025-09-23T14:45:05","slug":"abono-de-faltas","status":"publish","type":"page","link":"https:\/\/wp.ufpel.edu.br\/cra\/informacoes-academicas\/abono-de-faltas\/","title":{"rendered":"Abono de faltas"},"content":{"rendered":"\n<h2 class=\"wp-block-heading\" style=\"font-size:16px\"><strong>O que \u00e9?<\/strong><\/h2>\n\n\n\n<p>\u00c9 a justificativa legal para aus\u00eancia de um estudante em atividades acad\u00eamicas, sem que isso conte como falta em seu registro de frequ\u00eancia.<\/p>\n\n\n\n<p>O abono \u00e9 concedido apenas nas situa\u00e7\u00f5es espec\u00edficas previstas em lei, mediante a apresenta\u00e7\u00e3o de documento comprobat\u00f3rio.<\/p>\n\n\n\n<h2 class=\"wp-block-heading\" style=\"font-size:16px\"><strong>Quem pode solicitar?<\/strong><\/h2>\n\n\n\n<ul class=\"wp-block-list has-16-undefined-undefined-font-size\">\n<li><strong><strong>Beneficiados com Exerc\u00edcios Domiciliares<\/strong>:<\/strong> Discente contemplado com a possibilidade de Exerc\u00edcios Domiciliares;<\/li>\n\n\n\n<li><strong>Representa\u00e7\u00e3o Estudantil na UFPel<\/strong>: Discente representante em inst\u00e2ncias superiores institucionais da UFPel, mediante portaria.<\/li>\n\n\n\n<li><strong>Representa\u00e7\u00e3o Estudantil na<\/strong> <strong>CONAES<\/strong>: Discente membro da Comiss\u00e3o Nacional de Avalia\u00e7\u00e3o da Educa\u00e7\u00e3o Superior, que tenha participado de reuni\u00f5es em hor\u00e1rios coincidentes com os das atividades acad\u00eamicas;<\/li>\n\n\n\n<li><strong>Representa\u00e7\u00e3o Esportiva Nacional:<\/strong> Discente que integrar representa\u00e7\u00e3o desportiva nacional;<\/li>\n\n\n\n<li><strong>Servi\u00e7o Militar:<\/strong> Discente matriculado em \u00d3rg\u00e3o de Forma\u00e7\u00e3o de Reserva (Servi\u00e7o Militar) que seja obrigado a faltar em suas atividades civis por for\u00e7a de exerc\u00edcios ou manobras, ou reservista convocado para apresenta\u00e7\u00f5es ou cerim\u00f4nias c\u00edvicas;<\/li>\n<\/ul>\n\n\n\n<h2 class=\"wp-block-heading\" style=\"font-size:16px\"><strong>Como solicitar?<\/strong><\/h2>\n\n\n\n<p class=\"has-16-undefined-undefined-font-size\">O estudante dever\u00e1 entregar documento que comprove as situa\u00e7\u00f5es previstas para o abono de faltas no <strong>colegiado do curso<\/strong>.<\/p>\n\n\n\n<h2 class=\"wp-block-heading\" style=\"font-size:16px\"><strong>Etapas<\/strong><\/h2>\n\n\n\n<figure class=\"wp-block-table is-style-stripes\"><table><thead><tr><th class=\"has-text-align-left\" data-align=\"left\"><strong>Respons\u00e1vel<\/strong><\/th><th class=\"has-text-align-left\" data-align=\"left\"><strong>Procedimento<\/strong><\/th><\/tr><\/thead><tbody><tr><td class=\"has-text-align-left\" data-align=\"left\">Estudante<\/td><td class=\"has-text-align-left\" data-align=\"left\">&#8211; Entregar documenta\u00e7\u00e3o no colegiado do curso<\/td><\/tr><tr><td class=\"has-text-align-left\" data-align=\"left\">Colegiado<\/td><td class=\"has-text-align-left\" data-align=\"left\">&#8211; Avaliar e emitir o parecer;<br>&#8211; Encaminhar ao docente para ci\u00eancia.<\/td><\/tr><tr><td class=\"has-text-align-left\" data-align=\"left\">Docente<\/td><td class=\"has-text-align-left\" data-align=\"left\">&#8211; Informar o aproveitamento acad\u00eamico (no fechamento da turma ou por FPIN)<\/td><\/tr><\/tbody><\/table><\/figure>\n\n\n\n<h2 class=\"wp-block-heading\" style=\"font-size:16px\"><strong>Base legal:<\/strong><\/h2>\n\n\n\n<p><a href=\"http:\/\/www.planalto.gov.br\/ccivil_03\/leis\/L4375.htm\">Lei Federal N\u00b0 4.375\/1964<\/a><br><a href=\"http:\/\/www.planalto.gov.br\/ccivil_03\/LEIS\/L9394.htm\">Lei Federal N\u00b0 9.394\/1996<\/a><br><a href=\"http:\/\/www.planalto.gov.br\/ccivil_03\/leis\/L9615consol.htm\">Lei Federal N\u00b0 9.615\/1998<\/a><br><a href=\"https:\/\/www.planalto.gov.br\/ccivil_03\/decreto-lei\/Del1044.htm\">Decreto-lei N\u00b0 1.044\/1969<\/a><\/p>\n","protected":false},"excerpt":{"rendered":"<p>O que \u00e9? \u00c9 a justificativa legal para aus\u00eancia de um estudante em atividades acad\u00eamicas, sem que isso conte como falta em seu registro de frequ\u00eancia. O abono \u00e9 concedido apenas nas situa\u00e7\u00f5es espec\u00edficas previstas em lei, mediante a apresenta\u00e7\u00e3o de documento comprobat\u00f3rio. Quem pode solicitar? Como solicitar? O estudante dever\u00e1 entregar documento que comprove [&hellip;]<\/p>\n","protected":false},"author":341,"featured_media":0,"parent":6277,"menu_order":0,"comment_status":"closed","ping_status":"closed","template":"","meta":{"advanced_seo_description":"","jetpack_seo_html_title":"","jetpack_seo_noindex":false,"jetpack_post_was_ever_published":false,"footnotes":""},"class_list":["post-2540","page","type-page","status-publish","hentry"],"jetpack_sharing_enabled":true,"jetpack_shortlink":"https:\/\/wp.me\/P70cyI-EY","jetpack-related-posts":[],"_links":{"self":[{"href":"https:\/\/wp.ufpel.edu.br\/cra\/wp-json\/wp\/v2\/pages\/2540","targetHints":{"allow":["GET"]}}],"collection":[{"href":"https:\/\/wp.ufpel.edu.br\/cra\/wp-json\/wp\/v2\/pages"}],"about":[{"href":"https:\/\/wp.ufpel.edu.br\/cra\/wp-json\/wp\/v2\/types\/page"}],"author":[{"embeddable":true,"href":"https:\/\/wp.ufpel.edu.br\/cra\/wp-json\/wp\/v2\/users\/341"}],"replies":[{"embeddable":true,"href":"https:\/\/wp.ufpel.edu.br\/cra\/wp-json\/wp\/v2\/comments?post=2540"}],"version-history":[{"count":3,"href":"https:\/\/wp.ufpel.edu.br\/cra\/wp-json\/wp\/v2\/pages\/2540\/revisions"}],"predecessor-version":[{"id":12130,"href":"https:\/\/wp.ufpel.edu.br\/cra\/wp-json\/wp\/v2\/pages\/2540\/revisions\/12130"}],"up":[{"embeddable":true,"href":"https:\/\/wp.ufpel.edu.br\/cra\/wp-json\/wp\/v2\/pages\/6277"}],"wp:attachment":[{"href":"https:\/\/wp.ufpel.edu.br\/cra\/wp-json\/wp\/v2\/media?parent=2540"}],"curies":[{"name":"wp","href":"https:\/\/api.w.org\/{rel}","templated":true}]}}