{"id":2536,"date":"2018-10-11T12:42:26","date_gmt":"2018-10-11T15:42:26","guid":{"rendered":"https:\/\/wp.ufpel.edu.br\/cra\/?page_id=2536"},"modified":"2025-09-23T11:43:16","modified_gmt":"2025-09-23T14:43:16","slug":"equivalencia-entre-componentes-curriculares","status":"publish","type":"page","link":"https:\/\/wp.ufpel.edu.br\/cra\/informacoes-academicas\/equivalencia-entre-componentes-curriculares\/","title":{"rendered":"Equival\u00eancia entre componentes curriculares"},"content":{"rendered":"\n<h2 class=\"wp-block-heading\" style=\"font-size:16px\"><strong>O que \u00e9?<\/strong><\/h2>\n\n\n\n<p><span style=\"font-weight: 400;\">O colegiado de curso poder\u00e1 prever equival\u00eancia entre componentes curriculares nas regras de transi\u00e7\u00e3o curricular. O cadastro das equival\u00eancias deve ser solicitado pelo colegiado do curso, conforme previsto no Regulamento de Ensino de Gradua\u00e7\u00e3o.<\/span><\/p>\n\n\n\n<p class=\"has-16-undefined-undefined-font-size\"><span style=\"font-weight: 400;\"><strong>N\u00e3o <\/strong>\u00e9 necess\u00e1rio solicitar aproveitamento de estudos para componentes curriculares cadastrados como equivalentes.<\/span><\/p>\n\n\n\n<h2 class=\"wp-block-heading has-16-undefined-undefined-font-size\" style=\"font-size:16px\"><strong>Etapas<\/strong><\/h2>\n\n\n\n<figure class=\"wp-block-table is-style-stripes\"><table><thead><tr><th class=\"has-text-align-left\" data-align=\"left\"><strong>Respons\u00e1vel<\/strong><\/th><th class=\"has-text-align-left\" data-align=\"left\"><strong>Procedimento<\/strong><\/th><\/tr><\/thead><tbody><tr><td class=\"has-text-align-left\" data-align=\"left\">Colegiado<\/td><td class=\"has-text-align-left\" data-align=\"left\">&#8211; <span style=\"font-weight: 400;\">Informar, via <strong>SEI<\/strong>, os c\u00f3digos dos componentes curriculares equivalentes e a vers\u00e3o curricular na qual dever\u00e1 ser registrada a equival\u00eancia<\/span>;<\/td><\/tr><tr><td class=\"has-text-align-left\" data-align=\"left\">CRA<\/td><td class=\"has-text-align-left\" data-align=\"left\">&#8211; Registrar equival\u00eancia no <strong>Cobalto<\/strong>.<\/td><\/tr><\/tbody><\/table><\/figure>\n","protected":false},"excerpt":{"rendered":"<p>O que \u00e9? O colegiado de curso poder\u00e1 prever equival\u00eancia entre componentes curriculares nas regras de transi\u00e7\u00e3o curricular. O cadastro das equival\u00eancias deve ser solicitado pelo colegiado do curso, conforme previsto no Regulamento de Ensino de Gradua\u00e7\u00e3o. N\u00e3o \u00e9 necess\u00e1rio solicitar aproveitamento de estudos para componentes curriculares cadastrados como equivalentes. Etapas Respons\u00e1vel Procedimento Colegiado &#8211; [&hellip;]<\/p>\n","protected":false},"author":341,"featured_media":0,"parent":6277,"menu_order":0,"comment_status":"closed","ping_status":"closed","template":"","meta":{"advanced_seo_description":"","jetpack_seo_html_title":"","jetpack_seo_noindex":false,"jetpack_post_was_ever_published":false,"footnotes":""},"class_list":["post-2536","page","type-page","status-publish","hentry"],"jetpack_sharing_enabled":true,"jetpack_shortlink":"https:\/\/wp.me\/P70cyI-EU","jetpack-related-posts":[],"_links":{"self":[{"href":"https:\/\/wp.ufpel.edu.br\/cra\/wp-json\/wp\/v2\/pages\/2536","targetHints":{"allow":["GET"]}}],"collection":[{"href":"https:\/\/wp.ufpel.edu.br\/cra\/wp-json\/wp\/v2\/pages"}],"about":[{"href":"https:\/\/wp.ufpel.edu.br\/cra\/wp-json\/wp\/v2\/types\/page"}],"author":[{"embeddable":true,"href":"https:\/\/wp.ufpel.edu.br\/cra\/wp-json\/wp\/v2\/users\/341"}],"replies":[{"embeddable":true,"href":"https:\/\/wp.ufpel.edu.br\/cra\/wp-json\/wp\/v2\/comments?post=2536"}],"version-history":[{"count":3,"href":"https:\/\/wp.ufpel.edu.br\/cra\/wp-json\/wp\/v2\/pages\/2536\/revisions"}],"predecessor-version":[{"id":12128,"href":"https:\/\/wp.ufpel.edu.br\/cra\/wp-json\/wp\/v2\/pages\/2536\/revisions\/12128"}],"up":[{"embeddable":true,"href":"https:\/\/wp.ufpel.edu.br\/cra\/wp-json\/wp\/v2\/pages\/6277"}],"wp:attachment":[{"href":"https:\/\/wp.ufpel.edu.br\/cra\/wp-json\/wp\/v2\/media?parent=2536"}],"curies":[{"name":"wp","href":"https:\/\/api.w.org\/{rel}","templated":true}]}}