{"id":2525,"date":"2018-10-11T12:31:18","date_gmt":"2018-10-11T15:31:18","guid":{"rendered":"https:\/\/wp.ufpel.edu.br\/cra\/?page_id=2525"},"modified":"2023-05-15T10:33:50","modified_gmt":"2023-05-15T13:33:50","slug":"apostilamento","status":"publish","type":"page","link":"https:\/\/wp.ufpel.edu.br\/cra\/informacoes-academicas\/apostilamento\/","title":{"rendered":"Apostilamento"},"content":{"rendered":"\n<p class=\"has-16-undefined-undefined-font-size\"><strong>(<\/strong><strong>Somente para diplomas <\/strong><strong>de Gradua\u00e7\u00e3o<\/strong> <strong>expedidos<\/strong><strong> at\u00e9 31\/12\/2021. Diplomas de P\u00f3s-Gradua\u00e7\u00e3o s\u00f3 podem ter apostila de dados de identifica\u00e7\u00e3o.<\/strong><strong>)<\/strong><\/p>\n\n\n\n<p class=\"has-16-undefined-undefined-font-size\"><b>Defini\u00e7\u00e3o<\/b><br><span style=\"font-weight: 400;\">Apostilas s\u00e3o anota\u00e7\u00f5es no verso do diploma j\u00e1 registrado, que dizem respeito \u00e0 identifica\u00e7\u00e3o do diplomado ou \u00e0 atribui\u00e7\u00e3o de habilita\u00e7\u00e3o, linha de forma\u00e7\u00e3o ou \u00eanfase.<\/span><\/p>\n\n\n\n<p class=\"has-16-undefined-undefined-font-size\"><span style=\"font-weight: 400;\">S\u00e3o casos para apostilamento de identifica\u00e7\u00e3o do diplomado:<\/span><br><span style=\"font-weight: 400;\">I \u2013 mudan\u00e7a de nome por casamento, div\u00f3rcio, reconhecimento de paternidade, ou decis\u00e3o judicial;<\/span><br><span style=\"font-weight: 400;\">II \u2013 naturaliza\u00e7\u00e3o;<\/span><br><span style=\"font-weight: 400;\">III \u2013 altera\u00e7\u00e3o da c\u00e9dula de identidade.<\/span><\/p>\n\n\n\n<p class=\"has-16-undefined-undefined-font-size\"><span style=\"font-weight: 400;\">S\u00e3o casos para apostilamento de habilita\u00e7\u00e3o, linha de forma\u00e7\u00e3o ou \u00eanfase:<\/span><br><span style=\"font-weight: 400;\">I \u2013 para os casos previstos no Projeto Pedag\u00f3gico do Curso e conforme legisla\u00e7\u00e3o vigente;<\/span><br><span style=\"font-weight: 400;\">II \u2013 por decis\u00e3o judicial ou administrativa em que se comprove em ato processual a validade do registro.<\/span><\/p>\n\n\n\n<p class=\"has-16-undefined-undefined-font-size\"><b>Como Solicitar<\/b><br><span style=\"font-weight: 400;\">Os pedidos de apostilamento de diploma podem ser solicitados na CRA, mediante pagamento de taxa, entrega de documentos que comprovem a nova situa\u00e7\u00e3o e entrega do diploma para apostilar.<\/span><br><span style=\"font-weight: 400;\">A solicita\u00e7\u00e3o poder\u00e1 ser realizada pelo egresso ou seu procurador legal, presencialmente ou pelo correio.<\/span><\/p>\n\n\n\n<p class=\"has-16-undefined-undefined-font-size\"><b>Documentos para apostilamento:<\/b><\/p>\n\n\n<style>.wp-block-kadence-iconlist.kt-svg-icon-list-items_123a69-e6:not(.this-stops-third-party-issues){margin-top:0px;margin-bottom:0px;}.wp-block-kadence-iconlist.kt-svg-icon-list-items_123a69-e6 ul.kt-svg-icon-list:not(.this-prevents-issues):not(.this-stops-third-party-issues):not(.tijsloc){margin-top:0px;margin-right:0px;margin-bottom:10px;margin-left:0px;}.wp-block-kadence-iconlist.kt-svg-icon-list-items_123a69-e6 ul.kt-svg-icon-list{grid-row-gap:5px;}.wp-block-kadence-iconlist.kt-svg-icon-list-items_123a69-e6 ul.kt-svg-icon-list .kt-svg-icon-list-item-wrap .kt-svg-icon-list-single{margin-right:10px;}.kt-svg-icon-list-items_123a69-e6 ul.kt-svg-icon-list .kt-svg-icon-list-item-wrap, .kt-svg-icon-list-items_123a69-e6 ul.kt-svg-icon-list .kt-svg-icon-list-item-wrap a{font-size:16px;}<\/style>\n<div class=\"wp-block-kadence-iconlist kt-svg-icon-list-items kt-svg-icon-list-items_123a69-e6 kt-svg-icon-list-columns-1 alignnone\"><ul class=\"kt-svg-icon-list\"><style>.kt-svg-icon-list-item-_5c6456-9c .kt-svg-icon-list-single{font-size:16px !important;padding:5px !important;border-width:1px !important;}.kt-svg-icon-list-item-_5c6456-9c .kt-svg-icon-list-text mark.kt-highlight{background-color:unset;font-style:normal;color:#f76a0c;-webkit-box-decoration-break:clone;box-decoration-break:clone;padding-top:0px;padding-right:0px;padding-bottom:0px;padding-left:0px;}<\/style>\n<li class=\"wp-block-kadence-listitem kt-svg-icon-list-item-wrap kt-svg-icon-list-item-_5c6456-9c kt-svg-icon-list-style-stacked\"><span class=\"kb-svg-icon-wrap kb-svg-icon-fe_checkCircle kt-svg-icon-list-single\"><svg viewBox=\"0 0 24 24\"  fill=\"none\" stroke=\"currentColor\" stroke-width=\"2\" stroke-linecap=\"round\" stroke-linejoin=\"round\" xmlns=\"http:\/\/www.w3.org\/2000\/svg\"  aria-hidden=\"true\"><path d=\"M22 11.08V12a10 10 0 1 1-5.93-9.14\"\/><polyline points=\"22 4 12 14.01 9 11.01\"\/><\/svg><\/span><span class=\"kt-svg-icon-list-text\"><span style=\"font-weight: 400;\">Diploma original.<\/span><\/span><\/li>\n\n\n<style>.kt-svg-icon-list-item-_f9fdf4-9d .kt-svg-icon-list-single{font-size:16px !important;padding:5px !important;border-width:1px !important;}.kt-svg-icon-list-item-_f9fdf4-9d .kt-svg-icon-list-text mark.kt-highlight{background-color:unset;font-style:normal;color:#f76a0c;-webkit-box-decoration-break:clone;box-decoration-break:clone;padding-top:0px;padding-right:0px;padding-bottom:0px;padding-left:0px;}<\/style>\n<li class=\"wp-block-kadence-listitem kt-svg-icon-list-item-wrap kt-svg-icon-list-item-_f9fdf4-9d kt-svg-icon-list-style-stacked\"><span class=\"kb-svg-icon-wrap kb-svg-icon-fe_checkCircle kt-svg-icon-list-single\"><svg viewBox=\"0 0 24 24\"  fill=\"none\" stroke=\"currentColor\" stroke-width=\"2\" stroke-linecap=\"round\" stroke-linejoin=\"round\" xmlns=\"http:\/\/www.w3.org\/2000\/svg\"  aria-hidden=\"true\"><path d=\"M22 11.08V12a10 10 0 1 1-5.93-9.14\"\/><polyline points=\"22 4 12 14.01 9 11.01\"\/><\/svg><\/span><span class=\"kt-svg-icon-list-text\"><span style=\"font-weight: 400;\">C\u00f3pia simples da C\u00e9dula de identidade<\/span> <span style=\"font-weight: 400;\">(RG ou RNE). O RG \u00e9 a c\u00e9dula de identifica\u00e7\u00e3o emitida pelos \u00f3rg\u00e3os de seguran\u00e7a p\u00fablica, n\u00e3o ser\u00e1 aceito outro documento.<\/span><\/span><\/li>\n\n\n<style>.kt-svg-icon-list-item-_9f38cf-62 .kt-svg-icon-list-single{font-size:16px !important;padding:5px !important;border-width:1px !important;}.kt-svg-icon-list-item-_9f38cf-62 .kt-svg-icon-list-text mark.kt-highlight{background-color:unset;font-style:normal;color:#f76a0c;-webkit-box-decoration-break:clone;box-decoration-break:clone;padding-top:0px;padding-right:0px;padding-bottom:0px;padding-left:0px;}<\/style>\n<li class=\"wp-block-kadence-listitem kt-svg-icon-list-item-wrap kt-svg-icon-list-item-_9f38cf-62 kt-svg-icon-list-style-stacked\"><span class=\"kb-svg-icon-wrap kb-svg-icon-fe_checkCircle kt-svg-icon-list-single\"><svg viewBox=\"0 0 24 24\"  fill=\"none\" stroke=\"currentColor\" stroke-width=\"2\" stroke-linecap=\"round\" stroke-linejoin=\"round\" xmlns=\"http:\/\/www.w3.org\/2000\/svg\"  aria-hidden=\"true\"><path d=\"M22 11.08V12a10 10 0 1 1-5.93-9.14\"\/><polyline points=\"22 4 12 14.01 9 11.01\"\/><\/svg><\/span><span class=\"kt-svg-icon-list-text\"><span style=\"font-weight: 400;\">Procura\u00e7\u00e3o (para solicita\u00e7\u00f5es realizadas por representante do diplomado).<\/span><\/span><\/li>\n<\/ul><\/div>\n\n\n\n<p class=\"has-16-undefined-undefined-font-size\"><strong>Requerimento<\/strong><br><a href=\"https:\/\/drive.google.com\/uc?export=view&amp;id=1Wa3oIL0-R2VNBKG3dNNSzevwXbcStx2I\">Requerimento de apostilamento<\/a><\/p>\n\n\n<style>.wp-block-kadence-advancedbtn.kt-btns_616723-de, .site .entry-content .wp-block-kadence-advancedbtn.kt-btns_616723-de, .wp-block-kadence-advancedbtn.kb-btns_616723-de, .site .entry-content .wp-block-kadence-advancedbtn.kb-btns_616723-de{margin-top:10px;}.wp-block-kadence-advancedbtn.kb-btns_616723-de{gap:var(--global-kb-gap-xs, 0.5rem );justify-content:center;align-items:center;}.kt-btns_616723-de .kt-button{font-weight:normal;font-style:normal;}@media all and (max-width: 1024px){.wp-block-kadence-advancedbtn.kb-btns_616723-de{justify-content:center;}}@media all and (max-width: 767px){.wp-block-kadence-advancedbtn.kb-btns_616723-de{justify-content:center;}}<\/style>\n<div class=\"wp-block-kadence-advancedbtn kb-buttons-wrap kb-btns_616723-de\"><style>ul.menu .wp-block-kadence-advancedbtn .kb-btn_901cf3-10.kb-button{width:initial;}.wp-block-kadence-advancedbtn .kb-btn_901cf3-10.kb-button{color:#ffa900;background:#ffffff;font-size:nonepx;font-family:Raleway;font-weight:400;border-top-left-radius:20px;border-top-right-radius:20px;border-bottom-right-radius:20px;border-bottom-left-radius:20px;border-top:1px solid #ffa900;border-right:1px solid #ffa900;border-bottom:1px solid #ffa900;border-left:1px solid #ffa900;}.wp-block-kadence-advancedbtn .kb-btn_901cf3-10.kb-button:hover, .wp-block-kadence-advancedbtn .kb-btn_901cf3-10.kb-button:focus{color:#ffffff;background:#ffa900;border-top-color:#ffa900;border-top-style:solid;border-right-color:#ffa900;border-right-style:solid;border-bottom-color:#ffa900;border-bottom-style:solid;border-left-color:#ffa900;border-left-style:solid;}@media all and (max-width: 1024px){.wp-block-kadence-advancedbtn .kb-btn_901cf3-10.kb-button{border-top:1px solid #ffa900;border-right:1px solid #ffa900;border-bottom:1px solid #ffa900;border-left:1px solid #ffa900;}}@media all and (max-width: 1024px){.wp-block-kadence-advancedbtn .kb-btn_901cf3-10.kb-button:hover, .wp-block-kadence-advancedbtn .kb-btn_901cf3-10.kb-button:focus{border-top-color:#ffa900;border-top-style:solid;border-right-color:#ffa900;border-right-style:solid;border-bottom-color:#ffa900;border-bottom-style:solid;border-left-color:#ffa900;border-left-style:solid;}}@media all and (max-width: 767px){.wp-block-kadence-advancedbtn .kb-btn_901cf3-10.kb-button{border-top:1px solid #ffa900;border-right:1px solid #ffa900;border-bottom:1px solid #ffa900;border-left:1px solid #ffa900;}.wp-block-kadence-advancedbtn .kb-btn_901cf3-10.kb-button:hover, .wp-block-kadence-advancedbtn .kb-btn_901cf3-10.kb-button:focus{border-top-color:#ffa900;border-top-style:solid;border-right-color:#ffa900;border-right-style:solid;border-bottom-color:#ffa900;border-bottom-style:solid;border-left-color:#ffa900;border-left-style:solid;}}<\/style><a class=\"kb-button kt-button button kb-btn_901cf3-10 kt-btn-size-standard kt-btn-width-type-auto kb-btn-global-outline  kt-btn-has-text-true kt-btn-has-svg-false  wp-block-kadence-singlebtn\" href=\"https:\/\/wp.ufpel.edu.br\/perguntas\/solicitar-atendimento\/\"><span class=\"kt-btn-inner-text\"><strong>Solicitar atendimento<\/strong><\/span><\/a><\/div>\n\n\n\n<hr class=\"wp-block-separator has-alpha-channel-opacity\"\/>\n\n\n\n<p class=\"has-16-undefined-undefined-font-size\"><span style=\"font-weight: 400;\">Nota: Para o atendimento online \u00e9 necess\u00e1rio que a solicita\u00e7\u00e3o seja acompanhada da carteira de identidade digitalizada do requerente.<\/span><\/p>\n\n\n\n<p class=\"has-16-undefined-undefined-font-size\"><strong>Fluxograma<br><\/strong><strong>1. Apostilamento de identifica\u00e7\u00e3o do diplomado<\/strong><\/p>\n\n\n\n<figure class=\"wp-block-table is-style-stripes\"><table><tbody><tr><td>Respons\u00e1vel<\/td><td>Procedimento<\/td><\/tr><tr><td>Egresso ou seu procurador<\/td><td>&#8211; Preencher e assinar o requerimento de apostilamento;<br>&#8211; Anexar comprovante de pagamento da taxa;<br>&#8211; Anexar os documentos para apostilamento;<br>&#8211; Entregar solicita\u00e7\u00e3o na CRA.<\/td><\/tr><tr><td>CRA<\/td><td>&#8211; Receber solicita\u00e7\u00e3o;<br>&#8211; Registrar apostilamento;<br>&#8211; Entregar diploma com apostilamento ao egresso ou seu procurador.<\/td><\/tr><\/tbody><\/table><\/figure>\n\n\n\n<p class=\"has-16-undefined-undefined-font-size\"><strong>2. Apostilamento de habilita\u00e7\u00e3o, linha de forma\u00e7\u00e3o ou \u00eanfase &#8211; somente Gradua\u00e7\u00e3o<\/strong><\/p>\n\n\n\n<figure class=\"wp-block-table is-style-stripes\"><table><tbody><tr><td>Respons\u00e1vel<\/td><td>Procedimento<\/td><\/tr><tr><td>Egresso ou seu procurador<\/td><td>&#8211; Preencher e assinar o requerimento de apostilamento;<br>&#8211; Anexar comprovante de pagamento da taxa;<br>&#8211; Anexar os documentos para apostilamento;<br>&#8211; Entregar solicita\u00e7\u00e3o na CRA.<\/td><\/tr><tr><td>CRA<\/td><td>&#8211; Receber solicita\u00e7\u00e3o;<br>&#8211; Registrar apostilamento;<br>&#8211; Enviar \u00e0 Dire\u00e7\u00e3o da Unidade Acad\u00eamica respons\u00e1vel pelo curso.<\/td><\/tr><tr><td>Dire\u00e7\u00e3o da Unidade Acad\u00eamica respons\u00e1vel pelo curso<\/td><td>&#8211; Assinar apostila;<br>&#8211; Entregar diploma com apostilamento ao egresso ou seu procurador.<\/td><\/tr><\/tbody><\/table><\/figure>\n","protected":false},"excerpt":{"rendered":"<p>(Somente para diplomas de Gradua\u00e7\u00e3o expedidos at\u00e9 31\/12\/2021. Diplomas de P\u00f3s-Gradua\u00e7\u00e3o s\u00f3 podem ter apostila de dados de identifica\u00e7\u00e3o.) Defini\u00e7\u00e3oApostilas s\u00e3o anota\u00e7\u00f5es no verso do diploma j\u00e1 registrado, que dizem respeito \u00e0 identifica\u00e7\u00e3o do diplomado ou \u00e0 atribui\u00e7\u00e3o de habilita\u00e7\u00e3o, linha de forma\u00e7\u00e3o ou \u00eanfase. S\u00e3o casos para apostilamento de identifica\u00e7\u00e3o do diplomado:I \u2013 mudan\u00e7a [&hellip;]<\/p>\n","protected":false},"author":341,"featured_media":0,"parent":6277,"menu_order":0,"comment_status":"closed","ping_status":"closed","template":"","meta":{"advanced_seo_description":"","jetpack_seo_html_title":"","jetpack_seo_noindex":false,"jetpack_post_was_ever_published":false,"footnotes":""},"class_list":["post-2525","page","type-page","status-publish","hentry"],"jetpack_sharing_enabled":true,"jetpack_shortlink":"https:\/\/wp.me\/P70cyI-EJ","jetpack-related-posts":[],"_links":{"self":[{"href":"https:\/\/wp.ufpel.edu.br\/cra\/wp-json\/wp\/v2\/pages\/2525","targetHints":{"allow":["GET"]}}],"collection":[{"href":"https:\/\/wp.ufpel.edu.br\/cra\/wp-json\/wp\/v2\/pages"}],"about":[{"href":"https:\/\/wp.ufpel.edu.br\/cra\/wp-json\/wp\/v2\/types\/page"}],"author":[{"embeddable":true,"href":"https:\/\/wp.ufpel.edu.br\/cra\/wp-json\/wp\/v2\/users\/341"}],"replies":[{"embeddable":true,"href":"https:\/\/wp.ufpel.edu.br\/cra\/wp-json\/wp\/v2\/comments?post=2525"}],"version-history":[{"count":19,"href":"https:\/\/wp.ufpel.edu.br\/cra\/wp-json\/wp\/v2\/pages\/2525\/revisions"}],"predecessor-version":[{"id":8687,"href":"https:\/\/wp.ufpel.edu.br\/cra\/wp-json\/wp\/v2\/pages\/2525\/revisions\/8687"}],"up":[{"embeddable":true,"href":"https:\/\/wp.ufpel.edu.br\/cra\/wp-json\/wp\/v2\/pages\/6277"}],"wp:attachment":[{"href":"https:\/\/wp.ufpel.edu.br\/cra\/wp-json\/wp\/v2\/media?parent=2525"}],"curies":[{"name":"wp","href":"https:\/\/api.w.org\/{rel}","templated":true}]}}