{"id":2521,"date":"2018-10-11T12:26:51","date_gmt":"2018-10-11T15:26:51","guid":{"rendered":"https:\/\/wp.ufpel.edu.br\/cra\/?page_id=2521"},"modified":"2025-09-19T15:37:27","modified_gmt":"2025-09-19T18:37:27","slug":"atestado-de-matricula","status":"publish","type":"page","link":"https:\/\/wp.ufpel.edu.br\/cra\/informacoes-academicas\/atestado-de-matricula\/","title":{"rendered":"Atestado de matr\u00edcula"},"content":{"rendered":"\n<h2 class=\"wp-block-heading has-16-undefined-undefined-font-size\" style=\"font-size:16px\"><strong>O que \u00e9?<\/strong><\/h2>\n\n\n\n<p class=\"has-16-undefined-undefined-font-size\"><span style=\"font-weight: 400;\">Atestado de matr\u00edcula \u00e9 o documento que cont\u00e9m os componentes curriculares em que o discente est\u00e1 matriculado no per\u00edodo letivo.<\/span><br><span style=\"font-weight: 400;\">O atestado de matr\u00edcula s\u00f3 ser\u00e1 emitido ap\u00f3s o per\u00edodo de matr\u00edculas.<\/span><\/p>\n\n\n\n<h2 class=\"wp-block-heading has-16-undefined-undefined-font-size\" style=\"font-size:16px\"><strong>Como solicitar?<\/strong><\/h2>\n\n\n\n<p class=\"has-16-undefined-undefined-font-size\"><span style=\"font-weight: 400;\">O atestado de matr\u00edcula pode ser emitido das seguintes formas:<\/span><\/p>\n\n\n\n<ul class=\"wp-block-list has-16-undefined-undefined-font-size\">\n<li><span style=\"font-weight: 400;\"><strong>Cobalto<\/strong>: atrav\u00e9s do menu Aluno > Consultas > Matr\u00edcula, clicando em \u201c<strong>Imprimir<\/strong>\u201d.<\/span><\/li>\n\n\n\n<li><span style=\"font-weight: 400;\"><strong>Colegiado do curso:<\/strong> presencialmente.<\/span><\/li>\n\n\n\n<li><span style=\"font-weight: 400;\"><strong>Coordena\u00e7\u00e3o de Registros Acad\u00eamicos<\/strong>: presencialmente ou via <a href=\"https:\/\/atendimento.ufpel.edu.br\/\">https:\/\/atendimento.ufpel.edu.br\/<\/a><\/span><\/li>\n<\/ul>\n","protected":false},"excerpt":{"rendered":"<p>O que \u00e9? Atestado de matr\u00edcula \u00e9 o documento que cont\u00e9m os componentes curriculares em que o discente est\u00e1 matriculado no per\u00edodo letivo.O atestado de matr\u00edcula s\u00f3 ser\u00e1 emitido ap\u00f3s o per\u00edodo de matr\u00edculas. Como solicitar? O atestado de matr\u00edcula pode ser emitido das seguintes formas:<\/p>\n","protected":false},"author":341,"featured_media":0,"parent":6277,"menu_order":0,"comment_status":"closed","ping_status":"closed","template":"","meta":{"advanced_seo_description":"","jetpack_seo_html_title":"","jetpack_seo_noindex":false,"jetpack_post_was_ever_published":false,"footnotes":""},"class_list":["post-2521","page","type-page","status-publish","hentry"],"jetpack_sharing_enabled":true,"jetpack_shortlink":"https:\/\/wp.me\/P70cyI-EF","jetpack-related-posts":[],"_links":{"self":[{"href":"https:\/\/wp.ufpel.edu.br\/cra\/wp-json\/wp\/v2\/pages\/2521","targetHints":{"allow":["GET"]}}],"collection":[{"href":"https:\/\/wp.ufpel.edu.br\/cra\/wp-json\/wp\/v2\/pages"}],"about":[{"href":"https:\/\/wp.ufpel.edu.br\/cra\/wp-json\/wp\/v2\/types\/page"}],"author":[{"embeddable":true,"href":"https:\/\/wp.ufpel.edu.br\/cra\/wp-json\/wp\/v2\/users\/341"}],"replies":[{"embeddable":true,"href":"https:\/\/wp.ufpel.edu.br\/cra\/wp-json\/wp\/v2\/comments?post=2521"}],"version-history":[{"count":3,"href":"https:\/\/wp.ufpel.edu.br\/cra\/wp-json\/wp\/v2\/pages\/2521\/revisions"}],"predecessor-version":[{"id":12075,"href":"https:\/\/wp.ufpel.edu.br\/cra\/wp-json\/wp\/v2\/pages\/2521\/revisions\/12075"}],"up":[{"embeddable":true,"href":"https:\/\/wp.ufpel.edu.br\/cra\/wp-json\/wp\/v2\/pages\/6277"}],"wp:attachment":[{"href":"https:\/\/wp.ufpel.edu.br\/cra\/wp-json\/wp\/v2\/media?parent=2521"}],"curies":[{"name":"wp","href":"https:\/\/api.w.org\/{rel}","templated":true}]}}