{"id":2516,"date":"2018-10-11T12:25:25","date_gmt":"2018-10-11T15:25:25","guid":{"rendered":"https:\/\/wp.ufpel.edu.br\/cra\/?page_id=2516"},"modified":"2025-09-23T11:39:13","modified_gmt":"2025-09-23T14:39:13","slug":"aproveitamento-por-extraordinario-conhecimento-prova-de-proficiencia","status":"publish","type":"page","link":"https:\/\/wp.ufpel.edu.br\/cra\/informacoes-academicas\/aproveitamento-por-extraordinario-conhecimento-prova-de-proficiencia\/","title":{"rendered":"Aproveitamento por extraordin\u00e1rio conhecimento (Prova de Profici\u00eancia)"},"content":{"rendered":"\n<h2 class=\"wp-block-heading has-16-undefined-undefined-font-size\" style=\"font-size:16px\"><strong>O que \u00e9?<\/strong><\/h2>\n\n\n\n<p class=\"has-16-undefined-undefined-font-size\">Estudante que demonstrar conhecimento <strong>compat\u00edvel <\/strong>ou <strong>superior <\/strong>ao exigido para determinado componente curricular, poder\u00e1 requerer avalia\u00e7\u00e3o espec\u00edfica visando \u00e0 dispensa. Caso obtenha \u00eaxito, deixar\u00e1 de realizar esse componente.<\/p>\n\n\n\n<p class=\"has-16-undefined-undefined-font-size\">\u00c9 permitido <strong>uma \u00fanica<\/strong> vez a avalia\u00e7\u00e3o de aproveitamento extraordin\u00e1rio de estudos de um mesmo componente curricular. O discente <strong>n\u00e3o<\/strong> poder\u00e1 solicitar a avalia\u00e7\u00e3o em componentes curriculares nos quais tiver sido reprovado, seja por <strong>nota<\/strong> ou <strong>infrequ\u00eancia<\/strong>.<\/p>\n\n\n\n<p class=\"has-16-undefined-undefined-font-size\">Est\u00e1gio curricular obrigat\u00f3rio, TCC ou atividades complementares <strong>n\u00e3o <\/strong>s\u00e3o pass\u00edveis de profici\u00eancia.<\/p>\n\n\n\n<h2 class=\"wp-block-heading has-16-undefined-undefined-font-size\" style=\"font-size:16px\"><strong>Como solicitar?<\/strong><\/h2>\n\n\n\n<p>O estudante deve encaminhar o <a href=\"https:\/\/wp.ufpel.edu.br\/cra\/files\/2020\/07\/Requerimento-de-aproveitamento-extraordin\u00e1rio.pdf\"><strong>Requerimento de prova de profici\u00eancia<\/strong><\/a> ao <strong>colegiado<\/strong> do seu curso.<\/p>\n\n\n\n<p class=\"has-16-undefined-undefined-font-size\">A avalia\u00e7\u00e3o ser\u00e1 realizada pelo colegiado do curso e por uma banca avaliadora. <\/p>\n\n\n\n<h2 class=\"wp-block-heading has-16-undefined-undefined-font-size\" style=\"font-size:16px\"><strong>Etapas:<\/strong><\/h2>\n\n\n\n<figure class=\"wp-block-table is-style-stripes\"><table><thead><tr><th class=\"has-text-align-left\" data-align=\"left\"><strong>Respons\u00e1vel<\/strong><\/th><th class=\"has-text-align-left\" data-align=\"left\"><strong>Procedimento<\/strong><\/th><\/tr><\/thead><tbody><tr><td class=\"has-text-align-left\" data-align=\"left\">Estudante<\/td><td class=\"has-text-align-left\" data-align=\"left\">&#8211; Preencher e assinar o requerimento para aproveitamento por extraordin\u00e1rio conhecimento (prova de profici\u00eancia);<br>&#8211; Anexar documenta\u00e7\u00e3o que ampare a justificativa;<br>&#8211; Entregar os documentos no colegiado do curso.<\/td><\/tr><tr><td class=\"has-text-align-left\" data-align=\"left\">Colegiado de curso<\/td><td class=\"has-text-align-left\" data-align=\"left\">&#8211; Abrir processo no SEI;<br>&#8211; Digitalizar e anexar a documenta\u00e7\u00e3o do discente;<br>&#8211; Avaliar curr\u00edculo e deliberar sobre a solicita\u00e7\u00e3o;<br><strong>Se for favor\u00e1vel<\/strong>:<br>-Encaminhar ao Departamento \/ C\u00e2mara de ensino.<br><strong>Se for desfavor\u00e1vel<\/strong>:<br>&#8211; Informar o discente e encerrar o processo.<\/td><\/tr><tr><td class=\"has-text-align-left\" data-align=\"left\">Departamento \/ C\u00e2mara de Ensino<\/td><td class=\"has-text-align-left\" data-align=\"left\">&#8211; Avaliar o curr\u00edculo e deliberar sobre a solicita\u00e7\u00e3o;<br>&#8211; Encaminhar ao Colegiado.<br><strong>Se for favor\u00e1vel<\/strong>:<br>&#8211; Indicar <strong>tr\u00eas <\/strong>docentes para compor a <strong>Banca Examinadora Especial<\/strong>.<\/td><\/tr><tr><td class=\"has-text-align-left\" data-align=\"left\">Colegiado de curso<\/td><td class=\"has-text-align-left\" data-align=\"left\">&#8211; Verificar o parecer do Departamento \/ C\u00e2mara de Ensino.<br><strong>Se for favor\u00e1vel<\/strong>:<br>-Encaminhar ao <strong>COCEPE<\/strong>.<br><strong>Se for desfavor\u00e1vel<\/strong>:<br>&#8211; Informar o discente e encerrar o processo.<\/td><\/tr><tr><td class=\"has-text-align-left\" data-align=\"left\">COCEPE<\/td><td class=\"has-text-align-left\" data-align=\"left\">&#8211; Deliberar sobre a solicita\u00e7\u00e3o.<br>&#8211; Encaminhar ao <strong>Colegiado<\/strong><\/td><\/tr><tr><td class=\"has-text-align-left\" data-align=\"left\">Banca Examinadora Especial<\/td><td class=\"has-text-align-left\" data-align=\"left\">&#8211; Elaborar e aplicar o instrumento de avalia\u00e7\u00e3o;<br>&#8211; Emitir parecer sobre aproveitamento;<br>&#8211; Enviar ata contendo o resultado ao <strong>Colegiado <\/strong>do curso para ci\u00eancia e a <strong>CRA <\/strong>para registro.<\/td><\/tr><tr><td class=\"has-text-align-left\" data-align=\"left\">CRA<\/td><td class=\"has-text-align-left\" data-align=\"left\">&#8211; Registrar aproveitamento no COBALTO.<\/td><\/tr><\/tbody><\/table><\/figure>\n","protected":false},"excerpt":{"rendered":"<p>O que \u00e9? Estudante que demonstrar conhecimento compat\u00edvel ou superior ao exigido para determinado componente curricular, poder\u00e1 requerer avalia\u00e7\u00e3o espec\u00edfica visando \u00e0 dispensa. Caso obtenha \u00eaxito, deixar\u00e1 de realizar esse componente. \u00c9 permitido uma \u00fanica vez a avalia\u00e7\u00e3o de aproveitamento extraordin\u00e1rio de estudos de um mesmo componente curricular. O discente n\u00e3o poder\u00e1 solicitar a avalia\u00e7\u00e3o [&hellip;]<\/p>\n","protected":false},"author":341,"featured_media":0,"parent":6277,"menu_order":0,"comment_status":"closed","ping_status":"closed","template":"","meta":{"advanced_seo_description":"","jetpack_seo_html_title":"","jetpack_seo_noindex":false,"jetpack_post_was_ever_published":false,"footnotes":""},"class_list":["post-2516","page","type-page","status-publish","hentry"],"jetpack_sharing_enabled":true,"jetpack_shortlink":"https:\/\/wp.me\/P70cyI-EA","jetpack-related-posts":[],"_links":{"self":[{"href":"https:\/\/wp.ufpel.edu.br\/cra\/wp-json\/wp\/v2\/pages\/2516","targetHints":{"allow":["GET"]}}],"collection":[{"href":"https:\/\/wp.ufpel.edu.br\/cra\/wp-json\/wp\/v2\/pages"}],"about":[{"href":"https:\/\/wp.ufpel.edu.br\/cra\/wp-json\/wp\/v2\/types\/page"}],"author":[{"embeddable":true,"href":"https:\/\/wp.ufpel.edu.br\/cra\/wp-json\/wp\/v2\/users\/341"}],"replies":[{"embeddable":true,"href":"https:\/\/wp.ufpel.edu.br\/cra\/wp-json\/wp\/v2\/comments?post=2516"}],"version-history":[{"count":3,"href":"https:\/\/wp.ufpel.edu.br\/cra\/wp-json\/wp\/v2\/pages\/2516\/revisions"}],"predecessor-version":[{"id":12124,"href":"https:\/\/wp.ufpel.edu.br\/cra\/wp-json\/wp\/v2\/pages\/2516\/revisions\/12124"}],"up":[{"embeddable":true,"href":"https:\/\/wp.ufpel.edu.br\/cra\/wp-json\/wp\/v2\/pages\/6277"}],"wp:attachment":[{"href":"https:\/\/wp.ufpel.edu.br\/cra\/wp-json\/wp\/v2\/media?parent=2516"}],"curies":[{"name":"wp","href":"https:\/\/api.w.org\/{rel}","templated":true}]}}