{"id":2511,"date":"2018-10-11T12:21:26","date_gmt":"2018-10-11T15:21:26","guid":{"rendered":"https:\/\/wp.ufpel.edu.br\/cra\/?page_id=2511"},"modified":"2025-08-25T11:19:47","modified_gmt":"2025-08-25T14:19:47","slug":"reopcao-compulsoria","status":"publish","type":"page","link":"https:\/\/wp.ufpel.edu.br\/cra\/formas-de-ingresso\/reopcao-compulsoria\/","title":{"rendered":"Reop\u00e7\u00e3o Compuls\u00f3ria"},"content":{"rendered":"\n<h2 class=\"wp-block-heading\" style=\"font-size:16px\"><strong>O que \u00e9?<\/strong><\/h2>\n\n\n\n<p>A Reop\u00e7\u00e3o Compuls\u00f3ria \u00e9 uma mudan\u00e7a de curso administrativa, que atende a uma necessidade espec\u00edfica para garantir a sua perman\u00eancia e adequa\u00e7\u00e3o curricular na universidade.<\/p>\n\n\n\n<p>Por ser uma medida administrativa, ela se diferencia dos outros processos:<\/p>\n\n\n\n<ul class=\"wp-block-list\">\n<li>\u00c9 aplicada apenas em situa\u00e7\u00f5es muito espec\u00edficas, previstas em resolu\u00e7\u00e3o.<\/li>\n\n\n\n<li>A sua vaga no novo curso \u00e9 garantida,\u00a0<strong>independente da exist\u00eancia de vagas<\/strong>.<\/li>\n<\/ul>\n\n\n\n<h2 class=\"wp-block-heading\" style=\"font-size:16px\"><strong>Em quais situa\u00e7\u00f5es se aplica?<\/strong><\/h2>\n\n\n\n<p>Este processo ocorre em apenas dois casos:<\/p>\n\n\n\n<ol class=\"wp-block-list\">\n<li><strong>Para estudantes com defici\u00eancia<\/strong><br>Quando a mudan\u00e7a de curso \u00e9 a \u00fanica forma de garantir a sua perman\u00eancia na UFPel, por quest\u00f5es de adapta\u00e7\u00e3o ou acessibilidade. A sua concord\u00e2ncia com a mudan\u00e7a \u00e9 necess\u00e1ria.<\/li>\n\n\n\n<li><strong>Para estudantes de cursos em extin\u00e7\u00e3o<\/strong><br>Quando o seu curso de origem est\u00e1 sendo descontinuado, a mudan\u00e7a para um curso compat\u00edvel \u00e9 feita para garantir que voc\u00ea possa concluir sua forma\u00e7\u00e3o.<\/li>\n<\/ol>\n\n\n\n<h2 class=\"wp-block-heading\" style=\"font-size:16px\"><strong>Quais s\u00e3o os requisitos gerais?<\/strong><\/h2>\n\n\n\n<ul class=\"wp-block-list\">\n<li>Voc\u00ea pode solicitar a reop\u00e7\u00e3o compuls\u00f3ria\u00a0<strong>apenas uma vez<\/strong>.<\/li>\n\n\n\n<li>Voc\u00ea precisa ter conclu\u00eddo, no m\u00ednimo,\u00a0<strong>dois semestres<\/strong>\u00a0no seu curso atual, com pelo menos 75% de frequ\u00eancia.<\/li>\n\n\n\n<li>O curso para o qual voc\u00ea deseja mudar deve ter tido uma nota de corte\u00a0<strong>menor ou igual<\/strong>\u00a0\u00e0 do seu curso original, considerando o ano em que voc\u00ea ingressou na UFPel.<\/li>\n<\/ul>\n\n\n\n<h2 class=\"wp-block-heading\" style=\"font-size:16px\"><strong>Como solicitar?<\/strong><\/h2>\n\n\n\n<h3 class=\"wp-block-heading\" style=\"font-size:16px\"><strong>Caso 1: Para estudantes com defici\u00eancia<\/strong><\/h3>\n\n\n\n<p>Nesta situa\u00e7\u00e3o, a solicita\u00e7\u00e3o parte de voc\u00ea. O processo \u00e9 focado em garantir a melhor solu\u00e7\u00e3o para sua trajet\u00f3ria acad\u00eamica.<\/p>\n\n\n\n<ol class=\"wp-block-list\">\n<li><strong>Re\u00fana os Documentos:<\/strong>\n<ul class=\"wp-block-list\">\n<li><strong>Requerimento de Reop\u00e7\u00e3o Compuls\u00f3ria<\/strong>\u00a0preenchido e assinado.<\/li>\n\n\n\n<li>Seu hist\u00f3rico escolar atualizado.<\/li>\n\n\n\n<li>Documentos que comprovem a necessidade da mudan\u00e7a (pareceres de sa\u00fade, educa\u00e7\u00e3o, etc.).<\/li>\n<\/ul>\n<\/li>\n\n\n\n<li><strong>Protocole o pedido:<\/strong>\u00a0Entregue a documenta\u00e7\u00e3o completa na Coordena\u00e7\u00e3o de Registros Acad\u00eamicos (CRA) ou no site de <a href=\"https:\/\/wp.ufpel.edu.br\/perguntas\/solicitar-atendimento\/\">atendimento da UFPEL<\/a>.<\/li>\n\n\n\n<li><strong>Acompanhe o resultado:<\/strong>\u00a0O seu pedido passar\u00e1 pela an\u00e1lise do N\u00facleo de Acessibilidade e Inclus\u00e3o (NAI), do Colegiado do Curso e do Conselho Coordenador do Ensino, da Pesquisa e da Extens\u00e3o (Cocepe). Voc\u00ea ser\u00e1 informado do resultado pela CRA.<\/li>\n<\/ol>\n\n\n\n<h4 class=\"wp-block-heading has-16-undefined-undefined-font-size\" style=\"font-size:16px\"><a href=\"https:\/\/drive.google.com\/uc?export=view&amp;id=1T0xsugj_uh7JFcwAhr_tc3K_TNIcZDdE\">Baixe o Requerimento de reop\u00e7\u00e3o compuls\u00f3ria<\/a><\/h4>\n\n\n\n<hr class=\"wp-block-separator has-alpha-channel-opacity\"\/>\n\n\n\n<h3 class=\"wp-block-heading\" style=\"font-size:16px\"><strong><strong>Caso 2: Para estudantes de cursos em extin\u00e7\u00e3o<\/strong><\/strong><\/h3>\n\n\n\n<p>Nesta situa\u00e7\u00e3o, o processo \u00e9 iniciado pela pr\u00f3pria universidade para garantir o seu direito de continuar os estudos.<\/p>\n\n\n\n<ol class=\"wp-block-list\">\n<li><strong>Envio do processo via SEI:<\/strong>\u00a0O colegiado do curso envia a lista de todos os alunos que devem mudar de curso.<\/li>\n\n\n\n<li><strong>Registro no Cobalto:<\/strong>\u00a0A Coordena\u00e7\u00e3o de Registros Acad\u00eamicos executar\u00e1 a mudan\u00e7a para o novo curso.<\/li>\n<\/ol>\n\n\n\n<hr class=\"wp-block-separator has-alpha-channel-opacity\"\/>\n\n\n\n<p class=\"has-16-undefined-undefined-font-size\"><strong>Base legal:<\/strong><\/p>\n\n\n\n<p class=\"has-16-undefined-undefined-font-size\"><a href=\"https:\/\/wp.ufpel.edu.br\/cra\/files\/2025\/08\/SEI_1477066_Nota_Tecnica_1.pdf\">Nota t\u00e9cnica N\u00ba 1\/2021\/PRE\/REITORIA<\/a><\/p>\n","protected":false},"excerpt":{"rendered":"<p>O que \u00e9? A Reop\u00e7\u00e3o Compuls\u00f3ria \u00e9 uma mudan\u00e7a de curso administrativa, que atende a uma necessidade espec\u00edfica para garantir a sua perman\u00eancia e adequa\u00e7\u00e3o curricular na universidade. Por ser uma medida administrativa, ela se diferencia dos outros processos: Em quais situa\u00e7\u00f5es se aplica? Este processo ocorre em apenas dois casos: Quais s\u00e3o os requisitos [&hellip;]<\/p>\n","protected":false},"author":341,"featured_media":0,"parent":6202,"menu_order":0,"comment_status":"closed","ping_status":"closed","template":"","meta":{"advanced_seo_description":"","jetpack_seo_html_title":"","jetpack_seo_noindex":false,"jetpack_post_was_ever_published":false,"footnotes":""},"class_list":["post-2511","page","type-page","status-publish","hentry"],"jetpack_sharing_enabled":true,"jetpack_shortlink":"https:\/\/wp.me\/P70cyI-Ev","jetpack-related-posts":[],"_links":{"self":[{"href":"https:\/\/wp.ufpel.edu.br\/cra\/wp-json\/wp\/v2\/pages\/2511","targetHints":{"allow":["GET"]}}],"collection":[{"href":"https:\/\/wp.ufpel.edu.br\/cra\/wp-json\/wp\/v2\/pages"}],"about":[{"href":"https:\/\/wp.ufpel.edu.br\/cra\/wp-json\/wp\/v2\/types\/page"}],"author":[{"embeddable":true,"href":"https:\/\/wp.ufpel.edu.br\/cra\/wp-json\/wp\/v2\/users\/341"}],"replies":[{"embeddable":true,"href":"https:\/\/wp.ufpel.edu.br\/cra\/wp-json\/wp\/v2\/comments?post=2511"}],"version-history":[{"count":3,"href":"https:\/\/wp.ufpel.edu.br\/cra\/wp-json\/wp\/v2\/pages\/2511\/revisions"}],"predecessor-version":[{"id":11910,"href":"https:\/\/wp.ufpel.edu.br\/cra\/wp-json\/wp\/v2\/pages\/2511\/revisions\/11910"}],"up":[{"embeddable":true,"href":"https:\/\/wp.ufpel.edu.br\/cra\/wp-json\/wp\/v2\/pages\/6202"}],"wp:attachment":[{"href":"https:\/\/wp.ufpel.edu.br\/cra\/wp-json\/wp\/v2\/media?parent=2511"}],"curies":[{"name":"wp","href":"https:\/\/api.w.org\/{rel}","templated":true}]}}