{"id":246,"date":"2015-11-16T09:32:12","date_gmt":"2015-11-16T11:32:12","guid":{"rendered":"https:\/\/wp.ufpel.edu.br\/cra\/?page_id=246"},"modified":"2015-11-16T09:32:12","modified_gmt":"2015-11-16T11:32:12","slug":"bacharelados","status":"publish","type":"page","link":"https:\/\/wp.ufpel.edu.br\/cra\/cursos\/bacharelados\/","title":{"rendered":"Bacharelados"},"content":{"rendered":"<p><ul><li><a href=\"https:\/\/institucional.ufpel.edu.br\/cursos\/cod\/4520\">Administra\u00e7\u00e3o - Noturno<\/a><\/li><li><a href=\"https:\/\/institucional.ufpel.edu.br\/cursos\/cod\/4510\">Administra\u00e7\u00e3o - Vespertino<\/a><\/li><li><a href=\"https:\/\/institucional.ufpel.edu.br\/cursos\/cod\/100\">Agronomia - <\/a><\/li><li><a href=\"https:\/\/institucional.ufpel.edu.br\/cursos\/cod\/6020\">Antropologia - <\/a><\/li><li><a href=\"https:\/\/institucional.ufpel.edu.br\/cursos\/cod\/8100\">Arqueologia - Noturno<\/a><\/li><li><a href=\"https:\/\/institucional.ufpel.edu.br\/cursos\/cod\/1000\">Arquitetura e Urbanismo - <\/a><\/li><li><a href=\"https:\/\/institucional.ufpel.edu.br\/cursos\/cod\/1310\">Artes Visuais - <\/a><\/li><li><a href=\"https:\/\/institucional.ufpel.edu.br\/cursos\/cod\/5700\">Biotecnologia - <\/a><\/li><li><a href=\"https:\/\/institucional.ufpel.edu.br\/cursos\/cod\/5020\">Cinema de Anima\u00e7\u00e3o - <\/a><\/li><li><a href=\"https:\/\/institucional.ufpel.edu.br\/cursos\/cod\/5010\">Cinema e Audiovisual - <\/a><\/li><li><a href=\"https:\/\/institucional.ufpel.edu.br\/cursos\/cod\/3900\">Ci\u00eancia da Computa\u00e7\u00e3o - <\/a><\/li><li><a href=\"https:\/\/institucional.ufpel.edu.br\/cursos\/cod\/4110\">Ci\u00eancias Biol\u00f3gicas - <\/a><\/li><li><a href=\"https:\/\/institucional.ufpel.edu.br\/cursos\/cod\/4800\">Ci\u00eancias Econ\u00f4micas - Noturno<\/a><\/li><li><a href=\"https:\/\/institucional.ufpel.edu.br\/cursos\/cod\/3210\">Ci\u00eancias Sociais - Noturno<\/a><\/li><li><a href=\"https:\/\/institucional.ufpel.edu.br\/cursos\/cod\/5900\">Conserva\u00e7\u00e3o e Restaura\u00e7\u00e3o de Bens Culturais M\u00f3veis - Noturno<\/a><\/li><li><a href=\"https:\/\/institucional.ufpel.edu.br\/cursos\/cod\/1351\">Design - Matutino<\/a><\/li><li><a href=\"https:\/\/institucional.ufpel.edu.br\/cursos\/cod\/1350\">Design - Vespertino<\/a><\/li><li><a href=\"https:\/\/institucional.ufpel.edu.br\/cursos\/cod\/1340\">Design de Jogos - Noturno<\/a><\/li><li><a href=\"https:\/\/institucional.ufpel.edu.br\/cursos\/cod\/300\">Direito - <\/a><\/li><li><a href=\"https:\/\/institucional.ufpel.edu.br\/cursos\/cod\/810\">Educa\u00e7\u00e3o F\u00edsica - <\/a><\/li><li><a href=\"https:\/\/institucional.ufpel.edu.br\/cursos\/cod\/1200\">Enfermagem - <\/a><\/li><li><a href=\"https:\/\/institucional.ufpel.edu.br\/cursos\/cod\/6200\">Engenharia  Ambiental e Sanit\u00e1ria - <\/a><\/li><li><a href=\"https:\/\/institucional.ufpel.edu.br\/cursos\/cod\/700\">Engenharia Agr\u00edcola - <\/a><\/li><li><a href=\"https:\/\/institucional.ufpel.edu.br\/cursos\/cod\/6300\">Engenharia Civil - <\/a><\/li><li><a href=\"https:\/\/institucional.ufpel.edu.br\/cursos\/cod\/7000\">Engenharia Eletr\u00f4nica - <\/a><\/li><li><a href=\"https:\/\/institucional.ufpel.edu.br\/cursos\/cod\/5600\">Engenharia Geol\u00f3gica - <\/a><\/li><li><a href=\"https:\/\/institucional.ufpel.edu.br\/cursos\/cod\/6400\">Engenharia H\u00eddrica - <\/a><\/li><li><a href=\"https:\/\/institucional.ufpel.edu.br\/cursos\/cod\/5200\">Engenharia Industrial Madeireira - Matutino<\/a><\/li><li><a href=\"https:\/\/institucional.ufpel.edu.br\/cursos\/cod\/3910\">Engenharia de Computa\u00e7\u00e3o - <\/a><\/li><li><a href=\"https:\/\/institucional.ufpel.edu.br\/cursos\/cod\/6900\">Engenharia de Controle e Automa\u00e7\u00e3o - <\/a><\/li><li><a href=\"https:\/\/institucional.ufpel.edu.br\/cursos\/cod\/6100\">Engenharia de Materiais - Matutino<\/a><\/li><li><a href=\"https:\/\/institucional.ufpel.edu.br\/cursos\/cod\/6500\">Engenharia de Petr\u00f3leo - <\/a><\/li><li><a href=\"https:\/\/institucional.ufpel.edu.br\/cursos\/cod\/6700\">Engenharia de Produ\u00e7\u00e3o - Noturno<\/a><\/li><li><a href=\"https:\/\/institucional.ufpel.edu.br\/cursos\/cod\/8500\">Engenharia de Transporte e Mobilidade - Noturno<\/a><\/li><li><a href=\"https:\/\/institucional.ufpel.edu.br\/cursos\/cod\/7100\">Farm\u00e1cia - <\/a><\/li><li><a href=\"https:\/\/institucional.ufpel.edu.br\/cursos\/cod\/2010\">Filosofia - Noturno<\/a><\/li><li><a href=\"https:\/\/institucional.ufpel.edu.br\/cursos\/cod\/8200\">Fisioterapia - Integral<\/a><\/li><li><a href=\"https:\/\/institucional.ufpel.edu.br\/cursos\/cod\/2910\">F\u00edsica - <\/a><\/li><li><a href=\"https:\/\/institucional.ufpel.edu.br\/cursos\/cod\/3110\">Geografia - Noturno<\/a><\/li><li><a href=\"https:\/\/institucional.ufpel.edu.br\/cursos\/cod\/7900\">Gest\u00e3o Ambiental - Vespertino<\/a><\/li><li><a href=\"https:\/\/institucional.ufpel.edu.br\/cursos\/cod\/3010\">Hist\u00f3ria - Vespertino<\/a><\/li><li><a href=\"https:\/\/institucional.ufpel.edu.br\/cursos\/cod\/3690\">Jornalismo - Noturno<\/a><\/li><li><a href=\"https:\/\/institucional.ufpel.edu.br\/cursos\/cod\/3680\">Letras - Reda\u00e7\u00e3o e Revis\u00e3o de Textos - Noturno<\/a><\/li><li><a href=\"https:\/\/institucional.ufpel.edu.br\/cursos\/cod\/3684\">Letras - Tradu\u00e7\u00e3o Espanhol - Portugu\u00eas - <\/a><\/li><li><a href=\"https:\/\/institucional.ufpel.edu.br\/cursos\/cod\/3682\">Letras - Tradu\u00e7\u00e3o Ingl\u00eas - Portugu\u00eas - <\/a><\/li><li><a href=\"https:\/\/institucional.ufpel.edu.br\/cursos\/cod\/600\">Medicina - <\/a><\/li><li><a href=\"https:\/\/institucional.ufpel.edu.br\/cursos\/cod\/500\">Medicina Veterin\u00e1ria - <\/a><\/li><li><a href=\"https:\/\/institucional.ufpel.edu.br\/cursos\/cod\/510\">Medicina Veterin\u00e1ria - <\/a><\/li><li><a href=\"https:\/\/institucional.ufpel.edu.br\/cursos\/cod\/1800\">Meteorologia - <\/a><\/li><li><a href=\"https:\/\/institucional.ufpel.edu.br\/cursos\/cod\/5400\">Museologia - <\/a><\/li><li><a href=\"https:\/\/institucional.ufpel.edu.br\/cursos\/cod\/3710\">M\u00fasica - Canto - <\/a><\/li><li><a href=\"https:\/\/institucional.ufpel.edu.br\/cursos\/cod\/3770\">M\u00fasica - Ci\u00eancias Musicais - <\/a><\/li><li><a href=\"https:\/\/institucional.ufpel.edu.br\/cursos\/cod\/3760\">M\u00fasica - Composi\u00e7\u00e3o - <\/a><\/li><li><a href=\"https:\/\/institucional.ufpel.edu.br\/cursos\/cod\/3720\">M\u00fasica - Flauta Transversal - <\/a><\/li><li><a href=\"https:\/\/institucional.ufpel.edu.br\/cursos\/cod\/3740\">M\u00fasica - Piano - <\/a><\/li><li><a href=\"https:\/\/institucional.ufpel.edu.br\/cursos\/cod\/3730\">M\u00fasica - Violino - <\/a><\/li><li><a href=\"https:\/\/institucional.ufpel.edu.br\/cursos\/cod\/3750\">M\u00fasica - Viol\u00e3o - <\/a><\/li><li><a href=\"https:\/\/institucional.ufpel.edu.br\/cursos\/cod\/3790\">M\u00fasica Popular - <\/a><\/li><li><a href=\"https:\/\/institucional.ufpel.edu.br\/cursos\/cod\/1100\">Nutri\u00e7\u00e3o - <\/a><\/li><li><a href=\"https:\/\/institucional.ufpel.edu.br\/cursos\/cod\/400\">Odontologia - <\/a><\/li><li><a href=\"https:\/\/institucional.ufpel.edu.br\/cursos\/cod\/6600\">Psicologia - Noturno<\/a><\/li><li><a href=\"https:\/\/institucional.ufpel.edu.br\/cursos\/cod\/4410\">Qu\u00edmica - <\/a><\/li><li><a href=\"https:\/\/institucional.ufpel.edu.br\/cursos\/cod\/7800\">Qu\u00edmica Forense - <\/a><\/li><li><a href=\"https:\/\/institucional.ufpel.edu.br\/cursos\/cod\/4440\">Qu\u00edmica Industrial - <\/a><\/li><li><a href=\"https:\/\/institucional.ufpel.edu.br\/cursos\/cod\/4300\">Qu\u00edmica de Alimentos - <\/a><\/li><li><a href=\"https:\/\/institucional.ufpel.edu.br\/cursos\/cod\/6800\">Rela\u00e7\u00f5es Internacionais - Noturno<\/a><\/li><li><a href=\"https:\/\/institucional.ufpel.edu.br\/cursos\/cod\/7200\">Terapia Ocupacional - <\/a><\/li><li><a href=\"https:\/\/institucional.ufpel.edu.br\/cursos\/cod\/4700\">Turismo - Noturno<\/a><\/li><li><a href=\"https:\/\/institucional.ufpel.edu.br\/cursos\/cod\/5800\">Zootecnia - <\/a><\/li><\/ul><\/p>\n","protected":false},"excerpt":{"rendered":"","protected":false},"author":296,"featured_media":0,"parent":154,"menu_order":0,"comment_status":"closed","ping_status":"closed","template":"","meta":{"advanced_seo_description":"","jetpack_seo_html_title":"","jetpack_seo_noindex":false,"jetpack_post_was_ever_published":false,"footnotes":""},"class_list":["post-246","page","type-page","status-publish","hentry"],"jetpack_sharing_enabled":true,"jetpack_shortlink":"https:\/\/wp.me\/P70cyI-3Y","jetpack-related-posts":[],"_links":{"self":[{"href":"https:\/\/wp.ufpel.edu.br\/cra\/wp-json\/wp\/v2\/pages\/246","targetHints":{"allow":["GET"]}}],"collection":[{"href":"https:\/\/wp.ufpel.edu.br\/cra\/wp-json\/wp\/v2\/pages"}],"about":[{"href":"https:\/\/wp.ufpel.edu.br\/cra\/wp-json\/wp\/v2\/types\/page"}],"author":[{"embeddable":true,"href":"https:\/\/wp.ufpel.edu.br\/cra\/wp-json\/wp\/v2\/users\/296"}],"replies":[{"embeddable":true,"href":"https:\/\/wp.ufpel.edu.br\/cra\/wp-json\/wp\/v2\/comments?post=246"}],"version-history":[{"count":1,"href":"https:\/\/wp.ufpel.edu.br\/cra\/wp-json\/wp\/v2\/pages\/246\/revisions"}],"predecessor-version":[{"id":247,"href":"https:\/\/wp.ufpel.edu.br\/cra\/wp-json\/wp\/v2\/pages\/246\/revisions\/247"}],"up":[{"embeddable":true,"href":"https:\/\/wp.ufpel.edu.br\/cra\/wp-json\/wp\/v2\/pages\/154"}],"wp:attachment":[{"href":"https:\/\/wp.ufpel.edu.br\/cra\/wp-json\/wp\/v2\/media?parent=246"}],"curies":[{"name":"wp","href":"https:\/\/api.w.org\/{rel}","templated":true}]}}