{"id":202,"date":"2015-11-05T10:26:29","date_gmt":"2015-11-05T12:26:29","guid":{"rendered":"https:\/\/wp.ufpel.edu.br\/cra\/?page_id=202"},"modified":"2025-08-26T12:11:26","modified_gmt":"2025-08-26T15:11:26","slug":"uab","status":"publish","type":"page","link":"https:\/\/wp.ufpel.edu.br\/cra\/formas-de-ingresso\/uab\/","title":{"rendered":"Vestibular UAB"},"content":{"rendered":"\n<p>A UFPel oferece cursos de gradua\u00e7\u00e3o a dist\u00e2ncia atrav\u00e9s do programa Universidade Aberta do Brasil (UAB).<\/p>\n\n\n\n<p>O foco principal do programa \u00e9 a forma\u00e7\u00e3o de professores e outros profissionais para atuar na educa\u00e7\u00e3o b\u00e1sica. As atividades s\u00e3o realizadas no formato <strong>semipresencial<\/strong>, com o apoio de polos presenciais em diversas cidades.<\/p>\n\n\n\n<p><strong>Quais cursos s\u00e3o oferecidos pela UAB na UFPel?<\/strong><\/p>\n\n\n\n<ul class=\"wp-block-list\">\n<li>Licenciatura em Filosofia<\/li>\n\n\n\n<li>Licenciatura em Hist\u00f3ria<\/li>\n\n\n\n<li>Licenciatura em Letras \u2013 Espanhol<\/li>\n\n\n\n<li>Licenciatura em Matem\u00e1tica<\/li>\n<\/ul>\n\n\n\n<h2 class=\"wp-block-heading\" style=\"font-size:16px\"><strong>Aten\u00e7\u00e3o: A oferta de vagas n\u00e3o \u00e9 regular<\/strong><\/h2>\n\n\n\n<p>A oferta de vagas dos cursos e polos depende de recursos espec\u00edficos. Por isso, a sele\u00e7\u00e3o para os cursos UAB&nbsp;<strong>n\u00e3o acontecem em todos os semestres<\/strong>. Consulte o edital para confirmar a disponibilidade no seu munic\u00edpio.<\/p>\n\n\n\n<h2 class=\"wp-block-heading\" style=\"font-size:16px\"><strong>Como funciona o ingresso?<\/strong><\/h2>\n\n\n\n<p>A entrada \u00e9 por meio de um vestibular pr\u00f3prio. O\u00a0edital, com todas as regras, datas e vagas,\u00a0\u00e9 publicado\u00a0na p\u00e1gina do Processo Seletivo EAD.<\/p>\n\n\n\n<p><strong><a href=\"https:\/\/wp.ufpel.edu.br\/cra\/editais\/editais-uab\/\">Acesse a p\u00e1gina do Processo Seletivo EAD<\/a><\/strong><\/p>\n\n\n\n<p><\/p>\n","protected":false},"excerpt":{"rendered":"<p>A UFPel oferece cursos de gradua\u00e7\u00e3o a dist\u00e2ncia atrav\u00e9s do programa Universidade Aberta do Brasil (UAB). O foco principal do programa \u00e9 a forma\u00e7\u00e3o de professores e outros profissionais para atuar na educa\u00e7\u00e3o b\u00e1sica. As atividades s\u00e3o realizadas no formato semipresencial, com o apoio de polos presenciais em diversas cidades. Quais cursos s\u00e3o oferecidos pela [&hellip;]<\/p>\n","protected":false},"author":341,"featured_media":0,"parent":6202,"menu_order":0,"comment_status":"closed","ping_status":"closed","template":"","meta":{"advanced_seo_description":"","jetpack_seo_html_title":"","jetpack_seo_noindex":false,"jetpack_post_was_ever_published":false,"footnotes":""},"class_list":["post-202","page","type-page","status-publish","hentry"],"jetpack_sharing_enabled":true,"jetpack_shortlink":"https:\/\/wp.me\/P70cyI-3g","jetpack-related-posts":[],"_links":{"self":[{"href":"https:\/\/wp.ufpel.edu.br\/cra\/wp-json\/wp\/v2\/pages\/202","targetHints":{"allow":["GET"]}}],"collection":[{"href":"https:\/\/wp.ufpel.edu.br\/cra\/wp-json\/wp\/v2\/pages"}],"about":[{"href":"https:\/\/wp.ufpel.edu.br\/cra\/wp-json\/wp\/v2\/types\/page"}],"author":[{"embeddable":true,"href":"https:\/\/wp.ufpel.edu.br\/cra\/wp-json\/wp\/v2\/users\/341"}],"replies":[{"embeddable":true,"href":"https:\/\/wp.ufpel.edu.br\/cra\/wp-json\/wp\/v2\/comments?post=202"}],"version-history":[{"count":3,"href":"https:\/\/wp.ufpel.edu.br\/cra\/wp-json\/wp\/v2\/pages\/202\/revisions"}],"predecessor-version":[{"id":11934,"href":"https:\/\/wp.ufpel.edu.br\/cra\/wp-json\/wp\/v2\/pages\/202\/revisions\/11934"}],"up":[{"embeddable":true,"href":"https:\/\/wp.ufpel.edu.br\/cra\/wp-json\/wp\/v2\/pages\/6202"}],"wp:attachment":[{"href":"https:\/\/wp.ufpel.edu.br\/cra\/wp-json\/wp\/v2\/media?parent=202"}],"curies":[{"name":"wp","href":"https:\/\/api.w.org\/{rel}","templated":true}]}}