{"id":189,"date":"2015-09-23T12:23:40","date_gmt":"2015-09-23T15:23:40","guid":{"rendered":"https:\/\/wp.ufpel.edu.br\/cra\/?page_id=189"},"modified":"2025-09-04T17:29:00","modified_gmt":"2025-09-04T20:29:00","slug":"medicina","status":"publish","type":"page","link":"https:\/\/wp.ufpel.edu.br\/cra\/informacoes-academicas\/medicina\/","title":{"rendered":"REVALIDA &#8211; Medicina"},"content":{"rendered":"\n<p><strong>Aten\u00e7\u00e3o<\/strong>: A UFPel <strong>n\u00e3o <\/strong>realiza a revalida\u00e7\u00e3o de candidatos aprovados na condi\u00e7\u00e3o subjudice. <\/p>\n\n\n\n<p><strong>Etapas da solicita\u00e7\u00e3o<\/strong><\/p>\n\n\n\n<p>Ap\u00f3s a publica\u00e7\u00e3o da lista dos aprovados no <strong>Di\u00e1rio Oficial da Uni\u00e3o<\/strong> e o recebimento da rela\u00e7\u00e3o daqueles que indicaram a UFPEL como institui\u00e7\u00e3o revalidadora, \u00e9 que se torna poss\u00edvel o in\u00edcio do processo de revalida\u00e7\u00e3o.<\/p>\n\n\n\n<p>Conforme orienta a legisla\u00e7\u00e3o em vigor, o <strong>rol de documentos<\/strong> para abertura do processo \u00e9:<br><\/p>\n\n\n\n<ul class=\"wp-block-list\">\n<li><strong>Diploma original<\/strong>\u00a0de gradua\u00e7\u00e3o em Medicina, expedido por Institui\u00e7\u00e3o de Ensino Superior Estrangeira, reconhecida em seu pa\u00eds de origem pelo Minist\u00e9rio da Educa\u00e7\u00e3o ou \u00f3rg\u00e3o equivalente,\u00a0autenticado pela autoridade consular brasileira ou pelo processo da Conven\u00e7\u00e3o sobre a Elimina\u00e7\u00e3o da Exig\u00eancia de Legaliza\u00e7\u00e3o de Documentos P\u00fablicos Estrangeiros, promulgada pelo Decreto n\u00ba 8.660\/2016. O documento dever\u00e1 ser apresentado junto com a tradu\u00e7\u00e3o para o Portugu\u00eas, com exce\u00e7\u00e3o dos documentos escritos em Ingl\u00eas, Espanhol ou Franc\u00eas;<\/li>\n\n\n\n<li><strong>Hist\u00f3rico original<\/strong>\u00a0de gradua\u00e7\u00e3o em Medicina, expedido por Institui\u00e7\u00e3o de Ensino Superior Estrangeira, reconhecida em seu pa\u00eds de origem pelo Minist\u00e9rio da Educa\u00e7\u00e3o ou \u00f3rg\u00e3o equivalente,\u00a0autenticado pela autoridade consular brasileira ou pelo processo da Conven\u00e7\u00e3o sobre a Elimina\u00e7\u00e3o da Exig\u00eancia de Legaliza\u00e7\u00e3o de Documentos P\u00fablicos Estrangeiros, promulgada pelo Decreto n\u00ba 8.660\/2016. O documento dever\u00e1 ser apresentado junto com a tradu\u00e7\u00e3o para o Portugu\u00eas, com exce\u00e7\u00e3o dos documentos escritos em Ingl\u00eas, Espanhol ou Franc\u00eas;<\/li>\n\n\n\n<li><strong>Para brasileiros<\/strong>: RG e CPF;<\/li>\n\n\n\n<li><strong>Para estrangeiros<\/strong>: CPF e um dos seguintes:\u00a0RNE, RNM ou Passaporte;<\/li>\n\n\n\n<li><strong>Comprovante<\/strong>\u00a0do recolhimento da taxa no valor de R$50,00 via GRU (a qual ser\u00e1 gerada <strong>ap\u00f3s<\/strong> an\u00e1lise preliminar da documenta\u00e7\u00e3o);<\/li>\n\n\n\n<li><strong>Requerimento padr\u00e3o<\/strong>\u00a0preenchido e assinado. Dispon\u00edvel em:\u00a0<a href=\"https:\/\/drive.google.com\/uc?export=download&amp;id=1CYc2nDLi0t6JjRTol-kXsPabJwZeFtX2\">Requerimento de Revalida\u00e7\u00e3o<\/a><\/li>\n<\/ul>\n\n\n\n<p>O interessado dever\u00e1 encaminhar os documentos relacionados acima (digitalizados)\u00a0atrav\u00e9s da <strong>Plataforma de Atendimento<\/strong> da UFPEL:\u00a0<a href=\"https:\/\/wp.ufpel.edu.br\/perguntas\/solicitar-atendimento\/\">https:\/\/wp.ufpel.edu.br\/perguntas\/solicitar-atendimento\/<\/a><br><br>Ap\u00f3s recebermos o pedido, via Plataforma de Atendimento,\u00a0entraremos em contato para agendar a apresenta\u00e7\u00e3o dos documentos <strong>originais<\/strong>.<br><br>A contagem do prazo processual se inicia com a apresenta\u00e7\u00e3o dos documentos originais e o\u00a0prazo para a conclus\u00e3o do processo \u00e9 de\u00a0<strong>at\u00e9 60 dias<\/strong>.<\/p>\n\n\n\n<p><\/p>\n\n\n\n<p class=\"has-16-undefined-undefined-font-size\"><\/p>\n\n\n<style>.wp-block-kadence-advancedbtn.kt-btns189_21a63d-78, .site .entry-content .wp-block-kadence-advancedbtn.kt-btns189_21a63d-78, .wp-block-kadence-advancedbtn.kb-btns189_21a63d-78, .site .entry-content .wp-block-kadence-advancedbtn.kb-btns189_21a63d-78{margin-top:10px;}.wp-block-kadence-advancedbtn.kb-btns189_21a63d-78{gap:var(--global-kb-gap-xs, 0.5rem );justify-content:center;align-items:center;}.kt-btns189_21a63d-78 .kt-button{font-weight:normal;font-style:normal;}@media all and (max-width: 1024px){.wp-block-kadence-advancedbtn.kb-btns189_21a63d-78{justify-content:center;}}@media all and (max-width: 767px){.wp-block-kadence-advancedbtn.kb-btns189_21a63d-78{justify-content:center;}}<\/style>\n<div class=\"wp-block-kadence-advancedbtn kb-buttons-wrap kb-btns189_21a63d-78\"><style>ul.menu .wp-block-kadence-advancedbtn .kb-btn189_443ad3-c6.kb-button{width:initial;}.wp-block-kadence-advancedbtn .kb-btn189_443ad3-c6.kb-button{color:#ffa900;background:#ffffff;font-size:nonepx;font-family:Raleway;font-weight:400;border-top-left-radius:20px;border-top-right-radius:20px;border-bottom-right-radius:20px;border-bottom-left-radius:20px;border-top:1px solid #ffa900;border-right:1px solid #ffa900;border-bottom:1px solid #ffa900;border-left:1px solid #ffa900;}.wp-block-kadence-advancedbtn .kb-btn189_443ad3-c6.kb-button:hover, .wp-block-kadence-advancedbtn .kb-btn189_443ad3-c6.kb-button:focus{color:#ffffff;background:#ffa900;border-top-color:#ffa900;border-top-style:solid;border-right-color:#ffa900;border-right-style:solid;border-bottom-color:#ffa900;border-bottom-style:solid;border-left-color:#ffa900;border-left-style:solid;}@media all and (max-width: 1024px){.wp-block-kadence-advancedbtn .kb-btn189_443ad3-c6.kb-button{border-top:1px solid #ffa900;border-right:1px solid #ffa900;border-bottom:1px solid #ffa900;border-left:1px solid #ffa900;}}@media all and (max-width: 1024px){.wp-block-kadence-advancedbtn .kb-btn189_443ad3-c6.kb-button:hover, .wp-block-kadence-advancedbtn .kb-btn189_443ad3-c6.kb-button:focus{border-top-color:#ffa900;border-top-style:solid;border-right-color:#ffa900;border-right-style:solid;border-bottom-color:#ffa900;border-bottom-style:solid;border-left-color:#ffa900;border-left-style:solid;}}@media all and (max-width: 767px){.wp-block-kadence-advancedbtn .kb-btn189_443ad3-c6.kb-button{border-top:1px solid #ffa900;border-right:1px solid #ffa900;border-bottom:1px solid #ffa900;border-left:1px solid #ffa900;}.wp-block-kadence-advancedbtn .kb-btn189_443ad3-c6.kb-button:hover, .wp-block-kadence-advancedbtn .kb-btn189_443ad3-c6.kb-button:focus{border-top-color:#ffa900;border-top-style:solid;border-right-color:#ffa900;border-right-style:solid;border-bottom-color:#ffa900;border-bottom-style:solid;border-left-color:#ffa900;border-left-style:solid;}}<\/style><a class=\"kb-button kt-button button kb-btn189_443ad3-c6 kt-btn-size-standard kt-btn-width-type-auto kb-btn-global-outline  kt-btn-has-text-true kt-btn-has-svg-false  wp-block-kadence-singlebtn\" href=\"https:\/\/wp.ufpel.edu.br\/perguntas\/solicitar-atendimento\/\"><span class=\"kt-btn-inner-text\"><strong>Solicitar atendimento<\/strong><\/span><\/a><\/div>\n\n\n\n<p><strong>Fluxograma<\/strong><\/p>\n\n\n\n<figure class=\"wp-block-table is-style-stripes\"><table><tbody><tr><td>Respons\u00e1vel<\/td><td>Procedimento<\/td><\/tr><tr><td>Solicitante<\/td><td>\u2013 Preencher e assinar o <strong>Requerimento<\/strong> de revalida\u00e7\u00e3o de diploma de Medicina;<br>\u2013 Digitalizar a documenta\u00e7\u00e3o necess\u00e1ria conforme o <strong>rol de documentos<\/strong>;<br>\u2013 Encaminhar os documentos atrav\u00e9s do bot\u00e3o \u201c<strong>solicitar atendimento<\/strong>\u201d.<\/td><\/tr><tr><td>CRA<\/td><td>&#8211; Analisar preliminarmente os documentos recebidos;<br>&#8211; Gerar e encaminhar a GRU ao solicitante;<br>\u2013 Abrir e instruir o processo (ap\u00f3s confirma\u00e7\u00e3o do pagamento);<br>\u2013 Agendar a <strong>apresenta\u00e7\u00e3o <\/strong>dos documentos <strong>originais <\/strong>com o solicitante;<br>&#8211; Conferir os originais;<br>&#8211; Encaminhar o processo para a <strong>Comiss\u00e3o de Revalida\u00e7\u00e3o de Diplomas de Medicina<\/strong>;<\/td><\/tr><tr><td>Comiss\u00e3o de Revalida\u00e7\u00e3o de Diplomas de Medicina<\/td><td>\u2013 Analisar o m\u00e9rito do pedido;<br>&#8211; Emitir Parecer Final;<br>&#8211; Encaminhar ao <strong>COCEPE <\/strong>para homologa\u00e7\u00e3o;<\/td><\/tr><tr><td>COCEPE<\/td><td>&#8211; Homologar Parecer Final da Comiss\u00e3o;<br>&#8211; Encaminhar \u00e0 <strong>CRA <\/strong>para apostilamento;<\/td><\/tr><tr><td>CRA<\/td><td>&#8211; Expedir e registrar a apostila de revalida\u00e7\u00e3o;<br>&#8211; Disponibilizar a <strong>Apostila de Revalida\u00e7\u00e3o<\/strong> ao solicitante.<\/td><\/tr><\/tbody><\/table><\/figure>\n\n\n\n<p class=\"has-16-undefined-undefined-font-size\"><strong>Base Legal<\/strong><\/p>\n\n\n\n<p>Resolu\u00e7\u00e3o n\u00ba 39 do COCEPE, de 27 de junho de 2022<\/p>\n\n\n\n<p class=\"has-16-undefined-undefined-font-size\">Resolu\u00e7\u00e3o CNE\/CES n\u00ba 2, de 19 de dezembro de 2024<\/p>\n\n\n\n<p class=\"has-16-undefined-undefined-font-size\">Lei n\u00ba 13.959, de 18 de dezembro de 2019.<\/p>\n\n\n\n<p class=\"has-16-undefined-undefined-font-size\">Portaria MEC n\u00ba 530, de 09 de setembro de 2020.<\/p>\n\n\n\n<p class=\"has-16-undefined-undefined-font-size\">Termo de&nbsp;Compromisso&nbsp;firmado em 2021 entre a Universidade Federal de Pelotas e o Instituto Nacional de Estudos e Pesquisas Educacionais An\u00edsio Teixeira (INEP).<\/p>\n","protected":false},"excerpt":{"rendered":"<p>Aten\u00e7\u00e3o: A UFPel n\u00e3o realiza a revalida\u00e7\u00e3o de candidatos aprovados na condi\u00e7\u00e3o subjudice. Etapas da solicita\u00e7\u00e3o Ap\u00f3s a publica\u00e7\u00e3o da lista dos aprovados no Di\u00e1rio Oficial da Uni\u00e3o e o recebimento da rela\u00e7\u00e3o daqueles que indicaram a UFPEL como institui\u00e7\u00e3o revalidadora, \u00e9 que se torna poss\u00edvel o in\u00edcio do processo de revalida\u00e7\u00e3o. Conforme orienta a [&hellip;]<\/p>\n","protected":false},"author":341,"featured_media":0,"parent":6277,"menu_order":0,"comment_status":"closed","ping_status":"closed","template":"","meta":{"advanced_seo_description":"","jetpack_seo_html_title":"","jetpack_seo_noindex":false,"jetpack_post_was_ever_published":false,"footnotes":""},"class_list":["post-189","page","type-page","status-publish","hentry"],"jetpack_sharing_enabled":true,"jetpack_shortlink":"https:\/\/wp.me\/P70cyI-33","jetpack-related-posts":[],"_links":{"self":[{"href":"https:\/\/wp.ufpel.edu.br\/cra\/wp-json\/wp\/v2\/pages\/189","targetHints":{"allow":["GET"]}}],"collection":[{"href":"https:\/\/wp.ufpel.edu.br\/cra\/wp-json\/wp\/v2\/pages"}],"about":[{"href":"https:\/\/wp.ufpel.edu.br\/cra\/wp-json\/wp\/v2\/types\/page"}],"author":[{"embeddable":true,"href":"https:\/\/wp.ufpel.edu.br\/cra\/wp-json\/wp\/v2\/users\/341"}],"replies":[{"embeddable":true,"href":"https:\/\/wp.ufpel.edu.br\/cra\/wp-json\/wp\/v2\/comments?post=189"}],"version-history":[{"count":3,"href":"https:\/\/wp.ufpel.edu.br\/cra\/wp-json\/wp\/v2\/pages\/189\/revisions"}],"predecessor-version":[{"id":11979,"href":"https:\/\/wp.ufpel.edu.br\/cra\/wp-json\/wp\/v2\/pages\/189\/revisions\/11979"}],"up":[{"embeddable":true,"href":"https:\/\/wp.ufpel.edu.br\/cra\/wp-json\/wp\/v2\/pages\/6277"}],"wp:attachment":[{"href":"https:\/\/wp.ufpel.edu.br\/cra\/wp-json\/wp\/v2\/media?parent=189"}],"curies":[{"name":"wp","href":"https:\/\/api.w.org\/{rel}","templated":true}]}}