{"id":1865,"date":"2017-07-21T10:17:32","date_gmt":"2017-07-21T13:17:32","guid":{"rendered":"https:\/\/wp.ufpel.edu.br\/cra\/?page_id=1865"},"modified":"2025-09-25T08:50:30","modified_gmt":"2025-09-25T11:50:30","slug":"trancamentos","status":"publish","type":"page","link":"https:\/\/wp.ufpel.edu.br\/cra\/informacoes-academicas\/trancamentos\/","title":{"rendered":"Trancamento de matr\u00edcula"},"content":{"rendered":"\n<h2 class=\"wp-block-heading\" style=\"font-size:16px\">O que \u00e9?<\/h2>\n\n\n\n<p>O trancamento \u00e9 o procedimento que permite ao estudante interromper suas atividades acad\u00eamicas, de forma parcial ou total, mantendo seu v\u00ednculo com a universidade. Existem tr\u00eas modalidades de trancamento na UFPel.<\/p>\n\n\n\n<hr class=\"wp-block-separator has-alpha-channel-opacity\"\/>\n\n\n\n<h2 class=\"wp-block-heading\" style=\"font-size:16px\"><strong>Trancamento de<\/strong> disciplina<\/h2>\n\n\n\n<p>\u00c9 o trancamento&nbsp;<strong>parcial<\/strong>&nbsp;da matr\u00edcula, permitindo ao estudante deixar de cursar disciplinas espec\u00edficas sem interromper totalmente seus estudos no semestre.<\/p>\n\n\n\n<h3 class=\"wp-block-heading\" style=\"font-size:16px\"><strong>Regras<\/strong>:<\/h3>\n\n\n\n<ul class=\"wp-block-list\">\n<li>O estudante deve permanecer matriculado no&nbsp;<strong>n\u00famero m\u00ednimo de cr\u00e9ditos<\/strong>&nbsp;exigido pelo seu curso.<\/li>\n\n\n\n<li>A solicita\u00e7\u00e3o deve ser realizada no prazo definido no <strong>calend\u00e1rio acad\u00eamico<\/strong>.<\/li>\n<\/ul>\n\n\n\n<h3 class=\"wp-block-heading\" style=\"font-size:16px\">Como solicitar?<\/h3>\n\n\n\n<ul class=\"wp-block-list\">\n<li>O estudante deve solicitar pelo&nbsp;<strong>Cobalto<\/strong>, no menu:&nbsp;<strong>Aluno &gt; Cadastro &gt;&nbsp;<\/strong><span style=\"font-weight: 400;\"><strong>Trancamento de disciplina<\/strong><\/span>. Selecionar <span style=\"font-weight: 400;\">as disciplinas que deseja trancar e clicar em \u201c+Trancar disciplina(s)\u201d.<\/span><\/li>\n<\/ul>\n\n\n\n<hr class=\"wp-block-separator has-alpha-channel-opacity\"\/>\n\n\n\n<h2 class=\"wp-block-heading\" style=\"font-size:16px\"><strong>Trancamento <\/strong>geral de matr\u00edcula (TGM)<\/h2>\n\n\n\n<p>\u00c9 a interrup\u00e7\u00e3o&nbsp;<strong>total<\/strong>&nbsp;dos estudos por um semestre inteiro, mantendo o v\u00ednculo com o curso para retornar no futuro.<\/p>\n\n\n\n<h3 class=\"wp-block-heading\" style=\"font-size:16px\"><strong>Regras<\/strong>:<\/h3>\n\n\n\n<ul class=\"wp-block-list\">\n<li>O TGM tem validade de um semestre e pode ser renovado por, no m\u00e1ximo,&nbsp;<strong>quatro semestres<\/strong>&nbsp;ao longo do curso.<\/li>\n\n\n\n<li>A solicita\u00e7\u00e3o deve ser realizada no prazo definido no <strong>calend\u00e1rio acad\u00eamico.<\/strong><\/li>\n\n\n\n<li><strong>N\u00e3o \u00e9 permitido<\/strong> para ingressantes ou estudantes em situa\u00e7\u00e3o de jubilamento, <strong>exceto <\/strong>as seguintes situa\u00e7\u00f5es:\n<ul class=\"wp-block-list\">\n<li><strong>Doen\u00e7a <\/strong><span style=\"font-weight: 400;\">do estudante ou de familiar de 1\u00ba grau, <\/span>comprovada por per\u00edcia m\u00e9dica da UFPel.<\/li>\n\n\n\n<li>Cumprimento de <span style=\"font-weight: 400;\"><strong>servi\u00e7o militar obrigat\u00f3rio<\/strong>, mediante comprova\u00e7\u00e3o.<\/span><\/li>\n<\/ul>\n<\/li>\n<\/ul>\n\n\n\n<h3 class=\"wp-block-heading\" style=\"font-size:16px\"><strong>Como solicitar?<\/strong><\/h3>\n\n\n\n<ul class=\"wp-block-list\">\n<li><strong>Para estudantes veteranos:<\/strong>&nbsp;A solicita\u00e7\u00e3o \u00e9 feita pelo Cobalto, no menu&nbsp;<strong>Aluno &gt; Cadastro &gt; Solicita\u00e7\u00e3o de Trancamento Geral<\/strong>.<\/li>\n\n\n\n<li><strong>Para estudantes ingressantes:<\/strong>&nbsp;A solicita\u00e7\u00e3o deve ser feita pela p\u00e1gina: <a href=\"https:\/\/atendimento.ufpel.edu.br\/\">https:\/\/atendimento.ufpel.edu.br\/<\/a>, com a apresenta\u00e7\u00e3o dos seguintes documentos:\n<ul class=\"wp-block-list\">\n<li>Requerimento de trancamento geral de matr\u00edcula preenchido.<\/li>\n\n\n\n<li>Carteira de identidade do estudante.<\/li>\n\n\n\n<li>Atestado m\u00e9dico ou comprova\u00e7\u00e3o do servi\u00e7o militar obrigat\u00f3rio.<\/li>\n<\/ul>\n<\/li>\n<\/ul>\n\n\n\n<h4 class=\"wp-block-heading\"><a href=\"https:\/\/drive.google.com\/uc?export=download&amp;id=1i0O7YFzk-hJ76KrApg5nJbCHdKfWtcKn\">Requerimento de trancamento geral de matr\u00edcula<\/a><\/h4>\n\n\n\n<hr class=\"wp-block-separator has-alpha-channel-opacity\"\/>\n\n\n\n<h2 class=\"wp-block-heading\" style=\"font-size:16px\">Readmiss\u00e3o<\/h2>\n\n\n\n<p>O estudante pode cancelar a solicita\u00e7\u00e3o de trancamento geral de matr\u00edcula. O pedido de readmiss\u00e3o pode ser feito<strong> <\/strong><span style=\"font-weight: 400;\"><strong>at\u00e9 o \u00faltimo dia previsto para a corre\u00e7\u00e3o de matr\u00edcula.<\/strong><\/span><\/p>\n\n\n\n<h3 class=\"wp-block-heading\" style=\"font-size:16px\"><strong>Como solicitar?<\/strong><\/h3>\n\n\n\n<ul class=\"wp-block-list\">\n<li>O estudante deve solicitar pela p\u00e1gina: <a href=\"https:\/\/atendimento.ufpel.edu.br\/\">https:\/\/atendimento.ufpel.edu.br\/<\/a>, com a apresenta\u00e7\u00e3o dos seguintes documentos\n<ul class=\"wp-block-list\">\n<li>Requerimento de readminiss\u00e3o preenchido.<\/li>\n\n\n\n<li>Carteira de identidade do estudante.<\/li>\n<\/ul>\n<\/li>\n<\/ul>\n\n\n\n<h4 class=\"wp-block-heading\"><a href=\"https:\/\/drive.google.com\/uc?export=download&amp;id=1jtQsw2gRf-G5jNzpKwSdF2DYdhm5qqOf\" data-type=\"link\" data-id=\"https:\/\/drive.google.com\/uc?export=download&amp;id=1jtQsw2gRf-G5jNzpKwSdF2DYdhm5qqOf\">Requerimento de readmiss\u00e3o<\/a><\/h4>\n\n\n\n<hr class=\"wp-block-separator has-alpha-channel-opacity\"\/>\n\n\n\n<h2 class=\"wp-block-heading\" style=\"font-size:16px\">Trancamento administrativo<\/h2>\n\n\n\n<p>\u00c9 um trancamento realizado&nbsp;<strong>pela pr\u00f3pria UFPel<\/strong>. \u00c9 aplicado nas seguintes situa\u00e7\u00f5es:<\/p>\n\n\n\n<ul class=\"wp-block-list\">\n<li>Quando um estudante ingressa por transfer\u00eancia compuls\u00f3ria ou decis\u00e3o judicial o limite de dias letivos estabelecidos para ingresso na UFPel.<\/li>\n\n\n\n<li>Quando n\u00e3o h\u00e1 oferta de disciplinas para o estudante cursar em um determinado semestre.<\/li>\n<\/ul>\n\n\n\n<p><\/p>\n","protected":false},"excerpt":{"rendered":"<p>O que \u00e9? O trancamento \u00e9 o procedimento que permite ao estudante interromper suas atividades acad\u00eamicas, de forma parcial ou total, mantendo seu v\u00ednculo com a universidade. Existem tr\u00eas modalidades de trancamento na UFPel. Trancamento de disciplina \u00c9 o trancamento&nbsp;parcial&nbsp;da matr\u00edcula, permitindo ao estudante deixar de cursar disciplinas espec\u00edficas sem interromper totalmente seus estudos no [&hellip;]<\/p>\n","protected":false},"author":341,"featured_media":0,"parent":6277,"menu_order":0,"comment_status":"closed","ping_status":"closed","template":"","meta":{"advanced_seo_description":"","jetpack_seo_html_title":"","jetpack_seo_noindex":false,"jetpack_post_was_ever_published":false,"footnotes":""},"class_list":["post-1865","page","type-page","status-publish","hentry"],"jetpack_sharing_enabled":true,"jetpack_shortlink":"https:\/\/wp.me\/P70cyI-u5","jetpack-related-posts":[],"_links":{"self":[{"href":"https:\/\/wp.ufpel.edu.br\/cra\/wp-json\/wp\/v2\/pages\/1865","targetHints":{"allow":["GET"]}}],"collection":[{"href":"https:\/\/wp.ufpel.edu.br\/cra\/wp-json\/wp\/v2\/pages"}],"about":[{"href":"https:\/\/wp.ufpel.edu.br\/cra\/wp-json\/wp\/v2\/types\/page"}],"author":[{"embeddable":true,"href":"https:\/\/wp.ufpel.edu.br\/cra\/wp-json\/wp\/v2\/users\/341"}],"replies":[{"embeddable":true,"href":"https:\/\/wp.ufpel.edu.br\/cra\/wp-json\/wp\/v2\/comments?post=1865"}],"version-history":[{"count":3,"href":"https:\/\/wp.ufpel.edu.br\/cra\/wp-json\/wp\/v2\/pages\/1865\/revisions"}],"predecessor-version":[{"id":12160,"href":"https:\/\/wp.ufpel.edu.br\/cra\/wp-json\/wp\/v2\/pages\/1865\/revisions\/12160"}],"up":[{"embeddable":true,"href":"https:\/\/wp.ufpel.edu.br\/cra\/wp-json\/wp\/v2\/pages\/6277"}],"wp:attachment":[{"href":"https:\/\/wp.ufpel.edu.br\/cra\/wp-json\/wp\/v2\/media?parent=1865"}],"curies":[{"name":"wp","href":"https:\/\/api.w.org\/{rel}","templated":true}]}}