{"id":1855,"date":"2017-07-21T09:53:25","date_gmt":"2017-07-21T12:53:25","guid":{"rendered":"https:\/\/wp.ufpel.edu.br\/cra\/?page_id=1855"},"modified":"2025-09-24T11:58:34","modified_gmt":"2025-09-24T14:58:34","slug":"quebra-de-pre-requisito","status":"publish","type":"page","link":"https:\/\/wp.ufpel.edu.br\/cra\/informacoes-academicas\/quebra-de-pre-requisito\/","title":{"rendered":"Quebra de pr\u00e9-requisito"},"content":{"rendered":"\n<h2 class=\"wp-block-heading has-16-undefined-undefined-font-size\" style=\"font-size:16px\"><strong>O que \u00e9?<\/strong><\/h2>\n\n\n\n<p class=\"has-16-undefined-undefined-font-size\">A quebra de pr\u00e9-requisito\u00a0permite\u00a0ao estudante cursar uma disciplina sem ter aprova\u00e7\u00e3o em todos os seus pr\u00e9-requisitos, conforme o Projeto Pedag\u00f3gico do Curso.<\/p>\n\n\n\n<h2 class=\"wp-block-heading has-16-undefined-undefined-font-size\" style=\"font-size:16px\"><strong><strong>Como solicitar<\/strong>?<\/strong><\/h2>\n\n\n\n<ul class=\"wp-block-list has-16-undefined-undefined-font-size\">\n<li>O estudante deve  preencher o <strong>Requerimento de quebra de pr\u00e9-requisito<\/strong> e entregar no <strong>Colegiado do seu curso<\/strong>.<\/li>\n\n\n\n<li>O colegiado do curso avalia o pedido.\n<ul class=\"wp-block-list\">\n<li><strong>Se o pedido for aprovado:<\/strong>\u00a0O Colegiado realiza a matr\u00edcula do estudante na disciplina solicitada.<\/li>\n\n\n\n<li><strong>Se o pedido for negado:<\/strong>\u00a0O estudante pode solicitar um recurso no COCEPE.<\/li>\n<\/ul>\n<\/li>\n<\/ul>\n\n\n\n<h3 class=\"wp-block-heading has-16-undefined-undefined-font-size\" style=\"font-size:16px\"><a href=\"https:\/\/wp.ufpel.edu.br\/cra\/files\/2020\/07\/Requerimento-de-quebra-pre-requisito.pdf\"><strong>Requerimento de quebra de pr\u00e9-requisito<\/strong><\/a><\/h3>\n\n\n\n<h2 class=\"wp-block-heading has-16-undefined-undefined-font-size\" style=\"font-size:16px\"><strong><strong>Etapas<\/strong><\/strong><\/h2>\n\n\n\n<figure class=\"wp-block-table is-style-stripes\"><table><thead><tr><th class=\"has-text-align-left\" data-align=\"left\"><strong>Respons\u00e1vel<\/strong><\/th><th class=\"has-text-align-left\" data-align=\"left\"><strong>Procedimento<\/strong><\/th><\/tr><\/thead><tbody><tr><td class=\"has-text-align-left\" data-align=\"left\">Estudante<\/td><td class=\"has-text-align-left\" data-align=\"left\">&#8211; Solicitar a quebra de pr\u00e9-requisito no colegiado.<\/td><\/tr><tr><td class=\"has-text-align-left\" data-align=\"left\">Colegiado de curso<\/td><td class=\"has-text-align-left\" data-align=\"left\">&#8211; Avaliar a solicita\u00e7\u00e3o;<br>&#8211; Informar o resultado ao discente;<br>Se deferida:<br>&#8211; Matricular no componente curricular;<\/td><\/tr><tr><td class=\"has-text-align-left\" data-align=\"left\">&nbsp;<\/td><td class=\"has-text-align-left\" data-align=\"left\">Se indeferido:<\/td><\/tr><tr><td class=\"has-text-align-left\" data-align=\"left\">Estudante<\/td><td class=\"has-text-align-left\" data-align=\"left\">&#8211; Poder\u00e1 recorrer da decis\u00e3o no colegiado do curso;<\/td><\/tr><tr><td class=\"has-text-align-left\" data-align=\"left\">Colegiado de curso<\/td><td class=\"has-text-align-left\" data-align=\"left\">&#8211; Receber recurso;<br>&#8211; Enviar ao COCEPE.<\/td><\/tr><tr><td class=\"has-text-align-left\" data-align=\"left\">COCEPE<\/td><td class=\"has-text-align-left\" data-align=\"left\">&#8211; Deliberar sobre a solicita\u00e7\u00e3o;<br>&#8211; Encaminhar a CRA para registro.<\/td><\/tr><tr><td class=\"has-text-align-left\" data-align=\"left\">CRA<\/td><td class=\"has-text-align-left\" data-align=\"left\">&#8211; Registrar matr\u00edcula.<\/td><\/tr><\/tbody><\/table><\/figure>\n\n\n\n<h2 class=\"wp-block-heading has-16-undefined-undefined-font-size\" style=\"font-size:16px\"><strong><strong><strong>Base legal:<\/strong><\/strong><\/strong><\/h2>\n\n\n\n<ul class=\"wp-block-list\">\n<li><a href=\"https:\/\/wp.ufpel.edu.br\/scs\/2017\/07\/18\/cocepe-lanca-nota-sobre-quebra-de-pre-equisito\/\">Nota COCEPE N\u00b0 03\/2017<\/a><\/li>\n<\/ul>\n\n\n\n<p><\/p>\n","protected":false},"excerpt":{"rendered":"<p>O que \u00e9? A quebra de pr\u00e9-requisito\u00a0permite\u00a0ao estudante cursar uma disciplina sem ter aprova\u00e7\u00e3o em todos os seus pr\u00e9-requisitos, conforme o Projeto Pedag\u00f3gico do Curso. Como solicitar? Requerimento de quebra de pr\u00e9-requisito Etapas Respons\u00e1vel Procedimento Estudante &#8211; Solicitar a quebra de pr\u00e9-requisito no colegiado. Colegiado de curso &#8211; Avaliar a solicita\u00e7\u00e3o;&#8211; Informar o resultado ao [&hellip;]<\/p>\n","protected":false},"author":341,"featured_media":0,"parent":6277,"menu_order":0,"comment_status":"closed","ping_status":"closed","template":"","meta":{"advanced_seo_description":"","jetpack_seo_html_title":"","jetpack_seo_noindex":false,"jetpack_post_was_ever_published":false,"footnotes":""},"class_list":["post-1855","page","type-page","status-publish","hentry"],"jetpack_sharing_enabled":true,"jetpack_shortlink":"https:\/\/wp.me\/P70cyI-tV","jetpack-related-posts":[],"_links":{"self":[{"href":"https:\/\/wp.ufpel.edu.br\/cra\/wp-json\/wp\/v2\/pages\/1855","targetHints":{"allow":["GET"]}}],"collection":[{"href":"https:\/\/wp.ufpel.edu.br\/cra\/wp-json\/wp\/v2\/pages"}],"about":[{"href":"https:\/\/wp.ufpel.edu.br\/cra\/wp-json\/wp\/v2\/types\/page"}],"author":[{"embeddable":true,"href":"https:\/\/wp.ufpel.edu.br\/cra\/wp-json\/wp\/v2\/users\/341"}],"replies":[{"embeddable":true,"href":"https:\/\/wp.ufpel.edu.br\/cra\/wp-json\/wp\/v2\/comments?post=1855"}],"version-history":[{"count":2,"href":"https:\/\/wp.ufpel.edu.br\/cra\/wp-json\/wp\/v2\/pages\/1855\/revisions"}],"predecessor-version":[{"id":12139,"href":"https:\/\/wp.ufpel.edu.br\/cra\/wp-json\/wp\/v2\/pages\/1855\/revisions\/12139"}],"up":[{"embeddable":true,"href":"https:\/\/wp.ufpel.edu.br\/cra\/wp-json\/wp\/v2\/pages\/6277"}],"wp:attachment":[{"href":"https:\/\/wp.ufpel.edu.br\/cra\/wp-json\/wp\/v2\/media?parent=1855"}],"curies":[{"name":"wp","href":"https:\/\/api.w.org\/{rel}","templated":true}]}}