{"id":169,"date":"2015-09-08T17:17:35","date_gmt":"2015-09-08T20:17:35","guid":{"rendered":"https:\/\/wp.ufpel.edu.br\/cra\/?page_id=169"},"modified":"2025-09-23T11:47:58","modified_gmt":"2025-09-23T14:47:58","slug":"taxas-academicas","status":"publish","type":"page","link":"https:\/\/wp.ufpel.edu.br\/cra\/informacoes-academicas\/taxas-academicas\/","title":{"rendered":"Taxas Acad\u00eamicas"},"content":{"rendered":"\n<h2 class=\"wp-block-heading\" style=\"font-size:16px\">Como realizar o pagamento?<\/h2>\n\n\n\n<p>As taxas s\u00e3o pagas via boleto GRU. Solicite o boleto pelo <a href=\"https:\/\/atendimento.ufpel.edu.br\/osticket\/open.php\">Atendimento UFPel<\/a>, no T\u00f3pico de ajuda &#8220;Gradua\u00e7\u00e3o \/ Solicita\u00e7\u00e3o e envio de documento&#8221;.<\/p>\n\n\n\n<h2 class=\"wp-block-heading\" style=\"font-size:16px\">Quais os valores?<\/h2>\n\n\n\n<p>Consulte as taxas para emiss\u00e3o de documentos na tabela abaixo:<\/p>\n\n\n\n<figure class=\"wp-block-table is-style-stripes\"><table><thead><tr><th class=\"has-text-align-left\" data-align=\"left\"><strong>Documento<\/strong><\/th><th class=\"has-text-align-left\" data-align=\"left\"><strong>Valor<\/strong><\/th><\/tr><\/thead><tbody><tr><td class=\"has-text-align-left\" data-align=\"left\">Atestado de notas com carga hor\u00e1ria e cr\u00e9ditos (aluno)<\/td><td class=\"has-text-align-left\" data-align=\"left\">Isento<\/td><\/tr><tr><td class=\"has-text-align-left\" data-align=\"left\">Atestados de matr\u00edcula ou v\u00ednculo<\/td><td class=\"has-text-align-left\" data-align=\"left\">Isento<\/td><\/tr><tr><td class=\"has-text-align-left\" data-align=\"left\">Atestado de notas com carga hor\u00e1ria e cr\u00e9ditos(alunos desvinculados \u2014 abandono, cancelamento, desligamento)<\/td><td class=\"has-text-align-left\" data-align=\"left\">R$ 5,00<\/td><\/tr><tr><td class=\"has-text-align-left\" data-align=\"left\">Boletim de desempenho do processo seletivo (aluno)<\/td><td class=\"has-text-align-left\" data-align=\"left\">R$ 3,00<\/td><\/tr><tr><td class=\"has-text-align-left\" data-align=\"left\">Boletim de desempenho do processo seletivo (alunos desvinculados \u2014 abandono, cancelamento, desligamento)<\/td><td class=\"has-text-align-left\" data-align=\"left\">R$ 5,00<\/td><\/tr><tr><td class=\"has-text-align-left\" data-align=\"left\">Conte\u00fado program\u00e1tico por disciplina (aluno)<\/td><td class=\"has-text-align-left\" data-align=\"left\">R$ 1,00<\/td><\/tr><tr><td class=\"has-text-align-left\" data-align=\"left\">Conte\u00fado program\u00e1tico por disciplina (ex-aluno)<\/td><td class=\"has-text-align-left\" data-align=\"left\">R$ 2,00<\/td><\/tr><tr><td class=\"has-text-align-left\" data-align=\"left\">2\u00ba via do hist\u00f3rico escolar<\/td><td class=\"has-text-align-left\" data-align=\"left\">R$ 20,00<\/td><\/tr><tr><td class=\"has-text-align-left\" data-align=\"left\">2\u00ba via do certificado de conclus\u00e3o de curso<\/td><td class=\"has-text-align-left\" data-align=\"left\">R$ 20,00<\/td><\/tr><tr><td class=\"has-text-align-left\" data-align=\"left\">Registro de diploma expedido por outra IFES<\/td><td class=\"has-text-align-left\" data-align=\"left\">R$ 30,00<\/td><\/tr><tr><td class=\"has-text-align-left\" data-align=\"left\">Registro de diploma revalidado ou reconhecido<\/td><td class=\"has-text-align-left\" data-align=\"left\">R$ 50,00<\/td><\/tr><tr><td class=\"has-text-align-left\" data-align=\"left\">Averba\u00e7\u00e3o de apostilamento<\/td><td class=\"has-text-align-left\" data-align=\"left\">R$ 10,00<\/td><\/tr><tr><td class=\"has-text-align-left\" data-align=\"left\">2\u00ba via do diploma de curso de gradua\u00e7\u00e3o<\/td><td class=\"has-text-align-left\" data-align=\"left\">R$ 80,00<\/td><\/tr><tr><td class=\"has-text-align-left\" data-align=\"left\">2\u00ba via do diploma\/certificado de p\u00f3s-gradua\u00e7\u00e3o<\/td><td class=\"has-text-align-left\" data-align=\"left\">R$ 80,00<\/td><\/tr><tr><td class=\"has-text-align-left\" data-align=\"left\">2\u00ba via de men\u00e7\u00e3o honrosa<\/td><td class=\"has-text-align-left\" data-align=\"left\">R$ 50,00<\/td><\/tr><tr><td class=\"has-text-align-left\" data-align=\"left\">Revalida\u00e7\u00e3o de diploma de curso de gradua\u00e7\u00e3o<\/td><td class=\"has-text-align-left\" data-align=\"left\">R$ 1.500,00<\/td><\/tr><tr><td class=\"has-text-align-left\" data-align=\"left\">Reconhecimento de diploma de programa de p\u00f3s-gradua\u00e7\u00e3o<\/td><td class=\"has-text-align-left\" data-align=\"left\">R$ 2.000,00<\/td><\/tr><tr><td class=\"has-text-align-left\" data-align=\"left\">Reop\u00e7\u00e3o de curso<\/td><td class=\"has-text-align-left\" data-align=\"left\">R$ 20,00<\/td><\/tr><tr><td class=\"has-text-align-left\" data-align=\"left\">Transfer\u00eancia<\/td><td class=\"has-text-align-left\" data-align=\"left\">R$ 50,00<\/td><\/tr><tr><td class=\"has-text-align-left\" data-align=\"left\">Ingresso como portador de diploma de curso superior<\/td><td class=\"has-text-align-left\" data-align=\"left\">R$ 100,00<\/td><\/tr><tr><td class=\"has-text-align-left\" data-align=\"left\">Reingresso em curso da UFPel<\/td><td class=\"has-text-align-left\" data-align=\"left\">R$ 10,00<\/td><\/tr><tr><td class=\"has-text-align-left\" data-align=\"left\">Inscri\u00e7\u00e3o para atividade isolada, por atividade<\/td><td class=\"has-text-align-left\" data-align=\"left\">R$ 20,00<\/td><\/tr><tr><td class=\"has-text-align-left\" data-align=\"left\">Sistema de avalia\u00e7\u00e3o<\/td><td class=\"has-text-align-left\" data-align=\"left\">Isento<\/td><\/tr><tr><td class=\"has-text-align-left\" data-align=\"left\">Atestados ou certificados diversos (alunos desvinculados ou comunidade)<\/td><td class=\"has-text-align-left\" data-align=\"left\">R$ 5,00<\/td><\/tr><tr><td class=\"has-text-align-left\" data-align=\"left\">2\u00ba via do registro de revalida\u00e7\u00e3o\/reconhecimento<\/td><td class=\"has-text-align-left\" data-align=\"left\">R$ 50,00<\/td><\/tr><tr><td class=\"has-text-align-left\" data-align=\"left\">2\u00ba via da apostila de revalida\u00e7\u00e3o\/reconhecimento<\/td><td class=\"has-text-align-left\" data-align=\"left\">R$ 30,00<\/td><\/tr><\/tbody><\/table><\/figure>\n\n\n\n<p class=\"has-16-undefined-undefined-font-size\">A Universidade, atrav\u00e9s da Portaria n\u00b0 815\/2017 e baseando-se na Portaria n\u00ba 412\/2009 aplica taxas acad\u00eamicas que incidem sobre alguns documentos emitidos pela CRA, tanto para alunos como para a comunidade em geral.<\/p>\n\n\n\n<h2 class=\"wp-block-heading\" style=\"font-size:16px\"><strong>Base legal<\/strong><\/h2>\n\n\n\n<ul class=\"wp-block-list has-16-undefined-undefined-font-size\">\n<li><a href=\"http:\/\/reitoria.ufpel.edu.br\/portarias\/arquivos\/0815_2017.pdf\">Portaria n\u00b0 815\/2017<\/a><\/li>\n\n\n\n<li><a href=\"https:\/\/wp.ufpel.edu.br\/cra\/files\/2015\/09\/0412_2009.pdf\">Portaria n\u00ba 412\/2009<\/a><\/li>\n<\/ul>\n\n\n\n<p><\/p>\n","protected":false},"excerpt":{"rendered":"<p>Como realizar o pagamento? As taxas s\u00e3o pagas via boleto GRU. Solicite o boleto pelo Atendimento UFPel, no T\u00f3pico de ajuda &#8220;Gradua\u00e7\u00e3o \/ Solicita\u00e7\u00e3o e envio de documento&#8221;. Quais os valores? Consulte as taxas para emiss\u00e3o de documentos na tabela abaixo: Documento Valor Atestado de notas com carga hor\u00e1ria e cr\u00e9ditos (aluno) Isento Atestados de [&hellip;]<\/p>\n","protected":false},"author":341,"featured_media":0,"parent":6277,"menu_order":0,"comment_status":"closed","ping_status":"closed","template":"","meta":{"advanced_seo_description":"","jetpack_seo_html_title":"","jetpack_seo_noindex":false,"jetpack_post_was_ever_published":false,"footnotes":""},"class_list":["post-169","page","type-page","status-publish","hentry"],"jetpack_sharing_enabled":true,"jetpack_shortlink":"https:\/\/wp.me\/P70cyI-2J","jetpack-related-posts":[],"_links":{"self":[{"href":"https:\/\/wp.ufpel.edu.br\/cra\/wp-json\/wp\/v2\/pages\/169","targetHints":{"allow":["GET"]}}],"collection":[{"href":"https:\/\/wp.ufpel.edu.br\/cra\/wp-json\/wp\/v2\/pages"}],"about":[{"href":"https:\/\/wp.ufpel.edu.br\/cra\/wp-json\/wp\/v2\/types\/page"}],"author":[{"embeddable":true,"href":"https:\/\/wp.ufpel.edu.br\/cra\/wp-json\/wp\/v2\/users\/341"}],"replies":[{"embeddable":true,"href":"https:\/\/wp.ufpel.edu.br\/cra\/wp-json\/wp\/v2\/comments?post=169"}],"version-history":[{"count":3,"href":"https:\/\/wp.ufpel.edu.br\/cra\/wp-json\/wp\/v2\/pages\/169\/revisions"}],"predecessor-version":[{"id":12132,"href":"https:\/\/wp.ufpel.edu.br\/cra\/wp-json\/wp\/v2\/pages\/169\/revisions\/12132"}],"up":[{"embeddable":true,"href":"https:\/\/wp.ufpel.edu.br\/cra\/wp-json\/wp\/v2\/pages\/6277"}],"wp:attachment":[{"href":"https:\/\/wp.ufpel.edu.br\/cra\/wp-json\/wp\/v2\/media?parent=169"}],"curies":[{"name":"wp","href":"https:\/\/api.w.org\/{rel}","templated":true}]}}