{"id":163,"date":"2015-09-08T17:15:27","date_gmt":"2015-09-08T20:15:27","guid":{"rendered":"https:\/\/wp.ufpel.edu.br\/cra\/?page_id=163"},"modified":"2023-05-15T10:50:39","modified_gmt":"2023-05-15T13:50:39","slug":"revalidacao-de-diplomas","status":"publish","type":"page","link":"https:\/\/wp.ufpel.edu.br\/cra\/informacoes-academicas\/revalidacao-de-diplomas\/","title":{"rendered":"Revalida\u00e7\u00e3o de diplomas"},"content":{"rendered":"\n<p class=\"has-16-undefined-undefined-font-size\"><strong>Defini\u00e7\u00e3o<\/strong><br>O diploma estrangeiro de gradua\u00e7\u00e3o, submetido ao processo de revalida\u00e7\u00e3o, ser\u00e1 registrado de acordo com a legisla\u00e7\u00e3o vigente e mediante pagamento de taxa.<br>O processo de revalida\u00e7\u00e3o de diploma estrangeiro de gradua\u00e7\u00e3o \u00e9 de responsabilidade da Coordena\u00e7\u00e3o de Rela\u00e7\u00f5es Internacionais (CRINTER).<br>Para revalida\u00e7\u00e3o de diplomas estrangeiros de Medicina, ver <a href=\"https:\/\/wp.ufpel.edu.br\/cra\/informacoes-academicas\/medicina\/\">REVALIDA<\/a>.<br><strong>&nbsp;<\/strong><br><strong>Como solicitar<\/strong><br>O interessado dever\u00e1 entrar em contato com a <a href=\"https:\/\/wp.ufpel.edu.br\/international\/\">Coordena\u00e7\u00e3o de Rela\u00e7\u00f5es Internacionais (CRINTER)<\/a>.<\/p>\n\n\n\n<p class=\"has-16-undefined-undefined-font-size\"><strong>Legisla\u00e7\u00e3o espec\u00edfica<br><\/strong>Resolu\u00e7\u00e3o N\u00ba 1, de 25 de julho de 2022<\/p>\n","protected":false},"excerpt":{"rendered":"<p>Defini\u00e7\u00e3oO diploma estrangeiro de gradua\u00e7\u00e3o, submetido ao processo de revalida\u00e7\u00e3o, ser\u00e1 registrado de acordo com a legisla\u00e7\u00e3o vigente e mediante pagamento de taxa.O processo de revalida\u00e7\u00e3o de diploma estrangeiro de gradua\u00e7\u00e3o \u00e9 de responsabilidade da Coordena\u00e7\u00e3o de Rela\u00e7\u00f5es Internacionais (CRINTER).Para revalida\u00e7\u00e3o de diplomas estrangeiros de Medicina, ver REVALIDA.&nbsp;Como solicitarO interessado dever\u00e1 entrar em contato com [&hellip;]<\/p>\n","protected":false},"author":341,"featured_media":0,"parent":6277,"menu_order":0,"comment_status":"closed","ping_status":"closed","template":"","meta":{"advanced_seo_description":"","jetpack_seo_html_title":"","jetpack_seo_noindex":false,"jetpack_post_was_ever_published":false,"footnotes":""},"class_list":["post-163","page","type-page","status-publish","hentry"],"jetpack_sharing_enabled":true,"jetpack_shortlink":"https:\/\/wp.me\/P70cyI-2D","jetpack-related-posts":[],"_links":{"self":[{"href":"https:\/\/wp.ufpel.edu.br\/cra\/wp-json\/wp\/v2\/pages\/163","targetHints":{"allow":["GET"]}}],"collection":[{"href":"https:\/\/wp.ufpel.edu.br\/cra\/wp-json\/wp\/v2\/pages"}],"about":[{"href":"https:\/\/wp.ufpel.edu.br\/cra\/wp-json\/wp\/v2\/types\/page"}],"author":[{"embeddable":true,"href":"https:\/\/wp.ufpel.edu.br\/cra\/wp-json\/wp\/v2\/users\/341"}],"replies":[{"embeddable":true,"href":"https:\/\/wp.ufpel.edu.br\/cra\/wp-json\/wp\/v2\/comments?post=163"}],"version-history":[{"count":13,"href":"https:\/\/wp.ufpel.edu.br\/cra\/wp-json\/wp\/v2\/pages\/163\/revisions"}],"predecessor-version":[{"id":8724,"href":"https:\/\/wp.ufpel.edu.br\/cra\/wp-json\/wp\/v2\/pages\/163\/revisions\/8724"}],"up":[{"embeddable":true,"href":"https:\/\/wp.ufpel.edu.br\/cra\/wp-json\/wp\/v2\/pages\/6277"}],"wp:attachment":[{"href":"https:\/\/wp.ufpel.edu.br\/cra\/wp-json\/wp\/v2\/media?parent=163"}],"curies":[{"name":"wp","href":"https:\/\/api.w.org\/{rel}","templated":true}]}}