{"id":146,"date":"2015-08-28T14:25:02","date_gmt":"2015-08-28T17:25:02","guid":{"rendered":"https:\/\/wp.ufpel.edu.br\/cra\/?page_id=146"},"modified":"2025-09-19T16:31:01","modified_gmt":"2025-09-19T19:31:01","slug":"conteudos-programaticos","status":"publish","type":"page","link":"https:\/\/wp.ufpel.edu.br\/cra\/informacoes-academicas\/conteudos-programaticos\/","title":{"rendered":"Conte\u00fados program\u00e1ticos"},"content":{"rendered":"\n<h2 class=\"wp-block-heading\" style=\"font-size:16px\"><strong>O que \u00e9?<\/strong><\/h2>\n\n\n\n<p>\u00c9 a descri\u00e7\u00e3o dos objetivos, ementas, programas, metodologias, crit\u00e9rios de avalia\u00e7\u00e3o e refer\u00eancias bibliogr\u00e1ficas da disciplina. Tamb\u00e9m chamados <strong>plano de ensino<\/strong>.<\/p>\n\n\n\n<h2 class=\"wp-block-heading\" style=\"font-size:16px\"><strong>Como solicitar?<\/strong><\/h2>\n\n\n\n<p>I &#8211; Via cobalto:<\/p>\n\n\n\n<ul class=\"wp-block-list\">\n<li><span style=\"font-weight: 400;\"><strong>Estudantes vinculados<\/strong> a um curso de gradua\u00e7\u00e3o da UFPel podem imprimir os conte\u00fados program\u00e1ticos diretamente no <strong>Cobalto<\/strong>, para disciplinas cursadas a partir do <strong>segundo <\/strong><\/span><b><strong>semestre de 2019<\/strong><\/b><span style=\"font-weight: 400;\">.<\/span><\/li>\n\n\n\n<li><span style=\"font-weight: 400;\">Menu: <strong>Consulta &gt; Hist\u00f3rico &gt; Plano de Ensino<\/strong>. Essa vers\u00e3o contar\u00e1 com c\u00f3digo validador digital.<\/span><\/li>\n<\/ul>\n\n\n\n<p>II &#8211; Via atendimento:<\/p>\n\n\n\n<ul class=\"wp-block-list\">\n<li>Nos casos em que n\u00e3o \u00e9 poss\u00edvel emitir os documentos via Cobalto, \u00e9 necess\u00e1rio realizar a solicita\u00e7\u00e3o <strong>presencialmente <\/strong>ou pelo <a href=\"https:\/\/atendimento.ufpel.edu.br\/\"><strong>site de atendimento<\/strong><\/a>.\n<ul class=\"wp-block-list\">\n<li>A solicita\u00e7\u00e3o <strong>presencial <\/strong>pode ser realizada pelo estudante ou procurador. O procurador precisa apresentar a procura\u00e7\u00e3o simples com assinatura reconhecida em cart\u00f3rio.<\/li>\n\n\n\n<li>Na solicita\u00e7\u00e3o pelo <a href=\"https:\/\/atendimento.ufpel.edu.br\/\"><strong>site de atendimento<\/strong><\/a>, \u00e9 necess\u00e1rio selecionar o t\u00f3pico de ajuda &#8220;Gradua\u00e7\u00e3o \/ Solicita\u00e7\u00e3o e envio de documento&#8221;<\/li>\n<\/ul>\n<\/li>\n\n\n\n<li>Consulte a taxa para emiss\u00e3o dos conte\u00fados program\u00e1ticos em <a href=\"https:\/\/wp.ufpel.edu.br\/cra\/taxas-academicas\/\"><span style=\"font-weight: 400;\"><strong>Taxas Acad\u00eamicas<\/strong><\/span><\/a> ou com a <strong>Se\u00e7\u00e3o de Atendimento e Informa\u00e7\u00e3o<\/strong>. <\/li>\n\n\n\n<li>O <strong>prazo para entrega<\/strong> dos conte\u00fados \u00e9 definido no ato da solicita\u00e7\u00e3o, conforme normas vigentes.<\/li>\n<\/ul>\n\n\n\n<h2 class=\"wp-block-heading\" style=\"font-size:16px\"><strong>Base Legal<\/strong><\/h2>\n\n\n\n<ul class=\"wp-block-list\">\n<li><a href=\"https:\/\/reitoria.ufpel.edu.br\/portarias\/arquivos\/0815_2017.pdf\">Portaria n\u00ba 815\/2017<\/a><\/li>\n\n\n\n<li><span style=\"font-weight: 400;\"><a href=\"https:\/\/www.planalto.gov.br\/ccivil_03\/_ato2011-2014\/2011\/lei\/l12527.htm\">Lei n\u00ba 12.527, de 18 de novembro de 2011<\/a><\/span> (<span style=\"font-weight: 400;\">inciso III do \u00a7 1\u00ba do Art. 11<\/span>)<\/li>\n<\/ul>\n\n\n\n<p><\/p>\n\n\n\n<p class=\"has-16-undefined-undefined-font-size\"><\/p>\n\n\n\n<p><\/p>\n","protected":false},"excerpt":{"rendered":"<p>O que \u00e9? \u00c9 a descri\u00e7\u00e3o dos objetivos, ementas, programas, metodologias, crit\u00e9rios de avalia\u00e7\u00e3o e refer\u00eancias bibliogr\u00e1ficas da disciplina. Tamb\u00e9m chamados plano de ensino. Como solicitar? I &#8211; Via cobalto: II &#8211; Via atendimento: Base Legal<\/p>\n","protected":false},"author":341,"featured_media":0,"parent":6277,"menu_order":0,"comment_status":"closed","ping_status":"closed","template":"","meta":{"advanced_seo_description":"","jetpack_seo_html_title":"","jetpack_seo_noindex":false,"jetpack_post_was_ever_published":false,"footnotes":""},"class_list":["post-146","page","type-page","status-publish","hentry"],"jetpack_sharing_enabled":true,"jetpack_shortlink":"https:\/\/wp.me\/P70cyI-2m","jetpack-related-posts":[],"_links":{"self":[{"href":"https:\/\/wp.ufpel.edu.br\/cra\/wp-json\/wp\/v2\/pages\/146","targetHints":{"allow":["GET"]}}],"collection":[{"href":"https:\/\/wp.ufpel.edu.br\/cra\/wp-json\/wp\/v2\/pages"}],"about":[{"href":"https:\/\/wp.ufpel.edu.br\/cra\/wp-json\/wp\/v2\/types\/page"}],"author":[{"embeddable":true,"href":"https:\/\/wp.ufpel.edu.br\/cra\/wp-json\/wp\/v2\/users\/341"}],"replies":[{"embeddable":true,"href":"https:\/\/wp.ufpel.edu.br\/cra\/wp-json\/wp\/v2\/comments?post=146"}],"version-history":[{"count":3,"href":"https:\/\/wp.ufpel.edu.br\/cra\/wp-json\/wp\/v2\/pages\/146\/revisions"}],"predecessor-version":[{"id":12081,"href":"https:\/\/wp.ufpel.edu.br\/cra\/wp-json\/wp\/v2\/pages\/146\/revisions\/12081"}],"up":[{"embeddable":true,"href":"https:\/\/wp.ufpel.edu.br\/cra\/wp-json\/wp\/v2\/pages\/6277"}],"wp:attachment":[{"href":"https:\/\/wp.ufpel.edu.br\/cra\/wp-json\/wp\/v2\/media?parent=146"}],"curies":[{"name":"wp","href":"https:\/\/api.w.org\/{rel}","templated":true}]}}