{"id":141,"date":"2015-08-28T14:16:18","date_gmt":"2015-08-28T17:16:18","guid":{"rendered":"https:\/\/wp.ufpel.edu.br\/cra\/?page_id=141"},"modified":"2023-05-15T10:52:06","modified_gmt":"2023-05-15T13:52:06","slug":"solicitacao-de-2a-via","status":"publish","type":"page","link":"https:\/\/wp.ufpel.edu.br\/cra\/informacoes-academicas\/solicitacao-de-2a-via\/","title":{"rendered":"Segunda via de diploma"},"content":{"rendered":"\n<p class=\"has-16-undefined-undefined-font-size\"><strong>ATEN\u00c7\u00c3O:<\/strong> A partir de 01\/01\/2022, para diplomas de Gradua\u00e7\u00e3o, as segundas vias ser\u00e3o expedidas somente como diploma digital. Para diplomas de P\u00f3s-Gradua\u00e7\u00e3o, as segundas vias continuam a ser expedidas em m\u00eddia f\u00edsica\/impressa.<\/p>\n\n\n\n<p class=\"has-16-undefined-undefined-font-size\"><strong>Defini\u00e7\u00e3o<\/strong><br><span style=\"font-weight: 400;\">A Universidade expedir\u00e1 segunda via de diploma aos seus egressos mediante solicita\u00e7\u00e3o motivada por extravio ou danifica\u00e7\u00e3o. Em caso de danifica\u00e7\u00e3o, o diploma danificado dever\u00e1 ser entregue para inutiliza\u00e7\u00e3o.<\/span><\/p>\n\n\n\n<p class=\"has-16-undefined-undefined-font-size\"><strong>Como solicitar<\/strong><br><span style=\"font-weight: 400;\">A segunda via de diploma dever\u00e1 ser solicitada pelo bot\u00e3o \u201csolicitar atendimento\u201d, mediante pagamento de taxa (<\/span><a href=\"https:\/\/wp.ufpel.edu.br\/cra\/taxas-academicas\/\"><span style=\"font-weight: 400;\">veja valor e como pagar aqui<\/span><\/a><span style=\"font-weight: 400;\">), apresenta\u00e7\u00e3o dos documentos necess\u00e1rios e preenchimento de requerimento, explicitando o motivo para a solicita\u00e7\u00e3o.<\/span><br><span style=\"font-weight: 400;\">A solicita\u00e7\u00e3o poder\u00e1 ser realizada pelo egresso ou seu procurador legal, presencialmente pelo correio ou pela central de atendimento.<\/span><\/p>\n\n\n\n<p class=\"has-16-undefined-undefined-font-size\">Documentos para solicitar a segunda via de diploma:<\/p>\n\n\n<style>.wp-block-kadence-iconlist.kt-svg-icon-list-items_cced97-de:not(.this-stops-third-party-issues){margin-top:0px;margin-bottom:0px;}.wp-block-kadence-iconlist.kt-svg-icon-list-items_cced97-de ul.kt-svg-icon-list:not(.this-prevents-issues):not(.this-stops-third-party-issues):not(.tijsloc){margin-top:0px;margin-right:0px;margin-bottom:10px;margin-left:0px;}.wp-block-kadence-iconlist.kt-svg-icon-list-items_cced97-de ul.kt-svg-icon-list{grid-row-gap:5px;}.wp-block-kadence-iconlist.kt-svg-icon-list-items_cced97-de ul.kt-svg-icon-list .kt-svg-icon-list-item-wrap .kt-svg-icon-list-single{margin-right:10px;}.kt-svg-icon-list-items_cced97-de ul.kt-svg-icon-list .kt-svg-icon-list-item-wrap, .kt-svg-icon-list-items_cced97-de ul.kt-svg-icon-list .kt-svg-icon-list-item-wrap a{font-size:16px;}<\/style>\n<div class=\"wp-block-kadence-iconlist kt-svg-icon-list-items kt-svg-icon-list-items_cced97-de kt-svg-icon-list-columns-1 alignnone\"><ul class=\"kt-svg-icon-list\"><style>.kt-svg-icon-list-item-_6ed08c-41 .kt-svg-icon-list-single{font-size:16px !important;padding:5px !important;border-width:1px !important;}.kt-svg-icon-list-item-_6ed08c-41 .kt-svg-icon-list-text mark.kt-highlight{background-color:unset;font-style:normal;color:#f76a0c;-webkit-box-decoration-break:clone;box-decoration-break:clone;padding-top:0px;padding-right:0px;padding-bottom:0px;padding-left:0px;}<\/style>\n<li class=\"wp-block-kadence-listitem kt-svg-icon-list-item-wrap kt-svg-icon-list-item-_6ed08c-41 kt-svg-icon-list-style-stacked\"><span class=\"kb-svg-icon-wrap kb-svg-icon-fe_checkCircle kt-svg-icon-list-single\"><svg viewBox=\"0 0 24 24\"  fill=\"none\" stroke=\"currentColor\" stroke-width=\"2\" stroke-linecap=\"round\" stroke-linejoin=\"round\" xmlns=\"http:\/\/www.w3.org\/2000\/svg\"  aria-hidden=\"true\"><path d=\"M22 11.08V12a10 10 0 1 1-5.93-9.14\"\/><polyline points=\"22 4 12 14.01 9 11.01\"\/><\/svg><\/span><span class=\"kt-svg-icon-list-text\">Diploma original (somente em caso de danifica\u00e7\u00e3o).<\/span><\/li>\n\n\n<style>.kt-svg-icon-list-item-_7a8cab-5c .kt-svg-icon-list-single{font-size:16px !important;padding:5px !important;border-width:1px !important;}.kt-svg-icon-list-item-_7a8cab-5c .kt-svg-icon-list-text mark.kt-highlight{background-color:unset;font-style:normal;color:#f76a0c;-webkit-box-decoration-break:clone;box-decoration-break:clone;padding-top:0px;padding-right:0px;padding-bottom:0px;padding-left:0px;}<\/style>\n<li class=\"wp-block-kadence-listitem kt-svg-icon-list-item-wrap kt-svg-icon-list-item-_7a8cab-5c kt-svg-icon-list-style-stacked\"><span class=\"kb-svg-icon-wrap kb-svg-icon-fe_checkCircle kt-svg-icon-list-single\"><svg viewBox=\"0 0 24 24\"  fill=\"none\" stroke=\"currentColor\" stroke-width=\"2\" stroke-linecap=\"round\" stroke-linejoin=\"round\" xmlns=\"http:\/\/www.w3.org\/2000\/svg\"  aria-hidden=\"true\"><path d=\"M22 11.08V12a10 10 0 1 1-5.93-9.14\"\/><polyline points=\"22 4 12 14.01 9 11.01\"\/><\/svg><\/span><span class=\"kt-svg-icon-list-text\">C\u00f3pia simples da C\u00e9dula de identidade (RG ou RNE). O RG \u00e9 a c\u00e9dula de identifica\u00e7\u00e3o emitida pelos \u00f3rg\u00e3os de seguran\u00e7a p\u00fablica, n\u00e3o ser\u00e1 aceito outro documento;<\/span><\/li>\n\n\n<style>.kt-svg-icon-list-item-_696948-c7 .kt-svg-icon-list-single{font-size:16px !important;padding:5px !important;border-width:1px !important;}.kt-svg-icon-list-item-_696948-c7 .kt-svg-icon-list-text mark.kt-highlight{background-color:unset;font-style:normal;color:#f76a0c;-webkit-box-decoration-break:clone;box-decoration-break:clone;padding-top:0px;padding-right:0px;padding-bottom:0px;padding-left:0px;}<\/style>\n<li class=\"wp-block-kadence-listitem kt-svg-icon-list-item-wrap kt-svg-icon-list-item-_696948-c7 kt-svg-icon-list-style-stacked\"><span class=\"kb-svg-icon-wrap kb-svg-icon-fe_checkCircle kt-svg-icon-list-single\"><svg viewBox=\"0 0 24 24\"  fill=\"none\" stroke=\"currentColor\" stroke-width=\"2\" stroke-linecap=\"round\" stroke-linejoin=\"round\" xmlns=\"http:\/\/www.w3.org\/2000\/svg\"  aria-hidden=\"true\"><path d=\"M22 11.08V12a10 10 0 1 1-5.93-9.14\"\/><polyline points=\"22 4 12 14.01 9 11.01\"\/><\/svg><\/span><span class=\"kt-svg-icon-list-text\">C\u00f3pia simples do CPF;<\/span><\/li>\n\n\n<style>.kt-svg-icon-list-item-_0a0732-f0 .kt-svg-icon-list-single{font-size:16px !important;padding:5px !important;border-width:1px !important;}.kt-svg-icon-list-item-_0a0732-f0 .kt-svg-icon-list-text mark.kt-highlight{background-color:unset;font-style:normal;color:#f76a0c;-webkit-box-decoration-break:clone;box-decoration-break:clone;padding-top:0px;padding-right:0px;padding-bottom:0px;padding-left:0px;}<\/style>\n<li class=\"wp-block-kadence-listitem kt-svg-icon-list-item-wrap kt-svg-icon-list-item-_0a0732-f0 kt-svg-icon-list-style-stacked\"><span class=\"kb-svg-icon-wrap kb-svg-icon-fe_checkCircle kt-svg-icon-list-single\"><svg viewBox=\"0 0 24 24\"  fill=\"none\" stroke=\"currentColor\" stroke-width=\"2\" stroke-linecap=\"round\" stroke-linejoin=\"round\" xmlns=\"http:\/\/www.w3.org\/2000\/svg\"  aria-hidden=\"true\"><path d=\"M22 11.08V12a10 10 0 1 1-5.93-9.14\"\/><polyline points=\"22 4 12 14.01 9 11.01\"\/><\/svg><\/span><span class=\"kt-svg-icon-list-text\">Procura\u00e7\u00e3o (para solicita\u00e7\u00f5es realizadas por representante do diplomado).<\/span><\/li>\n<\/ul><\/div>\n\n\n\n<p class=\"has-16-undefined-undefined-font-size\"><strong>Requerimento<\/strong><br><a href=\"https:\/\/drive.google.com\/uc?export=view&amp;id=1HSfi3lJjFDuwWVwYJF1Ty55_rm_O2Wv-\">Requerimento de 2 via diploma<\/a><\/p>\n\n\n<style>.wp-block-kadence-advancedbtn.kt-btns_616723-de, .site .entry-content .wp-block-kadence-advancedbtn.kt-btns_616723-de, .wp-block-kadence-advancedbtn.kb-btns_616723-de, .site .entry-content .wp-block-kadence-advancedbtn.kb-btns_616723-de{margin-top:10px;}.wp-block-kadence-advancedbtn.kb-btns_616723-de{gap:var(--global-kb-gap-xs, 0.5rem );justify-content:center;align-items:center;}.kt-btns_616723-de .kt-button{font-weight:normal;font-style:normal;}@media all and (max-width: 1024px){.wp-block-kadence-advancedbtn.kb-btns_616723-de{justify-content:center;}}@media all and (max-width: 767px){.wp-block-kadence-advancedbtn.kb-btns_616723-de{justify-content:center;}}<\/style>\n<div class=\"wp-block-kadence-advancedbtn kb-buttons-wrap kb-btns_616723-de\"><style>ul.menu .wp-block-kadence-advancedbtn .kb-btn_186a90-63.kb-button{width:initial;}.wp-block-kadence-advancedbtn .kb-btn_186a90-63.kb-button{color:#ffa900;background:#ffffff;font-size:nonepx;font-family:Raleway;font-weight:400;border-top-left-radius:20px;border-top-right-radius:20px;border-bottom-right-radius:20px;border-bottom-left-radius:20px;border-top:1px solid #ffa900;border-right:1px solid #ffa900;border-bottom:1px solid #ffa900;border-left:1px solid #ffa900;}.wp-block-kadence-advancedbtn .kb-btn_186a90-63.kb-button:hover, .wp-block-kadence-advancedbtn .kb-btn_186a90-63.kb-button:focus{color:#ffffff;background:#ffa900;border-top-color:#ffa900;border-top-style:solid;border-right-color:#ffa900;border-right-style:solid;border-bottom-color:#ffa900;border-bottom-style:solid;border-left-color:#ffa900;border-left-style:solid;}@media all and (max-width: 1024px){.wp-block-kadence-advancedbtn .kb-btn_186a90-63.kb-button{border-top:1px solid #ffa900;border-right:1px solid #ffa900;border-bottom:1px solid #ffa900;border-left:1px solid #ffa900;}}@media all and (max-width: 1024px){.wp-block-kadence-advancedbtn .kb-btn_186a90-63.kb-button:hover, .wp-block-kadence-advancedbtn .kb-btn_186a90-63.kb-button:focus{border-top-color:#ffa900;border-top-style:solid;border-right-color:#ffa900;border-right-style:solid;border-bottom-color:#ffa900;border-bottom-style:solid;border-left-color:#ffa900;border-left-style:solid;}}@media all and (max-width: 767px){.wp-block-kadence-advancedbtn .kb-btn_186a90-63.kb-button{border-top:1px solid #ffa900;border-right:1px solid #ffa900;border-bottom:1px solid #ffa900;border-left:1px solid #ffa900;}.wp-block-kadence-advancedbtn .kb-btn_186a90-63.kb-button:hover, .wp-block-kadence-advancedbtn .kb-btn_186a90-63.kb-button:focus{border-top-color:#ffa900;border-top-style:solid;border-right-color:#ffa900;border-right-style:solid;border-bottom-color:#ffa900;border-bottom-style:solid;border-left-color:#ffa900;border-left-style:solid;}}<\/style><a class=\"kb-button kt-button button kb-btn_186a90-63 kt-btn-size-standard kt-btn-width-type-auto kb-btn-global-outline  kt-btn-has-text-true kt-btn-has-svg-false  wp-block-kadence-singlebtn\" href=\"https:\/\/wp.ufpel.edu.br\/perguntas\/solicitar-atendimento\/\"><span class=\"kt-btn-inner-text\"><strong>Solicitar atendimento<\/strong><\/span><\/a><\/div>\n\n\n\n<p class=\"has-16-undefined-undefined-font-size\"><strong>Fluxograma<\/strong><\/p>\n\n\n\n<p class=\"has-16-undefined-undefined-font-size\"><strong>Para diplomas de Gradua\u00e7\u00e3o:<\/strong><\/p>\n\n\n\n<figure class=\"wp-block-table is-style-stripes\"><table><tbody><tr><td>Respons\u00e1vel<\/td><td>Procedimento<\/td><\/tr><tr><td>Egresso ou seu procurador<\/td><td>\u2013 Cadastrar a solicita\u00e7\u00e3o no bot\u00e3o \u201csolicitar atendimento\u201d;<br>\u2013 Anexar o requerimento de segunda via de diploma preenchido e assinado;<br>\u2013 Anexar comprovante de pagamento da taxa;<br>\u2013 Anexar documentos para segunda via de diploma.<\/td><\/tr><tr><td>CRA<\/td><td>\u2013 Receber solicita\u00e7\u00e3o;<br>\u2013 Emitir segunda via de diploma;- Disponibilizar o arquivo XML e a RVDD para o egresso no Sistema Cobalto.<\/td><\/tr><tr><td>Egresso ou seu procurador<\/td><td>\u2013 Acessar o Sistema Cobalto e fazer o download do arquivo XML e da RVDD.<\/td><\/tr><\/tbody><\/table><\/figure>\n\n\n\n<hr class=\"wp-block-separator has-alpha-channel-opacity\"\/>\n\n\n\n<p class=\"has-16-undefined-undefined-font-size\"><strong>Para diplomas de P\u00f3s-Gradua\u00e7\u00e3o:<\/strong><\/p>\n\n\n\n<figure class=\"wp-block-table is-style-stripes\"><table><tbody><tr><td>Respons\u00e1vel<\/td><td>Procedimento<\/td><\/tr><tr><td>Egresso ou seu procurador<\/td><td>\u2013 Cadastrar a solicita\u00e7\u00e3o no bot\u00e3o \u201csolicitar atendimento\u201d;<br>\u2013 Anexar o requerimento de segunda via de diploma preenchido e assinado;<br>\u2013 Anexar comprovante de pagamento da taxa;<br>\u2013 Anexar documentos para segunda via de diploma.<\/td><\/tr><tr><td>CRA<\/td><td>\u2013 Receber solicita\u00e7\u00e3o;<br>\u2013 Emitir segunda via de diploma;<br>\u2013 Encaminhar \u00e0 Dire\u00e7\u00e3o da Unidade Acad\u00eamica respons\u00e1vel pelo curso.<\/td><\/tr><tr><td>Dire\u00e7\u00e3o da Unidade Acad\u00eamica respons\u00e1vel pelo curso<\/td><td>\u2013 Entregar segunda via do diploma ao egresso ou seu procurador legal.<\/td><\/tr><\/tbody><\/table><\/figure>\n","protected":false},"excerpt":{"rendered":"<p>ATEN\u00c7\u00c3O: A partir de 01\/01\/2022, para diplomas de Gradua\u00e7\u00e3o, as segundas vias ser\u00e3o expedidas somente como diploma digital. Para diplomas de P\u00f3s-Gradua\u00e7\u00e3o, as segundas vias continuam a ser expedidas em m\u00eddia f\u00edsica\/impressa. Defini\u00e7\u00e3oA Universidade expedir\u00e1 segunda via de diploma aos seus egressos mediante solicita\u00e7\u00e3o motivada por extravio ou danifica\u00e7\u00e3o. Em caso de danifica\u00e7\u00e3o, o diploma [&hellip;]<\/p>\n","protected":false},"author":341,"featured_media":0,"parent":6277,"menu_order":0,"comment_status":"closed","ping_status":"closed","template":"","meta":{"advanced_seo_description":"","jetpack_seo_html_title":"","jetpack_seo_noindex":false,"jetpack_post_was_ever_published":false,"footnotes":""},"class_list":["post-141","page","type-page","status-publish","hentry"],"jetpack_sharing_enabled":true,"jetpack_shortlink":"https:\/\/wp.me\/P70cyI-2h","jetpack-related-posts":[],"_links":{"self":[{"href":"https:\/\/wp.ufpel.edu.br\/cra\/wp-json\/wp\/v2\/pages\/141","targetHints":{"allow":["GET"]}}],"collection":[{"href":"https:\/\/wp.ufpel.edu.br\/cra\/wp-json\/wp\/v2\/pages"}],"about":[{"href":"https:\/\/wp.ufpel.edu.br\/cra\/wp-json\/wp\/v2\/types\/page"}],"author":[{"embeddable":true,"href":"https:\/\/wp.ufpel.edu.br\/cra\/wp-json\/wp\/v2\/users\/341"}],"replies":[{"embeddable":true,"href":"https:\/\/wp.ufpel.edu.br\/cra\/wp-json\/wp\/v2\/comments?post=141"}],"version-history":[{"count":32,"href":"https:\/\/wp.ufpel.edu.br\/cra\/wp-json\/wp\/v2\/pages\/141\/revisions"}],"predecessor-version":[{"id":8726,"href":"https:\/\/wp.ufpel.edu.br\/cra\/wp-json\/wp\/v2\/pages\/141\/revisions\/8726"}],"up":[{"embeddable":true,"href":"https:\/\/wp.ufpel.edu.br\/cra\/wp-json\/wp\/v2\/pages\/6277"}],"wp:attachment":[{"href":"https:\/\/wp.ufpel.edu.br\/cra\/wp-json\/wp\/v2\/media?parent=141"}],"curies":[{"name":"wp","href":"https:\/\/api.w.org\/{rel}","templated":true}]}}