{"id":138,"date":"2015-08-28T14:15:57","date_gmt":"2015-08-28T17:15:57","guid":{"rendered":"https:\/\/wp.ufpel.edu.br\/cra\/?page_id=138"},"modified":"2023-05-15T10:53:04","modified_gmt":"2023-05-15T13:53:04","slug":"solicitacao-de-urgencia","status":"publish","type":"page","link":"https:\/\/wp.ufpel.edu.br\/cra\/informacoes-academicas\/solicitacao-de-urgencia\/","title":{"rendered":"Solicita\u00e7\u00e3o de urg\u00eancia de diploma"},"content":{"rendered":"\n<p class=\"has-16-undefined-undefined-font-size\"><strong>Defini\u00e7\u00e3o<\/strong><br><span style=\"font-weight: 400;\">A solicita\u00e7\u00e3o de urg\u00eancia da expedi\u00e7\u00e3o de diploma (para gradua\u00e7\u00e3o e p\u00f3s-gradua\u00e7\u00e3o) poder\u00e1 ser realizada somente nos casos comprovados, por alunos que j\u00e1 realizaram a cola\u00e7\u00e3o de grau e, por motivo de for\u00e7a maior, n\u00e3o podem esperar o tempo normal para a entrega do diploma, como por exemplo nos casos de:<\/span><\/p>\n\n\n\n<p class=\"has-16-undefined-undefined-font-size\"><span style=\"font-weight: 400;\">I \u2013 Aprova\u00e7\u00e3o em concurso p\u00fablico onde o edital cita apenas o diploma, negando assim a apresenta\u00e7\u00e3o do certificado de conclus\u00e3o;<\/span><br><span style=\"font-weight: 400;\">II \u2013 Participa\u00e7\u00e3o em programa de p\u00f3s-gradua\u00e7\u00e3o fora do pa\u00eds ou ainda no pa\u00eds, quando o edital cita apenas o diploma;<\/span><br><span style=\"font-weight: 400;\">III \u2013 Demais casos, onde o diploma se faz necess\u00e1rio, sem que exista a possibilidade comprovada da entrega do Certificado de Conclus\u00e3o.<\/span><\/p>\n\n\n\n<p class=\"has-16-undefined-undefined-font-size\"><b>Como solicitar<\/b><br><span style=\"font-weight: 400;\">A solicita\u00e7\u00e3o de urg\u00eancia de diploma pode ser realizada no atendimento da CRA, via correio ou pelo<\/span><span style=\"font-weight: 400;\"> atrav\u00e9s do cadastro de uma solicita\u00e7\u00e3o de atendimento. A solicita\u00e7\u00e3o dever\u00e1 conter o requerimento preenchido e documento que ampare a justificativa.<\/span><\/p>\n\n\n\n<p class=\"has-16-undefined-undefined-font-size\"><strong>Requerimento<\/strong><br><a href=\"https:\/\/drive.google.com\/uc?export=view&amp;id=1GpYx8zuV_LteYfgzYR2E6E2_VxJ7KiJ0\">Requerimento de urg\u00eancia diploma<\/a><\/p>\n\n\n<style>.wp-block-kadence-advancedbtn.kt-btns_616723-de, .site .entry-content .wp-block-kadence-advancedbtn.kt-btns_616723-de, .wp-block-kadence-advancedbtn.kb-btns_616723-de, .site .entry-content .wp-block-kadence-advancedbtn.kb-btns_616723-de{margin-top:10px;}.wp-block-kadence-advancedbtn.kb-btns_616723-de{gap:var(--global-kb-gap-xs, 0.5rem );justify-content:center;align-items:center;}.kt-btns_616723-de .kt-button{font-weight:normal;font-style:normal;}@media all and (max-width: 1024px){.wp-block-kadence-advancedbtn.kb-btns_616723-de{justify-content:center;}}@media all and (max-width: 767px){.wp-block-kadence-advancedbtn.kb-btns_616723-de{justify-content:center;}}<\/style>\n<div class=\"wp-block-kadence-advancedbtn kb-buttons-wrap kb-btns_616723-de\"><style>ul.menu .wp-block-kadence-advancedbtn .kb-btn_5d0f03-4b.kb-button{width:initial;}.wp-block-kadence-advancedbtn .kb-btn_5d0f03-4b.kb-button{color:#ffa900;background:#ffffff;font-size:nonepx;font-family:Raleway;font-weight:400;border-top-left-radius:20px;border-top-right-radius:20px;border-bottom-right-radius:20px;border-bottom-left-radius:20px;border-top:1px solid #ffa900;border-right:1px solid #ffa900;border-bottom:1px solid #ffa900;border-left:1px solid #ffa900;}.wp-block-kadence-advancedbtn .kb-btn_5d0f03-4b.kb-button:hover, .wp-block-kadence-advancedbtn .kb-btn_5d0f03-4b.kb-button:focus{color:#ffffff;background:#ffa900;border-top-color:#ffa900;border-top-style:solid;border-right-color:#ffa900;border-right-style:solid;border-bottom-color:#ffa900;border-bottom-style:solid;border-left-color:#ffa900;border-left-style:solid;}@media all and (max-width: 1024px){.wp-block-kadence-advancedbtn .kb-btn_5d0f03-4b.kb-button{border-top:1px solid #ffa900;border-right:1px solid #ffa900;border-bottom:1px solid #ffa900;border-left:1px solid #ffa900;}}@media all and (max-width: 1024px){.wp-block-kadence-advancedbtn .kb-btn_5d0f03-4b.kb-button:hover, .wp-block-kadence-advancedbtn .kb-btn_5d0f03-4b.kb-button:focus{border-top-color:#ffa900;border-top-style:solid;border-right-color:#ffa900;border-right-style:solid;border-bottom-color:#ffa900;border-bottom-style:solid;border-left-color:#ffa900;border-left-style:solid;}}@media all and (max-width: 767px){.wp-block-kadence-advancedbtn .kb-btn_5d0f03-4b.kb-button{border-top:1px solid #ffa900;border-right:1px solid #ffa900;border-bottom:1px solid #ffa900;border-left:1px solid #ffa900;}.wp-block-kadence-advancedbtn .kb-btn_5d0f03-4b.kb-button:hover, .wp-block-kadence-advancedbtn .kb-btn_5d0f03-4b.kb-button:focus{border-top-color:#ffa900;border-top-style:solid;border-right-color:#ffa900;border-right-style:solid;border-bottom-color:#ffa900;border-bottom-style:solid;border-left-color:#ffa900;border-left-style:solid;}}<\/style><a class=\"kb-button kt-button button kb-btn_5d0f03-4b kt-btn-size-standard kt-btn-width-type-auto kb-btn-global-outline  kt-btn-has-text-true kt-btn-has-svg-false  wp-block-kadence-singlebtn\" href=\"https:\/\/wp.ufpel.edu.br\/perguntas\/solicitar-atendimento\/\"><span class=\"kt-btn-inner-text\"><strong>Solicitar atendimento<\/strong><\/span><\/a><\/div>\n\n\n\n<p class=\"has-16-undefined-undefined-font-size\"><strong>Fluxograma<\/strong><\/p>\n\n\n\n<p class=\"has-16-undefined-undefined-font-size\"><strong>Para Gradua\u00e7\u00e3o:<\/strong><\/p>\n\n\n\n<figure class=\"wp-block-table is-style-stripes\"><table><tbody><tr><td>Respons\u00e1vel<\/td><td>Procedimento<\/td><\/tr><tr><td>Egresso ou seu procurador<\/td><td>\u2013 Preencher e assinar o requerimento de urg\u00eancia de diploma;<br>\u2013 Anexar documenta\u00e7\u00e3o que ampare a justificativa;<br>\u2013 Entregar solicita\u00e7\u00e3o na CRA.<\/td><\/tr><tr><td>CRA<\/td><td>\u2013 Receber solicita\u00e7\u00e3o;<br>\u2013 Emitir diploma;<br>\u2013 Disponibilizar o arquivo XML e a RVDD para o egresso no Sistema Cobalto.<\/td><\/tr><tr><td>Egresso ou seu procurador<\/td><td>\u2013 Acessar o Sistema Cobalto e fazer o download do arquivo XML e da RVDD.<\/td><\/tr><\/tbody><\/table><\/figure>\n\n\n\n<hr class=\"wp-block-separator has-alpha-channel-opacity\"\/>\n\n\n\n<p class=\"has-16-undefined-undefined-font-size\"><strong>Para P\u00f3s-Gradua\u00e7\u00e3o:<\/strong><\/p>\n\n\n\n<figure class=\"wp-block-table is-style-stripes\"><table><tbody><tr><td>Respons\u00e1vel<\/td><td>Procedimento<\/td><\/tr><tr><td>Egresso ou seu procurador<\/td><td>\u2013 Preencher e assinar o requerimento de urg\u00eancia de diploma;<br>\u2013 Anexar documenta\u00e7\u00e3o que ampare a justificativa;<br>\u2013 Entregar solicita\u00e7\u00e3o na CRA.<\/td><\/tr><tr><td>CRA<\/td><td>\u2013 Receber solicita\u00e7\u00e3o;<br>\u2013 Emitir diploma;<br>\u2013 Encaminhar \u00e0 Dire\u00e7\u00e3o da Unidade Acad\u00eamica respons\u00e1vel pelo curso.<\/td><\/tr><tr><td>Dire\u00e7\u00e3o da Unidade Acad\u00eamica respons\u00e1vel pelo curso<\/td><td>\u2013 Entregar o diploma ao egresso ou seu procurador.<\/td><\/tr><\/tbody><\/table><\/figure>\n","protected":false},"excerpt":{"rendered":"<p>Defini\u00e7\u00e3oA solicita\u00e7\u00e3o de urg\u00eancia da expedi\u00e7\u00e3o de diploma (para gradua\u00e7\u00e3o e p\u00f3s-gradua\u00e7\u00e3o) poder\u00e1 ser realizada somente nos casos comprovados, por alunos que j\u00e1 realizaram a cola\u00e7\u00e3o de grau e, por motivo de for\u00e7a maior, n\u00e3o podem esperar o tempo normal para a entrega do diploma, como por exemplo nos casos de: I \u2013 Aprova\u00e7\u00e3o em [&hellip;]<\/p>\n","protected":false},"author":341,"featured_media":0,"parent":6277,"menu_order":0,"comment_status":"closed","ping_status":"closed","template":"","meta":{"advanced_seo_description":"","jetpack_seo_html_title":"","jetpack_seo_noindex":false,"jetpack_post_was_ever_published":false,"footnotes":""},"class_list":["post-138","page","type-page","status-publish","hentry"],"jetpack_sharing_enabled":true,"jetpack_shortlink":"https:\/\/wp.me\/P70cyI-2e","jetpack-related-posts":[],"_links":{"self":[{"href":"https:\/\/wp.ufpel.edu.br\/cra\/wp-json\/wp\/v2\/pages\/138","targetHints":{"allow":["GET"]}}],"collection":[{"href":"https:\/\/wp.ufpel.edu.br\/cra\/wp-json\/wp\/v2\/pages"}],"about":[{"href":"https:\/\/wp.ufpel.edu.br\/cra\/wp-json\/wp\/v2\/types\/page"}],"author":[{"embeddable":true,"href":"https:\/\/wp.ufpel.edu.br\/cra\/wp-json\/wp\/v2\/users\/341"}],"replies":[{"embeddable":true,"href":"https:\/\/wp.ufpel.edu.br\/cra\/wp-json\/wp\/v2\/comments?post=138"}],"version-history":[{"count":19,"href":"https:\/\/wp.ufpel.edu.br\/cra\/wp-json\/wp\/v2\/pages\/138\/revisions"}],"predecessor-version":[{"id":8728,"href":"https:\/\/wp.ufpel.edu.br\/cra\/wp-json\/wp\/v2\/pages\/138\/revisions\/8728"}],"up":[{"embeddable":true,"href":"https:\/\/wp.ufpel.edu.br\/cra\/wp-json\/wp\/v2\/pages\/6277"}],"wp:attachment":[{"href":"https:\/\/wp.ufpel.edu.br\/cra\/wp-json\/wp\/v2\/media?parent=138"}],"curies":[{"name":"wp","href":"https:\/\/api.w.org\/{rel}","templated":true}]}}