{"id":135,"date":"2015-08-28T14:15:23","date_gmt":"2015-08-28T17:15:23","guid":{"rendered":"https:\/\/wp.ufpel.edu.br\/cra\/?page_id=135"},"modified":"2023-05-15T10:40:55","modified_gmt":"2023-05-15T13:40:55","slug":"diploma","status":"publish","type":"page","link":"https:\/\/wp.ufpel.edu.br\/cra\/informacoes-academicas\/diploma\/","title":{"rendered":"Diploma"},"content":{"rendered":"\n<p class=\"has-16-undefined-undefined-font-size\"><strong>Diplomas de Gradua\u00e7\u00e3o e P\u00f3s-Gradua\u00e7\u00e3o<\/strong><\/p>\n\n\n\n<p class=\"has-16-undefined-undefined-font-size\">A Universidade outorgar\u00e1 diploma que comprove a forma\u00e7\u00e3o recebida pelo seu titular, somente ap\u00f3s a verifica\u00e7\u00e3o do cumprimento das exig\u00eancias do curr\u00edculo do curso ao qual o discente esteve vinculado e participa\u00e7\u00e3o, devidamente comprovada atrav\u00e9s de ata, em solenidade de cola\u00e7\u00e3o de grau, conforme a legisla\u00e7\u00e3o vigente.<\/p>\n\n\n\n<hr class=\"wp-block-separator has-alpha-channel-opacity\"\/>\n\n\n\n<p class=\"has-16-undefined-undefined-font-size\"><strong>Qual o prazo de entrega do diploma?<\/strong><\/p>\n\n\n\n<p class=\"has-16-undefined-undefined-font-size\"><strong>Para a Gradua\u00e7\u00e3o:<\/strong><\/p>\n\n\n\n<p class=\"has-16-undefined-undefined-font-size\">O prazo para entrega do diploma digital vai de 60 at\u00e9 120 dias ap\u00f3s a cola\u00e7\u00e3o de grau, conforme Portaria MEC n\u00ba 1.095, de 25 de outubro de 2018.<\/p>\n\n\n\n<p class=\"has-16-undefined-undefined-font-size\"><strong>Para a P\u00f3s-Gradua\u00e7\u00e3o:<\/strong><\/p>\n\n\n\n<p class=\"has-16-undefined-undefined-font-size\">O prazo para entrega do documento vai de 60 at\u00e9 120 dias a contar da data de chegada do processo solicitando o diploma no NRD.<\/p>\n\n\n\n<hr class=\"wp-block-separator has-alpha-channel-opacity\"\/>\n\n\n\n<p class=\"has-16-undefined-undefined-font-size\"><strong>Tenho urg\u00eancia para retirar meu diploma. Como procedo?<\/strong><\/p>\n\n\n\n<p class=\"has-16-undefined-undefined-font-size\">Veja&nbsp;<a href=\"https:\/\/wp.ufpel.edu.br\/cra\/solicitacao-de-urgencia\/\">Solicita\u00e7\u00e3o de urg\u00eancia de diploma<\/a>.<\/p>\n\n\n\n<hr class=\"wp-block-separator has-alpha-channel-opacity\"\/>\n\n\n\n<p class=\"has-16-undefined-undefined-font-size\"><strong>Onde retiro meu diploma?<\/strong><\/p>\n\n\n\n<p class=\"has-16-undefined-undefined-font-size\"><strong>Para Gradua\u00e7\u00e3o:<\/strong><\/p>\n\n\n\n<p class=\"has-16-undefined-undefined-font-size\">Para aqueles que tiveram a expedi\u00e7\u00e3o do seu diploma at\u00e9 31\/12\/2021 o diploma \u00e9 impresso e deve ser retirado na Secretaria da Dire\u00e7\u00e3o da Unidade Acad\u00eamica ao qual seu curso est\u00e1 vinculado. A partir de 01\/01\/2022 o diploma \u00e9 digital.<\/p>\n\n\n\n<p class=\"has-16-undefined-undefined-font-size\">A UFPEL aderiu ao servi\u00e7o de diploma digital da RNP. O seu diploma digital pode ser acessado atrav\u00e9s do Sistema Cobalto (Menu \u201cAluno -&gt; Consulta -&gt; Diploma Digital\u201d), voc\u00ea ter\u00e1 acesso a dois documentos: o arquivo XML do Diploma Digital e a Representa\u00e7\u00e3o Visual do Diploma Digital \u2013 RVDD.<\/p>\n\n\n\n<p class=\"has-16-undefined-undefined-font-size\">\u00c9 importante salientar que a Representa\u00e7\u00e3o Visual do Diploma Digital \u2013 RVDD n\u00e3o substitui o arquivo XML do Diploma Digital, em termos jur\u00eddicos. A RVDD apresenta os dados contidos no arquivo XML em uma forma mais f\u00e1cil de ser compreendida. Sendo assim, se necess\u00e1rio apresentar uma vers\u00e3o f\u00edsica\/impressa do seu Diploma, sugerimos que a Representa\u00e7\u00e3o Visual impressa por voc\u00ea seja apresentada junto com o arquivo XML do Diploma Digital.<\/p>\n\n\n\n<p class=\"has-16-undefined-undefined-font-size\">Discentes vinculados ao programa PEC-G continuar\u00e3o recebendo seus documentos na autoridade consular brasileira no seu pa\u00eds de origem.<\/p>\n\n\n\n<p class=\"has-16-undefined-undefined-font-size\"><strong>Para P\u00f3s-Gradua\u00e7\u00e3o:<\/strong><\/p>\n\n\n\n<p class=\"has-16-undefined-undefined-font-size\">O diploma de P\u00f3s-Gradua\u00e7\u00e3o \u00e9 f\u00edsico\/impresso e ser\u00e1 entregue pela Secretaria da Dire\u00e7\u00e3o da Unidade Acad\u00eamica do curso, diretamente ao discente ou ao seu representante legal. N\u00e3o h\u00e1 envio de diploma pelos Correios ou outro semelhante.<\/p>\n\n\n\n<hr class=\"wp-block-separator has-alpha-channel-opacity\"\/>\n\n\n\n<p class=\"has-16-undefined-undefined-font-size\"><strong>Preciso verificar a autenticidade de um diploma emitido pela UFPel. Como proceder?<\/strong><\/p>\n\n\n\n<p class=\"has-16-undefined-undefined-font-size\">Para diplomas de Gradua\u00e7\u00e3o expedidos at\u00e9 maio de 2019 e diplomas de P\u00f3s-Gradua\u00e7\u00e3o, veja Verifica\u00e7\u00e3o de Autenticidade de Diploma.<\/p>\n\n\n\n<p class=\"has-16-undefined-undefined-font-size\">Diplomas de gradua\u00e7\u00e3o registrados de maio de 2019 at\u00e9 31\/12\/2021 podem ser verificados atrav\u00e9s da&nbsp;<a href=\"https:\/\/cobalto.ufpel.edu.br\/portal\/consultas\/registroDiplomaPublico\">Consulta ao registro de diplomas de gradua\u00e7\u00e3o<\/a><\/p>\n\n\n\n<p class=\"has-16-undefined-undefined-font-size\">A conformidade do diploma digital poder\u00e1 ser verificada atrav\u00e9s da <a href=\"https:\/\/validadordiplomadigital.mec.gov.br\/diploma\">p\u00e1gina do Minist\u00e9rio da Educa\u00e7\u00e3o<\/a>, mas para isso ser\u00e1 necess\u00e1rio ter arquivo XML referente ao diploma e fazer o upload deste arquivo no site do MEC. Somente o egresso tem acesso ao arquivo XML do seu diploma atrav\u00e9s do sistema acad\u00eamico. N\u00e3o fornecemos nem damos acesso ao arquivo XML ou \u00e0 RVDD para terceiros.<\/p>\n\n\n\n<hr class=\"wp-block-separator has-alpha-channel-opacity\"\/>\n\n\n\n<p class=\"has-16-undefined-undefined-font-size\"><strong>Preciso reconhecer a firma das autoridades que assinaram meu diploma. Como proceder?<\/strong><\/p>\n\n\n\n<p class=\"has-16-undefined-undefined-font-size\">A UFPel n\u00e3o faz o reconhecimento das firmas. A maioria das autoridades que assinam diplomas, incluindo ex-Reitores e funcion\u00e1rios da CRA, t\u00eam cart\u00e3o de assinatura no Cart\u00f3rio Lorenzi ou no Cart\u00f3rio Zulmira, na cidade de Pelotas. Procure o cart\u00f3rio para maiores informa\u00e7\u00f5es.<\/p>\n\n\n\n<hr class=\"wp-block-separator has-alpha-channel-opacity\"\/>\n\n\n\n<p class=\"has-16-undefined-undefined-font-size\"><strong>Perguntas e respostas sobre o diploma digital<\/strong><\/p>\n\n\n\n<p class=\"has-16-undefined-undefined-font-size\">Para maiores informa\u00e7\u00f5es sobre o diploma digital, <a href=\"http:\/\/portal.mec.gov.br\/diplomadigital\/index.php#faq\">acesse o FAQ do Minist\u00e9rio da Educa\u00e7\u00e3o.<\/a><\/p>\n\n\n\n<hr class=\"wp-block-separator has-alpha-channel-opacity\"\/>\n\n\n\n<p class=\"has-16-undefined-undefined-font-size\"><strong>Base legal:<br><\/strong>Portaria MEC n\u00ba 554, de 11 de mar\u00e7o de 2019.<br>Portaria MEC n\u00ba 1.095, de 25 de outubro de 2018.<br>Parecer CNE\/CES 379\/2004, de 08 de dezembro de 2004.<\/p>\n","protected":false},"excerpt":{"rendered":"<p>Diplomas de Gradua\u00e7\u00e3o e P\u00f3s-Gradua\u00e7\u00e3o A Universidade outorgar\u00e1 diploma que comprove a forma\u00e7\u00e3o recebida pelo seu titular, somente ap\u00f3s a verifica\u00e7\u00e3o do cumprimento das exig\u00eancias do curr\u00edculo do curso ao qual o discente esteve vinculado e participa\u00e7\u00e3o, devidamente comprovada atrav\u00e9s de ata, em solenidade de cola\u00e7\u00e3o de grau, conforme a legisla\u00e7\u00e3o vigente. Qual o prazo [&hellip;]<\/p>\n","protected":false},"author":341,"featured_media":0,"parent":6277,"menu_order":0,"comment_status":"closed","ping_status":"closed","template":"","meta":{"advanced_seo_description":"","jetpack_seo_html_title":"","jetpack_seo_noindex":false,"jetpack_post_was_ever_published":false,"footnotes":""},"class_list":["post-135","page","type-page","status-publish","hentry"],"jetpack_sharing_enabled":true,"jetpack_shortlink":"https:\/\/wp.me\/P70cyI-2b","jetpack-related-posts":[],"_links":{"self":[{"href":"https:\/\/wp.ufpel.edu.br\/cra\/wp-json\/wp\/v2\/pages\/135","targetHints":{"allow":["GET"]}}],"collection":[{"href":"https:\/\/wp.ufpel.edu.br\/cra\/wp-json\/wp\/v2\/pages"}],"about":[{"href":"https:\/\/wp.ufpel.edu.br\/cra\/wp-json\/wp\/v2\/types\/page"}],"author":[{"embeddable":true,"href":"https:\/\/wp.ufpel.edu.br\/cra\/wp-json\/wp\/v2\/users\/341"}],"replies":[{"embeddable":true,"href":"https:\/\/wp.ufpel.edu.br\/cra\/wp-json\/wp\/v2\/comments?post=135"}],"version-history":[{"count":16,"href":"https:\/\/wp.ufpel.edu.br\/cra\/wp-json\/wp\/v2\/pages\/135\/revisions"}],"predecessor-version":[{"id":8700,"href":"https:\/\/wp.ufpel.edu.br\/cra\/wp-json\/wp\/v2\/pages\/135\/revisions\/8700"}],"up":[{"embeddable":true,"href":"https:\/\/wp.ufpel.edu.br\/cra\/wp-json\/wp\/v2\/pages\/6277"}],"wp:attachment":[{"href":"https:\/\/wp.ufpel.edu.br\/cra\/wp-json\/wp\/v2\/media?parent=135"}],"curies":[{"name":"wp","href":"https:\/\/api.w.org\/{rel}","templated":true}]}}