{"id":126,"date":"2015-08-28T14:10:30","date_gmt":"2015-08-28T17:10:30","guid":{"rendered":"https:\/\/wp.ufpel.edu.br\/cra\/?page_id=126"},"modified":"2025-09-23T11:40:48","modified_gmt":"2025-09-23T14:40:48","slug":"avaliacao-segunda-chamada","status":"publish","type":"page","link":"https:\/\/wp.ufpel.edu.br\/cra\/informacoes-academicas\/avaliacao-segunda-chamada\/","title":{"rendered":"Avalia\u00e7\u00e3o &#8211; segunda chamada"},"content":{"rendered":"\n<h2 class=\"wp-block-heading has-16-undefined-undefined-font-size\" style=\"font-size:16px\"><strong>O que \u00e9?<\/strong><\/h2>\n\n\n\n<p class=\"has-16-undefined-undefined-font-size\">O estudante pode realizar uma avalia\u00e7\u00e3o em nova data, caso tenha faltado por <strong>impedimento legal<\/strong>, <strong>doen\u00e7a <\/strong>ou <strong>motivo de for\u00e7a maior<\/strong>. Desde que atenda os seguintes crit\u00e9rios:<\/p>\n\n\n\n<ul class=\"wp-block-list\">\n<li><strong>Prazo:<\/strong>&nbsp;A solicita\u00e7\u00e3o deve ser feita em at\u00e9&nbsp;<strong>3 (tr\u00eas) dias \u00fateis<\/strong>&nbsp;ap\u00f3s a data da avalia\u00e7\u00e3o perdida.<\/li>\n\n\n\n<li><strong>Motivo:<\/strong>&nbsp;O pedido deve ser justificado por um dos motivos aceitos e acompanhado do respectivo documento comprobat\u00f3rio.<\/li>\n<\/ul>\n\n\n\n<p>Motivos para solicita\u00e7\u00e3o de nova data para realiza\u00e7\u00e3o de avalia\u00e7\u00e3o:<\/p>\n\n\n\n<ul class=\"wp-block-list has-16-undefined-undefined-font-size\">\n<li>acidente &#8211; mediante apresenta\u00e7\u00e3o de boletim de ocorr\u00eancia policial;<\/li>\n\n\n\n<li>assalto &#8211; mediante apresenta\u00e7\u00e3o de boletim de ocorr\u00eancia policial;<\/li>\n\n\n\n<li>casamento &#8211; mediante apresenta\u00e7\u00e3o de certid\u00e3o de casamento do discente ocorrido em at\u00e9 <strong>8 (oito) dias<\/strong> de anteced\u00eancia da data da avalia\u00e7\u00e3o.<\/li>\n\n\n\n<li>sa\u00fade &#8211; mediante apresenta\u00e7\u00e3o de atestado m\u00e9dico, com carimbo (contendo o CRM) e assinatura do m\u00e9dico.<\/li>\n\n\n\n<li>trabalho &#8211; apresenta\u00e7\u00e3o de declara\u00e7\u00e3o de exerc\u00edcio de atividade profissional excepcional com identifica\u00e7\u00e3o do empregador;<\/li>\n\n\n\n<li>cat\u00e1strofes naturais que impe\u00e7am o deslocamento para os locais da avalia\u00e7\u00e3o;<\/li>\n\n\n\n<li>situa\u00e7\u00f5es geradas por terceiros, como greves de transporte p\u00fablico, obstru\u00e7\u00e3o de vias e demais situa\u00e7\u00f5es, condicionadas a aceita\u00e7\u00e3o do colegiado, alheias a vontade do discente.<\/li>\n\n\n\n<li>participa\u00e7\u00e3o em eventos cient\u00edficos, quando o discente estiver <strong>apresentando trabalho<\/strong>, mediante comprova\u00e7\u00e3o de participa\u00e7\u00e3o.<\/li>\n<\/ul>\n\n\n\n<h2 class=\"wp-block-heading has-16-undefined-undefined-font-size\" style=\"font-size:16px\"><strong>Como solicitar?<\/strong><\/h2>\n\n\n\n<p class=\"has-16-undefined-undefined-font-size\">O estudante deve solicitar pelo <strong>Cobalto<\/strong>, no menu Aluno &gt; Cadastro &gt; <strong>Solicita\u00e7\u00e3o de segunda chamada<\/strong> e incluir o comprovante.<\/p>\n\n\n\n<p class=\"has-16-undefined-undefined-font-size\">O colegiado de curso analisa a solicita\u00e7\u00e3o em at\u00e9 <strong>3 (tr\u00eas) dias \u00fateis<\/strong>. Caso seja aprovada, encaminha ao respons\u00e1vel pela disciplina para definir uma nova data para a avalia\u00e7\u00e3o.  <\/p>\n\n\n\n<p class=\"has-16-undefined-undefined-font-size\"><strong>Etapas<\/strong><\/p>\n\n\n\n<figure class=\"wp-block-table is-style-stripes\"><table><thead><tr><th class=\"has-text-align-left\" data-align=\"left\"><strong>Respons\u00e1vel<\/strong><\/th><th class=\"has-text-align-left\" data-align=\"left\"><strong>Procedimento<\/strong><\/th><\/tr><\/thead><tbody><tr><td class=\"has-text-align-left\" data-align=\"left\">Estudante<\/td><td class=\"has-text-align-left\" data-align=\"left\">&#8211; Solicitar via <strong>Cobalto<\/strong>;<\/td><\/tr><tr><td class=\"has-text-align-left\" data-align=\"left\">Colegiado de curso<\/td><td class=\"has-text-align-left\" data-align=\"left\">&#8211; Avaliar a solicita\u00e7\u00e3o:<br><strong>Se favor\u00e1vel<\/strong>:<br>&#8211; Encaminhar ao docente respons\u00e1vel pela turma;<br><strong>Se desfavor\u00e1vel<\/strong>:<br>&#8211; Informar o discente e arquivar o processo;<br><\/td><\/tr><tr><td class=\"has-text-align-left\" data-align=\"left\">Docente<\/td><td class=\"has-text-align-left\" data-align=\"left\">&#8211; Realizar nova avalia\u00e7\u00e3o;<\/td><\/tr><\/tbody><\/table><\/figure>\n\n\n\n<pre class=\"wp-block-preformatted\">&nbsp;<\/pre>\n","protected":false},"excerpt":{"rendered":"<p>O que \u00e9? O estudante pode realizar uma avalia\u00e7\u00e3o em nova data, caso tenha faltado por impedimento legal, doen\u00e7a ou motivo de for\u00e7a maior. Desde que atenda os seguintes crit\u00e9rios: Motivos para solicita\u00e7\u00e3o de nova data para realiza\u00e7\u00e3o de avalia\u00e7\u00e3o: Como solicitar? O estudante deve solicitar pelo Cobalto, no menu Aluno &gt; Cadastro &gt; Solicita\u00e7\u00e3o [&hellip;]<\/p>\n","protected":false},"author":341,"featured_media":0,"parent":6277,"menu_order":0,"comment_status":"closed","ping_status":"closed","template":"","meta":{"advanced_seo_description":"","jetpack_seo_html_title":"","jetpack_seo_noindex":false,"jetpack_post_was_ever_published":false,"footnotes":""},"class_list":["post-126","page","type-page","status-publish","hentry"],"jetpack_sharing_enabled":true,"jetpack_shortlink":"https:\/\/wp.me\/P70cyI-22","jetpack-related-posts":[],"_links":{"self":[{"href":"https:\/\/wp.ufpel.edu.br\/cra\/wp-json\/wp\/v2\/pages\/126","targetHints":{"allow":["GET"]}}],"collection":[{"href":"https:\/\/wp.ufpel.edu.br\/cra\/wp-json\/wp\/v2\/pages"}],"about":[{"href":"https:\/\/wp.ufpel.edu.br\/cra\/wp-json\/wp\/v2\/types\/page"}],"author":[{"embeddable":true,"href":"https:\/\/wp.ufpel.edu.br\/cra\/wp-json\/wp\/v2\/users\/341"}],"replies":[{"embeddable":true,"href":"https:\/\/wp.ufpel.edu.br\/cra\/wp-json\/wp\/v2\/comments?post=126"}],"version-history":[{"count":3,"href":"https:\/\/wp.ufpel.edu.br\/cra\/wp-json\/wp\/v2\/pages\/126\/revisions"}],"predecessor-version":[{"id":12125,"href":"https:\/\/wp.ufpel.edu.br\/cra\/wp-json\/wp\/v2\/pages\/126\/revisions\/12125"}],"up":[{"embeddable":true,"href":"https:\/\/wp.ufpel.edu.br\/cra\/wp-json\/wp\/v2\/pages\/6277"}],"wp:attachment":[{"href":"https:\/\/wp.ufpel.edu.br\/cra\/wp-json\/wp\/v2\/media?parent=126"}],"curies":[{"name":"wp","href":"https:\/\/api.w.org\/{rel}","templated":true}]}}