{"id":123,"date":"2015-08-28T14:09:49","date_gmt":"2015-08-28T17:09:49","guid":{"rendered":"https:\/\/wp.ufpel.edu.br\/cra\/?page_id=123"},"modified":"2025-09-23T11:44:20","modified_gmt":"2025-09-23T14:44:20","slug":"exercicios-domiciliares","status":"publish","type":"page","link":"https:\/\/wp.ufpel.edu.br\/cra\/informacoes-academicas\/exercicios-domiciliares\/","title":{"rendered":"Exerc\u00edcio domiciliar"},"content":{"rendered":"\n<h2 class=\"wp-block-heading has-16-undefined-undefined-font-size\" style=\"font-size:16px\"><span style=\"font-size: 12pt;\"><strong>O que \u00e9?<\/strong><\/span><\/h2>\n\n\n\n<p class=\"has-16-undefined-undefined-font-size\">\u00c9<span style=\"font-size: 12pt;\"> a possibilidade de substitui\u00e7\u00e3o da frequ\u00eancia \u00e0s aulas por atividades orientadas fora do ambiente acad\u00eamico.&nbsp;<\/span>Este tratamento s\u00f3 \u00e9 concedido quando \u00e9 poss\u00edvel garantir a continuidade do aprendizado e <span style=\"font-size: 12pt;\">a qualidade do trabalho acad\u00eamico<\/span>.<\/p>\n\n\n\n<h2 class=\"wp-block-heading has-16-undefined-undefined-font-size\" style=\"font-size:16px\"><span style=\"font-size: 12pt;\"><strong>Quem pode solicitar?<\/strong><\/span><\/h2>\n\n\n\n<ul class=\"wp-block-list has-16-undefined-undefined-font-size\">\n<li><strong>Gestantes<\/strong>: <span style=\"font-size: 12pt;\">aluna gestante que, por ordem m\u00e9dica, esteja impedida de frequentar as atividades acad\u00eamicas;<\/span><\/li>\n\n\n\n<li><span style=\"font-size: 12pt;\"><strong>Licen\u00e7a maternidade e paternidade:<\/strong>&nbsp;conforme o prazo previsto na legisla\u00e7\u00e3o.<\/span><\/li>\n\n\n\n<li><strong>Condi\u00e7\u00f5es de sa\u00fade:<\/strong> <span style=\"font-size: 12pt;\">estudante com afec\u00e7\u00f5es cong\u00eanitas ou adquiridas, infec\u00e7\u00f5es, traumatismos, doen\u00e7as infectocontagiosas ou outras condi\u00e7\u00f5es caracterizadas por incapacidade f\u00edsica, incompat\u00edvel com a frequ\u00eancia normal \u00e0s atividades acad\u00eamicas;<\/span><\/li>\n\n\n\n<li><strong>Estudantes com Defici\u00eancia:<\/strong><span style=\"font-size: 12pt;\"><span style=\"font-size: 12pt;\"> <\/span>quando n\u00e3o for poss\u00edvel sua integra\u00e7\u00e3o ao ambiente acad\u00eamico. Nesse caso, a solicita\u00e7\u00e3o de tratamento excepcional dever\u00e1 ser renovada a cada per\u00edodo letivo, mediante a apresenta\u00e7\u00e3o de laudos m\u00e9dicos.<\/span><\/li>\n<\/ul>\n\n\n\n<h2 class=\"wp-block-heading has-16-undefined-undefined-font-size\" style=\"font-size:16px\"><strong>Quando N\u00c3O se aplica?<\/strong><\/h2>\n\n\n\n<p class=\"has-16-undefined-undefined-font-size\">N\u00e3o \u00e9 permitida a solicita\u00e7\u00e3o de exerc\u00edcios domiciliares para disciplinas que exijam atividades pr\u00e1ticas e presenciais, tais como:<\/p>\n\n\n\n<ul class=\"wp-block-list has-16-undefined-undefined-font-size\">\n<li><span style=\"font-size: 12pt;\">est\u00e1gio curricular;<\/span><\/li>\n\n\n\n<li><span style=\"font-size: 12pt;\">pr\u00e1ticas laboratoriais ou ambulatoriais;<\/span><\/li>\n\n\n\n<li><span style=\"font-size: 12pt;\">atividades cuja execu\u00e7\u00e3o <strong>n\u00e3o <\/strong>possa ocorrer fora do ambiente acad\u00eamico;<\/span><\/li>\n\n\n\n<li><span style=\"font-size: 12pt;\">demais atividades cuja natureza seja incompat\u00edvel como exerc\u00edcio domiciliar.<\/span><\/li>\n<\/ul>\n\n\n\n<h2 class=\"wp-block-heading has-16-undefined-undefined-font-size\" style=\"font-size:16px\"><span style=\"font-size: 12pt;\"><strong>Como solicitar?<\/strong><\/span><\/h2>\n\n\n\n<p class=\"has-16-undefined-undefined-font-size\">O estudante deve solicitar pelo<span style=\"font-size: 12pt;\"> <strong>Cobalto<\/strong>, no menu: <strong>Aluno &gt; Cadastro &gt; Solicita\u00e7\u00e3o de exerc\u00edcios domiciliares<\/strong>, observando: <\/span><\/p>\n\n\n\n<ol class=\"wp-block-list has-16-undefined-undefined-font-size\">\n<li>Deve ser protocolada at\u00e9 o quinto dia posterior ao in\u00edcio da ocorr\u00eancia do fato impeditivo;<\/li>\n\n\n\n<li>Deve ser informado o motivo e inclu\u00eddo o atestado de sa\u00fade;<\/li>\n\n\n\n<li>Deve salvar a solicita\u00e7\u00e3o e acompanhar o resultado pelo Cobalto.<\/li>\n<\/ol>\n\n\n\n<p class=\"has-16-undefined-undefined-font-size\">No atestado m\u00e9dico\/odontol\u00f3gico deve constar a indica\u00e7\u00e3o do per\u00edodo para realiza\u00e7\u00e3o das atividades em exerc\u00edcios domiciliares, bem como a especifica\u00e7\u00e3o da quest\u00e3o de sa\u00fade para avalia\u00e7\u00e3o pericial. A solicita\u00e7\u00e3o ser\u00e1 avaliada pela per\u00edcia m\u00e9dia e pelo colegiado do curso.<\/p>\n\n\n\n<p>Em caso de deferimento, o docente respons\u00e1vel receber\u00e1 uma mensagem para cadastrar as atividades que dever\u00e3o ser desenvolvidas pelo aluno durante o per\u00edodo de exerc\u00edcios domiciliares. <\/p>\n\n\n\n<p>Na impossibilidade de realiza\u00e7\u00e3o dos exerc\u00edcios domiciliares, o colegiado dever\u00e1 recomendar o trancamento da matr\u00edcula.<\/p>\n\n\n\n<h2 class=\"wp-block-heading has-16-undefined-undefined-font-size\" style=\"font-size:16px\"><span style=\"font-size: 12pt;\"><strong>Etapas<\/strong><\/span><\/h2>\n\n\n\n<figure class=\"wp-block-table is-style-stripes\"><table><thead><tr><th class=\"has-text-align-left\" data-align=\"left\"><span style=\"font-size: 12pt;\"><strong>Respons\u00e1vel<\/strong><\/span><\/th><th class=\"has-text-align-left\" data-align=\"left\"><span style=\"font-size: 12pt;\"><strong>Procedimento<\/strong><\/span><\/th><\/tr><\/thead><tbody><tr><td class=\"has-text-align-left\" data-align=\"left\"><span style=\"font-size: 12pt;\">Estudante<\/span><\/td><td class=\"has-text-align-left\" data-align=\"left\"><span style=\"font-size: 12pt;\">&#8211; <\/span>Cadastrar a solicita\u00e7\u00e3o de Exerc\u00edcios domiciliares e enviar atestado de sa\u00fade no <strong>Cobalto<\/strong><span style=\"font-size: 12pt;\">;<\/span><br>Aluno &gt; Cadastro &gt; Solicita\u00e7\u00e3o de Exerc\u00edcios Domiciliares<\/td><\/tr><tr><td class=\"has-text-align-left\" data-align=\"left\"><span style=\"font-size: 12pt;\">Per\u00edcia M\u00e9dica<\/span><\/td><td class=\"has-text-align-left\" data-align=\"left\"><span style=\"font-size: 12pt;\">&#8211; Emitir parecer no <strong>Cobalto<\/strong>;<\/span><br><span style=\"font-size: 12pt;\">Gest\u00e3o acad\u00eamica &gt; Processos &gt; Solicita\u00e7\u00e3o de Exerc\u00edcios Domiciliares<\/span><\/td><\/tr><tr><td class=\"has-text-align-left\" data-align=\"left\"><span style=\"font-size: 12pt;\">Colegiado de curso<\/span><\/td><td class=\"has-text-align-left\" data-align=\"left\"><span style=\"font-size: 12pt;\">&#8211; Avaliar a condi\u00e7\u00e3o pedag\u00f3gica do exerc\u00edcio domiciliar;<\/span><br><span style=\"font-size: 12pt;\">&#8211; Registrar o deferimento ou indeferimento no <strong>Cobalto<\/strong>:<\/span><br>Gest\u00e3o Acad\u00eamica &gt; Processos &gt; Homologar exerc\u00edcios domiciliares<\/td><\/tr><tr><td class=\"has-text-align-left\" data-align=\"left\"><span style=\"font-size: 12pt;\"><span style=\"font-size: 12pt;\">Docente<\/span><\/span><\/td><td class=\"has-text-align-left\" data-align=\"left\"><span style=\"font-size: 12pt;\">&#8211; Registrar as atividades que dever\u00e3o ser realizadas durante o per\u00edodo de Exerc\u00edcios domiciliares no <strong>Cobalto<\/strong><\/span>:<br>Professor &gt; Cadastros &gt; Exerc\u00edcios domiciliares &gt; atividades<br><br>\u2013&nbsp;Nos casos em que n\u00e3o for poss\u00edvel ao docente informar o aproveitamento acad\u00eamico&nbsp; e frequ\u00eancia no fechamento da turma, dever\u00e1 ser informado por meio do <strong>FPIN <\/strong>eletr\u00f4nico no Sistema <strong>COBALTO<\/strong>.<br>&#8211; <strong>N\u00e3o <\/strong>deve ser registrada presen\u00e7a se o aluno n\u00e3o estiver em aula.<br>Na <strong>FPIN <\/strong>dever\u00e3o ser preenchidos os campos:<br>N\u00ba de faltas (conforme registrado no di\u00e1rio de classe);<br>N\u00ba de faltas abonadas (referente ao per\u00edodo do afastamento justificado);<br>e o campo Justificativa (marcar a op\u00e7\u00e3o dispon\u00edvel, nesse caso, exerc\u00edcios domiciliares).<\/td><\/tr><tr><td class=\"has-text-align-left\" data-align=\"left\"><span style=\"font-size: 12pt;\"><span style=\"font-size: 12pt;\">Estudante<\/span><\/span><\/td><td class=\"has-text-align-left\" data-align=\"left\">&#8211; Verificar as atividades registradas pelo Professor no <strong>Cobalto<\/strong>;<br>Aluno &gt; Cadastro &gt; Solicita\u00e7\u00e3o de Exerc\u00edcios Domiciliares<\/td><\/tr><\/tbody><\/table><\/figure>\n","protected":false},"excerpt":{"rendered":"<p>O que \u00e9? \u00c9 a possibilidade de substitui\u00e7\u00e3o da frequ\u00eancia \u00e0s aulas por atividades orientadas fora do ambiente acad\u00eamico.&nbsp;Este tratamento s\u00f3 \u00e9 concedido quando \u00e9 poss\u00edvel garantir a continuidade do aprendizado e a qualidade do trabalho acad\u00eamico. Quem pode solicitar? Quando N\u00c3O se aplica? N\u00e3o \u00e9 permitida a solicita\u00e7\u00e3o de exerc\u00edcios domiciliares para disciplinas que [&hellip;]<\/p>\n","protected":false},"author":341,"featured_media":0,"parent":6277,"menu_order":0,"comment_status":"closed","ping_status":"closed","template":"","meta":{"advanced_seo_description":"","jetpack_seo_html_title":"","jetpack_seo_noindex":false,"jetpack_post_was_ever_published":false,"footnotes":""},"class_list":["post-123","page","type-page","status-publish","hentry"],"jetpack_sharing_enabled":true,"jetpack_shortlink":"https:\/\/wp.me\/P70cyI-1Z","jetpack-related-posts":[],"_links":{"self":[{"href":"https:\/\/wp.ufpel.edu.br\/cra\/wp-json\/wp\/v2\/pages\/123","targetHints":{"allow":["GET"]}}],"collection":[{"href":"https:\/\/wp.ufpel.edu.br\/cra\/wp-json\/wp\/v2\/pages"}],"about":[{"href":"https:\/\/wp.ufpel.edu.br\/cra\/wp-json\/wp\/v2\/types\/page"}],"author":[{"embeddable":true,"href":"https:\/\/wp.ufpel.edu.br\/cra\/wp-json\/wp\/v2\/users\/341"}],"replies":[{"embeddable":true,"href":"https:\/\/wp.ufpel.edu.br\/cra\/wp-json\/wp\/v2\/comments?post=123"}],"version-history":[{"count":3,"href":"https:\/\/wp.ufpel.edu.br\/cra\/wp-json\/wp\/v2\/pages\/123\/revisions"}],"predecessor-version":[{"id":12129,"href":"https:\/\/wp.ufpel.edu.br\/cra\/wp-json\/wp\/v2\/pages\/123\/revisions\/12129"}],"up":[{"embeddable":true,"href":"https:\/\/wp.ufpel.edu.br\/cra\/wp-json\/wp\/v2\/pages\/6277"}],"wp:attachment":[{"href":"https:\/\/wp.ufpel.edu.br\/cra\/wp-json\/wp\/v2\/media?parent=123"}],"curies":[{"name":"wp","href":"https:\/\/api.w.org\/{rel}","templated":true}]}}