{"id":1218,"date":"2017-02-01T10:13:40","date_gmt":"2017-02-01T12:13:40","guid":{"rendered":"https:\/\/wp.ufpel.edu.br\/cra\/?page_id=1218"},"modified":"2025-09-22T10:20:48","modified_gmt":"2025-09-22T13:20:48","slug":"transito-de-notas","status":"publish","type":"page","link":"https:\/\/wp.ufpel.edu.br\/cra\/informacoes-academicas\/transito-de-notas\/","title":{"rendered":"Tr\u00e2nsito de rendimento acad\u00eamico"},"content":{"rendered":"\n<h2 class=\"wp-block-heading\" style=\"font-size:16px\">O que \u00e9?<\/h2>\n\n\n\n<p>\u00c9 a transfer\u00eancia de notas e disciplinas de uma matr\u00edcula antiga para uma matr\u00edcula nova, dentro da pr\u00f3pria UFPel. Esse processo permite o aproveitamento do hist\u00f3rico <strong>de um curso n\u00e3o conclu\u00eddo na UFPel<\/strong>\u00a0para o novo v\u00ednculo do estudante.<\/p>\n\n\n\n<p class=\"has-16-undefined-undefined-font-size\">O tr\u00e2nsito de rendimento acad\u00eamico ocorre em tr\u00eas situa\u00e7\u00f5es:<\/p>\n\n\n\n<ul class=\"wp-block-list\">\n<li><strong>Reingresso:<\/strong>\u00a0Quando um estudante retorna ao mesmo curso ap\u00f3s um per\u00edodo de abandono ou cancelamento.<\/li>\n\n\n\n<li><strong>Reop\u00e7\u00e3o:<\/strong>\u00a0Quando um estudante troca de curso internamente.<\/li>\n\n\n\n<li><strong>Novo ingresso no mesmo curso:<\/strong>\u00a0Quando um estudante passa em um novo processo seletivo para o mesmo curso que j\u00e1 havia iniciado.<\/li>\n<\/ul>\n\n\n\n<h2 class=\"wp-block-heading\" style=\"font-size:16px\">Como solicitar?<\/h2>\n\n\n\n<ul class=\"wp-block-list\">\n<li><strong>Para Reingresso (Processo Autom\u00e1tico):<\/strong>\n<ul class=\"wp-block-list\">\n<li>O tr\u00e2nsito de rendimento \u00e9\u00a0<strong>autom\u00e1tico<\/strong>. Todas as disciplinas e notas da matr\u00edcula anterior s\u00e3o transferidas para a nova, sem que o estudante precise solicitar.<\/li>\n<\/ul>\n<\/li>\n\n\n\n<li><strong>Para Reop\u00e7\u00e3o e Novo Ingresso no Mesmo Curso (Processo via Solicita\u00e7\u00e3o):<\/strong>\n<ul class=\"wp-block-list\">\n<li>Nesses casos,\u00a0<strong>o estudante deve solicitar<\/strong>\u00a0a an\u00e1lise para o tr\u00e2nsito de rendimento diretamente no\u00a0<strong>Colegiado do seu curso<\/strong>.<\/li>\n<\/ul>\n<\/li>\n<\/ul>\n","protected":false},"excerpt":{"rendered":"<p>O que \u00e9? \u00c9 a transfer\u00eancia de notas e disciplinas de uma matr\u00edcula antiga para uma matr\u00edcula nova, dentro da pr\u00f3pria UFPel. Esse processo permite o aproveitamento do hist\u00f3rico de um curso n\u00e3o conclu\u00eddo na UFPel\u00a0para o novo v\u00ednculo do estudante. O tr\u00e2nsito de rendimento acad\u00eamico ocorre em tr\u00eas situa\u00e7\u00f5es: Como solicitar?<\/p>\n","protected":false},"author":341,"featured_media":0,"parent":6277,"menu_order":0,"comment_status":"closed","ping_status":"closed","template":"","meta":{"advanced_seo_description":"","jetpack_seo_html_title":"","jetpack_seo_noindex":false,"jetpack_post_was_ever_published":false,"footnotes":""},"class_list":["post-1218","page","type-page","status-publish","hentry"],"jetpack_sharing_enabled":true,"jetpack_shortlink":"https:\/\/wp.me\/P70cyI-jE","jetpack-related-posts":[],"_links":{"self":[{"href":"https:\/\/wp.ufpel.edu.br\/cra\/wp-json\/wp\/v2\/pages\/1218","targetHints":{"allow":["GET"]}}],"collection":[{"href":"https:\/\/wp.ufpel.edu.br\/cra\/wp-json\/wp\/v2\/pages"}],"about":[{"href":"https:\/\/wp.ufpel.edu.br\/cra\/wp-json\/wp\/v2\/types\/page"}],"author":[{"embeddable":true,"href":"https:\/\/wp.ufpel.edu.br\/cra\/wp-json\/wp\/v2\/users\/341"}],"replies":[{"embeddable":true,"href":"https:\/\/wp.ufpel.edu.br\/cra\/wp-json\/wp\/v2\/comments?post=1218"}],"version-history":[{"count":4,"href":"https:\/\/wp.ufpel.edu.br\/cra\/wp-json\/wp\/v2\/pages\/1218\/revisions"}],"predecessor-version":[{"id":12106,"href":"https:\/\/wp.ufpel.edu.br\/cra\/wp-json\/wp\/v2\/pages\/1218\/revisions\/12106"}],"up":[{"embeddable":true,"href":"https:\/\/wp.ufpel.edu.br\/cra\/wp-json\/wp\/v2\/pages\/6277"}],"wp:attachment":[{"href":"https:\/\/wp.ufpel.edu.br\/cra\/wp-json\/wp\/v2\/media?parent=1218"}],"curies":[{"name":"wp","href":"https:\/\/api.w.org\/{rel}","templated":true}]}}