{"id":109,"date":"2015-08-28T13:40:14","date_gmt":"2015-08-28T16:40:14","guid":{"rendered":"https:\/\/wp.ufpel.edu.br\/cra\/?page_id=109"},"modified":"2025-09-23T11:35:39","modified_gmt":"2025-09-23T14:35:39","slug":"matricula-especial","status":"publish","type":"page","link":"https:\/\/wp.ufpel.edu.br\/cra\/informacoes-academicas\/matricula-especial\/","title":{"rendered":"Matr\u00edcula especial"},"content":{"rendered":"\n<h2 class=\"wp-block-heading has-16-undefined-undefined-font-size\" style=\"font-size:16px\"><strong>O que \u00e9?<\/strong><\/h2>\n\n\n\n<p class=\"has-16-undefined-undefined-font-size\">A matr\u00edcula especial permite que o estudante curse disciplinas de <strong>outros cursos de gradua\u00e7\u00e3o <\/strong>da UFPel. Esse processo possibilita acrescentar disciplinas, <strong>sem <\/strong>alterar a matr\u00edcula original.<\/p>\n\n\n\n<p class=\"has-16-undefined-undefined-font-size\">Para que o estudante possa solicitar a matr\u00edcula especial, \u00e9 preciso atender as seguintes condi\u00e7\u00f5es:<\/p>\n\n\n\n<ul class=\"wp-block-list\">\n<li>Estar matriculado em, no m\u00ednimo,&nbsp;<strong>oito cr\u00e9ditos<\/strong>&nbsp;no seu curso de origem no semestre da solicita\u00e7\u00e3o.<\/li>\n\n\n\n<li>Solicitar, no m\u00e1ximo,&nbsp;<strong>duas<\/strong>&nbsp;disciplinas por semestre via matr\u00edcula especial.<\/li>\n\n\n\n<li>O total de disciplinas cursadas nesta modalidade n\u00e3o pode ultrapassar&nbsp;<strong>20% da carga hor\u00e1ria<\/strong>&nbsp;total do seu curso de origem.<\/li>\n\n\n\n<li>N\u00e3o \u00e9 permitida a matr\u00edcula em disciplinas com colis\u00e3o total ou parcial de hor\u00e1rios<\/li>\n<\/ul>\n\n\n\n<h2 class=\"wp-block-heading has-16-undefined-undefined-font-size\" style=\"font-size:16px\"><strong>Como solicitar?<\/strong><\/h2>\n\n\n\n<p class=\"has-16-undefined-undefined-font-size\">O processo \u00e9 feito via sistema Cobalto, em datas definidas no&nbsp;<strong>Calend\u00e1rio Acad\u00eamico<\/strong>.<\/p>\n\n\n\n<ol class=\"wp-block-list has-16-undefined-undefined-font-size\">\n<li>O estudante deve acessar o menu <strong>Aluno &gt; Cadastro &gt; Solicita\u00e7\u00e3o de Matr\u00edcula Especial<\/strong> e indicar as disciplinas que deseja cursar.<\/li>\n\n\n\n<li>O <strong>colegiado do curso de origem<\/strong> do estudante avalia o pedido, autorizando ou n\u00e3o a solicita\u00e7\u00e3o.<\/li>\n\n\n\n<li>Caso o curso de origem tenha autorizado, o <strong>curso que oferta a disciplina<\/strong> avalia a disponibilidade de vagas e pr\u00e9-requisitos.<\/li>\n\n\n\n<li>O estudante deve consultar quais matr\u00edculas foram aceitas o menu&nbsp;<strong>Aluno &gt; Consultas &gt; Matr\u00edcula.<\/strong><\/li>\n<\/ol>\n\n\n\n<h3 class=\"wp-block-heading has-16-undefined-undefined-font-size\" style=\"font-size:16px\"><strong><a href=\"https:\/\/wp.ufpel.edu.br\/cra\/files\/2021\/08\/Orientacoes.pdf\">Clique aqui para um tutorial detalhado<\/a><\/strong><\/h3>\n\n\n\n<h2 class=\"wp-block-heading has-16-undefined-undefined-font-size\" style=\"font-size:16px\"><strong>Etapas:<\/strong><\/h2>\n\n\n\n<figure class=\"wp-block-table is-style-stripes\"><table><thead><tr><th class=\"has-text-align-left\" data-align=\"left\"><strong>Respons\u00e1vel<\/strong><\/th><th class=\"has-text-align-left\" data-align=\"left\"><strong>Procedimento<\/strong><\/th><\/tr><\/thead><tbody><tr><td class=\"has-text-align-left\" data-align=\"left\">Estudante<\/td><td class=\"has-text-align-left\" data-align=\"left\">&#8211; Solicitar matr\u00edcula especial no Cobalto.<\/td><\/tr><tr><td class=\"has-text-align-left\" data-align=\"left\">Colegiado do curso de origem<\/td><td class=\"has-text-align-left\" data-align=\"left\">&#8211; Autorizar a matr\u00edcula especial no Cobalto.<\/td><\/tr><tr><td class=\"has-text-align-left\" data-align=\"left\">Colegiado do curso de destino<\/td><td class=\"has-text-align-left\" data-align=\"left\">&#8211; Se autorizado, avaliar matr\u00edcula especial no Cobalto.<\/td><\/tr><tr><td class=\"has-text-align-left\" data-align=\"left\">Estudante<\/td><td class=\"has-text-align-left\" data-align=\"left\">\u2013 Consultar a matr\u00edcula no Cobalto.<\/td><\/tr><\/tbody><\/table><\/figure>\n","protected":false},"excerpt":{"rendered":"<p>O que \u00e9? A matr\u00edcula especial permite que o estudante curse disciplinas de outros cursos de gradua\u00e7\u00e3o da UFPel. Esse processo possibilita acrescentar disciplinas, sem alterar a matr\u00edcula original. Para que o estudante possa solicitar a matr\u00edcula especial, \u00e9 preciso atender as seguintes condi\u00e7\u00f5es: Como solicitar? O processo \u00e9 feito via sistema Cobalto, em datas [&hellip;]<\/p>\n","protected":false},"author":341,"featured_media":0,"parent":6277,"menu_order":0,"comment_status":"closed","ping_status":"closed","template":"","meta":{"advanced_seo_description":"","jetpack_seo_html_title":"","jetpack_seo_noindex":false,"jetpack_post_was_ever_published":false,"footnotes":""},"class_list":["post-109","page","type-page","status-publish","hentry"],"jetpack_sharing_enabled":true,"jetpack_shortlink":"https:\/\/wp.me\/P70cyI-1L","jetpack-related-posts":[],"_links":{"self":[{"href":"https:\/\/wp.ufpel.edu.br\/cra\/wp-json\/wp\/v2\/pages\/109","targetHints":{"allow":["GET"]}}],"collection":[{"href":"https:\/\/wp.ufpel.edu.br\/cra\/wp-json\/wp\/v2\/pages"}],"about":[{"href":"https:\/\/wp.ufpel.edu.br\/cra\/wp-json\/wp\/v2\/types\/page"}],"author":[{"embeddable":true,"href":"https:\/\/wp.ufpel.edu.br\/cra\/wp-json\/wp\/v2\/users\/341"}],"replies":[{"embeddable":true,"href":"https:\/\/wp.ufpel.edu.br\/cra\/wp-json\/wp\/v2\/comments?post=109"}],"version-history":[{"count":3,"href":"https:\/\/wp.ufpel.edu.br\/cra\/wp-json\/wp\/v2\/pages\/109\/revisions"}],"predecessor-version":[{"id":12121,"href":"https:\/\/wp.ufpel.edu.br\/cra\/wp-json\/wp\/v2\/pages\/109\/revisions\/12121"}],"up":[{"embeddable":true,"href":"https:\/\/wp.ufpel.edu.br\/cra\/wp-json\/wp\/v2\/pages\/6277"}],"wp:attachment":[{"href":"https:\/\/wp.ufpel.edu.br\/cra\/wp-json\/wp\/v2\/media?parent=109"}],"curies":[{"name":"wp","href":"https:\/\/api.w.org\/{rel}","templated":true}]}}