{"id":104,"date":"2015-08-28T13:30:04","date_gmt":"2015-08-28T16:30:04","guid":{"rendered":"https:\/\/wp.ufpel.edu.br\/cra\/?page_id=104"},"modified":"2025-09-23T12:00:42","modified_gmt":"2025-09-23T15:00:42","slug":"rematricula","status":"publish","type":"page","link":"https:\/\/wp.ufpel.edu.br\/cra\/informacoes-academicas\/rematricula\/","title":{"rendered":"Rematr\u00edcula"},"content":{"rendered":"\n<h2 class=\"wp-block-heading has-16-undefined-undefined-font-size\" style=\"font-size:16px\"><strong>O que \u00e9?<\/strong><\/h2>\n\n\n\n<p>\u00c9 o processo em que o estudante solicita sua matr\u00edcula nas disciplinas que ir\u00e1 cursar no pr\u00f3ximo per\u00edodo letivo.<\/p>\n\n\n\n<p>Este procedimento \u00e9 obrigat\u00f3rio para a continuidade dos estudos e destina-se a estudantes que j\u00e1 possuem v\u00ednculo com a UFPel.<br><\/p>\n\n\n\n<p><strong>Regras Importantes para a Solicita\u00e7\u00e3o<\/strong><br>Ao montar sua grade de hor\u00e1rios, o estudante deve observar as seguintes condi\u00e7\u00f5es:<\/p>\n\n\n\n<ul class=\"wp-block-list\">\n<li>Deve respeitar os <strong>pr\u00e9-requisitos<\/strong> de cada disciplina, conforme definido no Projeto Pedag\u00f3gico do seu Curso.<\/li>\n\n\n\n<li>\u00c9 preciso observar o n\u00famero <strong>m\u00ednimo de cr\u00e9ditos obrigat\u00f3rios<\/strong> a serem cursados a cada semestre, tamb\u00e9m definido pelo curso.<\/li>\n\n\n\n<li>N\u00e3o \u00e9 permitida a matr\u00edcula em disciplinas com colis\u00e3o <strong>total <\/strong>ou <strong>parcial <\/strong>de hor\u00e1rios.<\/li>\n<\/ul>\n\n\n\n<h2 class=\"wp-block-heading has-16-undefined-undefined-font-size\" style=\"font-size:16px\"><strong><strong>Como solicitar<\/strong>?<\/strong><\/h2>\n\n\n\n<ul class=\"wp-block-list\">\n<li>O estudante deve solicitar pelo&nbsp;<strong>Cobalto<\/strong>, no menu:&nbsp;<strong>Aluno &gt; Cadastro &gt;&nbsp;Solicita\u00e7\u00e3o de matr\u00edcula<\/strong>. Selecionar as disciplinas que pretende cursar e Salvar.<\/li>\n\n\n\n<li>O sistema processa as solicita\u00e7\u00f5es, conforme as regras do ordenamento de matr\u00edcula.<\/li>\n\n\n\n<li>O estudante deve consultar quais corre\u00e7\u00f5es de matr\u00edcula foram aceitas no menu&nbsp;<strong>Aluno &gt; Consultas &gt; Matr\u00edcula.<\/strong> Caso seja necess\u00e1ria alguma altera\u00e7\u00e3o, dever\u00e1 ser realizar a corre\u00e7\u00e3o de matr\u00edcula.<\/li>\n<\/ul>\n\n\n\n<h2 class=\"wp-block-heading has-16-undefined-undefined-font-size\" style=\"font-size:16px\"><strong><strong>Etapas<\/strong><\/strong><\/h2>\n\n\n\n<figure class=\"wp-block-table is-style-stripes\"><table><thead><tr><th class=\"has-text-align-left\" data-align=\"left\"><strong>Respons\u00e1vel<\/strong><\/th><th class=\"has-text-align-left\" data-align=\"left\"><strong>Procedimento<\/strong><\/th><\/tr><\/thead><tbody><tr><td class=\"has-text-align-left\" data-align=\"left\">Estudante<\/td><td class=\"has-text-align-left\" data-align=\"left\">&#8211; Solicitar a matr\u00edcula no Cobalto.<\/td><\/tr><tr><td class=\"has-text-align-left\" data-align=\"left\">Cobalto<\/td><td class=\"has-text-align-left\" data-align=\"left\">&#8211; Processar as solicita\u00e7\u00f5es de matr\u00edcula.<\/td><\/tr><tr><td class=\"has-text-align-left\" data-align=\"left\">Estudante<\/td><td class=\"has-text-align-left\" data-align=\"left\">&#8211; Consultar a matr\u00edcula no Cobalto.<\/td><\/tr><\/tbody><\/table><\/figure>\n\n\n\n<h2 class=\"wp-block-heading\" style=\"font-size:16px\"><strong>Base legal:<\/strong><\/h2>\n\n\n\n<ul class=\"wp-block-list\">\n<li>Ordenamento de matr\u00edcula:&nbsp;<a href=\"https:\/\/wp.ufpel.edu.br\/scs\/files\/2019\/02\/Resolu%C3%A7%C3%A3o-47.2018-COCEPE.pdf\">Resolu\u00e7\u00e3o COCEPE n\u00ba 47\/2018<\/a><\/li>\n<\/ul>\n","protected":false},"excerpt":{"rendered":"<p>O que \u00e9? \u00c9 o processo em que o estudante solicita sua matr\u00edcula nas disciplinas que ir\u00e1 cursar no pr\u00f3ximo per\u00edodo letivo. Este procedimento \u00e9 obrigat\u00f3rio para a continuidade dos estudos e destina-se a estudantes que j\u00e1 possuem v\u00ednculo com a UFPel. Regras Importantes para a Solicita\u00e7\u00e3oAo montar sua grade de hor\u00e1rios, o estudante deve [&hellip;]<\/p>\n","protected":false},"author":341,"featured_media":0,"parent":6277,"menu_order":0,"comment_status":"closed","ping_status":"closed","template":"","meta":{"advanced_seo_description":"","jetpack_seo_html_title":"","jetpack_seo_noindex":false,"jetpack_post_was_ever_published":false,"footnotes":""},"class_list":["post-104","page","type-page","status-publish","hentry"],"jetpack_sharing_enabled":true,"jetpack_shortlink":"https:\/\/wp.me\/P70cyI-1G","jetpack-related-posts":[],"_links":{"self":[{"href":"https:\/\/wp.ufpel.edu.br\/cra\/wp-json\/wp\/v2\/pages\/104","targetHints":{"allow":["GET"]}}],"collection":[{"href":"https:\/\/wp.ufpel.edu.br\/cra\/wp-json\/wp\/v2\/pages"}],"about":[{"href":"https:\/\/wp.ufpel.edu.br\/cra\/wp-json\/wp\/v2\/types\/page"}],"author":[{"embeddable":true,"href":"https:\/\/wp.ufpel.edu.br\/cra\/wp-json\/wp\/v2\/users\/341"}],"replies":[{"embeddable":true,"href":"https:\/\/wp.ufpel.edu.br\/cra\/wp-json\/wp\/v2\/comments?post=104"}],"version-history":[{"count":3,"href":"https:\/\/wp.ufpel.edu.br\/cra\/wp-json\/wp\/v2\/pages\/104\/revisions"}],"predecessor-version":[{"id":12135,"href":"https:\/\/wp.ufpel.edu.br\/cra\/wp-json\/wp\/v2\/pages\/104\/revisions\/12135"}],"up":[{"embeddable":true,"href":"https:\/\/wp.ufpel.edu.br\/cra\/wp-json\/wp\/v2\/pages\/6277"}],"wp:attachment":[{"href":"https:\/\/wp.ufpel.edu.br\/cra\/wp-json\/wp\/v2\/media?parent=104"}],"curies":[{"name":"wp","href":"https:\/\/api.w.org\/{rel}","templated":true}]}}