{"id":745,"date":"2021-04-25T22:12:26","date_gmt":"2021-04-26T01:12:26","guid":{"rendered":"https:\/\/wp.ufpel.edu.br\/cpu\/?page_id=745"},"modified":"2026-04-09T11:58:50","modified_gmt":"2026-04-09T14:58:50","slug":"apresentacao-cpu","status":"publish","type":"page","link":"https:\/\/wp.ufpel.edu.br\/cpu\/apresentacao-cpu\/","title":{"rendered":"Apresenta\u00e7\u00e3o"},"content":{"rendered":"\n<figure class=\"wp-block-pullquote has-large-font-size\" style=\"font-style:normal;font-weight:600\"><blockquote><p>Ensinar n\u00e3o \u00e9 transferir conhecimento, mas criar as possibilidades para a sua pr\u00f3pria produ\u00e7\u00e3o ou a sua constru\u00e7\u00e3o.<\/p><cite>Paulo Freire, Pedagogia da Autonomia<\/cite><\/blockquote><\/figure>\n\n\n\n<p>A Coordena\u00e7\u00e3o de Pedagogia Universit\u00e1ria (CPU) \u00e9 o \u00f3rg\u00e3o respons\u00e1vel por planejar e desenvolver a pol\u00edtica de forma\u00e7\u00e3o para professores na UFPEL. Sejam professores ingressantes ou em forma\u00e7\u00e3o continuada, estejam ocupando fun\u00e7\u00e3o de coordena\u00e7\u00e3o de curso ou membros dos N\u00facleos Docentes Estruturantes dos cursos de gradua\u00e7\u00e3o, passando por avalia\u00e7\u00e3o de curso ou reformulando o PPC, oferecemos suporte qualificado para o desenvolvimento das habilidades e compet\u00eancias da doc\u00eancia superior.<\/p>\n\n\n\n<p>Da sua cria\u00e7\u00e3o em 2017 at\u00e9 2024, este \u00f3rg\u00e3o era composto por dois n\u00facleos que dividiam o trabalho entre a articula\u00e7\u00e3o e o atendimento aos coordenadores de curso e NDEs, e as forma\u00e7\u00f5es para professores. A partir da reestrutura\u00e7\u00e3o administrativa de 2025, a CPU passou a contar somente com um n\u00facleo:<\/p>\n\n\n\n<h2 class=\"wp-block-heading\">N\u00facleo de Forma\u00e7\u00e3o de Professores (NUFOR)<\/h2>\n\n\n\n<p>Setor respons\u00e1vel por organizar e realizar as atividades de forma\u00e7\u00e3o de professores e dar apoio aos docentes nas fun\u00e7\u00f5es de coordenadores e membros de NDEs. <\/p>\n\n\n\n<h2 class=\"wp-block-heading\">Programa Institucional de Pedagogia Universit\u00e1ria<\/h2>\n\n\n\n<p>O novo Programa Institucional de Pedagogia Universit\u00e1ria foi aprovado no COCEPE em 02 de abril de 2026. Abaixo, segue o link da Resolu\u00e7\u00e3o com texto completo:<\/p>\n\n\n\n<p><a href=\"https:\/\/wp.ufpel.edu.br\/cpu\/files\/2026\/04\/SEI_3777716_Resolucao_105.pdf\">Resolu\u00e7\u00e3o 105\/2026 COCEPE<\/a><\/p>\n","protected":false},"excerpt":{"rendered":"<p>Ensinar n\u00e3o \u00e9 transferir conhecimento, mas criar as possibilidades para a sua pr\u00f3pria produ\u00e7\u00e3o ou a sua constru\u00e7\u00e3o. Paulo Freire, Pedagogia da Autonomia A Coordena\u00e7\u00e3o de Pedagogia Universit\u00e1ria (CPU) \u00e9 o \u00f3rg\u00e3o respons\u00e1vel por planejar e desenvolver a pol\u00edtica de forma\u00e7\u00e3o para professores na UFPEL. Sejam professores ingressantes ou em forma\u00e7\u00e3o continuada, estejam ocupando fun\u00e7\u00e3o [&hellip;]<\/p>\n","protected":false},"author":833,"featured_media":0,"parent":0,"menu_order":0,"comment_status":"closed","ping_status":"closed","template":"","meta":{"footnotes":""},"class_list":["post-745","page","type-page","status-publish","hentry"],"jetpack-related-posts":[{"id":1352,"url":"https:\/\/wp.ufpel.edu.br\/cpu\/gestao-pedagogica\/","url_meta":{"origin":745,"position":0},"title":"Gest\u00e3o Pedag\u00f3gica","author":"marcialopes","date":"03\/10\/2024","format":false,"excerpt":"Encontre aqui as refer\u00eancias sobre quest\u00f5es de organiza\u00e7\u00e3o do curso e pedagogia universit\u00e1ria.\u00a0 Pesquise por assunto na tabela abaixo e acesse o link correspondente para maiores informa\u00e7\u00f5es: AssuntoDescri\u00e7\u00e3oLinkCadastro da matriz curricular no sistema acad\u00eamicoCurr\u00edculo; equival\u00eancias; pr\u00e9-requisitos; CobaltoN\u00facleo de Curr\u00edculos e Hist\u00f3ricos CRADiretrizes Elabora\u00e7\u00e3o PPCDiretrizes para elabora\u00e7\u00e3o do PPC; Fluxograma do\u2026","rel":"","context":"Post similar","block_context":{"text":"Post similar","link":""},"img":{"alt_text":"","src":"","width":0,"height":0},"classes":[]},{"id":20,"url":"https:\/\/wp.ufpel.edu.br\/cpu\/o-programa\/","url_meta":{"origin":745,"position":1},"title":"O Programa","author":"lwdias","date":"29\/03\/2018","format":false,"excerpt":"Resolu\u00e7\u00e3o N\u00b0 15 de 25 de maio de 2017 O ano de 2017 representou um marco para a Pedagogia Universit\u00e1ria na Universidade Federal de Pelotas com a regulamenta\u00e7\u00e3o e aprova\u00e7\u00e3o pelo COCEPE da Resolu\u00e7\u00e3o n\u00ba de 25 de maio de 2017 que institucionalizou o programa dentro da institui\u00e7\u00e3o. Atendendo ao\u2026","rel":"","context":"Post similar","block_context":{"text":"Post similar","link":""},"img":{"alt_text":"","src":"","width":0,"height":0},"classes":[]},{"id":1572,"url":"https:\/\/wp.ufpel.edu.br\/cpu\/viii-formacao-para-coordenadoras-e-coordenadores-de-cursos-de-graduacao-da-ufpel\/","url_meta":{"origin":745,"position":2},"title":"Forma\u00e7\u00e3o para Coordenadoras e Coordenadores de Cursos de Gradua\u00e7\u00e3o da UFPEL","author":"marcialopes","date":"17\/03\/2025","format":false,"excerpt":"Pensando nos desafios que envolvem o trabalho das Coordena\u00e7\u00f5es de Cursos, a Coordena\u00e7\u00e3o de Pedagogia Universit\u00e1ria, atrav\u00e9s do N\u00facleo de Forma\u00e7\u00e3o de Professores, realiza a presente Forma\u00e7\u00e3o. Com o objetivo de proporcionar uma experi\u00eancia acess\u00edvel e produtiva, a forma\u00e7\u00e3o \u00e9 realizada em\u00a0dois dias, permitindo a participa\u00e7\u00e3o de um maior n\u00famero\u2026","rel":"","context":"Post similar","block_context":{"text":"Post similar","link":""},"img":{"alt_text":"","src":"","width":0,"height":0},"classes":[]},{"id":897,"url":"https:\/\/wp.ufpel.edu.br\/cpu\/documento-de-criacao\/","url_meta":{"origin":745,"position":3},"title":"Documento de cria\u00e7\u00e3o","author":"CPU","date":"09\/06\/2021","format":false,"excerpt":"MINIST\u00c9RIO DA EDUCA\u00c7\u00c3O \u2013 UNIVERSIDADE FEDERAL DE PELOTASPR\u00d3-REITORIA DE ENSINOCOORDENA\u00c7\u00c3O DE PEDAGOGIA UNIVERSIT\u00c1RIAGRUPO DE INTERLOCU\u00c7\u00c3O PEDAG\u00d3GICA \u2013 GIP JUSTIFICATIVA: A preocupa\u00e7\u00e3o com a qualidade na forma\u00e7\u00e3o dos estudantes nos n\u00edveis dagradua\u00e7\u00e3o e p\u00f3s-gradua\u00e7\u00e3o nas Universidades P\u00fablicas \u00e9 sempre tema importante epermanente nas institui\u00e7\u00f5es, visto que envolve processos altamente complexos queacompanham\u2026","rel":"","context":"Post similar","block_context":{"text":"Post similar","link":""},"img":{"alt_text":"","src":"","width":0,"height":0},"classes":[]},{"id":1096,"url":"https:\/\/wp.ufpel.edu.br\/cpu\/referenciarapida\/","url_meta":{"origin":745,"position":4},"title":"Refer\u00eancia r\u00e1pida sobre inst\u00e2ncias e suas atribui\u00e7\u00f5es","author":"CPU","date":"03\/10\/2024","format":false,"excerpt":"Encontre aqui as atribui\u00e7\u00f5es de inst\u00e2ncias institucionais ligadas aos cursos de gradua\u00e7\u00e3o, conforme normativas da UFPEL. Menu Colegiado de Curso N\u00facleo Docente Estruturante Coordenador do Colegiado de Curso Departamentos\u00a0(em Faculdades e Institutos) C\u00e2mara de Ensino\u00a0(Centros) COCEPE Se voc\u00ea n\u00e3o encontrou a informa\u00e7\u00e3o que precisa ou quer contribuir com sugest\u00f5es para\u2026","rel":"","context":"Post similar","block_context":{"text":"Post similar","link":""},"img":{"alt_text":"","src":"","width":0,"height":0},"classes":[]},{"id":825,"url":"https:\/\/wp.ufpel.edu.br\/cpu\/ingressantes\/","url_meta":{"origin":745,"position":5},"title":"Ingressantes","author":"CPU","date":"27\/04\/2021","format":false,"excerpt":"O evento, que ocorre semestralmente, promove a\u00e7\u00f5es de forma\u00e7\u00e3o que buscam contemplar a integra\u00e7\u00e3o do(a) professor(a) ingressante \u00e0 cultura universit\u00e1ria, bem como debater quest\u00f5es pedag\u00f3gicas no contexto da Doc\u00eancia no Ensino Superior.O curso \u00e9 dividido em dois m\u00f3dulos independentes, de 20 horas cada, sendo o M\u00f3dulo I realizado no turno\u2026","rel":"","context":"Post similar","block_context":{"text":"Post similar","link":""},"img":{"alt_text":"","src":"","width":0,"height":0},"classes":[]}],"jetpack_sharing_enabled":true,"_links":{"self":[{"href":"https:\/\/wp.ufpel.edu.br\/cpu\/wp-json\/wp\/v2\/pages\/745","targetHints":{"allow":["GET"]}}],"collection":[{"href":"https:\/\/wp.ufpel.edu.br\/cpu\/wp-json\/wp\/v2\/pages"}],"about":[{"href":"https:\/\/wp.ufpel.edu.br\/cpu\/wp-json\/wp\/v2\/types\/page"}],"author":[{"embeddable":true,"href":"https:\/\/wp.ufpel.edu.br\/cpu\/wp-json\/wp\/v2\/users\/833"}],"replies":[{"embeddable":true,"href":"https:\/\/wp.ufpel.edu.br\/cpu\/wp-json\/wp\/v2\/comments?post=745"}],"version-history":[{"count":3,"href":"https:\/\/wp.ufpel.edu.br\/cpu\/wp-json\/wp\/v2\/pages\/745\/revisions"}],"predecessor-version":[{"id":1938,"href":"https:\/\/wp.ufpel.edu.br\/cpu\/wp-json\/wp\/v2\/pages\/745\/revisions\/1938"}],"wp:attachment":[{"href":"https:\/\/wp.ufpel.edu.br\/cpu\/wp-json\/wp\/v2\/media?parent=745"}],"curies":[{"name":"wp","href":"https:\/\/api.w.org\/{rel}","templated":true}]}}