{"id":20,"date":"2018-03-29T15:11:39","date_gmt":"2018-03-29T18:11:39","guid":{"rendered":"https:\/\/wp.ufpel.edu.br\/cpu\/?page_id=20"},"modified":"2020-09-09T14:04:53","modified_gmt":"2020-09-09T17:04:53","slug":"o-programa","status":"publish","type":"page","link":"https:\/\/wp.ufpel.edu.br\/cpu\/o-programa\/","title":{"rendered":"O Programa"},"content":{"rendered":"<p style=\"text-align: left\" align=\"justify\"><a href=\"https:\/\/wp.ufpel.edu.br\/scs\/files\/2017\/04\/Resolu%C3%A7%C3%A3o-15.2017-COCEPE.pdf\">Resolu\u00e7\u00e3o N\u00b0 15 de 25 de maio de 2017<\/a><\/p>\n<p class=\"western\" align=\"justify\"><span style=\"font-size: medium\">O ano de 2017 representou um marco para a Pedagogia Universit\u00e1ria na Universidade Federal de Pelotas com a regulamenta\u00e7\u00e3o e aprova\u00e7\u00e3o pelo COCEPE da Resolu\u00e7\u00e3o n\u00ba de 25 de maio de 2017 que institucionalizou o programa dentro da institui\u00e7\u00e3o. Atendendo ao que est\u00e1 previsto no Plano de Desenvolvimento Institucional (2015-2020) em seus objetivos estrat\u00e9gicos \u00e9 de responsabilidade da universidade, por meio do ensino, promover a qualifica\u00e7\u00e3o e a forma\u00e7\u00e3o pedag\u00f3gica continuada dos docentes da universidade a fim de melhorar a qualidade do ensino de gradua\u00e7\u00e3o e p\u00f3s-gradua\u00e7\u00e3o, de modo articulado e indissoci\u00e1vel entre ensino, pesquisa e extens\u00e3o.<\/span><\/p>\n<p class=\"western\" align=\"justify\"><span style=\"font-size: medium\">Objetivo do Programa da Pedagogia Universit\u00e1ria: criar um programa de forma\u00e7\u00e3o continuada de professores, Coordenadores de Curso e membros dos N\u00facleos Docentes Estruturantes, com o intuito de promover a\u00e7\u00f5es que qualifiquem as pr\u00e1ticas docentes a partir da reflex\u00e3o e teoriza\u00e7\u00e3o das viv\u00eancias, buscando construir um corpo te\u00f3rico pr\u00f3prio do professor universit\u00e1rio.<\/span><\/p>\n<p class=\"western\" align=\"justify\"><span style=\"font-size: medium\">Espec\u00edficos:<\/span><\/p>\n<p class=\"western\" align=\"justify\"><span style=\"font-size: medium\">&#8211; realizar levantamento das principais necessidades pedag\u00f3gicas evidenciadas na universidade por meio das avalia\u00e7\u00f5es internas e diagn\u00f3sticos existentes ou a serem realizados;<\/span><\/p>\n<p class=\"western\" align=\"justify\"><span style=\"font-size: medium\">&#8211; promover eventos de diferentes dimens\u00f5es e modalidades que promovam a qualifica\u00e7\u00e3o pedag\u00f3gica dos professores e coordenadores de curso; <\/span><\/p>\n<p class=\"western\" align=\"justify\"><span style=\"font-size: medium\">&#8211; Incentivar a qualifica\u00e7\u00e3o pedag\u00f3gica em todas as unidades da Universidade, em conson\u00e2ncia com as a\u00e7\u00f5es de forma\u00e7\u00e3o propostas pelo programa em suas diferentes linhas de a\u00e7\u00e3o;<\/span><\/p>\n<p class=\"western\" align=\"justify\"><span style=\"font-size: medium\">&#8211; dialogar permanentemente com os diferentes setores da Universidade, favorecendo o conhecimento da realidade e a implementa\u00e7\u00e3o das a\u00e7\u00f5es planejadas;<\/span><\/p>\n<p class=\"western\" align=\"justify\"><span style=\"font-size: medium\">&#8211; realizar avalia\u00e7\u00f5es peri\u00f3dicas do trabalho no sentido de verificar sua efic\u00e1cia e identificar poss\u00edveis fragilidades que ensejem modifica\u00e7\u00f5es;<\/span><\/p>\n<p class=\"western\" align=\"justify\"><span style=\"font-size: medium\">&#8211; socializar as a\u00e7\u00f5es e inova\u00e7\u00f5es produzidas pelos professores atrav\u00e9s de relatos de experi\u00eancias, prevendo a publica\u00e7\u00e3o de informativos e\/ou cadernos de estudos que sistematizem as produ\u00e7\u00f5es e valorizem os esfor\u00e7os coletivos em favor da qualifica\u00e7\u00e3o da educa\u00e7\u00e3o universit\u00e1ria;<\/span><\/p>\n<p class=\"western\" align=\"justify\"><span style=\"font-size: medium\">-Fomentar e publicizar, por meio de cria\u00e7\u00e3o de reposit\u00f3rio institucional, as diferentes experi\u00eancias e inova\u00e7\u00f5es em pedagogia universit\u00e1ria, produzidas em \u00e2mbito local, regional e nacional;<\/span><\/p>\n<p class=\"western\" align=\"justify\"><span style=\"font-size: medium\">&#8211; articular-se \u00e0s universidades que realizam experi\u00eancias no campo da Pedagogia Universit\u00e1ria;<\/span><\/p>\n<p class=\"western\" align=\"justify\"><span style=\"font-size: medium\">&#8211; incentivar a cria\u00e7\u00e3o de grupos de estudos entre os professores interessados em atuar no fomento e implementa\u00e7\u00e3o da Pedagogia Universit\u00e1ria, incentivando a pesquisa na \u00e1rea, favorecendo a cria\u00e7\u00e3o de uma Linha de Pesquisa que possa fazer parte de um Programa de P\u00f3s-Gradua\u00e7\u00e3o em Educa\u00e7\u00e3o (Especializa\u00e7\u00e3o, Mestrado, Doutorado);<\/span><\/p>\n<p class=\"western\" align=\"justify\"><span style=\"font-size: medium\">&#8211; fomentar a\u00e7\u00f5es que acolham, orientem e preparem o docente ingressante para a vida institucional e para compreens\u00e3o da demanda pedag\u00f3gica especifica a partir de um olhar contempor\u00e2neo;<\/span><\/p>\n<p class=\"western\" align=\"justify\"><span style=\"font-size: medium\">&#8211; promover a\u00e7\u00f5es, de car\u00e1ter permanente, para os professores da Universidade, tendo em vista a forma\u00e7\u00e3o continuada, a auto avalia\u00e7\u00e3o e redimensionamento constante das suas praticas pedag\u00f3gicas frente \u00e0 educa\u00e7\u00e3o contempor\u00e2nea; <\/span><\/p>\n<p class=\"western\" align=\"justify\"><span style=\"font-size: medium\">&#8211; acompanhar e orientar os coordenadores de curso, visando o di\u00e1logo permanente sobre as quest\u00f5es administrativas e pedag\u00f3gicas;<\/span><\/p>\n<p class=\"western\" align=\"justify\"><span style=\"font-size: medium\">&#8211; capacitar coordenadores de curso para atividades de gest\u00e3o, tanto no \u00e2mbito administrativo, quanto pedag\u00f3gico;<\/span><\/p>\n<p class=\"western\" align=\"justify\"><span style=\"font-size: medium\">&#8211; agregar os membros dos n\u00facleos docentes estruturantes, a partir de suas participa\u00e7\u00f5es nas a\u00e7\u00f5es deste programa, por meio de convoca\u00e7\u00e3o e convite que favore\u00e7am representa\u00e7\u00f5es alternadas, garantindo a circula\u00e7\u00e3o e compartilhamento de ideias e orienta\u00e7\u00f5es;<\/span><\/p>\n<p class=\"western\" align=\"justify\"><span style=\"font-size: medium\">&#8211; capacitar os membros dos n\u00facleos docentes estruturantes para o desdobramento de a\u00e7\u00f5es no \u00e2mbito da pedagogia universit\u00e1ria, de forma a fortalecer o cumprimento de suas fun\u00e7\u00f5es nos seus cursos. <\/span><\/p>\n<p class=\"western\" align=\"justify\"><span style=\"font-size: medium\">Modalidades de forma\u00e7\u00e3o voltadas ao aperfei\u00e7oamento pedag\u00f3gico docente:<\/span><\/p>\n<p class=\"western\" align=\"justify\"><span style=\"font-size: medium\">-Semin\u00e1rios;<\/span><\/p>\n<p class=\"western\" align=\"justify\"><span style=\"font-size: medium\">-Oficinas;<\/span><\/p>\n<p class=\"western\" align=\"justify\"><span style=\"font-size: medium\">-Mini-cursos;<\/span><\/p>\n<p class=\"western\" align=\"justify\"><span style=\"font-size: medium\">&#8211; Atividades em EAD<\/span><\/p>\n","protected":false},"excerpt":{"rendered":"<p>Resolu\u00e7\u00e3o N\u00b0 15 de 25 de maio de 2017 O ano de 2017 representou um marco para a Pedagogia Universit\u00e1ria na Universidade Federal de Pelotas com a regulamenta\u00e7\u00e3o e aprova\u00e7\u00e3o pelo COCEPE da Resolu\u00e7\u00e3o n\u00ba de 25 de maio de 2017 que institucionalizou o programa dentro da institui\u00e7\u00e3o. Atendendo ao que est\u00e1 previsto no Plano [&hellip;]<\/p>\n","protected":false},"author":293,"featured_media":0,"parent":0,"menu_order":0,"comment_status":"closed","ping_status":"closed","template":"page-sem-sidebar.php","meta":{"footnotes":""},"class_list":["post-20","page","type-page","status-publish","hentry"],"jetpack-related-posts":[{"id":897,"url":"https:\/\/wp.ufpel.edu.br\/cpu\/documento-de-criacao\/","url_meta":{"origin":20,"position":0},"title":"Documento de cria\u00e7\u00e3o","author":"CPU","date":"09\/06\/2021","format":false,"excerpt":"MINIST\u00c9RIO DA EDUCA\u00c7\u00c3O \u2013 UNIVERSIDADE FEDERAL DE PELOTASPR\u00d3-REITORIA DE ENSINOCOORDENA\u00c7\u00c3O DE PEDAGOGIA UNIVERSIT\u00c1RIAGRUPO DE INTERLOCU\u00c7\u00c3O PEDAG\u00d3GICA \u2013 GIP JUSTIFICATIVA: A preocupa\u00e7\u00e3o com a qualidade na forma\u00e7\u00e3o dos estudantes nos n\u00edveis dagradua\u00e7\u00e3o e p\u00f3s-gradua\u00e7\u00e3o nas Universidades P\u00fablicas \u00e9 sempre tema importante epermanente nas institui\u00e7\u00f5es, visto que envolve processos altamente complexos queacompanham\u2026","rel":"","context":"Post similar","block_context":{"text":"Post similar","link":""},"img":{"alt_text":"","src":"","width":0,"height":0},"classes":[]},{"id":745,"url":"https:\/\/wp.ufpel.edu.br\/cpu\/apresentacao-cpu\/","url_meta":{"origin":20,"position":1},"title":"Apresenta\u00e7\u00e3o","author":"CPU","date":"25\/04\/2021","format":false,"excerpt":"Ensinar n\u00e3o \u00e9 transferir conhecimento, mas criar as possibilidades para a sua pr\u00f3pria produ\u00e7\u00e3o ou a sua constru\u00e7\u00e3o.Paulo Freire, Pedagogia da Autonomia A Coordena\u00e7\u00e3o de Pedagogia Universit\u00e1ria (CPU) \u00e9 o \u00f3rg\u00e3o respons\u00e1vel por planejar e desenvolver a pol\u00edtica de forma\u00e7\u00e3o para professores na UFPEL. Sejam professores ingressantes ou em forma\u00e7\u00e3o\u2026","rel":"","context":"Post similar","block_context":{"text":"Post similar","link":""},"img":{"alt_text":"","src":"","width":0,"height":0},"classes":[]},{"id":825,"url":"https:\/\/wp.ufpel.edu.br\/cpu\/ingressantes\/","url_meta":{"origin":20,"position":2},"title":"Ingressantes","author":"CPU","date":"27\/04\/2021","format":false,"excerpt":"O evento, que ocorre semestralmente, promove a\u00e7\u00f5es de forma\u00e7\u00e3o que buscam contemplar a integra\u00e7\u00e3o do(a) professor(a) ingressante \u00e0 cultura universit\u00e1ria, bem como debater quest\u00f5es pedag\u00f3gicas no contexto da Doc\u00eancia no Ensino Superior.O curso \u00e9 dividido em dois m\u00f3dulos independentes, de 20 horas cada, sendo o M\u00f3dulo I realizado no turno\u2026","rel":"","context":"Post similar","block_context":{"text":"Post similar","link":""},"img":{"alt_text":"","src":"","width":0,"height":0},"classes":[]},{"id":1643,"url":"https:\/\/wp.ufpel.edu.br\/cpu\/formacao-para-professores-ingressantes\/","url_meta":{"origin":20,"position":3},"title":"Forma\u00e7\u00e3o para Professores Ingressantes","author":"marcialopes","date":"12\/05\/2025","format":false,"excerpt":"Prezados(as) Professores(as) Ingressantes, Sejam bem-vindos(as) \u00e0 Universidade Federal de Pelotas! Para apoi\u00e1-los nesse in\u00edcio de jornada acad\u00eamica, a Pr\u00f3-Reitoria de Ensino (PRE), por meio da Coordena\u00e7\u00e3o de Pedagogia Universit\u00e1ria (CPU) e do N\u00facleo de Forma\u00e7\u00e3o de Professores (NUFOR), tem o prazer de convid\u00e1-los para a Forma\u00e7\u00e3o de Professores Ingressantes da\u2026","rel":"","context":"Post similar","block_context":{"text":"Post similar","link":""},"img":{"alt_text":"","src":"","width":0,"height":0},"classes":[]},{"id":1572,"url":"https:\/\/wp.ufpel.edu.br\/cpu\/viii-formacao-para-coordenadoras-e-coordenadores-de-cursos-de-graduacao-da-ufpel\/","url_meta":{"origin":20,"position":4},"title":"Forma\u00e7\u00e3o para Coordenadoras e Coordenadores de Cursos de Gradua\u00e7\u00e3o da UFPEL","author":"marcialopes","date":"17\/03\/2025","format":false,"excerpt":"Pensando nos desafios que envolvem o trabalho das Coordena\u00e7\u00f5es de Cursos, a Coordena\u00e7\u00e3o de Pedagogia Universit\u00e1ria, atrav\u00e9s do N\u00facleo de Forma\u00e7\u00e3o de Professores, realiza a presente Forma\u00e7\u00e3o. Com o objetivo de proporcionar uma experi\u00eancia acess\u00edvel e produtiva, a forma\u00e7\u00e3o \u00e9 realizada em\u00a0dois dias, permitindo a participa\u00e7\u00e3o de um maior n\u00famero\u2026","rel":"","context":"Post similar","block_context":{"text":"Post similar","link":""},"img":{"alt_text":"","src":"","width":0,"height":0},"classes":[]},{"id":1352,"url":"https:\/\/wp.ufpel.edu.br\/cpu\/gestao-pedagogica\/","url_meta":{"origin":20,"position":5},"title":"Gest\u00e3o Pedag\u00f3gica","author":"marcialopes","date":"03\/10\/2024","format":false,"excerpt":"Encontre aqui as refer\u00eancias sobre quest\u00f5es de organiza\u00e7\u00e3o do curso e pedagogia universit\u00e1ria.\u00a0 Pesquise por assunto na tabela abaixo e acesse o link correspondente para maiores informa\u00e7\u00f5es: AssuntoDescri\u00e7\u00e3oLinkCadastro da matriz curricular no sistema acad\u00eamicoCurr\u00edculo; equival\u00eancias; pr\u00e9-requisitos; CobaltoN\u00facleo de Curr\u00edculos e Hist\u00f3ricos CRADiretrizes Elabora\u00e7\u00e3o PPCDiretrizes para elabora\u00e7\u00e3o do PPC; Fluxograma do\u2026","rel":"","context":"Post similar","block_context":{"text":"Post similar","link":""},"img":{"alt_text":"","src":"","width":0,"height":0},"classes":[]}],"jetpack_sharing_enabled":true,"_links":{"self":[{"href":"https:\/\/wp.ufpel.edu.br\/cpu\/wp-json\/wp\/v2\/pages\/20","targetHints":{"allow":["GET"]}}],"collection":[{"href":"https:\/\/wp.ufpel.edu.br\/cpu\/wp-json\/wp\/v2\/pages"}],"about":[{"href":"https:\/\/wp.ufpel.edu.br\/cpu\/wp-json\/wp\/v2\/types\/page"}],"author":[{"embeddable":true,"href":"https:\/\/wp.ufpel.edu.br\/cpu\/wp-json\/wp\/v2\/users\/293"}],"replies":[{"embeddable":true,"href":"https:\/\/wp.ufpel.edu.br\/cpu\/wp-json\/wp\/v2\/comments?post=20"}],"version-history":[{"count":5,"href":"https:\/\/wp.ufpel.edu.br\/cpu\/wp-json\/wp\/v2\/pages\/20\/revisions"}],"predecessor-version":[{"id":638,"href":"https:\/\/wp.ufpel.edu.br\/cpu\/wp-json\/wp\/v2\/pages\/20\/revisions\/638"}],"wp:attachment":[{"href":"https:\/\/wp.ufpel.edu.br\/cpu\/wp-json\/wp\/v2\/media?parent=20"}],"curies":[{"name":"wp","href":"https:\/\/api.w.org\/{rel}","templated":true}]}}