{"id":1755,"date":"2025-10-03T20:41:20","date_gmt":"2025-10-03T23:41:20","guid":{"rendered":"https:\/\/wp.ufpel.edu.br\/cpu\/?page_id=1755"},"modified":"2025-10-03T20:50:44","modified_gmt":"2025-10-03T23:50:44","slug":"wordpress-desafios-da-criacao-e-manutencao-de-sites-academicos","status":"publish","type":"page","link":"https:\/\/wp.ufpel.edu.br\/cpu\/wordpress-desafios-da-criacao-e-manutencao-de-sites-academicos\/","title":{"rendered":"WordPress &#8211; desafios da cria\u00e7\u00e3o e manuten\u00e7\u00e3o de sites acad\u00eamicos"},"content":{"rendered":"\n<p>Convidamos os Coordenadores e as Coordenadoras de Cursos de Gradua\u00e7\u00e3o, os Secret\u00e1rios e as Secret\u00e1rias de Colegiados, para uma atualiza\u00e7\u00e3o nos seus conhecimentos de cria\u00e7\u00e3o e manuten\u00e7\u00e3o de sites para os cursos de Gradua\u00e7\u00e3o.<\/p>\n\n\n\n<p>Percebendo o desafio que tornar o site do curso acess\u00edvel para os\/as usu\u00e1rios\/as pode ser, organizamos em parceria com a <strong>SGTIC &#8211; Se\u00e7\u00e3o de Projetos de Websites<\/strong>, este encontro para tirar d\u00favidas sobre o assunto.<\/p>\n\n\n\n<p>Para participar \u00e9 importante que se tenha conhecimento sobre o tema. Por isto, a Se\u00e7\u00e3o de Projetos e Websites recomenda que seja feito o <strong>Curso de Capacita\u00e7\u00e3o do WordPress Institucional UFPel<\/strong>, dispon\u00edvel <a href=\"https:\/\/curso-wp.ufpel.edu.br\/\" target=\"_blank\" rel=\"noreferrer noopener\">neste site<\/a>, antes do encontro presencial. O curso \u00e9 auto instrucional e mostra passo a passo tudo o que \u00e9 necess\u00e1rio para construir um site.<\/p>\n\n\n\n<p>O encontro presencial ser\u00e1 dia <strong>30\/10\/2025<\/strong>, das 09h \u00e0s 12h, no Audit\u00f3rio Acad\u00eamico (4\u00ba andar do Campus Anglo). As inscri\u00e7\u00f5es est\u00e3o abertas <a href=\"https:\/\/docs.google.com\/forms\/d\/e\/1FAIpQLSdrRBmBp60TGSC9gYOqJPS266CELviqlEEHSIaF2gkySy5liA\/viewform?usp=header\">neste link<\/a> at\u00e9 o dia <strong>23\/10\/25<\/strong>.<\/p>\n\n\n\n<div class=\"wp-block-buttons is-content-justification-center is-layout-flex wp-container-core-buttons-is-layout-16018d1d wp-block-buttons-is-layout-flex\">\n<div class=\"wp-block-button is-style-outline is-style-outline--1\"><a class=\"wp-block-button__link has-vivid-green-cyan-color has-text-color has-link-color wp-element-button\" href=\"https:\/\/curso-wp.ufpel.edu.br\/\" target=\"_blank\" rel=\"noreferrer noopener\">Acesse o curso online<\/a><\/div>\n\n\n\n<div class=\"wp-block-button is-style-outline is-style-outline--2\"><a class=\"wp-block-button__link has-vivid-green-cyan-color has-text-color has-link-color wp-element-button\" href=\"https:\/\/docs.google.com\/forms\/d\/e\/1FAIpQLSdrRBmBp60TGSC9gYOqJPS266CELviqlEEHSIaF2gkySy5liA\/viewform?usp=dialog\" target=\"_blank\" rel=\"noreferrer noopener\">Inscreva-se para o presencial<\/a><\/div>\n<\/div>\n","protected":false},"excerpt":{"rendered":"<p>Convidamos os Coordenadores e as Coordenadoras de Cursos de Gradua\u00e7\u00e3o, os Secret\u00e1rios e as Secret\u00e1rias de Colegiados, para uma atualiza\u00e7\u00e3o nos seus conhecimentos de cria\u00e7\u00e3o e manuten\u00e7\u00e3o de sites para os cursos de Gradua\u00e7\u00e3o. Percebendo o desafio que tornar o site do curso acess\u00edvel para os\/as usu\u00e1rios\/as pode ser, organizamos em parceria com a SGTIC [&hellip;]<\/p>\n","protected":false},"author":1320,"featured_media":0,"parent":0,"menu_order":0,"comment_status":"closed","ping_status":"closed","template":"","meta":{"footnotes":""},"class_list":["post-1755","page","type-page","status-publish","hentry"],"jetpack-related-posts":[{"id":1572,"url":"https:\/\/wp.ufpel.edu.br\/cpu\/viii-formacao-para-coordenadoras-e-coordenadores-de-cursos-de-graduacao-da-ufpel\/","url_meta":{"origin":1755,"position":0},"title":"Forma\u00e7\u00e3o para Coordenadoras e Coordenadores de Cursos de Gradua\u00e7\u00e3o da UFPEL","author":"marcialopes","date":"17\/03\/2025","format":false,"excerpt":"Pensando nos desafios que envolvem o trabalho das Coordena\u00e7\u00f5es de Cursos, a Coordena\u00e7\u00e3o de Pedagogia Universit\u00e1ria, atrav\u00e9s do N\u00facleo de Forma\u00e7\u00e3o de Professores, realiza a presente Forma\u00e7\u00e3o. Com o objetivo de proporcionar uma experi\u00eancia acess\u00edvel e produtiva, a forma\u00e7\u00e3o \u00e9 realizada em\u00a0dois dias, permitindo a participa\u00e7\u00e3o de um maior n\u00famero\u2026","rel":"","context":"Post similar","block_context":{"text":"Post similar","link":""},"img":{"alt_text":"","src":"","width":0,"height":0},"classes":[]},{"id":1096,"url":"https:\/\/wp.ufpel.edu.br\/cpu\/referenciarapida\/","url_meta":{"origin":1755,"position":1},"title":"Refer\u00eancia r\u00e1pida sobre inst\u00e2ncias e suas atribui\u00e7\u00f5es","author":"CPU","date":"03\/10\/2024","format":false,"excerpt":"Encontre aqui as atribui\u00e7\u00f5es de inst\u00e2ncias institucionais ligadas aos cursos de gradua\u00e7\u00e3o, conforme normativas da UFPEL. Menu Colegiado de Curso N\u00facleo Docente Estruturante Coordenador do Colegiado de Curso Departamentos\u00a0(em Faculdades e Institutos) C\u00e2mara de Ensino\u00a0(Centros) COCEPE Se voc\u00ea n\u00e3o encontrou a informa\u00e7\u00e3o que precisa ou quer contribuir com sugest\u00f5es para\u2026","rel":"","context":"Post similar","block_context":{"text":"Post similar","link":""},"img":{"alt_text":"","src":"","width":0,"height":0},"classes":[]},{"id":1309,"url":"https:\/\/wp.ufpel.edu.br\/cpu\/referencias-para-coordenacoes-de-curso-e-secretarias\/","url_meta":{"origin":1755,"position":2},"title":"Refer\u00eancias para Coordena\u00e7\u00f5es de Curso e Secretarias","author":"marcialopes","date":"03\/10\/2024","format":false,"excerpt":"Apresenta\u00e7\u00e3o Esta p\u00e1gina foi pensada para direcionar voc\u00ea mais rapidamente para a informa\u00e7\u00e3o que deseja. Na aba Gest\u00e3o Acad\u00eamica, encontre direcionamento sobre assuntos relacionados \u00e0 vida acad\u00eamica de seus estudantes. Na aba Gest\u00e3o Pedag\u00f3gica, sobre quest\u00f5es de organiza\u00e7\u00e3o do curso e pedagogia universit\u00e1ria. E na aba Sistemas de Gest\u00e3o, sobre\u2026","rel":"","context":"Post similar","block_context":{"text":"Post similar","link":""},"img":{"alt_text":"","src":"https:\/\/i0.wp.com\/wp.ufpel.edu.br\/cpu\/files\/2023\/11\/Gestao-Academica-3.png?resize=350%2C200&ssl=1","width":350,"height":200,"srcset":"https:\/\/i0.wp.com\/wp.ufpel.edu.br\/cpu\/files\/2023\/11\/Gestao-Academica-3.png?resize=350%2C200&ssl=1 1x, https:\/\/i0.wp.com\/wp.ufpel.edu.br\/cpu\/files\/2023\/11\/Gestao-Academica-3.png?resize=525%2C300&ssl=1 1.5x, https:\/\/i0.wp.com\/wp.ufpel.edu.br\/cpu\/files\/2023\/11\/Gestao-Academica-3.png?resize=700%2C400&ssl=1 2x, https:\/\/i0.wp.com\/wp.ufpel.edu.br\/cpu\/files\/2023\/11\/Gestao-Academica-3.png?resize=1050%2C600&ssl=1 3x"},"classes":[]},{"id":745,"url":"https:\/\/wp.ufpel.edu.br\/cpu\/apresentacao-cpu\/","url_meta":{"origin":1755,"position":3},"title":"Apresenta\u00e7\u00e3o","author":"CPU","date":"25\/04\/2021","format":false,"excerpt":"Ensinar n\u00e3o \u00e9 transferir conhecimento, mas criar as possibilidades para a sua pr\u00f3pria produ\u00e7\u00e3o ou a sua constru\u00e7\u00e3o.Paulo Freire, Pedagogia da Autonomia A Coordena\u00e7\u00e3o de Pedagogia Universit\u00e1ria (CPU) \u00e9 o \u00f3rg\u00e3o respons\u00e1vel por planejar e desenvolver a pol\u00edtica de forma\u00e7\u00e3o para professores na UFPEL. Sejam professores ingressantes ou em forma\u00e7\u00e3o\u2026","rel":"","context":"Post similar","block_context":{"text":"Post similar","link":""},"img":{"alt_text":"","src":"","width":0,"height":0},"classes":[]},{"id":20,"url":"https:\/\/wp.ufpel.edu.br\/cpu\/o-programa\/","url_meta":{"origin":1755,"position":4},"title":"O Programa","author":"lwdias","date":"29\/03\/2018","format":false,"excerpt":"Resolu\u00e7\u00e3o N\u00b0 15 de 25 de maio de 2017 O ano de 2017 representou um marco para a Pedagogia Universit\u00e1ria na Universidade Federal de Pelotas com a regulamenta\u00e7\u00e3o e aprova\u00e7\u00e3o pelo COCEPE da Resolu\u00e7\u00e3o n\u00ba de 25 de maio de 2017 que institucionalizou o programa dentro da institui\u00e7\u00e3o. Atendendo ao\u2026","rel":"","context":"Post similar","block_context":{"text":"Post similar","link":""},"img":{"alt_text":"","src":"","width":0,"height":0},"classes":[]},{"id":1346,"url":"https:\/\/wp.ufpel.edu.br\/cpu\/gestao-academica\/","url_meta":{"origin":1755,"position":5},"title":"Gest\u00e3o Acad\u00eamica","author":"marcialopes","date":"03\/10\/2024","format":false,"excerpt":"Encontre aqui as refer\u00eancias sobre assuntos relacionados \u00e0 vida acad\u00eamica de seus estudantes.\u00a0 Pesquise por assunto na tabela abaixo e acesse o link correspondente para maiores informa\u00e7\u00f5es: Assunto Descri\u00e7\u00e3o Link A\u00e7\u00f5es afirmativas Pessoas ind\u00edgenas; pessoas quilombolas; pessoas negras; banca de heteroidentifica\u00e7\u00e3o; ingresso por cotas; N\u00facleo de A\u00e7\u00f5es Afirmativas e Diversidade\u2026","rel":"","context":"Post similar","block_context":{"text":"Post similar","link":""},"img":{"alt_text":"","src":"","width":0,"height":0},"classes":[]}],"jetpack_sharing_enabled":true,"_links":{"self":[{"href":"https:\/\/wp.ufpel.edu.br\/cpu\/wp-json\/wp\/v2\/pages\/1755","targetHints":{"allow":["GET"]}}],"collection":[{"href":"https:\/\/wp.ufpel.edu.br\/cpu\/wp-json\/wp\/v2\/pages"}],"about":[{"href":"https:\/\/wp.ufpel.edu.br\/cpu\/wp-json\/wp\/v2\/types\/page"}],"author":[{"embeddable":true,"href":"https:\/\/wp.ufpel.edu.br\/cpu\/wp-json\/wp\/v2\/users\/1320"}],"replies":[{"embeddable":true,"href":"https:\/\/wp.ufpel.edu.br\/cpu\/wp-json\/wp\/v2\/comments?post=1755"}],"version-history":[{"count":3,"href":"https:\/\/wp.ufpel.edu.br\/cpu\/wp-json\/wp\/v2\/pages\/1755\/revisions"}],"predecessor-version":[{"id":1765,"href":"https:\/\/wp.ufpel.edu.br\/cpu\/wp-json\/wp\/v2\/pages\/1755\/revisions\/1765"}],"wp:attachment":[{"href":"https:\/\/wp.ufpel.edu.br\/cpu\/wp-json\/wp\/v2\/media?parent=1755"}],"curies":[{"name":"wp","href":"https:\/\/api.w.org\/{rel}","templated":true}]}}