{"id":1715,"date":"2025-07-04T15:24:37","date_gmt":"2025-07-04T18:24:37","guid":{"rendered":"https:\/\/wp.ufpel.edu.br\/cpu\/?page_id=1715"},"modified":"2025-07-04T15:24:37","modified_gmt":"2025-07-04T18:24:37","slug":"em-breve","status":"publish","type":"page","link":"https:\/\/wp.ufpel.edu.br\/cpu\/em-breve\/","title":{"rendered":"Em breve"},"content":{"rendered":"<p>Inscri\u00e7\u00f5es nesta p\u00e1gina em breve.<\/p>\n","protected":false},"excerpt":{"rendered":"<p>Inscri\u00e7\u00f5es nesta p\u00e1gina em breve.<\/p>\n","protected":false},"author":1320,"featured_media":0,"parent":0,"menu_order":0,"comment_status":"closed","ping_status":"closed","template":"","meta":{"footnotes":""},"class_list":["post-1715","page","type-page","status-publish","hentry"],"jetpack-related-posts":[{"id":1647,"url":"https:\/\/wp.ufpel.edu.br\/cpu\/inscricao-para-a-xv-formacao-para-professores-ingressantes\/","url_meta":{"origin":1715,"position":0},"title":"Inscri\u00e7\u00e3o para a XV Forma\u00e7\u00e3o para Professores Ingressantes","author":"marcialopes","date":"12\/05\/2025","format":false,"excerpt":"Em breve","rel":"","context":"Post similar","block_context":{"text":"Post similar","link":""},"img":{"alt_text":"","src":"","width":0,"height":0},"classes":[]},{"id":1755,"url":"https:\/\/wp.ufpel.edu.br\/cpu\/wordpress-desafios-da-criacao-e-manutencao-de-sites-academicos\/","url_meta":{"origin":1715,"position":1},"title":"WordPress &#8211; desafios da cria\u00e7\u00e3o e manuten\u00e7\u00e3o de sites acad\u00eamicos","author":"marcialopes","date":"03\/10\/2025","format":false,"excerpt":"Convidamos os Coordenadores e as Coordenadoras de Cursos de Gradua\u00e7\u00e3o, os Secret\u00e1rios e as Secret\u00e1rias de Colegiados, para uma atualiza\u00e7\u00e3o nos seus conhecimentos de cria\u00e7\u00e3o e manuten\u00e7\u00e3o de sites para os cursos de Gradua\u00e7\u00e3o. Percebendo o desafio que tornar o site do curso acess\u00edvel para os\/as usu\u00e1rios\/as pode ser, organizamos\u2026","rel":"","context":"Post similar","block_context":{"text":"Post similar","link":""},"img":{"alt_text":"","src":"","width":0,"height":0},"classes":[]},{"id":1309,"url":"https:\/\/wp.ufpel.edu.br\/cpu\/referencias-para-coordenacoes-de-curso-e-secretarias\/","url_meta":{"origin":1715,"position":2},"title":"Refer\u00eancias para Coordena\u00e7\u00f5es de Curso e Secretarias","author":"marcialopes","date":"03\/10\/2024","format":false,"excerpt":"Apresenta\u00e7\u00e3o Esta p\u00e1gina foi pensada para direcionar voc\u00ea mais rapidamente para a informa\u00e7\u00e3o que deseja. Na aba Gest\u00e3o Acad\u00eamica, encontre direcionamento sobre assuntos relacionados \u00e0 vida acad\u00eamica de seus estudantes. Na aba Gest\u00e3o Pedag\u00f3gica, sobre quest\u00f5es de organiza\u00e7\u00e3o do curso e pedagogia universit\u00e1ria. E na aba Sistemas de Gest\u00e3o, sobre\u2026","rel":"","context":"Post similar","block_context":{"text":"Post similar","link":""},"img":{"alt_text":"","src":"https:\/\/i0.wp.com\/wp.ufpel.edu.br\/cpu\/files\/2023\/11\/Gestao-Academica-3.png?resize=350%2C200&ssl=1","width":350,"height":200,"srcset":"https:\/\/i0.wp.com\/wp.ufpel.edu.br\/cpu\/files\/2023\/11\/Gestao-Academica-3.png?resize=350%2C200&ssl=1 1x, https:\/\/i0.wp.com\/wp.ufpel.edu.br\/cpu\/files\/2023\/11\/Gestao-Academica-3.png?resize=525%2C300&ssl=1 1.5x, https:\/\/i0.wp.com\/wp.ufpel.edu.br\/cpu\/files\/2023\/11\/Gestao-Academica-3.png?resize=700%2C400&ssl=1 2x, https:\/\/i0.wp.com\/wp.ufpel.edu.br\/cpu\/files\/2023\/11\/Gestao-Academica-3.png?resize=1050%2C600&ssl=1 3x"},"classes":[]},{"id":1561,"url":"https:\/\/wp.ufpel.edu.br\/cpu\/proximos-eventos\/","url_meta":{"origin":1715,"position":3},"title":"Pr\u00f3ximos eventos","author":"marcialopes","date":"17\/03\/2025","format":false,"excerpt":"Confira nosso calend\u00e1rio de eventos para 2026: ATEN\u00c7\u00c3O: estas datas s\u00e3o uma previs\u00e3o, podem haver altera\u00e7\u00f5es. Confira nossa p\u00e1gina de Not\u00edcias para verificar atualiza\u00e7\u00f5es. Maio 19 - CineDebate: \"Celular: conex\u00e3o ou distra\u00e7\u00e3o? Proibir ou integrar?\" Debatedor Prof Dr Hector Cury Soares (FURG) Saiba mais Inscreva-se 21 \u2013 Forma\u00e7\u00e3o para Professores\u2026","rel":"","context":"Post similar","block_context":{"text":"Post similar","link":""},"img":{"alt_text":"","src":"","width":0,"height":0},"classes":[]},{"id":1352,"url":"https:\/\/wp.ufpel.edu.br\/cpu\/gestao-pedagogica\/","url_meta":{"origin":1715,"position":4},"title":"Gest\u00e3o Pedag\u00f3gica","author":"marcialopes","date":"03\/10\/2024","format":false,"excerpt":"Encontre aqui as refer\u00eancias sobre quest\u00f5es de organiza\u00e7\u00e3o do curso e pedagogia universit\u00e1ria.\u00a0 Pesquise por assunto na tabela abaixo e acesse o link correspondente para maiores informa\u00e7\u00f5es: AssuntoDescri\u00e7\u00e3oLinkCadastro da matriz curricular no sistema acad\u00eamicoCurr\u00edculo; equival\u00eancias; pr\u00e9-requisitos; CobaltoN\u00facleo de Curr\u00edculos e Hist\u00f3ricos CRADiretrizes Elabora\u00e7\u00e3o PPCDiretrizes para elabora\u00e7\u00e3o do PPC; Fluxograma do\u2026","rel":"","context":"Post similar","block_context":{"text":"Post similar","link":""},"img":{"alt_text":"","src":"","width":0,"height":0},"classes":[]},{"id":1358,"url":"https:\/\/wp.ufpel.edu.br\/cpu\/sistemas-de-gestao\/","url_meta":{"origin":1715,"position":5},"title":"Sistemas de Gest\u00e3o","author":"marcialopes","date":"03\/10\/2024","format":false,"excerpt":"Encontre aqui as refer\u00eancias sobre os sistemas informatizados utilizados pela UFPEL. Pesquise por assunto na tabela abaixo e acesse o link correspondente para maiores informa\u00e7\u00f5es: Assunto Descri\u00e7\u00e3o Link Bibliotecas Sistema de bibliotecas Bibliotecas Calend\u00e1rio Acad\u00eamico Calend\u00e1rio Acad\u00eamico Calend\u00e1rio Acad\u00eamico Calend\u00e1rio Administrativo Calend\u00e1rio Administrativo Calend\u00e1rio Administrativo Cobalto Gest\u00e3o acad\u00eamica; gest\u00e3o administrativa;\u2026","rel":"","context":"Post similar","block_context":{"text":"Post similar","link":""},"img":{"alt_text":"","src":"","width":0,"height":0},"classes":[]}],"jetpack_sharing_enabled":true,"_links":{"self":[{"href":"https:\/\/wp.ufpel.edu.br\/cpu\/wp-json\/wp\/v2\/pages\/1715","targetHints":{"allow":["GET"]}}],"collection":[{"href":"https:\/\/wp.ufpel.edu.br\/cpu\/wp-json\/wp\/v2\/pages"}],"about":[{"href":"https:\/\/wp.ufpel.edu.br\/cpu\/wp-json\/wp\/v2\/types\/page"}],"author":[{"embeddable":true,"href":"https:\/\/wp.ufpel.edu.br\/cpu\/wp-json\/wp\/v2\/users\/1320"}],"replies":[{"embeddable":true,"href":"https:\/\/wp.ufpel.edu.br\/cpu\/wp-json\/wp\/v2\/comments?post=1715"}],"version-history":[{"count":1,"href":"https:\/\/wp.ufpel.edu.br\/cpu\/wp-json\/wp\/v2\/pages\/1715\/revisions"}],"predecessor-version":[{"id":1717,"href":"https:\/\/wp.ufpel.edu.br\/cpu\/wp-json\/wp\/v2\/pages\/1715\/revisions\/1717"}],"wp:attachment":[{"href":"https:\/\/wp.ufpel.edu.br\/cpu\/wp-json\/wp\/v2\/media?parent=1715"}],"curies":[{"name":"wp","href":"https:\/\/api.w.org\/{rel}","templated":true}]}}