{"id":1647,"date":"2025-05-12T10:26:14","date_gmt":"2025-05-12T13:26:14","guid":{"rendered":"https:\/\/wp.ufpel.edu.br\/cpu\/?page_id=1647"},"modified":"2025-05-12T10:26:14","modified_gmt":"2025-05-12T13:26:14","slug":"inscricao-para-a-xv-formacao-para-professores-ingressantes","status":"publish","type":"page","link":"https:\/\/wp.ufpel.edu.br\/cpu\/inscricao-para-a-xv-formacao-para-professores-ingressantes\/","title":{"rendered":"Inscri\u00e7\u00e3o para a XV Forma\u00e7\u00e3o para Professores Ingressantes"},"content":{"rendered":"<p>Em breve<\/p>\n","protected":false},"excerpt":{"rendered":"<p>Em breve<\/p>\n","protected":false},"author":1320,"featured_media":0,"parent":0,"menu_order":0,"comment_status":"closed","ping_status":"closed","template":"","meta":{"footnotes":""},"class_list":["post-1647","page","type-page","status-publish","hentry"],"jetpack-related-posts":[{"id":1643,"url":"https:\/\/wp.ufpel.edu.br\/cpu\/formacao-para-professores-ingressantes\/","url_meta":{"origin":1647,"position":0},"title":"Forma\u00e7\u00e3o para Professores Ingressantes","author":"marcialopes","date":"12\/05\/2025","format":false,"excerpt":"Prezados(as) Professores(as) Ingressantes, Sejam bem-vindos(as) \u00e0 Universidade Federal de Pelotas! Para apoi\u00e1-los nesse in\u00edcio de jornada acad\u00eamica, a Pr\u00f3-Reitoria de Ensino (PRE), por meio da Coordena\u00e7\u00e3o de Pedagogia Universit\u00e1ria (CPU) e do N\u00facleo de Forma\u00e7\u00e3o de Professores (NUFOR), tem o prazer de convid\u00e1-los para a Forma\u00e7\u00e3o de Professores Ingressantes da\u2026","rel":"","context":"Post similar","block_context":{"text":"Post similar","link":""},"img":{"alt_text":"","src":"","width":0,"height":0},"classes":[]},{"id":1561,"url":"https:\/\/wp.ufpel.edu.br\/cpu\/proximos-eventos\/","url_meta":{"origin":1647,"position":1},"title":"Pr\u00f3ximos eventos","author":"marcialopes","date":"17\/03\/2025","format":false,"excerpt":"Confira nosso calend\u00e1rio de eventos para 2026: ATEN\u00c7\u00c3O: estas datas s\u00e3o uma previs\u00e3o, podem haver altera\u00e7\u00f5es. Confira nossa p\u00e1gina de Not\u00edcias para verificar atualiza\u00e7\u00f5es. Abril 13 e 14 - X Forma\u00e7\u00e3o para Coordenadoras e Coordenadores de Cursos de Gradua\u00e7\u00e3o da UFPEL Saiba mais Inscreva-se Maio 19 - Forma\u00e7\u00e3o Continuada Saiba\u2026","rel":"","context":"Post similar","block_context":{"text":"Post similar","link":""},"img":{"alt_text":"","src":"","width":0,"height":0},"classes":[]},{"id":825,"url":"https:\/\/wp.ufpel.edu.br\/cpu\/ingressantes\/","url_meta":{"origin":1647,"position":2},"title":"Ingressantes","author":"CPU","date":"27\/04\/2021","format":false,"excerpt":"O evento, que ocorre semestralmente, promove a\u00e7\u00f5es de forma\u00e7\u00e3o que buscam contemplar a integra\u00e7\u00e3o do(a) professor(a) ingressante \u00e0 cultura universit\u00e1ria, bem como debater quest\u00f5es pedag\u00f3gicas no contexto da Doc\u00eancia no Ensino Superior.O curso \u00e9 dividido em dois m\u00f3dulos independentes, de 20 horas cada, sendo o M\u00f3dulo I realizado no turno\u2026","rel":"","context":"Post similar","block_context":{"text":"Post similar","link":""},"img":{"alt_text":"","src":"","width":0,"height":0},"classes":[]},{"id":745,"url":"https:\/\/wp.ufpel.edu.br\/cpu\/apresentacao-cpu\/","url_meta":{"origin":1647,"position":3},"title":"Apresenta\u00e7\u00e3o","author":"CPU","date":"25\/04\/2021","format":false,"excerpt":"Ensinar n\u00e3o \u00e9 transferir conhecimento, mas criar as possibilidades para a sua pr\u00f3pria produ\u00e7\u00e3o ou a sua constru\u00e7\u00e3o.Paulo Freire, Pedagogia da Autonomia A Coordena\u00e7\u00e3o de Pedagogia Universit\u00e1ria (CPU) \u00e9 o \u00f3rg\u00e3o respons\u00e1vel por planejar e desenvolver a pol\u00edtica de forma\u00e7\u00e3o para professores na UFPEL. Sejam professores ingressantes ou em forma\u00e7\u00e3o\u2026","rel":"","context":"Post similar","block_context":{"text":"Post similar","link":""},"img":{"alt_text":"","src":"","width":0,"height":0},"classes":[]},{"id":1352,"url":"https:\/\/wp.ufpel.edu.br\/cpu\/gestao-pedagogica\/","url_meta":{"origin":1647,"position":4},"title":"Gest\u00e3o Pedag\u00f3gica","author":"marcialopes","date":"03\/10\/2024","format":false,"excerpt":"Encontre aqui as refer\u00eancias sobre quest\u00f5es de organiza\u00e7\u00e3o do curso e pedagogia universit\u00e1ria.\u00a0 Pesquise por assunto na tabela abaixo e acesse o link correspondente para maiores informa\u00e7\u00f5es: AssuntoDescri\u00e7\u00e3oLinkCadastro da matriz curricular no sistema acad\u00eamicoCurr\u00edculo; equival\u00eancias; pr\u00e9-requisitos; CobaltoN\u00facleo de Curr\u00edculos e Hist\u00f3ricos CRADiretrizes Elabora\u00e7\u00e3o PPCDiretrizes para elabora\u00e7\u00e3o do PPC; Fluxograma do\u2026","rel":"","context":"Post similar","block_context":{"text":"Post similar","link":""},"img":{"alt_text":"","src":"","width":0,"height":0},"classes":[]},{"id":20,"url":"https:\/\/wp.ufpel.edu.br\/cpu\/o-programa\/","url_meta":{"origin":1647,"position":5},"title":"O Programa","author":"lwdias","date":"29\/03\/2018","format":false,"excerpt":"Resolu\u00e7\u00e3o N\u00b0 15 de 25 de maio de 2017 O ano de 2017 representou um marco para a Pedagogia Universit\u00e1ria na Universidade Federal de Pelotas com a regulamenta\u00e7\u00e3o e aprova\u00e7\u00e3o pelo COCEPE da Resolu\u00e7\u00e3o n\u00ba de 25 de maio de 2017 que institucionalizou o programa dentro da institui\u00e7\u00e3o. Atendendo ao\u2026","rel":"","context":"Post similar","block_context":{"text":"Post similar","link":""},"img":{"alt_text":"","src":"","width":0,"height":0},"classes":[]}],"jetpack_sharing_enabled":true,"_links":{"self":[{"href":"https:\/\/wp.ufpel.edu.br\/cpu\/wp-json\/wp\/v2\/pages\/1647","targetHints":{"allow":["GET"]}}],"collection":[{"href":"https:\/\/wp.ufpel.edu.br\/cpu\/wp-json\/wp\/v2\/pages"}],"about":[{"href":"https:\/\/wp.ufpel.edu.br\/cpu\/wp-json\/wp\/v2\/types\/page"}],"author":[{"embeddable":true,"href":"https:\/\/wp.ufpel.edu.br\/cpu\/wp-json\/wp\/v2\/users\/1320"}],"replies":[{"embeddable":true,"href":"https:\/\/wp.ufpel.edu.br\/cpu\/wp-json\/wp\/v2\/comments?post=1647"}],"version-history":[{"count":1,"href":"https:\/\/wp.ufpel.edu.br\/cpu\/wp-json\/wp\/v2\/pages\/1647\/revisions"}],"predecessor-version":[{"id":1649,"href":"https:\/\/wp.ufpel.edu.br\/cpu\/wp-json\/wp\/v2\/pages\/1647\/revisions\/1649"}],"wp:attachment":[{"href":"https:\/\/wp.ufpel.edu.br\/cpu\/wp-json\/wp\/v2\/media?parent=1647"}],"curies":[{"name":"wp","href":"https:\/\/api.w.org\/{rel}","templated":true}]}}